{"id":6273,"date":"2025-04-26T18:22:12","date_gmt":"2025-04-26T22:22:12","guid":{"rendered":"https:\/\/www.archspm.org\/new-safe-environment-page-hierarchy\/how-to-protect\/"},"modified":"2025-04-29T15:54:44","modified_gmt":"2025-04-29T19:54:44","slug":"how-to-protect","status":"publish","type":"page","link":"https:\/\/www.archspm.org\/es\/office-of-ministerial-standards-and-safe-environment\/how-to-protect\/","title":{"rendered":"C\u00f3mo proteger"},"content":{"rendered":"<div data-elementor-type=\"wp-page\" data-elementor-id=\"6273\" class=\"elementor elementor-6273\" data-elementor-post-type=\"page\">\n\t\t\t\t<div class=\"elementor-element elementor-element-2ee322b e-flex e-con-boxed e-con e-parent\" data-id=\"2ee322b\" data-element_type=\"container\" data-e-type=\"container\" data-settings=\"{&quot;jet_parallax_layout_list&quot;:[],&quot;background_background&quot;:&quot;classic&quot;}\">\n\t\t\t\t\t<div class=\"e-con-inner\">\n\t\t<div class=\"elementor-element elementor-element-fd7aeef e-con-full e-flex e-con e-child\" data-id=\"fd7aeef\" data-element_type=\"container\" data-e-type=\"container\" data-settings=\"{&quot;jet_parallax_layout_list&quot;:[]}\">\n\t\t\t\t<div class=\"elementor-element elementor-element-02fcbf7 elementor-widget elementor-widget-image\" data-id=\"02fcbf7\" data-element_type=\"widget\" data-e-type=\"widget\" data-widget_type=\"image.default\">\n\t\t\t\t\t\t\t\t\t\t\t\t\t\t\t\t<a href=\"\/es\/essential-3\/\">\n\t\t\t\t\t\t\t<img fetchpriority=\"high\" decoding=\"async\" width=\"300\" height=\"200\" src=\"https:\/\/www.archspm.org\/wp-content\/uploads\/2025\/04\/Essential3.jpg\" class=\"attachment-large size-large wp-image-8055\" alt=\"\" srcset=\"https:\/\/www.archspm.org\/wp-content\/uploads\/2025\/04\/Essential3.jpg 300w, https:\/\/www.archspm.org\/wp-content\/uploads\/2025\/04\/Essential3-18x12.jpg 18w\" sizes=\"(max-width: 300px) 100vw, 300px\" \/>\t\t\t\t\t\t\t\t<\/a>\n\t\t\t\t\t\t\t\t\t\t\t\t\t\t\t<\/div>\n\t\t\t\t<div class=\"elementor-element elementor-element-bab4a29 elementor-widget elementor-widget-heading\" data-id=\"bab4a29\" data-element_type=\"widget\" data-e-type=\"widget\" data-widget_type=\"heading.default\">\n\t\t\t\t\t<h2 class=\"elementor-heading-title elementor-size-default\"><a href=\"\/es\/essential-3\/\">Esencial 3 (E3)<\/a><\/h2>\t\t\t\t<\/div>\n\t\t\t\t<\/div>\n\t\t<div class=\"elementor-element elementor-element-5142e50 e-con-full e-flex e-con e-child\" data-id=\"5142e50\" data-element_type=\"container\" data-e-type=\"container\" data-settings=\"{&quot;jet_parallax_layout_list&quot;:[]}\">\n\t\t\t\t<div class=\"elementor-element elementor-element-3ae14ec elementor-widget elementor-widget-image\" data-id=\"3ae14ec\" data-element_type=\"widget\" data-e-type=\"widget\" data-widget_type=\"image.default\">\n\t\t\t\t\t\t\t\t\t\t\t\t\t\t\t\t<a href=\"\/es\/educating-children-youth\/\">\n\t\t\t\t\t\t\t<img decoding=\"async\" width=\"300\" height=\"200\" src=\"https:\/\/www.archspm.org\/wp-content\/uploads\/2025\/04\/EducatingChildren.jpg\" class=\"attachment-large size-large wp-image-8056\" alt=\"\" srcset=\"https:\/\/www.archspm.org\/wp-content\/uploads\/2025\/04\/EducatingChildren.jpg 300w, https:\/\/www.archspm.org\/wp-content\/uploads\/2025\/04\/EducatingChildren-18x12.jpg 18w\" sizes=\"(max-width: 300px) 100vw, 300px\" \/>\t\t\t\t\t\t\t\t<\/a>\n\t\t\t\t\t\t\t\t\t\t\t\t\t\t\t<\/div>\n\t\t\t\t<div class=\"elementor-element elementor-element-556bf26 elementor-widget elementor-widget-heading\" data-id=\"556bf26\" data-element_type=\"widget\" data-e-type=\"widget\" data-widget_type=\"heading.default\">\n\t\t\t\t\t<h2 class=\"elementor-heading-title elementor-size-default\"><a href=\"\/es\/educating-children-youth\/\">Educaci\u00f3n de ni\u00f1os y j\u00f3venes<\/a><\/h2>\t\t\t\t<\/div>\n\t\t\t\t<\/div>\n\t\t<div class=\"elementor-element elementor-element-b951be2 e-con-full e-flex e-con e-child\" data-id=\"b951be2\" data-element_type=\"container\" data-e-type=\"container\" data-settings=\"{&quot;jet_parallax_layout_list&quot;:[]}\">\n\t\t\t\t<div class=\"elementor-element elementor-element-e7d7a92 elementor-widget elementor-widget-image\" data-id=\"e7d7a92\" data-element_type=\"widget\" data-e-type=\"widget\" data-widget_type=\"image.default\">\n\t\t\t\t\t\t\t\t\t\t\t\t\t\t\t\t<a href=\"\/es\/protecting-vulnerable-adults\/\">\n\t\t\t\t\t\t\t<img decoding=\"async\" width=\"300\" height=\"200\" src=\"https:\/\/www.archspm.org\/wp-content\/uploads\/2025\/04\/VulnerableAdults.jpg\" class=\"attachment-large size-large wp-image-8057\" alt=\"\" srcset=\"https:\/\/www.archspm.org\/wp-content\/uploads\/2025\/04\/VulnerableAdults.jpg 300w, https:\/\/www.archspm.org\/wp-content\/uploads\/2025\/04\/VulnerableAdults-18x12.jpg 18w\" sizes=\"(max-width: 300px) 100vw, 300px\" \/>\t\t\t\t\t\t\t\t<\/a>\n\t\t\t\t\t\t\t\t\t\t\t\t\t\t\t<\/div>\n\t\t\t\t<div class=\"elementor-element elementor-element-d4927e7 elementor-widget elementor-widget-heading\" data-id=\"d4927e7\" data-element_type=\"widget\" data-e-type=\"widget\" data-widget_type=\"heading.default\">\n\t\t\t\t\t<h2 class=\"elementor-heading-title elementor-size-default\"><a href=\"\/es\/protecting-vulnerable-adults\/\">Protecci\u00f3n de adultos vulnerables<\/a><\/h2>\t\t\t\t<\/div>\n\t\t\t\t<\/div>\n\t\t<div class=\"elementor-element elementor-element-2c33f98 e-con-full e-flex e-con e-child\" data-id=\"2c33f98\" data-element_type=\"container\" data-e-type=\"container\" data-settings=\"{&quot;jet_parallax_layout_list&quot;:[]}\">\n\t\t\t\t<div class=\"elementor-element elementor-element-5924548 elementor-widget elementor-widget-image\" data-id=\"5924548\" data-element_type=\"widget\" data-e-type=\"widget\" data-widget_type=\"image.default\">\n\t\t\t\t\t\t\t\t\t\t\t\t\t\t\t\t<a href=\"\/es\/learn-the-signs\/\">\n\t\t\t\t\t\t\t<img loading=\"lazy\" decoding=\"async\" width=\"300\" height=\"200\" src=\"https:\/\/www.archspm.org\/wp-content\/uploads\/2025\/04\/learn-the-signs-cover.jpg\" class=\"attachment-large size-large wp-image-8058\" alt=\"\" srcset=\"https:\/\/www.archspm.org\/wp-content\/uploads\/2025\/04\/learn-the-signs-cover.jpg 300w, https:\/\/www.archspm.org\/wp-content\/uploads\/2025\/04\/learn-the-signs-cover-18x12.jpg 18w\" sizes=\"(max-width: 300px) 100vw, 300px\" \/>\t\t\t\t\t\t\t\t<\/a>\n\t\t\t\t\t\t\t\t\t\t\t\t\t\t\t<\/div>\n\t\t\t\t<div class=\"elementor-element elementor-element-4c58429 elementor-widget elementor-widget-heading\" data-id=\"4c58429\" data-element_type=\"widget\" data-e-type=\"widget\" data-widget_type=\"heading.default\">\n\t\t\t\t\t<h2 class=\"elementor-heading-title elementor-size-default\"><a href=\"\/es\/learn-the-signs\/\">Aprenda a reconocer las se\u00f1ales<\/a><\/h2>\t\t\t\t<\/div>\n\t\t\t\t<\/div>\n\t\t\t\t\t<\/div>\n\t\t\t\t<\/div>\n\t\t<div class=\"elementor-element elementor-element-3eea7ef e-flex e-con-boxed e-con e-parent\" data-id=\"3eea7ef\" data-element_type=\"container\" data-e-type=\"container\" data-settings=\"{&quot;jet_parallax_layout_list&quot;:[],&quot;background_background&quot;:&quot;classic&quot;}\">\n\t\t\t\t\t<div class=\"e-con-inner\">\n\t\t\t\t<div class=\"elementor-element elementor-element-5cb1de5d elementor-widget elementor-widget-text-editor\" data-id=\"5cb1de5d\" data-element_type=\"widget\" data-e-type=\"widget\" data-widget_type=\"text-editor.default\">\n\t\t\t\t\t\t\t\t\t<h3>La misi\u00f3n de la Oficina para la Protecci\u00f3n de Ni\u00f1os y J\u00f3venes:<\/h3><p><em><strong>Estamos comprometidos<\/strong> proteger a los ni\u00f1os, j\u00f3venes y adultos vulnerables en todas las parroquias, escuelas cat\u00f3licas y otros ministerios de la Iglesia.<\/em><\/p><p>La misi\u00f3n de la Oficina para la Protecci\u00f3n de Ni\u00f1os y J\u00f3venes (OPCY) de la Arquidi\u00f3cesis de Saint Paul y Minneapolis es trabajar con nuestra comunidad para ayudar a prevenir el abuso de ni\u00f1os, j\u00f3venes y adultos vulnerables. Nos asociamos con padres, l\u00edderes parroquiales y de escuelas cat\u00f3licas, entre otros, para proporcionar entornos seguros mediante la concientizaci\u00f3n sobre el problema social del abuso sexual, la oferta de una educaci\u00f3n eficaz en materia de seguridad personal y la aplicaci\u00f3n de requisitos de selecci\u00f3n.<strong>El enfoque<\/strong> La labor de la OPCY se centra en la prevenci\u00f3n:<\/p><ul><li><a href=\"\/es\/essential-3\/\"><strong>Requisitos para el clero, el personal y los voluntarios<\/strong><\/a>\u00a0\u2013 Verificaci\u00f3n de antecedentes, capacitaci\u00f3n sobre entornos seguros VIRTUS y c\u00f3digos de conducta para cl\u00e9rigos, empleados, maestros, voluntarios y otros adultos que interact\u00faan con menores; y<\/li><li><a title=\"Educaci\u00f3n de ni\u00f1os y j\u00f3venes\" href=\"\/es\/educating-children-youth\/\"><strong>Educaci\u00f3n de ni\u00f1os y j\u00f3venes<\/strong><\/a>\u00a0\u2013 Instrucci\u00f3n sobre seguridad personal adecuada a la edad y aprobada por la Arquidi\u00f3cesis para menores en escuelas cat\u00f3licas, programas de formaci\u00f3n en la fe y programas de pastoral juvenil.<\/li><\/ul><p>La OPCY apoya la implementaci\u00f3n de la Carta y todas las pol\u00edticas de la arquidi\u00f3cesis relacionadas con la protecci\u00f3n de menores y adultos vulnerables mediante:<\/p><ul><li>Comunicaci\u00f3n y capacitaci\u00f3n sobre pol\u00edticas, procedimientos y mejores pr\u00e1cticas.<\/li><li>Apoyar al personal de las parroquias, escuelas cat\u00f3licas y otros ministerios cat\u00f3licos en la implementaci\u00f3n de pol\u00edticas y procedimientos para garantizar un entorno seguro.<\/li><li>Garantizar que se ofrezcan los mejores programas de educaci\u00f3n en materia de seguridad personal disponibles para adultos, as\u00ed como para ni\u00f1os y j\u00f3venes.<\/li><li>Supervisar el cumplimiento en todas las parroquias y escuelas cat\u00f3licas mediante informes de auditor\u00eda anuales y visitas a parroquias y escuelas.<\/li><\/ul><h3>\u00bfTiene preguntas o inquietudes sobre las pol\u00edticas de entorno seguro en una parroquia o escuela cat\u00f3lica?<\/h3><p>P\u00f3ngase en contacto con la parroquia o la escuela, o <a href=\"https:\/\/safe-environment.archspm.org\/about\/contact-us\/\" target=\"_blank\" rel=\"noopener\">escr\u00edbanos un correo electr\u00f3nico<\/a> o llame al 651-291-4514.<\/p><h3>\u00bfLe preocupa la seguridad de menores o adultos vulnerables en una parroquia o escuela cat\u00f3lica?<\/h3><p>Si sospecha que se ha producido un caso de abuso, lo primero que debe hacer es llamar a las autoridades policiales o a los funcionarios de protecci\u00f3n infantil del lugar donde se haya producido el presunto abuso. <strong>Si un menor o un adulto vulnerable se encuentra en peligro inminente, llame al 911.<\/strong><\/p><p>Ver el <a href=\"\/es\/report-abuse\/\"><strong>Denunciar abuso<\/strong><\/a> p\u00e1gina para obtener m\u00e1s detalles.<\/p>\t\t\t\t\t\t\t\t<\/div>\n\t\t\t\t\t<\/div>\n\t\t\t\t<\/div>\n\t\t\t\t<\/div>","protected":false},"excerpt":{"rendered":"<p>Essential 3 (E3) Educating Children &#038; Youth Protecting Vulnerable Adults Learn the Signs The Mission of the Office for the Protection of Children and Youth: We are committed to protecting children, youth and vulnerable adults in all parishes, Catholic schools, and other Church ministries. The mission of the Office for the Protection of Children and [&hellip;]<\/p>\n","protected":false},"author":2,"featured_media":0,"parent":1615,"menu_order":0,"comment_status":"closed","ping_status":"closed","template":"","meta":{"footnotes":""},"class_list":["post-6273","page","type-page","status-publish","hentry"],"_links":{"self":[{"href":"https:\/\/www.archspm.org\/es\/wp-json\/wp\/v2\/pages\/6273","targetHints":{"allow":["GET"]}}],"collection":[{"href":"https:\/\/www.archspm.org\/es\/wp-json\/wp\/v2\/pages"}],"about":[{"href":"https:\/\/www.archspm.org\/es\/wp-json\/wp\/v2\/types\/page"}],"author":[{"embeddable":true,"href":"https:\/\/www.archspm.org\/es\/wp-json\/wp\/v2\/users\/2"}],"replies":[{"embeddable":true,"href":"https:\/\/www.archspm.org\/es\/wp-json\/wp\/v2\/comments?post=6273"}],"version-history":[{"count":0,"href":"https:\/\/www.archspm.org\/es\/wp-json\/wp\/v2\/pages\/6273\/revisions"}],"up":[{"embeddable":true,"href":"https:\/\/www.archspm.org\/es\/wp-json\/wp\/v2\/pages\/1615"}],"wp:attachment":[{"href":"https:\/\/www.archspm.org\/es\/wp-json\/wp\/v2\/media?parent=6273"}],"curies":[{"name":"wp","href":"https:\/\/api.w.org\/{rel}","templated":true}]}}