{"id":6283,"date":"2014-06-30T15:47:27","date_gmt":"2014-06-30T19:47:27","guid":{"rendered":"https:\/\/www.archspm.org\/new-safe-environment-page-hierarchy\/task-force-2\/"},"modified":"2014-06-30T15:47:27","modified_gmt":"2014-06-30T19:47:27","slug":"task-force-2","status":"publish","type":"page","link":"https:\/\/www.archspm.org\/es\/new-safe-environment-page-hierarchy\/task-force-2\/","title":{"rendered":"Grupo de trabajo"},"content":{"rendered":"<p>La Arquidi\u00f3cesis de Saint Paul y Minneapolis se compromete a cumplir estos cuatro objetivos fundamentales: la protecci\u00f3n de los ni\u00f1os; la sanaci\u00f3n de las v\u00edctimas y los sobrevivientes; la recuperaci\u00f3n de la confianza de los fieles; y la recuperaci\u00f3n de la confianza en nuestro clero, que presta servicio con honor.<\/p>\n<p>El Grupo de Trabajo Independiente sobre Entornos Seguros y Normas Ministeriales estableci\u00f3 una hoja de ruta para alcanzar estos objetivos. A partir de octubre de 2013, el Grupo de Trabajo llev\u00f3 a cabo una revisi\u00f3n exhaustiva de las pol\u00edticas, los procedimientos y los procesos destinados a crear y mantener entornos seguros en el \u00e1mbito ministerial.<\/p>\n<p>En abril de 2014, se present\u00f3 a la arquidi\u00f3cesis el informe y las recomendaciones del Grupo de Trabajo sobre Entorno Seguro y Normas Ministeriales. El trabajo del Grupo de Trabajo ha concluido y ya no tiene m\u00e1s funciones.<\/p>","protected":false},"excerpt":{"rendered":"<p>The Archdiocese of Saint Paul and Minneapolis is committed to these four overriding goals: the protection of children; the healing of victims\/survivors; the restoration of trust of the faithful; and the restoration of trust of our clergy who serve with honor. The independent Safe Environment and Ministerial Standards Task Force established a roadmap for reaching [&hellip;]<\/p>\n","protected":false},"author":2,"featured_media":0,"parent":6130,"menu_order":1,"comment_status":"open","ping_status":"open","template":"","meta":{"footnotes":""},"class_list":["post-6283","page","type-page","status-publish","hentry"],"_links":{"self":[{"href":"https:\/\/www.archspm.org\/es\/wp-json\/wp\/v2\/pages\/6283","targetHints":{"allow":["GET"]}}],"collection":[{"href":"https:\/\/www.archspm.org\/es\/wp-json\/wp\/v2\/pages"}],"about":[{"href":"https:\/\/www.archspm.org\/es\/wp-json\/wp\/v2\/types\/page"}],"author":[{"embeddable":true,"href":"https:\/\/www.archspm.org\/es\/wp-json\/wp\/v2\/users\/2"}],"replies":[{"embeddable":true,"href":"https:\/\/www.archspm.org\/es\/wp-json\/wp\/v2\/comments?post=6283"}],"version-history":[{"count":0,"href":"https:\/\/www.archspm.org\/es\/wp-json\/wp\/v2\/pages\/6283\/revisions"}],"up":[{"embeddable":true,"href":"https:\/\/www.archspm.org\/es\/wp-json\/wp\/v2\/pages\/6130"}],"wp:attachment":[{"href":"https:\/\/www.archspm.org\/es\/wp-json\/wp\/v2\/media?parent=6283"}],"curies":[{"name":"wp","href":"https:\/\/api.w.org\/{rel}","templated":true}]}}