{"id":6284,"date":"2014-06-30T15:47:52","date_gmt":"2014-06-30T19:47:52","guid":{"rendered":"https:\/\/www.archspm.org\/new-safe-environment-page-hierarchy\/clergy-disclosures\/"},"modified":"2026-03-04T11:17:45","modified_gmt":"2026-03-04T16:17:45","slug":"clergy-disclosures","status":"publish","type":"page","link":"https:\/\/www.archspm.org\/es\/clergy-disclosures\/","title":{"rendered":"Divulgaciones"},"content":{"rendered":"<div data-elementor-type=\"wp-page\" data-elementor-id=\"6284\" class=\"elementor elementor-6284\" data-elementor-post-type=\"page\">\n\t\t\t\t<div class=\"elementor-element elementor-element-7e6dae9b e-con-full e-flex e-con e-parent\" data-id=\"7e6dae9b\" data-element_type=\"container\" data-e-type=\"container\" data-settings=\"{&quot;jet_parallax_layout_list&quot;:[]}\">\n\t\t\t\t<div class=\"elementor-element elementor-element-5caec3d9 elementor-widget elementor-widget-text-editor\" data-id=\"5caec3d9\" data-element_type=\"widget\" data-e-type=\"widget\" data-widget_type=\"text-editor.default\">\n\t\t\t\t\t\t\t\t\t<h3>Informaci\u00f3n sobre los casos de abuso sexual de menores por parte del clero<\/h3><p>En aras de la transparencia, la Arquidi\u00f3cesis de Saint Paul y Minneapolis mantiene una lista de nombres de personas contra las cuales existe una denuncia fundamentada de abuso de menores. La lista se divide seg\u00fan si el presunto abuso tuvo lugar dentro de nuestra arquidi\u00f3cesis o fuera de ella. Una denuncia fundamentada es aquella para la cual existen pruebas suficientes que establecen motivos razonables para creer que el presunto abuso ocurri\u00f3.<\/p><p><strong>Cl\u00e9rigos contra los que pesan denuncias fundamentadas de abuso sexual de menores <em>dentro de <\/em>la Arquidi\u00f3cesis de Saint Paul y Minneapolis<\/strong><\/p><p>A continuaci\u00f3n se incluye una lista de los nombres de las personas contra las que existe una denuncia fundamentada de abuso sexual de menores dentro de la Arquidi\u00f3cesis de Saint Paul y Minneapolis. Una denuncia fundamentada es aquella respecto de la cual existen pruebas suficientes para establecer motivos razonables para creer que el abuso ocurri\u00f3.<\/p><p><em>Para obtener m\u00e1s informaci\u00f3n sobre cada persona, haga clic en su nombre. <\/em><\/p><ul><li style=\"list-style-type: none;\"><ul><li><a href=\"\/es\/thomas-adamson\/\">Thomas Adamson<\/a>\u00a0\u2013 Falleci\u00f3 en 2019.<\/li><li><a href=\"https:\/\/www.archspm.org\/es\/stephen-baker\/\">*Stephen Baker<\/a>\u00a0\u2013 Falleci\u00f3 en 2013.<\/li><li><a href=\"https:\/\/www.archspm.org\/es\/michael-bik\/\" target=\"_blank\" rel=\"noopener noreferrer\">Michael Bik<\/a><\/li><li><a href=\"https:\/\/www.archspm.org\/es\/robert-blumeyer\/\">Robert Blumeyer<\/a>\u00a0\u2013 Falleci\u00f3 en 1983.<\/li><li><a href=\"https:\/\/www.archspm.org\/es\/john-brown\/\">John Brown<\/a>\u00a0\u2013 Falleci\u00f3 en 2016.<\/li><li><a href=\"https:\/\/www.archspm.org\/es\/michael-charland\/\">Michael Charland<\/a><\/li><li><a href=\"https:\/\/www.archspm.org\/es\/eugene-corica\/\">Eugenio Corica<\/a><\/li><li><a href=\"https:\/\/www.archspm.org\/es\/cosmas-dahlheimer\/\">Cosmas Dahlheimer<\/a>\u00a0\u2013 Falleci\u00f3 en 2004.<\/li><li><a href=\"https:\/\/www.archspm.org\/es\/gilbert-desutter\/\">Gilbert DeSutter<\/a>\u00a0\u2013 Falleci\u00f3 en 2016.<\/li><li><a href=\"https:\/\/www.archspm.org\/es\/donald-dummer\/\">Donald Dummer<\/a><\/li><li><a href=\"https:\/\/www.archspm.org\/es\/ambrose-filbin\/\">Ambrose Filbin<\/a>\u00a0\u2013 Falleci\u00f3 en 1990.<\/li><li><a href=\"https:\/\/www.archspm.org\/es\/edmund-frost\/\">*Edmund Frost<\/a>\u00a0\u2013 Falleci\u00f3 en alg\u00fan momento antes de 2006.<\/li><li><a href=\"https:\/\/www.archspm.org\/es\/gerald-funcheon\/\">Gerald Funcheon<\/a><\/li><li><a href=\"https:\/\/www.archspm.org\/es\/joseph-gallatin\/\">Joseph Gallatin<\/a><\/li><li><a href=\"https:\/\/www.archspm.org\/es\/kenneth-gansmann\/\">Kenneth Gansmann<\/a>\u00a0\u2013 Falleci\u00f3 en 1974.<\/li><li><a href=\"https:\/\/www.archspm.org\/es\/thomas-gillespie\/\">Thomas Gillespie<\/a><\/li><li><a href=\"https:\/\/www.archspm.org\/es\/ralph-goniea\/\">Ralph Goniea<\/a>\u00a0\u2013 Falleci\u00f3 en 2003.<\/li><li><a href=\"https:\/\/www.archspm.org\/es\/gilbert-gustafson\/\">Gilbert Gustafson<\/a><\/li><li><a href=\"https:\/\/www.archspm.org\/es\/louis-heitzer\/\">Louis Heitzer<\/a>\u00a0\u2013 Falleci\u00f3 en 1969.<\/li><li><a href=\"https:\/\/www.archspm.org\/es\/rudolph-henrich\/\">Rudolph Henrich<\/a>\u00a0\u2013 Falleci\u00f3 en 1992.<\/li><li><a href=\"https:\/\/www.archspm.org\/es\/francis-hoefgen\/\">Francis Hoefgen<\/a><\/li><li><a href=\"https:\/\/www.archspm.org\/es\/william-f-hough\/\">William F. Hough<\/a>\u00a0\u2013 Falleci\u00f3 en 1994.<\/li><li><a href=\"https:\/\/www.archspm.org\/es\/richard-jeub\/\">Richard Jeub<\/a><\/li><li><a href=\"https:\/\/www.archspm.org\/es\/dennis-kampa\/\">Dennis Kampa<\/a>\u00a0\u2013 Falleci\u00f3 en 2025<\/li><li><a href=\"https:\/\/www.archspm.org\/es\/robert-kapoun\/\">Robert Kapoun<\/a>\u00a0\u2013 Falleci\u00f3 en 2020<\/li><li><a href=\"https:\/\/www.archspm.org\/es\/jerome-kern\/\">Jerome Kern<\/a><\/li><li><a href=\"https:\/\/www.archspm.org\/es\/michael-kolar\/\">Michael Kolar<\/a>\u00a0\u2013 Falleci\u00f3 en 2024.<\/li><li><a href=\"https:\/\/www.archspm.org\/es\/lee-krautkremer\/\">Lee Krautkremer<\/a>\u00a0\u2013 Falleci\u00f3 en 2017.<\/li><li><a href=\"https:\/\/www.archspm.org\/es\/reginald-krakovsky\/\">Reginald Krakovsky<\/a>\u00a0\u2013 Falleci\u00f3 en 1997.<\/li><li><a href=\"https:\/\/www.archspm.org\/es\/kenneth-lavan\/\">Kenneth LaVan<\/a>\u00a0\u2013 Falleci\u00f3 en 2021.<\/li><li><a href=\"https:\/\/www.archspm.org\/es\/ronan-charles-liles\/\">Ronan Charles Liles<\/a><\/li><li><a href=\"https:\/\/www.archspm.org\/es\/robert-loftus\/\">Robert Loftus<\/a>\u00a0\u2013 Falleci\u00f3 en 2022.<\/li><li><a href=\"https:\/\/www.archspm.org\/es\/alfred-longley\/\">Alfred Longley<\/a>\u00a0\u2013 Falleci\u00f3 en 1974.<\/li><li><a href=\"https:\/\/www.archspm.org\/es\/roger-b-lott\/\">Roger B. Lott<\/a>\u00a0\u2013 Falleci\u00f3 en 2011.<\/li><li><a href=\"https:\/\/www.archspm.org\/es\/brennan-maiers\/\">Brennan Maiers<\/a>\u00a0\u2013 Falleci\u00f3 en 2022.<\/li><li><a href=\"https:\/\/www.archspm.org\/es\/harry-majerus\/\">Harry Majerus<\/a>\u00a0\u2013 Falleci\u00f3 en 1995.<\/li><li><a href=\"https:\/\/www.archspm.org\/es\/william-marks\/\">William Marks<\/a>\u00a0\u2013 Falleci\u00f3 en 1979.<\/li><li><a href=\"https:\/\/www.archspm.org\/es\/timothy-mccarthy\/\">Timothy McCarthy<\/a>\u00a0\u2013 Falleci\u00f3 en 2019.<\/li><li><a href=\"https:\/\/www.archspm.org\/es\/john-mcgrath\/\">John McGrath<\/a>\u00a0\u2013 Falleci\u00f3 en 1995.<\/li><li><a href=\"https:\/\/www.archspm.org\/es\/wendell-mohs\/\">Wendell Mohs<\/a>\u00a0\u2013 Falleci\u00f3 en 2018.<\/li><li><a href=\"https:\/\/www.archspm.org\/es\/francisco-fredy-montero\/\">Francisco (Fredy) Montero<\/a><\/li><li><a href=\"https:\/\/www.archspm.org\/es\/james-robert-murphy\/\" target=\"_blank\" rel=\"noopener noreferrer\">James Robert Murphy<\/a>\u00a0\u2013 Falleci\u00f3 en 2022.<\/li><li><a href=\"https:\/\/www.archspm.org\/es\/james-namie\/\" target=\"_blank\" rel=\"noopener noreferrer\">James Namie<\/a>\u00a0\u2013 Falleci\u00f3 en 2010.<\/li><li><a href=\"https:\/\/www.archspm.org\/es\/paul-palmitessa\/\">Paul Palmitessa<\/a><\/li><li><a href=\"https:\/\/www.archspm.org\/es\/joseph-pinkosh\/\">Joseph Pinkosh<\/a>\u00a0\u2013 Falleci\u00f3 en 2023.<\/li><li><a href=\"https:\/\/www.archspm.org\/es\/charles-potocki\/\">Charles Potocki<\/a>\u00a0\u2013 Falleci\u00f3 en 1992.<\/li><li><a href=\"https:\/\/www.archspm.org\/es\/francis-reynolds\/\">Francis Reynolds<\/a>\u00a0\u2013 Falleci\u00f3 en 1988.<\/li><li><a href=\"https:\/\/www.archspm.org\/es\/raimond-rose\/\" target=\"_blank\" rel=\"noopener noreferrer\">*Raimond Rose<\/a>\u00a0\u2013 Falleci\u00f3 en 2015.<\/li><li><a href=\"https:\/\/www.archspm.org\/es\/robert-ruglovsky\/\">**Robert Ruglovsky<\/a>\u00a0\u2013 Falleci\u00f3 en 2006.<\/li><li><a href=\"https:\/\/www.archspm.org\/es\/richard-skluzacek\/\">Richard Skluzacek<\/a>\u00a0\u2013 Falleci\u00f3 en 2012.<\/li><li><a href=\"https:\/\/www.archspm.org\/es\/james-stark\/\">James P. Stark<\/a>\u00a0\u2013 Falleci\u00f3 en 1999.<\/li><li><a href=\"https:\/\/www.archspm.org\/es\/michael-stevens\/\">Michael Stevens<\/a><\/li><li><a href=\"https:\/\/www.archspm.org\/es\/thomas-stitts\/\">Thomas Stitts<\/a>\u00a0\u2013 Falleci\u00f3 en 1985.<\/li><li><a href=\"https:\/\/www.archspm.org\/es\/robert-thurner\/\">Robert Thurner<\/a>\u00a0\u2013 Falleci\u00f3 en 2016.<\/li><li><a href=\"https:\/\/www.archspm.org\/es\/clarence-vavra\/\">Clarence Vavra<\/a><\/li><li><a href=\"https:\/\/www.archspm.org\/es\/joseph-wajda\/\">Joseph Wajda<\/a>\u00a0\u2013 Falleci\u00f3 en 2021.<\/li><li><a href=\"https:\/\/www.archspm.org\/es\/harold-walsh\/\">Harold Walsh<\/a><\/li><li><a href=\"https:\/\/www.archspm.org\/es\/raymond-walter\/\">Raymond Walter<\/a>\u00a0\u2013 Falleci\u00f3 en 2003.<\/li><li><a href=\"https:\/\/www.archspm.org\/es\/justin-weger\/\">Justin Weger<\/a>\u00a0\u2013 Falleci\u00f3 en 2005.<\/li><li><a href=\"https:\/\/www.archspm.org\/es\/curtis-wehmeyer\/\">Curtis Wehmeyer<\/a><\/li><li><a href=\"https:\/\/www.archspm.org\/es\/harold-whittet\/\">Harold Whittet<\/a>\u00a0\u2013 Falleci\u00f3 en 1989.<\/li><li><a href=\"https:\/\/www.archspm.org\/es\/anthony-joseph-wilhelm\/\">Anthony Joseph Wilhelm<\/a>\u00a0\u2013 Falleci\u00f3 en 1999.<\/li><li><a href=\"https:\/\/www.archspm.org\/es\/adalbert-wolski\/\">Adalberto Wolski<\/a>\u00a0\u2013 Falleci\u00f3 en 2012.<\/li><li><a href=\"https:\/\/www.archspm.org\/es\/vincent-worzalla\/\">Vincent Worzalla<\/a>\u00a0\u2013 Falleci\u00f3 en 1962.<\/li><li><a href=\"https:\/\/www.archspm.org\/es\/francis-zachman\/\">Francis Zachman<\/a>\u00a0\u2013 Falleci\u00f3 en 1983.<\/li><li><a href=\"https:\/\/www.archspm.org\/es\/robert-zasacki\/\">Robert Zasacki<\/a>\u00a0\u2013 Falleci\u00f3 en 2008.<\/li><\/ul><p><strong>Cl\u00e9rigos cuya identidad se ha revelado a ra\u00edz de investigaciones sobre presuntos abusos sexuales a menores <em>fuera de <\/em>la Arquidi\u00f3cesis de Saint Paul y Minneapolis<\/strong><\/p><p>En el caso de cada cl\u00e9rigo (o excl\u00e9rigo) que figura a continuaci\u00f3n, la decisi\u00f3n de revelar su nombre fue tomada por una entidad distinta de la Arquidi\u00f3cesis de Saint Paul y Minneapolis, como otra di\u00f3cesis o una orden religiosa. Es posible que algunas de estas personas hayan desempe\u00f1ado funciones temporales en esta arquidi\u00f3cesis. Otras pueden haber viajado aqu\u00ed o haber residido aqu\u00ed durante un tiempo.<\/p><p><em>Para obtener m\u00e1s informaci\u00f3n sobre cada persona, haga clic en su nombre.<\/em><\/p><ul><li><a href=\"\/es\/sebastian-joseph-angers\/\">Sebasti\u00e1n (Jos\u00e9) Angers<\/a> \u2013 Falleci\u00f3 en 1978.<\/li><li><a href=\"https:\/\/www.archspm.org\/es\/elwood-s-bernas\/\">Elwood S. \u201cWoody\u201d Bernas<\/a><\/li><li><a href=\"https:\/\/www.archspm.org\/es\/edward-beutner\/\">Edward Beutner<\/a> \u2013 Falleci\u00f3 en 2008.<\/li><li><a href=\"https:\/\/www.archspm.org\/es\/vincent-bryce\/\">Vincent W. Bryce<\/a><\/li><li><a href=\"https:\/\/www.archspm.org\/es\/robert-clark\/\">Robert Clark<\/a><\/li><li><a href=\"https:\/\/www.archspm.org\/es\/cornelis-devenster\/\">Cornelis DeVenster<\/a>\u00a0\u2013 Falleci\u00f3 en 1988.<\/li><li><a href=\"https:\/\/www.archspm.org\/es\/richard-de-ranitz\/\">Richard de Ranitz<\/a> \u2013 Falleci\u00f3 en 2018.<\/li><li><a href=\"https:\/\/www.archspm.org\/es\/milton-j-eggerling\/\">Milton J. Eggerling<\/a> \u2013 Falleci\u00f3 en 2008.<\/li><li><a href=\"https:\/\/www.archspm.org\/es\/neil-emon\/\">Neil Joseph Emon<\/a> \u2013 Falleci\u00f3 en 2019.<\/li><li><a href=\"https:\/\/www.archspm.org\/es\/thomas-ericksen\/\">Thomas Ericksen<\/a><\/li><li><a href=\"https:\/\/www.archspm.org\/es\/william-d-farrell\/\">William P. Farrell<\/a> \u2013 Falleci\u00f3 en 1989.<\/li><li><a href=\"https:\/\/www.archspm.org\/es\/alphonsus-p-ferguson\/\">Alphonsus P. Ferguson<\/a> \u2013 Falleci\u00f3 en 1973.<\/li><li><a href=\"https:\/\/www.archspm.org\/es\/jerry-foley\/\">Jerry Foley<\/a>\u00a0\u2013 Falleci\u00f3 en 2025<\/li><li><a href=\"https:\/\/www.archspm.org\/es\/john-thomas-funucan\/\">John Thomas Funucan<\/a> \u2013 Falleci\u00f3 en 2018.<\/li><li><a href=\"https:\/\/www.archspm.org\/es\/john-leonard-gleason\/\">John Leonard Gleason<\/a>\u00a0\u2013 Falleci\u00f3 en 1998.<\/li><li><a href=\"https:\/\/www.archspm.org\/es\/francisco-frank-alfred-gomez\/\">Francisco (Frank) Alfred G\u00f3mez<\/a>\u00a0\u2013 Falleci\u00f3 en 1998.<\/li><li><a href=\"https:\/\/www.archspm.org\/es\/steven-w-henrich\/\">Steven W. Henrich<\/a><\/li><li><a href=\"https:\/\/www.archspm.org\/es\/daniel-peter-hillen\/\">Daniel Peter Hillen<\/a>\u00a0\u2013 Falleci\u00f3 en 2003.<\/li><li><a href=\"https:\/\/www.archspm.org\/es\/othmar-hohmann-aka-jacob-leo-hohmann\/\">Othmar Hohmann, tambi\u00e9n conocido como: Jacob Leo Hohmann<\/a>\u00a0\u2013 Falleci\u00f3 en 1980.<\/li><li><a href=\"https:\/\/www.archspm.org\/es\/paul-kabat\/\">Paul Kabat<\/a>\u00a0\u2013 Falleci\u00f3 en 1999.<\/li><li><a href=\"https:\/\/www.archspm.org\/es\/james-kelly\/\">James Kelly<\/a> \u2013 Falleci\u00f3 en 2011.<\/li><li><a href=\"\/es\/new-safe-environment-page-hierarchy\/accountability-clergy-disclosures-dennis-lally\/\">Dennis Lally<\/a> \u2013 Falleci\u00f3 en 2016.<\/li><li><a href=\"https:\/\/www.archspm.org\/es\/john-roger-lucey\/\">John Roger Lucey<\/a> \u2013 Falleci\u00f3 en 2002.<\/li><li><a href=\"https:\/\/www.archspm.org\/es\/gregory-madigan\/\">Gregory Madigan<\/a><\/li><li><a href=\"https:\/\/www.archspm.org\/es\/donald-j-mcguire-s-j\/\">Donald J. McGuire<\/a> \u2013 Falleci\u00f3 en 2017.<\/li><li><a href=\"https:\/\/www.archspm.org\/es\/thomas-gregory-meyer\/\">Thomas Gregory Meyer<\/a>\u00a0\u2013 Falleci\u00f3 en 2012.<\/li><li><a href=\"https:\/\/www.archspm.org\/es\/john-dennis-mitchell\/\">John Dennis Mitchell<\/a> \u2013 Falleci\u00f3 en 1996.<\/li><li><a href=\"https:\/\/www.archspm.org\/es\/james-george-moeglein\/\">James George Moeglein<\/a> \u2013 Falleci\u00f3 en 2023.<\/li><li><a href=\"https:\/\/www.archspm.org\/es\/dunstan-moorse\/\">Dunstan Moorse, tambi\u00e9n conocido como: Robert Harry Moorse\u00a0<\/a><\/li><li><a href=\"https:\/\/www.archspm.org\/es\/orville-munie\/\">Orville Munie<\/a>\u00a0\u2013 Falleci\u00f3 en 1993.<\/li><li><a href=\"https:\/\/www.archspm.org\/es\/james-william-murphy-jr\/\">James William Murphy, Jr.<\/a> \u2013 Falleci\u00f3 en 2016<\/li><li><a href=\"https:\/\/www.archspm.org\/es\/john-m-murphy\/\">John M. Murphy<\/a>\u00a0\u2013 Falleci\u00f3 en 2001.<\/li><li><a href=\"https:\/\/www.archspm.org\/es\/peter-b-murphy\/\">Peter B. Murphy<\/a> \u2013 Falleci\u00f3 en 1980.<\/li><li><a href=\"https:\/\/www.archspm.org\/es\/james-nickel\/\">James Nickel<\/a> \u2013 Falleci\u00f3 en 2008.<\/li><li><a href=\"https:\/\/www.archspm.org\/es\/thomas-obrien\/\">Thomas O\u2019Brien<\/a> \u2013 Falleci\u00f3 en 2022.<\/li><li><a href=\"https:\/\/www.archspm.org\/es\/luke-odor\/\">Luke U. Odor<\/a><\/li><li><a href=\"https:\/\/www.archspm.org\/es\/dana-harold-ostdiek\/\">Dana (Harold) Ostdiek<\/a> \u2013 Falleci\u00f3 en 2009.<\/li><li><a href=\"https:\/\/www.archspm.org\/es\/john-owens\/\">John Owens<\/a> \u2013 Falleci\u00f3 en 2020.<\/li><li><a href=\"https:\/\/www.archspm.org\/es\/michael-patrick-paquet\/\">Michael Patrick Paquet<\/a> \u2013 Falleci\u00f3 en 2021.<\/li><li><a href=\"https:\/\/www.archspm.org\/es\/james-phillips\/\">James Phillips<\/a><\/li><li><a href=\"https:\/\/www.archspm.org\/es\/francis-joseph-plakut\/\">Francis Joseph \u201cCasimir\u201d Plakut<\/a> \u2013 Falleci\u00f3 en 1988<\/li><li><a href=\"https:\/\/www.archspm.org\/es\/james-porter\/\">James Porter<\/a> \u2013 Falleci\u00f3 en 2005.<\/li><li><a href=\"https:\/\/www.archspm.org\/es\/raymond-prybis\/\">Raymond Prybis<\/a><\/li><li><a href=\"https:\/\/www.archspm.org\/es\/cletus-rausch\/\">Cletus Rausch<\/a><\/li><li><a href=\"https:\/\/www.archspm.org\/es\/robert-reitmeier\/\">Robert Reitmeier<\/a><\/li><li><a href=\"https:\/\/www.archspm.org\/es\/david-a-roney\/\">David A. Roney<\/a>\u00a0\u2013 Falleci\u00f3 en 2003.<\/li><li><a href=\"https:\/\/www.archspm.org\/es\/urban-schmitt\/\">Urban Schmitt<\/a>\u00a0\u2013 Falleci\u00f3 en 1999.<\/li><li><a href=\"https:\/\/www.archspm.org\/es\/michael-skoblik\/\">Michael Skoblik<\/a>\u00a0\u2013 Falleci\u00f3 en 1989.<\/li><li><a href=\"https:\/\/www.archspm.org\/es\/charles-j-stark\/\">Charles J. Stark<\/a>\u00a0\u2013 Falleci\u00f3 en 1991.<\/li><li><a href=\"\/es\/fergus-stevenson\/\">Fergus Stevenson<\/a> \u2013 Falleci\u00f3 en 1991.<\/li><li><a href=\"https:\/\/www.archspm.org\/es\/francis-michael-sweeney\/\">Francis Michael Sweeney<\/a> \u2013 Falleci\u00f3 en 2013.<\/li><li><a href=\"https:\/\/www.archspm.org\/es\/william-h-tanguay\/\">William H. Tanguay<\/a><\/li><li><a href=\"https:\/\/www.archspm.org\/es\/emil-twardochleb\/\">Emil Twardochleb<\/a>\u00a0\u2013 Falleci\u00f3 en 1976.<\/li><li><a href=\"https:\/\/www.archspm.org\/es\/roger-vaughn\/\">Roger Vaughn<\/a><\/li><li><a href=\"https:\/\/www.archspm.org\/es\/james-vedro\/\">James Vedro<\/a><\/li><li><a href=\"https:\/\/www.archspm.org\/es\/john-wanzek\/\">John Wanzek<\/a> \u2013 Falleci\u00f3 en 1991.<\/li><li><a href=\"https:\/\/www.archspm.org\/es\/pirmin-george-wendt\/\">Pirmin (George) Wendt<\/a>\u00a0\u2013 Falleci\u00f3 en 1982.<\/li><li><a href=\"https:\/\/www.archspm.org\/es\/vincent-a-yzermans\/\">Vincent A. Yzermans<\/a>\u00a0\u2013 Falleci\u00f3 en 2012.<\/li><\/ul><p><strong>Persona incluida en la lista de la Comisi\u00f3n John Jay con acusaciones sin fundamento<\/strong><\/p><p>La siguiente persona figuraba en la lista facilitada al Jay College of Criminal Justice para su informe sobre <a href=\"https:\/\/www.usccb.org\/sites\/default\/files\/issues-and-action\/child-and-youth-protection\/upload\/The-Nature-and-Scope-of-Sexual-Abuse-of-Minors-by-Catholic-Priests-and-Deacons-in-the-United-States-1950-2002.pdf\" target=\"_blank\" rel=\"noopener\"><em>La naturaleza y el alcance del abuso sexual de menores por parte de sacerdotes y di\u00e1conos cat\u00f3licos en los Estados Unidos, 1950-2002<\/em><\/a>. Sin embargo, hasta la fecha, ni la investigaci\u00f3n interna ni la independiente han podido corroborar las denuncias de abuso sexual de un menor presentadas contra esta persona.<\/p><ul><li><a href=\"https:\/\/www.archspm.org\/es\/patrick-joseph-ryan\/\">Patrick Joseph Ryan<\/a>\u00a0\u2013 Falleci\u00f3 en 1965.<\/li><\/ul><\/li><\/ul>\t\t\t\t\t\t\t\t<\/div>\n\t\t\t\t<\/div>\n\t\t\t\t<\/div>","protected":false},"excerpt":{"rendered":"<p>Disclosures Regarding Clergy Sexual Abuse of Minors In the interest of accountability, the Archdiocese of Saint Paul and Minneapolis maintains a list of names of individuals against whom there is a substantiated claim of abusing a minor. The list is divided according to whether the alleged abuse took place within our archdiocese or outside of [&hellip;]<\/p>\n","protected":false},"author":2,"featured_media":0,"parent":0,"menu_order":2,"comment_status":"closed","ping_status":"closed","template":"","meta":{"footnotes":""},"class_list":["post-6284","page","type-page","status-publish","hentry"],"_links":{"self":[{"href":"https:\/\/www.archspm.org\/es\/wp-json\/wp\/v2\/pages\/6284","targetHints":{"allow":["GET"]}}],"collection":[{"href":"https:\/\/www.archspm.org\/es\/wp-json\/wp\/v2\/pages"}],"about":[{"href":"https:\/\/www.archspm.org\/es\/wp-json\/wp\/v2\/types\/page"}],"author":[{"embeddable":true,"href":"https:\/\/www.archspm.org\/es\/wp-json\/wp\/v2\/users\/2"}],"replies":[{"embeddable":true,"href":"https:\/\/www.archspm.org\/es\/wp-json\/wp\/v2\/comments?post=6284"}],"version-history":[{"count":6,"href":"https:\/\/www.archspm.org\/es\/wp-json\/wp\/v2\/pages\/6284\/revisions"}],"predecessor-version":[{"id":14581,"href":"https:\/\/www.archspm.org\/es\/wp-json\/wp\/v2\/pages\/6284\/revisions\/14581"}],"wp:attachment":[{"href":"https:\/\/www.archspm.org\/es\/wp-json\/wp\/v2\/media?parent=6284"}],"curies":[{"name":"wp","href":"https:\/\/api.w.org\/{rel}","templated":true}]}}