{"id":6289,"date":"2016-09-16T15:24:04","date_gmt":"2016-09-16T19:24:04","guid":{"rendered":"https:\/\/www.archspm.org\/new-safe-environment-page-hierarchy\/william-f-hough\/"},"modified":"2016-09-16T15:24:04","modified_gmt":"2016-09-16T19:24:04","slug":"william-f-hough","status":"publish","type":"page","link":"https:\/\/www.archspm.org\/es\/new-safe-environment-page-hierarchy\/william-f-hough\/","title":{"rendered":"William F. Hough"},"content":{"rendered":"<p><strong>William Francis Hough<\/strong><\/p>\n<p>Fecha de nacimiento: 15 de septiembre de 1915 (fallecido en 1994)<\/p>\n<p>Fecha de ordenaci\u00f3n: 2 de febrero de 1963<\/p>\n<p>Retirado: 31 de mayo de 1991<\/p>\n<p>Historial de asignaciones de Hough:<\/p>\n<ul>\n<li>Capell\u00e1n, St. Mary, St. Paul, 8 de julio de 1963-7 de junio de 1966<\/li>\n<li>Capell\u00e1n, Santa Isabel, Minneapolis, y Nuestra Se\u00f1ora del Perpetuo Socorro, Minneapolis, 7 de junio de 1966-15 de junio de 1967<\/li>\n<li>Pastor adjunto, Resurrection, Minneapolis, 15 de junio de 1967-22 de agosto de 1972<\/li>\n<li>P\u00e1rroco de Santa Mar\u00eda de la Purificaci\u00f3n, Marystown, 22 de agosto de 1972-18 de junio de 1974<\/li>\n<li>P\u00e1rroco de San Antonio de Padua, Minneapolis, 18 de junio de 1974-31 de mayo de 1991<\/li>\n<\/ul>\n<p>Di\u00f3cesis u orden religiosa: Arquidi\u00f3cesis de San Pablo y Minneapolis<\/p>\n<p>Estado actual: Fallecido el 15 de agosto de 1994<\/p>\n<p>Fecha en la que la Arquidi\u00f3cesis de Saint Paul y Minneapolis incluy\u00f3 el nombre de esta persona en una lista de personas contra las que existen denuncias de abuso comprobadas: 16 de septiembre de 2016<\/p>","protected":false},"excerpt":{"rendered":"<p>William Francis Hough Date of birth: 9\/15\/1915\u00a0(deceased 1994) Date of ordination: 2\/2\/1963 Retired: 5\/31\/1991 Hough\u2019s assignment history: Assistant Pastor, St. Mary, St. Paul, 7\/8\/1963-6\/7\/1966 Assistant Pastor, St. Elizabeth, Minneapolis and Our Lady of Perpetual Help, Minneapolis, 6\/7\/1966-6\/15\/1967 Assistant Pastor, Resurrection, Minneapolis, 6\/15\/1967-8\/22\/1972 Pastor, St. Mary of the Purification, Marystown, 8\/22\/72-6\/18\/74 Pastor, St. Anthony of Padua, [&hellip;]<\/p>\n","protected":false},"author":4,"featured_media":0,"parent":6130,"menu_order":0,"comment_status":"open","ping_status":"open","template":"","meta":{"footnotes":""},"class_list":["post-6289","page","type-page","status-publish","hentry"],"_links":{"self":[{"href":"https:\/\/www.archspm.org\/es\/wp-json\/wp\/v2\/pages\/6289","targetHints":{"allow":["GET"]}}],"collection":[{"href":"https:\/\/www.archspm.org\/es\/wp-json\/wp\/v2\/pages"}],"about":[{"href":"https:\/\/www.archspm.org\/es\/wp-json\/wp\/v2\/types\/page"}],"author":[{"embeddable":true,"href":"https:\/\/www.archspm.org\/es\/wp-json\/wp\/v2\/users\/4"}],"replies":[{"embeddable":true,"href":"https:\/\/www.archspm.org\/es\/wp-json\/wp\/v2\/comments?post=6289"}],"version-history":[{"count":0,"href":"https:\/\/www.archspm.org\/es\/wp-json\/wp\/v2\/pages\/6289\/revisions"}],"up":[{"embeddable":true,"href":"https:\/\/www.archspm.org\/es\/wp-json\/wp\/v2\/pages\/6130"}],"wp:attachment":[{"href":"https:\/\/www.archspm.org\/es\/wp-json\/wp\/v2\/media?parent=6289"}],"curies":[{"name":"wp","href":"https:\/\/api.w.org\/{rel}","templated":true}]}}