{"id":6297,"date":"2017-01-20T16:43:46","date_gmt":"2017-01-20T21:43:46","guid":{"rendered":"https:\/\/www.archspm.org\/new-safe-environment-page-hierarchy\/gregory-madigan\/"},"modified":"2017-01-20T16:43:46","modified_gmt":"2017-01-20T21:43:46","slug":"gregory-madigan","status":"publish","type":"page","link":"https:\/\/www.archspm.org\/es\/new-safe-environment-page-hierarchy\/gregory-madigan\/","title":{"rendered":"Gregory Madigan"},"content":{"rendered":"<p><strong>Gregory Madigan<\/strong><\/p>\n<p>Fecha de nacimiento: 08\/01\/1935<\/p>\n<p>Fecha de la primera profesi\u00f3n: 19\/03\/1956<\/p>\n<p>Madigan es miembro de la congregaci\u00f3n de los Padres y Hermanos Crosier y se le acusa de haber cometido actos de abuso sexual contra un menor\u00a0<em>fuera de<\/em>\u00a0de la Arquidi\u00f3cesis de Saint Paul y Minneapolis. Esta arquidi\u00f3cesis no tiene constancia de ninguna denuncia fundamentada de abuso sexual de un menor presentada contra Madigan en relaci\u00f3n con ninguna conducta que haya tenido lugar en esta arquidi\u00f3cesis. Para obtener m\u00e1s informaci\u00f3n sobre este caso, consulte el <a href=\"https:\/\/crosier.org\/about-us\/safe-environment\/\" target=\"_blank\" rel=\"noopener noreferrer\">El sitio web de Crosier<\/a>.<\/p>\n<p>Historial de asignaciones de Madigan:<\/p>\n<ul>\n<li>Comunidad Crosier de Hastings, Nebraska, 1955-1958<\/li>\n<li>Wawasee Prep, Syracuse, Indiana, 1958-1960<\/li>\n<li>Comunidad Crosier de White Plains, Nueva York, 1960-1961<\/li>\n<li>Seminario Crosier, Onamia, Minnesota, 1961-1987<\/li>\n<li>A\u00f1o sab\u00e1tico, 1988<\/li>\n<li>Comunidad Crosier de Chicago, 1988-1990<\/li>\n<li>Comunidad Crosier de New Rochelle, Nueva York, 1990-2000<\/li>\n<li>Comunidad Crosier de Shoreview, Minnesota, 2000-2003<\/li>\n<li>Comunidad Crosier de Phoenix, Arizona, desde 2004 hasta la actualidad<\/li>\n<\/ul>\n<p>Fecha en que se le prohibi\u00f3 trabajar con menores: 1988<\/p>\n<p>Estado actual: Retirado<\/p>\n<p>Fecha en la que la Arquidi\u00f3cesis de Saint Paul y Minneapolis incluy\u00f3 el nombre de esta persona en una lista de personas contra las que existen denuncias de abuso comprobadas: 20 de enero de 2017<\/p>","protected":false},"excerpt":{"rendered":"<p>Gregory Madigan Date of birth: 08\/01\/1935 Date of first profession: 03\/19\/1956 Madigan is a member of the Crosier Fathers and Brothers who is alleged to have committed acts of sexual abuse of a minor\u00a0outside\u00a0of the Archdiocese of Saint Paul and Minneapolis. This archdiocese is not aware of any substantiated claim of sexual abuse of a [&hellip;]<\/p>\n","protected":false},"author":4,"featured_media":0,"parent":6130,"menu_order":0,"comment_status":"open","ping_status":"open","template":"","meta":{"footnotes":""},"class_list":["post-6297","page","type-page","status-publish","hentry"],"_links":{"self":[{"href":"https:\/\/www.archspm.org\/es\/wp-json\/wp\/v2\/pages\/6297","targetHints":{"allow":["GET"]}}],"collection":[{"href":"https:\/\/www.archspm.org\/es\/wp-json\/wp\/v2\/pages"}],"about":[{"href":"https:\/\/www.archspm.org\/es\/wp-json\/wp\/v2\/types\/page"}],"author":[{"embeddable":true,"href":"https:\/\/www.archspm.org\/es\/wp-json\/wp\/v2\/users\/4"}],"replies":[{"embeddable":true,"href":"https:\/\/www.archspm.org\/es\/wp-json\/wp\/v2\/comments?post=6297"}],"version-history":[{"count":0,"href":"https:\/\/www.archspm.org\/es\/wp-json\/wp\/v2\/pages\/6297\/revisions"}],"up":[{"embeddable":true,"href":"https:\/\/www.archspm.org\/es\/wp-json\/wp\/v2\/pages\/6130"}],"wp:attachment":[{"href":"https:\/\/www.archspm.org\/es\/wp-json\/wp\/v2\/media?parent=6297"}],"curies":[{"name":"wp","href":"https:\/\/api.w.org\/{rel}","templated":true}]}}