{"id":6305,"date":"2017-11-03T19:49:36","date_gmt":"2017-11-03T23:49:36","guid":{"rendered":"https:\/\/www.archspm.org\/new-safe-environment-page-hierarchy\/michael-patrick-paquet\/"},"modified":"2017-11-03T19:49:36","modified_gmt":"2017-11-03T23:49:36","slug":"michael-patrick-paquet","status":"publish","type":"page","link":"https:\/\/www.archspm.org\/es\/new-safe-environment-page-hierarchy\/michael-patrick-paquet\/","title":{"rendered":"Michael Patrick Paquet"},"content":{"rendered":"<p><strong>Michael Patrick Paquet<\/strong><\/p>\n<p>Fecha de nacimiento: 1 de abril de 1946<\/p>\n<p>Fecha de ordenaci\u00f3n: 28 de mayo de 1978<\/p>\n<p>Historial de asignaciones de Paquet:<\/p>\n<ul>\n<li>Santa Odilia, Shoreview, 1 de junio de 1977-1 de julio de 1979<\/li>\n<li>Fuera de la Arquidi\u00f3cesis, 1 de julio de 1979 - 10 de septiembre de 1985<\/li>\n<li>Santa Odilia, Shoreview, 10 de septiembre de 1985 - 1 de julio de 1989\n<ul>\n<li>Tambi\u00e9n prest\u00f3 asistencia los fines de semana en otras parroquias, entre ellas la de la Natividad de la Sant\u00edsima Virgen, en Bloomington, entre 1985 y 1987<\/li>\n<\/ul>\n<\/li>\n<li>San Esteban, Anoka, 1 de julio de 1989-2 de julio de 2001<\/li>\n<li>Residencia de prenoviciado, San Pablo, 2002<\/li>\n<\/ul>\n<p>Fecha de cese en el ministerio: 18\/11\/2002<\/p>\n<p>Fecha de desestimaci\u00f3n de la orden: 16 de septiembre de 2005<\/p>\n<p>Fallecido: 21\/08\/2021<\/p>\n<p>P\u00e1gina de divulgaci\u00f3n: <a href=\"https:\/\/www.crosier.org\/index.php\/en\/about\/crosier-news\/197-crosiers-list-posting\" target=\"_blank\" rel=\"noopener\">https:\/\/www.crosier.org\/index.php\/en\/about\/crosier-news\/197-crosiers-list-posting<\/a><\/p>\n<p>Di\u00f3cesis u orden religiosa: Can\u00f3nigos Regulares de la Orden de la Santa Cruz (Crosiers)<\/p>\n<p>Fecha en la que la Arquidi\u00f3cesis de Saint Paul y Minneapolis public\u00f3 el nombre de esta persona en una lista de personas con denuncias fundamentadas de abuso en su contra: 3 de noviembre de 2017.<\/p>","protected":false},"excerpt":{"rendered":"<p>Michael Patrick Paquet Date of birth: 4\/1\/1946 Date of ordination: 5\/28\/1978 Paquet\u2019s assignment history: Saint Odilia, Shoreview, 6\/1\/1977-7\/1\/1979 Outside of Archdiocese, 7\/1\/1979-9\/10\/1985 Saint Odilia, Shoreview, 9\/10\/1985-7\/1\/1989 Also provided weekend assistance at other parishes, including Nativity of the Blessed Virgin, Bloomington, 1985-1987 Saint Stephen, Anoka, 7\/1\/1989-7\/2\/2001 Pre-Novitiate Residence, Saint Paul, 2002 Date removed from ministry: 11\/18\/2002 [&hellip;]<\/p>\n","protected":false},"author":4,"featured_media":0,"parent":6130,"menu_order":0,"comment_status":"open","ping_status":"open","template":"","meta":{"footnotes":""},"class_list":["post-6305","page","type-page","status-publish","hentry"],"_links":{"self":[{"href":"https:\/\/www.archspm.org\/es\/wp-json\/wp\/v2\/pages\/6305","targetHints":{"allow":["GET"]}}],"collection":[{"href":"https:\/\/www.archspm.org\/es\/wp-json\/wp\/v2\/pages"}],"about":[{"href":"https:\/\/www.archspm.org\/es\/wp-json\/wp\/v2\/types\/page"}],"author":[{"embeddable":true,"href":"https:\/\/www.archspm.org\/es\/wp-json\/wp\/v2\/users\/4"}],"replies":[{"embeddable":true,"href":"https:\/\/www.archspm.org\/es\/wp-json\/wp\/v2\/comments?post=6305"}],"version-history":[{"count":0,"href":"https:\/\/www.archspm.org\/es\/wp-json\/wp\/v2\/pages\/6305\/revisions"}],"up":[{"embeddable":true,"href":"https:\/\/www.archspm.org\/es\/wp-json\/wp\/v2\/pages\/6130"}],"wp:attachment":[{"href":"https:\/\/www.archspm.org\/es\/wp-json\/wp\/v2\/media?parent=6305"}],"curies":[{"name":"wp","href":"https:\/\/api.w.org\/{rel}","templated":true}]}}