{"id":6311,"date":"2017-11-03T19:51:55","date_gmt":"2017-11-03T23:51:55","guid":{"rendered":"https:\/\/www.archspm.org\/new-safe-environment-page-hierarchy\/emil-twardochleb\/"},"modified":"2017-11-03T19:51:55","modified_gmt":"2017-11-03T23:51:55","slug":"emil-twardochleb","status":"publish","type":"page","link":"https:\/\/www.archspm.org\/es\/new-safe-environment-page-hierarchy\/emil-twardochleb\/","title":{"rendered":"Emil Twardochleb"},"content":{"rendered":"<p><strong>Emil Twardochleb<\/strong><\/p>\n<p>Fecha de nacimiento: 17 de junio de 1895 (Fallecido en 1976)<\/p>\n<p>Fecha de ordenaci\u00f3n: 2 de febrero de 1923<\/p>\n<p>Historial de asignaciones de Twardochleb:<\/p>\n<ul>\n<li>Fuera de la Arquidi\u00f3cesis, 1924-1950<\/li>\n<li>Asunci\u00f3n de la Sant\u00edsima Virgen Mar\u00eda, Richfield, 1950-1954<\/li>\n<li>Fuera de la Arquidi\u00f3cesis, 1955-1975<\/li>\n<\/ul>\n<p>Retirado: 29 de septiembre de 1975<\/p>\n<p>Fallecido: 12 de enero de 1976<\/p>\n<p>P\u00e1gina de divulgaci\u00f3n: <a href=\"https:\/\/safe-environment.archspm.org\/missionary-oblates-of-mary-immaculate-disclosures\/\" target=\"_blank\" rel=\"noopener\">https:\/\/safe-environment.archspm.org\/missionary-oblates-of-mary-immaculate-disclosures\/<\/a><\/p>\n<p>Di\u00f3cesis u orden religiosa: Misioneros Oblatos de Mar\u00eda Inmaculada (Oblatos)<\/p>\n<p>Fecha en la que la Arquidi\u00f3cesis de Saint Paul y Minneapolis public\u00f3 el nombre de esta persona en una lista de personas con denuncias fundamentadas de abuso en su contra: 3 de noviembre de 2017.<\/p>","protected":false},"excerpt":{"rendered":"<p>Emil Twardochleb Date of birth: 6\/17\/1895 (Deceased 1976) Date of ordination: 2\/2\/1923 Twardochleb\u2019s assignment history: Outside of Archdiocese, 1924-1950 Assumption of the Blessed Virgin Mary, Richfield, 1950-1954 Outside of Archdiocese, 1955-1975 Retired: 9\/29\/1975 Deceased: 1\/12\/1976 Disclosure page: https:\/\/safe-environment.archspm.org\/missionary-oblates-of-mary-immaculate-disclosures\/ Diocese or religious order: Missionary Oblates of Mary Immaculate (Oblates) Date the Archdiocese of Saint Paul and [&hellip;]<\/p>\n","protected":false},"author":4,"featured_media":0,"parent":6130,"menu_order":0,"comment_status":"open","ping_status":"open","template":"","meta":{"footnotes":""},"class_list":["post-6311","page","type-page","status-publish","hentry"],"_links":{"self":[{"href":"https:\/\/www.archspm.org\/es\/wp-json\/wp\/v2\/pages\/6311","targetHints":{"allow":["GET"]}}],"collection":[{"href":"https:\/\/www.archspm.org\/es\/wp-json\/wp\/v2\/pages"}],"about":[{"href":"https:\/\/www.archspm.org\/es\/wp-json\/wp\/v2\/types\/page"}],"author":[{"embeddable":true,"href":"https:\/\/www.archspm.org\/es\/wp-json\/wp\/v2\/users\/4"}],"replies":[{"embeddable":true,"href":"https:\/\/www.archspm.org\/es\/wp-json\/wp\/v2\/comments?post=6311"}],"version-history":[{"count":0,"href":"https:\/\/www.archspm.org\/es\/wp-json\/wp\/v2\/pages\/6311\/revisions"}],"up":[{"embeddable":true,"href":"https:\/\/www.archspm.org\/es\/wp-json\/wp\/v2\/pages\/6130"}],"wp:attachment":[{"href":"https:\/\/www.archspm.org\/es\/wp-json\/wp\/v2\/media?parent=6311"}],"curies":[{"name":"wp","href":"https:\/\/api.w.org\/{rel}","templated":true}]}}