{"id":6323,"date":"2018-09-28T14:15:23","date_gmt":"2018-09-28T18:15:23","guid":{"rendered":"https:\/\/www.archspm.org\/new-safe-environment-page-hierarchy\/michael-charland\/"},"modified":"2018-09-28T14:15:23","modified_gmt":"2018-09-28T18:15:23","slug":"michael-charland","status":"publish","type":"page","link":"https:\/\/www.archspm.org\/es\/new-safe-environment-page-hierarchy\/michael-charland\/","title":{"rendered":"Michael Charland"},"content":{"rendered":"<p><strong>Michael Charland<\/strong><\/p>\n<p>Fecha de nacimiento: 22 de junio de 1945<\/p>\n<p>Fecha de ordenaci\u00f3n: 21 de agosto de 1971<\/p>\n<p>Historial de asignaciones de Charland:<\/p>\n<ul>\n<li>Fuera de la Arquidi\u00f3cesis, 1971-1977<\/li>\n<li>Desempe\u00f1\u00f3 diversas funciones en la Arquidi\u00f3cesis entre 1977 y 1984\n<ul>\n<li>Director de Pastoral Universitaria, Colegio de Santo Tom\u00e1s<\/li>\n<li>En la residencia, Santa Mar\u00eda, San Pablo<\/li>\n<li>Fundador y director espiritual de \u00abTeens Encounter Christ\u00bb (con sede en la parroquia de Santa Mar\u00eda)<\/li>\n<\/ul>\n<\/li>\n<\/ul>\n<p>Abandon\u00f3 la Congregaci\u00f3n de los Misioneros Oblatos: 1984<\/p>\n<p>Laicizado: 1989<\/p>\n<p>P\u00e1gina de divulgaci\u00f3n:\u00a0 <a href=\"https:\/\/www.andersonadvocates.com\/accused\/michael-charland\/\" target=\"_blank\" rel=\"noopener noreferrer\">https:\/\/www.andersonadvocates.com\/accused\/michael-charland\/<\/a><\/p>\n<p>Di\u00f3cesis u orden religiosa: Misioneros Oblatos de Mar\u00eda Inmaculada (Oblatos)<\/p>\n<p>Fecha en que la Arquidi\u00f3cesis de Saint Paul y Minneapolis public\u00f3 el nombre de esta persona en una lista de personas contra las que se han presentado denuncias fundamentadas de abuso: 28 de septiembre de 2018.<\/p>","protected":false},"excerpt":{"rendered":"<p>Michael Charland Date of birth: 6\/22\/1945 Date of ordination: 8\/21\/1971 Charland\u2019s assignment history: Outside of Archdiocese, 1971-1977 Served in various roles in the Archdiocese 1977-1984 Campus Ministry Director, College of Saint Thomas In residence, Saint Mary, Saint Paul Founder and Spiritual Director, Teens Encounter Christ (located at Saint Mary parish) Left the Missionary Oblates: 1984 [&hellip;]<\/p>\n","protected":false},"author":4,"featured_media":0,"parent":6130,"menu_order":0,"comment_status":"open","ping_status":"open","template":"","meta":{"footnotes":""},"class_list":["post-6323","page","type-page","status-publish","hentry"],"_links":{"self":[{"href":"https:\/\/www.archspm.org\/es\/wp-json\/wp\/v2\/pages\/6323","targetHints":{"allow":["GET"]}}],"collection":[{"href":"https:\/\/www.archspm.org\/es\/wp-json\/wp\/v2\/pages"}],"about":[{"href":"https:\/\/www.archspm.org\/es\/wp-json\/wp\/v2\/types\/page"}],"author":[{"embeddable":true,"href":"https:\/\/www.archspm.org\/es\/wp-json\/wp\/v2\/users\/4"}],"replies":[{"embeddable":true,"href":"https:\/\/www.archspm.org\/es\/wp-json\/wp\/v2\/comments?post=6323"}],"version-history":[{"count":0,"href":"https:\/\/www.archspm.org\/es\/wp-json\/wp\/v2\/pages\/6323\/revisions"}],"up":[{"embeddable":true,"href":"https:\/\/www.archspm.org\/es\/wp-json\/wp\/v2\/pages\/6130"}],"wp:attachment":[{"href":"https:\/\/www.archspm.org\/es\/wp-json\/wp\/v2\/media?parent=6323"}],"curies":[{"name":"wp","href":"https:\/\/api.w.org\/{rel}","templated":true}]}}