{"id":6329,"date":"2019-02-19T21:02:59","date_gmt":"2019-02-20T02:02:59","guid":{"rendered":"https:\/\/www.archspm.org\/new-safe-environment-page-hierarchy\/francisco-frank-alfred-gomez\/"},"modified":"2019-02-19T21:02:59","modified_gmt":"2019-02-20T02:02:59","slug":"francisco-frank-alfred-gomez","status":"publish","type":"page","link":"https:\/\/www.archspm.org\/es\/new-safe-environment-page-hierarchy\/francisco-frank-alfred-gomez\/","title":{"rendered":"Francisco (Frank) Alfred G\u00f3mez"},"content":{"rendered":"<p><strong>Francisco (Frank) Alfred G\u00f3mez<\/strong><\/p>\n<p>Fecha de nacimiento: 27\/02\/1945<\/p>\n<p>Fecha de ordenaci\u00f3n: 25 de noviembre de 1976<\/p>\n<p>Historial de asignaciones de G\u00f3mez:<\/p>\n<ul>\n<li>Fuera de la Arquidi\u00f3cesis, 1976-1994<\/li>\n<li>Casa de retiro franciscana, Prior Lake, 1994-1997<\/li>\n<li>Fuera de la Arquidi\u00f3cesis, 1997-1998<\/li>\n<\/ul>\n<p>Fallecido: 10\/10\/1998<\/p>\n<p>P\u00e1gina de divulgaci\u00f3n:\u00a0<a href=\"https:\/\/www.archsa.org\/images\/uploads\/ArchSA_Report.pdf\" target=\"_blank\" rel=\"noopener\">https:\/\/www.archsa.org\/images\/uploads\/ArchSA_Report.pdf<\/a><\/p>\n<p>Di\u00f3cesis u orden religiosa: Arquidi\u00f3cesis de San Antonio de 1976 a 1980; ingres\u00f3 en la Orden Franciscana Conventual en 1980.<\/p>\n<p>Fecha en la que la Arquidi\u00f3cesis de Saint Paul y Minneapolis incluy\u00f3 el nombre de esta persona en una lista de personas contra las que existen denuncias de abuso comprobadas: 19 de febrero de 2019<\/p>","protected":false},"excerpt":{"rendered":"<p>Francisco (Frank) Alfred Gomez Date of birth: 02\/27\/1945 Date of ordination: 11\/25\/1976 Gomez\u2019s assignment history: Outside of Archdiocese, 1976-1994 Franciscan Retreat House, Prior Lake, 1994-1997 Outside of Archdiocese, 1997-1998 Deceased: 10\/10\/1998 Disclosure page:\u00a0https:\/\/www.archsa.org\/images\/uploads\/ArchSA_Report.pdf Diocese or religious order: Archdiocese of San Antonio from 1976-1980 and joined Conventual Franciscan Order in 1980. Date the Archdiocese of Saint [&hellip;]<\/p>\n","protected":false},"author":4,"featured_media":0,"parent":6130,"menu_order":0,"comment_status":"open","ping_status":"open","template":"","meta":{"footnotes":""},"class_list":["post-6329","page","type-page","status-publish","hentry"],"_links":{"self":[{"href":"https:\/\/www.archspm.org\/es\/wp-json\/wp\/v2\/pages\/6329","targetHints":{"allow":["GET"]}}],"collection":[{"href":"https:\/\/www.archspm.org\/es\/wp-json\/wp\/v2\/pages"}],"about":[{"href":"https:\/\/www.archspm.org\/es\/wp-json\/wp\/v2\/types\/page"}],"author":[{"embeddable":true,"href":"https:\/\/www.archspm.org\/es\/wp-json\/wp\/v2\/users\/4"}],"replies":[{"embeddable":true,"href":"https:\/\/www.archspm.org\/es\/wp-json\/wp\/v2\/comments?post=6329"}],"version-history":[{"count":0,"href":"https:\/\/www.archspm.org\/es\/wp-json\/wp\/v2\/pages\/6329\/revisions"}],"up":[{"embeddable":true,"href":"https:\/\/www.archspm.org\/es\/wp-json\/wp\/v2\/pages\/6130"}],"wp:attachment":[{"href":"https:\/\/www.archspm.org\/es\/wp-json\/wp\/v2\/media?parent=6329"}],"curies":[{"name":"wp","href":"https:\/\/api.w.org\/{rel}","templated":true}]}}