{"id":6335,"date":"2019-07-09T14:12:36","date_gmt":"2019-07-09T18:12:36","guid":{"rendered":"https:\/\/www.archspm.org\/new-safe-environment-page-hierarchy\/milton-j-eggerling\/"},"modified":"2019-07-09T14:12:36","modified_gmt":"2019-07-09T18:12:36","slug":"milton-j-eggerling","status":"publish","type":"page","link":"https:\/\/www.archspm.org\/es\/new-safe-environment-page-hierarchy\/milton-j-eggerling\/","title":{"rendered":"Milton J. Eggerling"},"content":{"rendered":"<p><strong>Milton J. Eggerling<\/strong><\/p>\n<p>Fecha de nacimiento: 18 de marzo de 1921<\/p>\n<p>Fecha de ordenaci\u00f3n: 11 de junio de 1954<\/p>\n<p>Historial de asignaciones de Eggerling:<\/p>\n<ul>\n<li>Fuera de la Arquidi\u00f3cesis, 1954-1959<\/li>\n<li>Corpus Christi y Colegio de Santo Tom\u00e1s, St. Paul, 1959<\/li>\n<li>Fuera de la Arquidi\u00f3cesis, 1960<\/li>\n<li>Newman Center, Universidad de Minnesota, 1961-1962<\/li>\n<li>Fuera de la Arquidi\u00f3cesis, 1962-2008<\/li>\n<\/ul>\n<p>Fallecido: 29 de febrero de 2008<\/p>\n<p>P\u00e1gina de divulgaci\u00f3n:\u00a0 <a href=\"http:\/\/www.sfcatholic.org\/bishopsbulletin\/catholic-diocese-of-sioux-falls-publication-of-names-priests-found-to-have-sexually-abused-minors\/\" target=\"_blank\" rel=\"noopener noreferrer\">http:\/\/www.sfcatholic.org\/bishopsbulletin\/catholic-diocese-of-sioux-falls-publication-of-names-priests-found-to-have-sexually-abused-minors\/<\/a><\/p>\n<p>Di\u00f3cesis u orden religiosa: Di\u00f3cesis de Sioux Falls, Dakota del Sur, y Di\u00f3cesis de Oakland, California<\/p>\n<p>Fecha en que la Arquidi\u00f3cesis de Saint Paul y Minneapolis public\u00f3 el nombre de esta persona en una lista de personas contra las que se han presentado denuncias fundamentadas de abuso: 9 de julio de 2019.<\/p>","protected":false},"excerpt":{"rendered":"<p>Milton J. Eggerling Date of birth: 3\/18\/1921 Date of ordination: 6\/11\/1954 Eggerling\u2019s assignment history: Outside of Archdiocese, 1954-1959 Corpus Christi and College of St. Thomas, St. Paul, 1959 Outside of Archdiocese, 1960 Newman Center, University of Minnesota, 1961-1962 Outside of Archdiocese, 1962-2008 Deceased: 2\/29\/2008 Disclosure page:\u00a0 http:\/\/www.sfcatholic.org\/bishopsbulletin\/catholic-diocese-of-sioux-falls-publication-of-names-priests-found-to-have-sexually-abused-minors\/ Diocese or religious order: Diocese of Sioux Falls, [&hellip;]<\/p>\n","protected":false},"author":4,"featured_media":0,"parent":6130,"menu_order":0,"comment_status":"open","ping_status":"open","template":"","meta":{"footnotes":""},"class_list":["post-6335","page","type-page","status-publish","hentry"],"_links":{"self":[{"href":"https:\/\/www.archspm.org\/es\/wp-json\/wp\/v2\/pages\/6335","targetHints":{"allow":["GET"]}}],"collection":[{"href":"https:\/\/www.archspm.org\/es\/wp-json\/wp\/v2\/pages"}],"about":[{"href":"https:\/\/www.archspm.org\/es\/wp-json\/wp\/v2\/types\/page"}],"author":[{"embeddable":true,"href":"https:\/\/www.archspm.org\/es\/wp-json\/wp\/v2\/users\/4"}],"replies":[{"embeddable":true,"href":"https:\/\/www.archspm.org\/es\/wp-json\/wp\/v2\/comments?post=6335"}],"version-history":[{"count":0,"href":"https:\/\/www.archspm.org\/es\/wp-json\/wp\/v2\/pages\/6335\/revisions"}],"up":[{"embeddable":true,"href":"https:\/\/www.archspm.org\/es\/wp-json\/wp\/v2\/pages\/6130"}],"wp:attachment":[{"href":"https:\/\/www.archspm.org\/es\/wp-json\/wp\/v2\/media?parent=6335"}],"curies":[{"name":"wp","href":"https:\/\/api.w.org\/{rel}","templated":true}]}}