{"id":6339,"date":"2020-01-21T17:28:03","date_gmt":"2020-01-21T22:28:03","guid":{"rendered":"https:\/\/www.archspm.org\/new-safe-environment-page-hierarchy\/luke-odor\/"},"modified":"2020-01-21T17:28:03","modified_gmt":"2020-01-21T22:28:03","slug":"luke-odor","status":"publish","type":"page","link":"https:\/\/www.archspm.org\/es\/new-safe-environment-page-hierarchy\/luke-odor\/","title":{"rendered":"Luke U. Odor"},"content":{"rendered":"<p><strong>Luke U. Odor<\/strong><\/p>\n\n\n\n<p>Fecha de nacimiento: 12\/08\/1948<\/p>\n\n\n\n<p>Fecha de ordenaci\u00f3n: 19 de julio de 1980<\/p>\n\n\n\n<p>Historial de asignaciones de Odor:<\/p>\n\n\n\n<ul class=\"wp-block-list\"><li>Fuera de la Arquidi\u00f3cesis, 1980-1989<\/li><li>Estudiante, Universidad de St. Thomas, 1989-1991 <\/li><li>Asistencia ocasional en la parroquia durante la estancia:<ul><li>San Columba, San Pablo, 1989<\/li><\/ul><ul><li>Santa In\u00e9s, San Pablo, 1989-1991<\/li><\/ul><ul><li>Santa Mar\u00eda, San Pablo, 1993<\/li><\/ul><ul><li>San Jer\u00f3nimo, Maplewood, 1996<\/li><\/ul><\/li><li>Fuera de la Arquidi\u00f3cesis, desde 1996 hasta la actualidad<\/li><\/ul>\n\n\n\n<p>Di\u00f3cesis u orden religiosa: Di\u00f3cesis de Umuahia (actualmente Di\u00f3cesis de Aba), Nigeria<\/p>\n\n\n\n<p>P\u00e1gina de divulgaci\u00f3n: <a href=\"https:\/\/fargodiocese.org\/releaseofnames\" target=\"_blank\" rel=\"noopener\">https:\/\/fargodiocese.org\/releaseofnames<\/a><\/p>\n\n\n\n<p>Fecha en la que la Arquidi\u00f3cesis de Saint Paul y Minneapolis incluy\u00f3 el nombre de esta persona en una lista de personas contra las que existen denuncias de abuso comprobadas: 21 de enero de 2020.<\/p>","protected":false},"excerpt":{"rendered":"<p>Luke U. Odor Date of birth: 12\/08\/1948 Date of ordination: 7\/19\/1980 Odor\u2019s assignment history: Outside of Archdiocese, 1980 &#8211; 1989 Student, University of St. Thomas, 1989 &#8211; 1991 Occasional parish assistance while in residence: St. Columba, St. Paul, 1989 St. Agnes, St. Paul, 1989-1991 St. Mary, St. Paul, 1993 St. Jerome, Maplewood, 1996 Outside of [&hellip;]<\/p>\n","protected":false},"author":1,"featured_media":0,"parent":6130,"menu_order":0,"comment_status":"open","ping_status":"open","template":"","meta":{"footnotes":""},"class_list":["post-6339","page","type-page","status-publish","hentry"],"_links":{"self":[{"href":"https:\/\/www.archspm.org\/es\/wp-json\/wp\/v2\/pages\/6339","targetHints":{"allow":["GET"]}}],"collection":[{"href":"https:\/\/www.archspm.org\/es\/wp-json\/wp\/v2\/pages"}],"about":[{"href":"https:\/\/www.archspm.org\/es\/wp-json\/wp\/v2\/types\/page"}],"author":[{"embeddable":true,"href":"https:\/\/www.archspm.org\/es\/wp-json\/wp\/v2\/users\/1"}],"replies":[{"embeddable":true,"href":"https:\/\/www.archspm.org\/es\/wp-json\/wp\/v2\/comments?post=6339"}],"version-history":[{"count":0,"href":"https:\/\/www.archspm.org\/es\/wp-json\/wp\/v2\/pages\/6339\/revisions"}],"up":[{"embeddable":true,"href":"https:\/\/www.archspm.org\/es\/wp-json\/wp\/v2\/pages\/6130"}],"wp:attachment":[{"href":"https:\/\/www.archspm.org\/es\/wp-json\/wp\/v2\/media?parent=6339"}],"curies":[{"name":"wp","href":"https:\/\/api.w.org\/{rel}","templated":true}]}}