{"id":6347,"date":"2021-07-14T13:49:39","date_gmt":"2021-07-14T17:49:39","guid":{"rendered":"https:\/\/www.archspm.org\/new-safe-environment-page-hierarchy\/john-roger-lucey\/"},"modified":"2021-07-14T13:49:39","modified_gmt":"2021-07-14T17:49:39","slug":"john-roger-lucey","status":"publish","type":"page","link":"https:\/\/www.archspm.org\/es\/new-safe-environment-page-hierarchy\/john-roger-lucey\/","title":{"rendered":"John Roger Lucey"},"content":{"rendered":"<p><strong>John Roger Lucey, S.J.<\/strong><\/p>\n<p>Fecha de nacimiento: 23 de mayo de 1927<\/p>\n<p>Fecha de ingreso: 4 de febrero de 1945<\/p>\n<p>Historial de asignaciones de Lucey:<\/p>\n<ul>\n<li>1952-1955: St John\u2019s College, Ciudad de Belice, Belice<\/li>\n<li>1955-1960 Estudios de Teolog\u00eda<\/li>\n<li>1960-1962 Residencia del Provincial, Milwaukee, Wisconsin<\/li>\n<li>1962-1966: Instituto Jesuita Campion, Prairie du Chien, Wisconsin<\/li>\n<li>1966-1977 Colegio Jesuita, Servicio Misionero Jesuita, St. Paul, Minnesota<\/li>\n<li>1977-1982 Escuela Preparatoria Creighton, Omaha, Nebraska<\/li>\n<li>1982-1984 Comunidad Apost\u00f3lica LaStorta, Minneapolis, Minnesota<\/li>\n<li>1984-1985: A\u00f1o sab\u00e1tico en Berkeley, California<\/li>\n<li>1985-1986 Iglesia de Santa Ana, Union City, California<\/li>\n<li>1986-1991 Iglesia de Santa Perpetua, Lafayette, California<\/li>\n<li>1991 \u2013 1991 Casa O\u2019Keefe, Berkeley, California<\/li>\n<li>1991-1994 Iglesia Cristo Rey, Pleasant Hill, California<\/li>\n<li>1994-1999 Iglesia de Santa Mar\u00eda, Orinda, California<\/li>\n<li>1999 \u2013 1999 Comunidad Jesuita de Weston, Weston, Massachusetts<\/li>\n<li>Inicio: 2000 Iglesia de Santa Mar\u00eda, Orinda, California<\/li>\n<\/ul>\n<p>Laicizado: No<\/p>\n<p>Fallecido: 7 de abril de 2002<\/p>\n<p>P\u00e1gina de divulgaci\u00f3n:\u00a0<a href=\"https:\/\/www.jesuitsmidwest.org\/press-release\/usa-midwest-province-jesuits-with-an-established-allegation-of-sexual-abuse-of-a-minor-2\/\" target=\"_blank\" rel=\"noopener\">https:\/\/www.jesuitsmidwest.org\/press-release\/usa-midwest-province-jesuits-with-an-established-allegation-of-sexual-abuse-of-a-minor-2\/<\/a><\/p>\n<p>Di\u00f3cesis u orden religiosa: Compa\u00f1\u00eda de Jes\u00fas (jesuitas)<\/p>\n<p>Fecha en la que la Arquidi\u00f3cesis de Saint Paul y Minneapolis incluy\u00f3 el nombre de esta persona en una lista de personas contra las que existen denuncias de abuso comprobadas: 14 de julio de 2021<\/p>\n<p>&nbsp;<\/p>","protected":false},"excerpt":{"rendered":"<p>John Roger Lucey, S.J. Date of birth: 5\/23\/1927 Date of Entrance: 2\/4\/1945 Lucey\u2019s assignment history: 1952 &#8211; 1955 St John&#8217;s College Belize City, Belize 1955 &#8211; 1960 Theology Studies 1960 &#8211; 1962 Provincial&#8217;s Residence Milwaukee, Wisconsin 1962 &#8211; 1966 Campion Jesuit High School Prairie du Chien, Wisconsin 1966 &#8211; 1977 Jesuit College, Jesuit Mission Service [&hellip;]<\/p>\n","protected":false},"author":1,"featured_media":0,"parent":6130,"menu_order":0,"comment_status":"open","ping_status":"open","template":"","meta":{"footnotes":""},"class_list":["post-6347","page","type-page","status-publish","hentry"],"_links":{"self":[{"href":"https:\/\/www.archspm.org\/es\/wp-json\/wp\/v2\/pages\/6347","targetHints":{"allow":["GET"]}}],"collection":[{"href":"https:\/\/www.archspm.org\/es\/wp-json\/wp\/v2\/pages"}],"about":[{"href":"https:\/\/www.archspm.org\/es\/wp-json\/wp\/v2\/types\/page"}],"author":[{"embeddable":true,"href":"https:\/\/www.archspm.org\/es\/wp-json\/wp\/v2\/users\/1"}],"replies":[{"embeddable":true,"href":"https:\/\/www.archspm.org\/es\/wp-json\/wp\/v2\/comments?post=6347"}],"version-history":[{"count":0,"href":"https:\/\/www.archspm.org\/es\/wp-json\/wp\/v2\/pages\/6347\/revisions"}],"up":[{"embeddable":true,"href":"https:\/\/www.archspm.org\/es\/wp-json\/wp\/v2\/pages\/6130"}],"wp:attachment":[{"href":"https:\/\/www.archspm.org\/es\/wp-json\/wp\/v2\/media?parent=6347"}],"curies":[{"name":"wp","href":"https:\/\/api.w.org\/{rel}","templated":true}]}}