{"id":6348,"date":"2021-10-26T04:19:03","date_gmt":"2021-10-26T08:19:03","guid":{"rendered":"https:\/\/www.archspm.org\/new-safe-environment-page-hierarchy\/joseph-gallatin\/"},"modified":"2021-10-26T04:19:03","modified_gmt":"2021-10-26T08:19:03","slug":"joseph-gallatin","status":"publish","type":"page","link":"https:\/\/www.archspm.org\/es\/new-safe-environment-page-hierarchy\/joseph-gallatin\/","title":{"rendered":"Joseph Gallatin"},"content":{"rendered":"<p><strong>Joseph Gallatin<\/strong><\/p>\n<p>Fecha de nacimiento: 12\/10\/1970<\/p>\n<p>Fecha de ordenaci\u00f3n: 31 de mayo de 1997<\/p>\n<p>Historial de asignaciones de Gallatin:<\/p>\n<ul>\n<li>Iglesia de San Huberto (Chanhassen), 1997-1998<\/li>\n<li>Iglesia de San Bernardo (San Pablo), 1998-2003<\/li>\n<li>Iglesia de San Bonifacio (San Bonifacio), 2003-2008<\/li>\n<li>Iglesia de Santa Mar\u00eda de Czestochowa (Delano), 2003-2008<\/li>\n<li>Iglesia de San Pedro (Mendota), 2008-2014<\/li>\n<li>Escuela Faithful Shepherd (Eagan), 2010-2014<\/li>\n<li>Permiso de ausencia, 2014-2021<\/li>\n<\/ul>\n<p>Di\u00f3cesis u orden religiosa: Arquidi\u00f3cesis de San Pablo y Minneapolis<\/p>\n<p>Fecha de cese definitivo en el ministerio: 2021<\/p>\n<p>Situaci\u00f3n actual: Laicizado. Hay m\u00e1s informaci\u00f3n disponible sobre el caso de Gallatin\u00a0<a href=\"https:\/\/www.archspm.org\/es\/statement-regarding-joseph-gallatin\/\"><u>aqu\u00ed<\/u><\/a>.<\/p>\n<p>Fecha en la que la Arquidi\u00f3cesis de Saint Paul y Minneapolis incluy\u00f3 el nombre de esta persona en una lista de personas contra las que existen denuncias de abuso confirmadas: 25 de octubre de 2021<\/p>","protected":false},"excerpt":{"rendered":"<p>Joseph Gallatin Date of birth: 12\/10\/1970 Date of ordination: 5\/31\/1997 Gallatin\u2019s assignment history: Church of Saint Hubert (Chanhassen), 1997-1998 Church of Saint Bernard (Saint Paul), 1998-2003 Church of Saint Boniface (Saint Bonifacius), 2003-2008 Church of Saint Mary of Czestochowa (Delano), 2003-2008 Church of Saint Peter (Mendota), 2008-2014 Faithful Shepherd School (Eagan), 2010-2014 Leave of Absence, [&hellip;]<\/p>\n","protected":false},"author":4,"featured_media":0,"parent":6130,"menu_order":0,"comment_status":"open","ping_status":"open","template":"","meta":{"footnotes":""},"class_list":["post-6348","page","type-page","status-publish","hentry"],"_links":{"self":[{"href":"https:\/\/www.archspm.org\/es\/wp-json\/wp\/v2\/pages\/6348","targetHints":{"allow":["GET"]}}],"collection":[{"href":"https:\/\/www.archspm.org\/es\/wp-json\/wp\/v2\/pages"}],"about":[{"href":"https:\/\/www.archspm.org\/es\/wp-json\/wp\/v2\/types\/page"}],"author":[{"embeddable":true,"href":"https:\/\/www.archspm.org\/es\/wp-json\/wp\/v2\/users\/4"}],"replies":[{"embeddable":true,"href":"https:\/\/www.archspm.org\/es\/wp-json\/wp\/v2\/comments?post=6348"}],"version-history":[{"count":0,"href":"https:\/\/www.archspm.org\/es\/wp-json\/wp\/v2\/pages\/6348\/revisions"}],"up":[{"embeddable":true,"href":"https:\/\/www.archspm.org\/es\/wp-json\/wp\/v2\/pages\/6130"}],"wp:attachment":[{"href":"https:\/\/www.archspm.org\/es\/wp-json\/wp\/v2\/media?parent=6348"}],"curies":[{"name":"wp","href":"https:\/\/api.w.org\/{rel}","templated":true}]}}