{"id":6356,"date":"2022-12-02T20:33:52","date_gmt":"2022-12-03T01:33:52","guid":{"rendered":"https:\/\/www.archspm.org\/new-safe-environment-page-hierarchy\/safe-environment-plan\/"},"modified":"2025-04-29T15:36:35","modified_gmt":"2025-04-29T19:36:35","slug":"safe-environment-plan","status":"publish","type":"page","link":"https:\/\/www.archspm.org\/es\/safe-environment-plan\/","title":{"rendered":"Plan de Entorno Seguro"},"content":{"rendered":"<p>En <a href=\"https:\/\/safe-environment.archspm.org\/download\/safe-environment-plan\/\" target=\"_blank\" rel=\"noopener\">Plan de Entorno Seguro<\/a> expone los compromisos de la Arquidi\u00f3cesis de Saint Paul y Minneapolis (a fecha del 27 de enero de 2020), en relaci\u00f3n con la firma del Acuerdo de Conciliaci\u00f3n del Condado de Ramsey.<\/p>\n<p>El plan \u00abEntorno Seguro\u00bb describe el compromiso de la Arquidi\u00f3cesis de continuar con sus esfuerzos constantes para introducir mejoras en las siguientes \u00e1reas:<\/p>\n<ul>\n<li>Supervisi\u00f3n<\/li>\n<li>Denunciar un abuso<\/li>\n<li>Pol\u00edticas y c\u00f3digos de conducta<\/li>\n<li>Verificaciones de antecedentes obligatorias<\/li>\n<li>Formaci\u00f3n obligatoria<\/li>\n<li>Comit\u00e9 de Revisi\u00f3n Ministerial<\/li>\n<li>Cl\u00e9rigos y empleados de la archidi\u00f3cesis<\/li>\n<li>Cumplimiento<\/li>\n<li>Comunicaciones<\/li>\n<\/ul>\n<p><strong>Comit\u00e9 de Revisi\u00f3n Ministerial<\/strong><\/p>\n<p>La Junta Ministerial de Revisi\u00f3n (MRB) se cre\u00f3 por recomendaci\u00f3n de la <a href=\"https:\/\/safe-environment.archspm.org\/accountability\/safe-environment-plan\/task-force\/\" target=\"_blank\" rel=\"noopener\">Grupo de trabajo sobre seguridad medioambiental y normas ministeriales<\/a> (V\u00e9ase la secci\u00f3n 2, recomendaci\u00f3n 2 del <a href=\"https:\/\/safe-environment.archspm.org\/download\/report-recommendations-safe-environment-ministerial-standards-task-force\/\" target=\"_blank\" rel=\"noopener\">Informe y recomendaciones del grupo de trabajo<\/a>).<\/p>\n<p>Los miembros del MRB cuentan con experiencia en el sector privado, el sector p\u00fablico y en organizaciones sin fines de lucro, incluyendo en las \u00e1reas de supervisi\u00f3n, gesti\u00f3n de riesgos, educaci\u00f3n, seguridad p\u00fablica, defensa de las v\u00edctimas, prevenci\u00f3n del abuso sexual, derecho laboral, relaciones humanas, gesti\u00f3n, seguros y religi\u00f3n. Varios de ellos tienen experiencia personal o profesional con v\u00edctimas de violencia y abuso, incluyendo el abuso infantil, la agresi\u00f3n sexual y la violencia dom\u00e9stica. La junta est\u00e1 compuesta por entre 7 y 10 miembros. Todos los miembros han firmado un acuerdo de confidencialidad y est\u00e1n obligados a no divulgar el material de los expedientes, las deliberaciones de la MRB ni sus recomendaciones.<\/p>\n<p>Entre el personal de la Arquidi\u00f3cesis que colabora habitualmente con la MRB se encuentran:<\/p>\n<ul>\n<li>Reverendo Michael Tix, vicario episcopal para el clero y los servicios parroquiales<\/li>\n<li>Susan Mulheron, canciller de Asuntos Can\u00f3nicos<\/li>\n<li>Paul Iovino, director de la Oficina de Normas Ministeriales y Entorno Seguro<\/li>\n<li>Tim O\u2019Malley, asistente de proyectos especiales, Oficina del Arzobispo<\/li>\n<\/ul>\n<p><strong>Documentos complementarios:<\/strong><\/p>\n<ul>\n<li><a href=\"https:\/\/safe-environment.archspm.org\/ramsey-county-settlement-agreement\/\" target=\"_blank\" rel=\"noopener\">Acuerdo de conciliaci\u00f3n del condado de Ramsey<\/a><\/li>\n<li><a href=\"https:\/\/safe-environment.archspm.org\/ministerial-standards\/safe-environment-plan\/task-force\/\" target=\"_blank\" rel=\"noopener\">Grupo de trabajo sobre seguridad medioambiental y normas ministeriales<\/a><\/li>\n<\/ul>\n<p>&nbsp;<\/p>","protected":false},"excerpt":{"rendered":"<p>The Safe Environment Plan sets forth the undertakings of the Archdiocese of Saint Paul and Minneapolis (as of January 27, 2020), in connection with the conclusion of the Ramsey County Settlement Agreement. The Safe Environment plan outlines the commitment of the Archdiocese to continue its ongoing efforts to improvements in the areas of: Oversight Reporting [&hellip;]<\/p>\n","protected":false},"author":4,"featured_media":0,"parent":0,"menu_order":0,"comment_status":"closed","ping_status":"closed","template":"","meta":{"footnotes":""},"class_list":["post-6356","page","type-page","status-publish","hentry"],"_links":{"self":[{"href":"https:\/\/www.archspm.org\/es\/wp-json\/wp\/v2\/pages\/6356","targetHints":{"allow":["GET"]}}],"collection":[{"href":"https:\/\/www.archspm.org\/es\/wp-json\/wp\/v2\/pages"}],"about":[{"href":"https:\/\/www.archspm.org\/es\/wp-json\/wp\/v2\/types\/page"}],"author":[{"embeddable":true,"href":"https:\/\/www.archspm.org\/es\/wp-json\/wp\/v2\/users\/4"}],"replies":[{"embeddable":true,"href":"https:\/\/www.archspm.org\/es\/wp-json\/wp\/v2\/comments?post=6356"}],"version-history":[{"count":0,"href":"https:\/\/www.archspm.org\/es\/wp-json\/wp\/v2\/pages\/6356\/revisions"}],"wp:attachment":[{"href":"https:\/\/www.archspm.org\/es\/wp-json\/wp\/v2\/media?parent=6356"}],"curies":[{"name":"wp","href":"https:\/\/api.w.org\/{rel}","templated":true}]}}