{"id":6357,"date":"2022-12-02T20:32:22","date_gmt":"2022-12-03T01:32:22","guid":{"rendered":"https:\/\/www.archspm.org\/new-safe-environment-page-hierarchy\/ramsey-county-settlement-agreement\/"},"modified":"2025-04-29T15:37:52","modified_gmt":"2025-04-29T19:37:52","slug":"ramsey-county-settlement-agreement","status":"publish","type":"page","link":"https:\/\/www.archspm.org\/es\/ramsey-county-settlement-agreement\/","title":{"rendered":"Acuerdo de conciliaci\u00f3n del condado de Ramsey"},"content":{"rendered":"<p><strong>Fiscal\u00eda del Condado de Ramsey<\/strong><br \/>\n<a href=\"http:\/\/archspmresources.s3.amazonaws.com\/SettlementAgreement.pdf\" target=\"_blank\" rel=\"noopener\">Acuerdo de conciliaci\u00f3n con el condado de Ramsey<\/a> (12\/17\/2015)<br \/>\n<a href=\"http:\/\/archspmresources.s3.amazonaws.com\/Amendment%20to%20Settlement%20Agreement%207.20.16.pdf\" target=\"_blank\" rel=\"noopener\">Modificaci\u00f3n del acuerdo de conciliaci\u00f3n<\/a> (7\/19\/2016)<br \/>\n<a href=\"https:\/\/archspmresources4.s3.amazonaws.com\/RCAO+Cultural+Assessment+Report+1.28.2020+FINAL.pdf\" target=\"_blank\" rel=\"noopener\">Informe de evaluaci\u00f3n cultural de la RCAO<\/a> (1\/28\/2020)<\/p>\n<p><strong>Informes de la Arquidi\u00f3cesis sobre la situaci\u00f3n y el avance en la aplicaci\u00f3n del acuerdo de conciliaci\u00f3n<\/strong><br \/>\n<a href=\"http:\/\/archspmresources.s3.amazonaws.com\/RAMSEY%20COUNTY%20CIVIL%20FIRST%20REPORT%207-20-16.pdf\" target=\"_blank\" rel=\"noopener\">Primer informe<\/a> (7\/7\/2016)<br \/>\n<a href=\"http:\/\/archspmresources.s3.amazonaws.com\/Second%20Report%20by%20the%20Archdiocese%2012-19-16.pdf\" target=\"_blank\" rel=\"noopener\">Segundo informe<\/a> (12\/19\/2016)<br \/>\n<a href=\"http:\/\/archspmresources3.s3.amazonaws.com\/Third%20Report%20by%20the%20Archdiocese%20on%20its%20Status%20and%20Progress%20of%20Implementa....pdf\" target=\"_blank\" rel=\"noopener\">Tercer informe<\/a> (7\/10\/2017)<br \/>\n<a href=\"https:\/\/s3.amazonaws.com\/archspmresources4\/Fourth+Report_Settlement+Agreement.pdf\" target=\"_blank\" rel=\"noopener\">Cuarto informe<\/a> (1\/5\/2018)<br \/>\n<a href=\"https:\/\/s3.amazonaws.com\/archspmresources4\/Fifth+Report_Settlement+Agreement.pdf\" target=\"_blank\" rel=\"noopener\">Quinto informe<\/a> (7\/17\/2018)<br \/>\n<a href=\"https:\/\/s3.amazonaws.com\/archspmresources4\/Sixth+Report+to+Judge+Warner+-+Signed.pdf\" target=\"_blank\" rel=\"noopener\">Sexto informe<\/a> (1\/8\/2019)<br \/>\n<a href=\"https:\/\/archspmresources4.s3.amazonaws.com\/Final+signed+copy+of+seventh+report.pdf\" target=\"_blank\" rel=\"noopener\">S\u00e9ptimo informe<\/a> (8\/5\/2019)<br \/>\n<a href=\"https:\/\/archspmresources4.s3.amazonaws.com\/Eighth+Report+to+RC+Court+-+Judge+Warner+-+Signed.pdf\" target=\"_blank\" rel=\"noopener\">Octavo y \u00faltimo informe<\/a> (1\/28\/2020)<\/p>\n<p><strong>Auditor\u00edas externas<\/strong><\/p>\n<p>Primera auditor\u00eda<\/p>\n<ul>\n<li><a href=\"http:\/\/s3.amazonaws.com\/archspmmainsite\/News\/2018\/External+Audit+Executive+Summary.pdf\" target=\"_blank\" rel=\"noopener\">Primer resumen ejecutivo<\/a> (1\/3\/2018)<\/li>\n<li><a href=\"http:\/\/s3.amazonaws.com\/archspmmainsite\/News\/2018\/SBP+-+Compliance+Audit+Report+of+ADSPM+-+1-3-18+-+Final.pdf\" target=\"_blank\" rel=\"noopener\">Primer informe del auditor independiente<\/a> (1\/3\/2018)<\/li>\n<\/ul>\n<p>Segunda auditor\u00eda<\/p>\n<ul>\n<li><a href=\"https:\/\/s3.amazonaws.com\/archspmresources4\/StoneBridge+Executive+Summary+1-7-19.pdf\" target=\"_blank\" rel=\"noopener\">Segundo resumen ejecutivo<\/a> (2\/7\/2019)<\/li>\n<li><a href=\"https:\/\/s3.amazonaws.com\/archspmresources4\/SBP+-+Compliance+Audit+Report+of+ADSPM+-+1-7-19.pdf\" target=\"_blank\" rel=\"noopener\">Segundo informe del auditor independiente<\/a> (2\/7\/2019)<\/li>\n<\/ul>\n<p>Tercera auditor\u00eda<\/p>\n<ul>\n<li><a href=\"https:\/\/archspmresources4.s3.amazonaws.com\/Exhibit+G.pdf\" target=\"_blank\" rel=\"noopener\">Tercer resumen ejecutivo<\/a> (1\/9\/2020)<\/li>\n<li><a href=\"https:\/\/archspmresources4.s3.amazonaws.com\/Exhibit+H%5B1%5D.pdf\" target=\"_blank\" rel=\"noopener\">Tercer informe del auditor independiente<\/a> (1\/9\/2020)<\/li>\n<\/ul>","protected":false},"excerpt":{"rendered":"<p>Ramsey County Attorney\u2019s Office Settlement Agreement with Ramsey County (12\/17\/2015) Amendment to Settlement Agreement (7\/19\/2016) RCAO Cultural Assessment Report (1\/28\/2020) Reports by the Archdiocese on its Status and Progress of Implementation of the Settlement Agreement First Report (7\/7\/2016) Second Report (12\/19\/2016) Third Report (7\/10\/2017) Fourth Report (1\/5\/2018) Fifth Report (7\/17\/2018) Sixth Report (1\/8\/2019) Seventh Report [&hellip;]<\/p>\n","protected":false},"author":4,"featured_media":0,"parent":0,"menu_order":0,"comment_status":"closed","ping_status":"closed","template":"","meta":{"footnotes":""},"class_list":["post-6357","page","type-page","status-publish","hentry"],"_links":{"self":[{"href":"https:\/\/www.archspm.org\/es\/wp-json\/wp\/v2\/pages\/6357","targetHints":{"allow":["GET"]}}],"collection":[{"href":"https:\/\/www.archspm.org\/es\/wp-json\/wp\/v2\/pages"}],"about":[{"href":"https:\/\/www.archspm.org\/es\/wp-json\/wp\/v2\/types\/page"}],"author":[{"embeddable":true,"href":"https:\/\/www.archspm.org\/es\/wp-json\/wp\/v2\/users\/4"}],"replies":[{"embeddable":true,"href":"https:\/\/www.archspm.org\/es\/wp-json\/wp\/v2\/comments?post=6357"}],"version-history":[{"count":0,"href":"https:\/\/www.archspm.org\/es\/wp-json\/wp\/v2\/pages\/6357\/revisions"}],"wp:attachment":[{"href":"https:\/\/www.archspm.org\/es\/wp-json\/wp\/v2\/media?parent=6357"}],"curies":[{"name":"wp","href":"https:\/\/api.w.org\/{rel}","templated":true}]}}