{"id":6363,"date":"2024-09-17T12:59:49","date_gmt":"2024-09-17T16:59:49","guid":{"rendered":"https:\/\/www.archspm.org\/new-safe-environment-page-hierarchy\/elwood-s-bernas\/"},"modified":"2024-09-17T12:59:49","modified_gmt":"2024-09-17T16:59:49","slug":"elwood-s-bernas","status":"publish","type":"page","link":"https:\/\/www.archspm.org\/es\/new-safe-environment-page-hierarchy\/elwood-s-bernas\/","title":{"rendered":"Elwood S. Bernas"},"content":{"rendered":"<p><strong>Elwood S. \u201cWoody\u201d Bernas<\/strong><\/p>\n<p>Ordenado: 1984<\/p>\n<p>Fecha de nacimiento: junio de 1954<\/p>\n<p>Estado: Ya no ejerce el ministerio<\/p>\n<p>Di\u00f3cesis u orden religiosa: Di\u00f3cesis de Steubenville, Ohio<\/p>\n<p>Historial de asignaciones: No encontrado<\/p>\n<p>La Di\u00f3cesis de Steubenville revel\u00f3 p\u00fablicamente por primera vez que Bernas era uno de los acusados el 31 de octubre de 2018. Fue suspendido del ministerio en 1986. Abandon\u00f3 el sacerdocio en 1989 y se mud\u00f3 a Minneapolis, Minnesota, para dedicarse a la terapia. Fue organista en una iglesia luterana de Minneapolis y organista suplente en la Catedral de San Pablo. Bernas trabaj\u00f3 en el Centro de Tratamiento Hazelden, en Minnesota. En 2009 se convirti\u00f3 en organista en una iglesia presbiteriana en Bremerton, WA. Trabaj\u00f3 en un centro de tratamiento en las afueras de Seattle, WA.<\/p>\n<p>P\u00e1gina de divulgaci\u00f3n: <a href=\"https:\/\/diosteub.org\/accused-priests-list\" target=\"_blank\" rel=\"noopener\">https:\/\/diosteub.org\/accused-priests-list<\/a><\/p>\n<p>Fecha en la que la Arquidi\u00f3cesis de Saint Paul y Minneapolis public\u00f3 el nombre de esta persona en su lista de divulgaciones: 17 de septiembre de 2024<\/p>","protected":false},"excerpt":{"rendered":"<p>Elwood S. &#8220;Woody&#8221; Bernas Ordained: 1984 Date of Birth: June 1954 Status: No longer in ministry Diocese or Religious Order: Diocese of Steubenville, Ohio Assignment History: Not Found Bernas was first publicly named as accused by the Diocese of Steubenville on 10\/31\/2018. Suspended from ministry in 1986.\u00a0 Left the priesthood in 1989, moved to Minneapolis, [&hellip;]<\/p>\n","protected":false},"author":1,"featured_media":0,"parent":6130,"menu_order":0,"comment_status":"open","ping_status":"open","template":"","meta":{"footnotes":""},"class_list":["post-6363","page","type-page","status-publish","hentry"],"_links":{"self":[{"href":"https:\/\/www.archspm.org\/es\/wp-json\/wp\/v2\/pages\/6363","targetHints":{"allow":["GET"]}}],"collection":[{"href":"https:\/\/www.archspm.org\/es\/wp-json\/wp\/v2\/pages"}],"about":[{"href":"https:\/\/www.archspm.org\/es\/wp-json\/wp\/v2\/types\/page"}],"author":[{"embeddable":true,"href":"https:\/\/www.archspm.org\/es\/wp-json\/wp\/v2\/users\/1"}],"replies":[{"embeddable":true,"href":"https:\/\/www.archspm.org\/es\/wp-json\/wp\/v2\/comments?post=6363"}],"version-history":[{"count":0,"href":"https:\/\/www.archspm.org\/es\/wp-json\/wp\/v2\/pages\/6363\/revisions"}],"up":[{"embeddable":true,"href":"https:\/\/www.archspm.org\/es\/wp-json\/wp\/v2\/pages\/6130"}],"wp:attachment":[{"href":"https:\/\/www.archspm.org\/es\/wp-json\/wp\/v2\/media?parent=6363"}],"curies":[{"name":"wp","href":"https:\/\/api.w.org\/{rel}","templated":true}]}}