{"id":6364,"date":"2024-09-17T13:05:25","date_gmt":"2024-09-17T17:05:25","guid":{"rendered":"https:\/\/www.archspm.org\/new-safe-environment-page-hierarchy\/james-william-murphy-jr\/"},"modified":"2024-09-17T13:05:25","modified_gmt":"2024-09-17T17:05:25","slug":"james-william-murphy-jr","status":"publish","type":"page","link":"https:\/\/www.archspm.org\/es\/new-safe-environment-page-hierarchy\/james-william-murphy-jr\/","title":{"rendered":"James William Murphy, Jr."},"content":{"rendered":"<p><strong>James William Murphy, Jr.\u00a0<\/strong><\/p>\n<p>Ordenado: 1948<\/p>\n<p>Fecha de nacimiento: 12\/09\/1922 (Fallecido en 2016)<\/p>\n<p>Di\u00f3cesis u orden religiosa: Di\u00f3cesis de Nashville, Tennessee<\/p>\n<p>Murphy fue acusado de abusar de ni\u00f1os en la Di\u00f3cesis de Nashville, en lugares que m\u00e1s tarde pasar\u00edan a formar parte de las di\u00f3cesis de Memphis y Knoxville. Tambi\u00e9n se le acus\u00f3 de haber abusado de menores durante viajes a Davenport, Iowa. Entre 1994 y 1996, Murphy vivi\u00f3 y trabaj\u00f3 en el Centro de Retiros Christian Brothers Dunrovin, en Marine-on-St. Croix, Minnesota.  De 1996 a 2000, Murphy vivi\u00f3 jubilado en el Mainstreet Lodge de Minneapolis, Minnesota. El 2 de noviembre de 2018, el nombre de Murphy fue a\u00f1adido a la lista de cl\u00e9rigos acusados de la Di\u00f3cesis de Nashville y revelado por la Di\u00f3cesis de Knoxville el 6 de marzo de 2020.\u00a0\u00a0 <a href=\"https:\/\/dioknox.org\/\" target=\"_blank\" rel=\"noopener\">https:\/\/dioknox.org\/<\/a><\/p>\n<p>Registro de asignaci\u00f3n:<\/p>\n<ul>\n<li>Fuera de la Arquidi\u00f3cesis, 1948-1994<\/li>\n<li>Centro de Retiros de los Hermanos Cristianos (Dunrovin), Marine-on-St.-Croix, Minnesota, 1994-1996<\/li>\n<li>Mainstreet Lodge, Minneapolis, Minnesota, 1996-2000<\/li>\n<li>Fuera de la Arquidi\u00f3cesis, 2000-2002<\/li>\n<\/ul>\n<p>P\u00e1gina de divulgaci\u00f3n: <a href=\"https:\/\/dioceseofnashville.com\/wp-content\/uploads\/2023\/10\/Priests-Accused-of-Abuse-2023.pdf\" target=\"_blank\" rel=\"noopener\">https:\/\/dioceseofnashville.com\/wp-content\/uploads\/2023\/10\/Priests-Accused-of-Abuse-2023.pdf<\/a><\/p>\n<p>Fecha en la que la Arquidi\u00f3cesis de Saint Paul y Minneapolis public\u00f3 el nombre de esta persona en su lista de divulgaciones: 17 de septiembre de 2024<\/p>","protected":false},"excerpt":{"rendered":"<p>James William Murphy, Jr.\u00a0 Ordained: 1948 Date of Birth: 09\/12\/1922 (Deceased 2016) Diocese or Religious Order: Diocese of Nashville, Tennessee Murphy was accused of abusing boys in the Nashville Diocese, in places that would later become parts of the Dioceses of Memphis and Knoxville. He was also alleged to have abused minors during trips to [&hellip;]<\/p>\n","protected":false},"author":1,"featured_media":0,"parent":6130,"menu_order":0,"comment_status":"open","ping_status":"open","template":"","meta":{"footnotes":""},"class_list":["post-6364","page","type-page","status-publish","hentry"],"_links":{"self":[{"href":"https:\/\/www.archspm.org\/es\/wp-json\/wp\/v2\/pages\/6364","targetHints":{"allow":["GET"]}}],"collection":[{"href":"https:\/\/www.archspm.org\/es\/wp-json\/wp\/v2\/pages"}],"about":[{"href":"https:\/\/www.archspm.org\/es\/wp-json\/wp\/v2\/types\/page"}],"author":[{"embeddable":true,"href":"https:\/\/www.archspm.org\/es\/wp-json\/wp\/v2\/users\/1"}],"replies":[{"embeddable":true,"href":"https:\/\/www.archspm.org\/es\/wp-json\/wp\/v2\/comments?post=6364"}],"version-history":[{"count":0,"href":"https:\/\/www.archspm.org\/es\/wp-json\/wp\/v2\/pages\/6364\/revisions"}],"up":[{"embeddable":true,"href":"https:\/\/www.archspm.org\/es\/wp-json\/wp\/v2\/pages\/6130"}],"wp:attachment":[{"href":"https:\/\/www.archspm.org\/es\/wp-json\/wp\/v2\/media?parent=6364"}],"curies":[{"name":"wp","href":"https:\/\/api.w.org\/{rel}","templated":true}]}}