{"id":6365,"date":"2024-09-17T13:23:52","date_gmt":"2024-09-17T17:23:52","guid":{"rendered":"https:\/\/www.archspm.org\/new-safe-environment-page-hierarchy\/francis-joseph-plakut\/"},"modified":"2024-09-17T13:23:52","modified_gmt":"2024-09-17T17:23:52","slug":"francis-joseph-plakut","status":"publish","type":"page","link":"https:\/\/www.archspm.org\/es\/new-safe-environment-page-hierarchy\/francis-joseph-plakut\/","title":{"rendered":"Francis Joseph Plakut"},"content":{"rendered":"<p><strong>Francis Joseph \u201cCasimir\u201d Plakut<\/strong><\/p>\n<p>Orden: Orden de San Benito (benedictinos)<\/p>\n<p>Ordenado: 1938<\/p>\n<p>Fecha de nacimiento: 3 de diciembre de 1910 (Fallecido en 1988)<\/p>\n<p>El padre Plakut ejerci\u00f3 como sacerdote en la Di\u00f3cesis de Saint Cloud, la Di\u00f3cesis de Crookston, la Di\u00f3cesis de Duluth, la Arquidi\u00f3cesis de St. Paul y Minneapolis (Iglesia de San Bartolom\u00e9, Wayzata, Minnesota), la Arquidi\u00f3cesis de Nassau (Bahamas), y como capell\u00e1n en la Universidad de Harvard y en el Ej\u00e9rcito de los Estados Unidos. Plakut abandon\u00f3 la Abad\u00eda de San Juan en 1962. Trabaj\u00f3 en Nebraska y Texas bajo el nombre de P. Francis J. Michael. En septiembre de 2017, el nombre de Plakut fue a\u00f1adido a las listas de divulgaci\u00f3n tanto de la Abad\u00eda de San Juan como de la Di\u00f3cesis de Crookston como \u201csospechoso de haber cometido abusos contra menores\u201d.\u201d<\/p>\n<p><a href=\"http:\/\/www.saintjohnsabbey.org\/info\/safe-environment\/\" target=\"_blank\" rel=\"noopener\">http:\/\/www.saintjohnsabbey.org\/info\/safe-environment\/<\/a><\/p>\n<p><a href=\"https:\/\/www.crookston.org\/\" target=\"_blank\" rel=\"noopener\">https:\/\/www.crookston.org\/<\/a><\/p>\n<p>Historial de asignaciones de Plakut:<\/p>\n<ul>\n<li>Fuera de la Arquidi\u00f3cesis, 1938-1948<\/li>\n<li>San Bartolom\u00e9, Wayzata, Minnesota, 1948<\/li>\n<li>Fuera de la Arquidi\u00f3cesis, 1948-1988<\/li>\n<\/ul>\n<p>P\u00e1gina de divulgaci\u00f3n: <a href=\"http:\/\/www.saintjohnsabbey.org\/info\/safe-environment\/\" target=\"_blank\" rel=\"noopener\">http:\/\/www.saintjohnsabbey.org\/info\/safe-environment\/<\/a><\/p>\n<p>(en el men\u00fa desplegable titulado \u201cNombres de monjes actuales y antiguos que podr\u00edan haber cometido delitos contra menores\u00bb)<\/p>\n<p>Fecha en la que la Arquidi\u00f3cesis de Saint Paul y Minneapolis public\u00f3 el nombre de esta persona en su lista de divulgaciones: 17 de septiembre de 2024<\/p>","protected":false},"excerpt":{"rendered":"<p>Francis Joseph &#8220;Casimir&#8221; Plakut Order: Order of Saint Benedict (Benedictines) Ordained: 1938 DOB: 12\/03\/1910 (Deceased 1988) Father Plakut served as a priest in the Diocese of Saint Cloud, the Diocese of Crookston, the Diocese of Duluth, the Archdiocese of St. Paul and Minneapolis (St. Batholomew Church, Wayzata, MN.), the Archdiocese of Nassau, Bahamas, and as [&hellip;]<\/p>\n","protected":false},"author":1,"featured_media":0,"parent":6130,"menu_order":0,"comment_status":"open","ping_status":"open","template":"","meta":{"footnotes":""},"class_list":["post-6365","page","type-page","status-publish","hentry"],"_links":{"self":[{"href":"https:\/\/www.archspm.org\/es\/wp-json\/wp\/v2\/pages\/6365","targetHints":{"allow":["GET"]}}],"collection":[{"href":"https:\/\/www.archspm.org\/es\/wp-json\/wp\/v2\/pages"}],"about":[{"href":"https:\/\/www.archspm.org\/es\/wp-json\/wp\/v2\/types\/page"}],"author":[{"embeddable":true,"href":"https:\/\/www.archspm.org\/es\/wp-json\/wp\/v2\/users\/1"}],"replies":[{"embeddable":true,"href":"https:\/\/www.archspm.org\/es\/wp-json\/wp\/v2\/comments?post=6365"}],"version-history":[{"count":0,"href":"https:\/\/www.archspm.org\/es\/wp-json\/wp\/v2\/pages\/6365\/revisions"}],"up":[{"embeddable":true,"href":"https:\/\/www.archspm.org\/es\/wp-json\/wp\/v2\/pages\/6130"}],"wp:attachment":[{"href":"https:\/\/www.archspm.org\/es\/wp-json\/wp\/v2\/media?parent=6365"}],"curies":[{"name":"wp","href":"https:\/\/api.w.org\/{rel}","templated":true}]}}