{"id":6366,"date":"2024-09-17T13:28:05","date_gmt":"2024-09-17T17:28:05","guid":{"rendered":"https:\/\/www.archspm.org\/new-safe-environment-page-hierarchy\/alphonsus-p-ferguson\/"},"modified":"2024-09-17T13:28:05","modified_gmt":"2024-09-17T17:28:05","slug":"alphonsus-p-ferguson","status":"publish","type":"page","link":"https:\/\/www.archspm.org\/es\/new-safe-environment-page-hierarchy\/alphonsus-p-ferguson\/","title":{"rendered":"Alphonsus P. Ferguson"},"content":{"rendered":"<p><strong>Alphonsus P. Ferguson<\/strong><\/p>\n<p>Orden: OFM (Orden de los Hermanos Menores)<\/p>\n<p>Ordenado en 1940 por la Sociedad Misionera de San Columbano de Omaha, Nebraska<\/p>\n<p>Fecha de nacimiento: Desconocida (Fallecido en 1973)<\/p>\n<p>Ferguson era miembro de la Sociedad Misionera de San Columbano de Omaha, Nebraska. Mientras trabajaba en la Arquidi\u00f3cesis de San Pablo y Minneapolis, fue destinado como p\u00e1rroco a la iglesia Guardian Angels en Hastings entre 1951 y 1965. Regres\u00f3 a Omaha tras abandonar la Arquidi\u00f3cesis. Falleci\u00f3 en Irlanda en 1973. El 2 de febrero de 2022, la Sociedad Misionera de San Columban, Regi\u00f3n de EE. UU., revel\u00f3 p\u00fablicamente que exist\u00edan \u201cacusaciones cre\u00edbles\u201d contra Ferguson por abuso sexual de menores.<\/p>\n<p><a href=\"https:\/\/www.columban.org\/\" target=\"_blank\" rel=\"noopener\">https:\/\/www.columban.org\/<\/a><\/p>\n<p>Historial de asignaciones:<\/p>\n<p>No se ha encontrado un historial detallado de sus destinos. Se cree que Ferguson desempe\u00f1\u00f3 funciones administrativas en Minnesota, Nueva York, Nebraska, Iowa e Irlanda. Tambi\u00e9n particip\u00f3 en labores misioneras en China.<\/p>\n<p>P\u00e1gina de divulgaci\u00f3n: <a href=\"https:\/\/www.columban.org\/child-protection\" target=\"_blank\" rel=\"noopener\">https:\/\/www.columban.org\/child-protection<\/a><\/p>\n<p>Fecha en la que la Arquidi\u00f3cesis de Saint Paul y Minneapolis public\u00f3 el nombre de esta persona en su lista de divulgaciones: 17 de septiembre de 2024<\/p>","protected":false},"excerpt":{"rendered":"<p>Alphonsus P. Ferguson Order: OFM (Order of Friars Minor) Ordained: 1940 by the St. Columban\u2019s Mission Society of Omaha, Nebraska DOB: Unknown (Deceased 1973) Ferguson was a member of the St. Columban\u2019s Mission Society of Omaha, Nebraska. While working in the St. Paul and Minneapolis Archdiocese he was assigned as pastor to Guardian Angels Church [&hellip;]<\/p>\n","protected":false},"author":1,"featured_media":0,"parent":6130,"menu_order":0,"comment_status":"open","ping_status":"open","template":"","meta":{"footnotes":""},"class_list":["post-6366","page","type-page","status-publish","hentry"],"_links":{"self":[{"href":"https:\/\/www.archspm.org\/es\/wp-json\/wp\/v2\/pages\/6366","targetHints":{"allow":["GET"]}}],"collection":[{"href":"https:\/\/www.archspm.org\/es\/wp-json\/wp\/v2\/pages"}],"about":[{"href":"https:\/\/www.archspm.org\/es\/wp-json\/wp\/v2\/types\/page"}],"author":[{"embeddable":true,"href":"https:\/\/www.archspm.org\/es\/wp-json\/wp\/v2\/users\/1"}],"replies":[{"embeddable":true,"href":"https:\/\/www.archspm.org\/es\/wp-json\/wp\/v2\/comments?post=6366"}],"version-history":[{"count":0,"href":"https:\/\/www.archspm.org\/es\/wp-json\/wp\/v2\/pages\/6366\/revisions"}],"up":[{"embeddable":true,"href":"https:\/\/www.archspm.org\/es\/wp-json\/wp\/v2\/pages\/6130"}],"wp:attachment":[{"href":"https:\/\/www.archspm.org\/es\/wp-json\/wp\/v2\/media?parent=6366"}],"curies":[{"name":"wp","href":"https:\/\/api.w.org\/{rel}","templated":true}]}}