{"id":6439,"date":"2025-03-06T14:50:56","date_gmt":"2025-03-06T19:50:56","guid":{"rendered":"https:\/\/www.archspm.org\/?page_id=6439"},"modified":"2025-03-06T15:12:47","modified_gmt":"2025-03-06T20:12:47","slug":"strengthening-our-parishes","status":"publish","type":"page","link":"https:\/\/www.archspm.org\/es\/lordrenewyourchurch\/strengthening-our-parishes\/","title":{"rendered":"Fortalecer nuestras parroquias"},"content":{"rendered":"<div data-elementor-type=\"wp-page\" data-elementor-id=\"6439\" class=\"elementor elementor-6439\" data-elementor-post-type=\"page\">\n\t\t\t\t<div class=\"elementor-element elementor-element-bbad3f6 e-flex e-con-boxed e-con e-parent\" data-id=\"bbad3f6\" data-element_type=\"container\" data-e-type=\"container\" data-settings=\"{&quot;background_background&quot;:&quot;classic&quot;,&quot;jet_parallax_layout_list&quot;:[]}\">\n\t\t\t\t\t<div class=\"e-con-inner\">\n\t\t\t\t<div class=\"elementor-element elementor-element-d308f50 elementor-widget elementor-widget-image\" data-id=\"d308f50\" data-element_type=\"widget\" data-e-type=\"widget\" data-widget_type=\"image.default\">\n\t\t\t\t\t\t\t\t\t\t\t\t\t\t\t<img fetchpriority=\"high\" decoding=\"async\" width=\"2000\" height=\"1050\" src=\"https:\/\/www.archspm.org\/wp-content\/uploads\/2025\/03\/St-Odilia-123-HR_banner.webp\" class=\"attachment-full size-full wp-image-6453\" alt=\"\" srcset=\"https:\/\/www.archspm.org\/wp-content\/uploads\/2025\/03\/St-Odilia-123-HR_banner.webp 2000w, https:\/\/www.archspm.org\/wp-content\/uploads\/2025\/03\/St-Odilia-123-HR_banner-300x158.webp 300w, https:\/\/www.archspm.org\/wp-content\/uploads\/2025\/03\/St-Odilia-123-HR_banner-1024x538.webp 1024w, https:\/\/www.archspm.org\/wp-content\/uploads\/2025\/03\/St-Odilia-123-HR_banner-768x403.webp 768w, https:\/\/www.archspm.org\/wp-content\/uploads\/2025\/03\/St-Odilia-123-HR_banner-1536x806.webp 1536w\" sizes=\"(max-width: 2000px) 100vw, 2000px\" \/>\t\t\t\t\t\t\t\t\t\t\t\t\t\t\t<\/div>\n\t\t\t\t<div class=\"elementor-element elementor-element-6f43ec0 elementor-widget elementor-widget-heading\" data-id=\"6f43ec0\" data-element_type=\"widget\" data-e-type=\"widget\" data-widget_type=\"heading.default\">\n\t\t\t\t\t<h2 class=\"elementor-heading-title elementor-size-default\">Fortaleciendo nuestras parroquias | $125 millones<\/h2>\t\t\t\t<\/div>\n\t\t\t\t<div class=\"elementor-element elementor-element-3818810 elementor-widget elementor-widget-text-editor\" data-id=\"3818810\" data-element_type=\"widget\" data-e-type=\"widget\" data-widget_type=\"text-editor.default\">\n\t\t\t\t\t\t\t\t\t<p>Las parroquias son el coraz\u00f3n de esta Arquidi\u00f3cesis y sirven como lugares de culto, de fortalecimiento de la comunidad, de educaci\u00f3n, de servicio y de evangelizaci\u00f3n. Fomentan la fraternidad y el sentido de pertenencia, y desempe\u00f1an un papel fundamental en la difusi\u00f3n y el mantenimiento de nuestra fe cat\u00f3lica. Las\u00a0<em>Se\u00f1or, renueva tu Iglesia<\/em>\u00a0Esta campa\u00f1a nos brinda una oportunidad extraordinaria para enriquecer la vida espiritual y pastoral, al pedir a cada comunidad parroquial que eval\u00fae sus necesidades y determine cu\u00e1l es la mejor manera de apoyar las labores de evangelizaci\u00f3n, discipulado, alcance social y servicio en su parroquia. Al invertir en las iniciativas identificadas por cada parroquia, esta campa\u00f1a no solo contribuir\u00e1 a situarlas en primera l\u00ednea de nuestras comunidades, sino que tambi\u00e9n fomentar\u00e1 un sentido m\u00e1s profundo de discipulado entre los feligreses.<\/p><p><strong>A trav\u00e9s de\u00a0<em>Se\u00f1or, renueva tu Iglesia<\/em>, cada parroquia se quedar\u00e1 con el 60% de los fondos recaudados por ella misma para financiar sus prioridades locales.<\/strong><\/p><p>Las parroquias decidir\u00e1n de manera activa c\u00f3mo asignar estos fondos a las necesidades de inversi\u00f3n o de dotaci\u00f3n definidas por su comunidad, lo que permitir\u00e1 a cada parroquia dar prioridad a las \u00e1reas que, seg\u00fan su criterio, m\u00e1s lo necesiten.<br \/><br \/>Asegurarnos de que todas nuestras parroquias sean comunidades de fe s\u00f3lidas y din\u00e1micas es un aspecto fundamental de nuestra misi\u00f3n.\u00a0<em>Se\u00f1or, renueva tu Iglesia<\/em>\u00a0ser\u00e1 el catalizador, so\u00f1ando con valent\u00eda sobre c\u00f3mo nuestras parroquias pueden servir a las personas al acercarlas a una relaci\u00f3n m\u00e1s profunda con Cristo, quien es el centro de todo lo que somos y hacemos.<\/p>\t\t\t\t\t\t\t\t<\/div>\n\t\t\t\t<div class=\"elementor-element elementor-element-90476b8 elementor-blockquote--skin-border elementor-widget elementor-widget-blockquote\" data-id=\"90476b8\" data-element_type=\"widget\" data-e-type=\"widget\" data-widget_type=\"blockquote.default\">\n\t\t\t\t\t\t\t<blockquote class=\"elementor-blockquote\">\n\t\t\t<p class=\"elementor-blockquote__content\">\n\t\t\t\t\u201cUna parroquia es una comunidad de comunidades, un santuario al que acuden los sedientos para saciar su sed en medio de su camino, y un centro de constante labor misionera\u201d.\u201d\n\t\t\t<\/p>\n\t\t\t\t\t\t\t<div class=\"e-q-footer\">\n\t\t\t\t\t\t\t\t\t\t\t<cite class=\"elementor-blockquote__author\">~ El papa Francisco en *Evangelii Gaudium*, 2013<\/cite>\n\t\t\t\t\t\t\t\t\t\t\t\t\t\t<\/div>\n\t\t\t\t\t<\/blockquote>\n\t\t\t\t\t\t<\/div>\n\t\t\t\t\t<\/div>\n\t\t\t\t<\/div>\n\t\t\t\t<\/div>","protected":false},"excerpt":{"rendered":"<p>Strengthening Our Parishes | $125 Million Parishes are the heart of this Archdiocese, serving as places of worship, community building, education, service, and evangelization. They foster fellowship and a sense of belonging, playing a crucial role in sharing and sustaining our Catholic faith. The\u00a0Lord, Renew Your Church\u00a0campaign gives us an extraordinary opportunity to enhance spiritual [&hellip;]<\/p>\n","protected":false},"author":1,"featured_media":6375,"parent":1607,"menu_order":0,"comment_status":"closed","ping_status":"closed","template":"","meta":{"footnotes":""},"class_list":["post-6439","page","type-page","status-publish","has-post-thumbnail","hentry"],"_links":{"self":[{"href":"https:\/\/www.archspm.org\/es\/wp-json\/wp\/v2\/pages\/6439","targetHints":{"allow":["GET"]}}],"collection":[{"href":"https:\/\/www.archspm.org\/es\/wp-json\/wp\/v2\/pages"}],"about":[{"href":"https:\/\/www.archspm.org\/es\/wp-json\/wp\/v2\/types\/page"}],"author":[{"embeddable":true,"href":"https:\/\/www.archspm.org\/es\/wp-json\/wp\/v2\/users\/1"}],"replies":[{"embeddable":true,"href":"https:\/\/www.archspm.org\/es\/wp-json\/wp\/v2\/comments?post=6439"}],"version-history":[{"count":0,"href":"https:\/\/www.archspm.org\/es\/wp-json\/wp\/v2\/pages\/6439\/revisions"}],"up":[{"embeddable":true,"href":"https:\/\/www.archspm.org\/es\/wp-json\/wp\/v2\/pages\/1607"}],"wp:featuredmedia":[{"embeddable":true,"href":"https:\/\/www.archspm.org\/es\/wp-json\/wp\/v2\/media\/6375"}],"wp:attachment":[{"href":"https:\/\/www.archspm.org\/es\/wp-json\/wp\/v2\/media?parent=6439"}],"curies":[{"name":"wp","href":"https:\/\/api.w.org\/{rel}","templated":true}]}}