{"id":6441,"date":"2025-03-06T14:53:21","date_gmt":"2025-03-06T19:53:21","guid":{"rendered":"https:\/\/www.archspm.org\/?page_id=6441"},"modified":"2025-05-08T16:10:43","modified_gmt":"2025-05-08T20:10:43","slug":"educating-children-and-young-people-for-discipleship","status":"publish","type":"page","link":"https:\/\/www.archspm.org\/es\/lordrenewyourchurch\/educating-children-and-young-people-for-discipleship\/","title":{"rendered":"Educar a ni\u00f1os y j\u00f3venes para el discipulado"},"content":{"rendered":"<div data-elementor-type=\"wp-page\" data-elementor-id=\"6441\" class=\"elementor elementor-6441\" data-elementor-post-type=\"page\">\n\t\t\t\t<div class=\"elementor-element elementor-element-c79e422 e-flex e-con-boxed e-con e-parent\" data-id=\"c79e422\" data-element_type=\"container\" data-e-type=\"container\" data-settings=\"{&quot;background_background&quot;:&quot;classic&quot;,&quot;jet_parallax_layout_list&quot;:[]}\">\n\t\t\t\t\t<div class=\"e-con-inner\">\n\t\t\t\t<div class=\"elementor-element elementor-element-b11ff3f elementor-widget elementor-widget-image\" data-id=\"b11ff3f\" data-element_type=\"widget\" data-e-type=\"widget\" data-widget_type=\"image.default\">\n\t\t\t\t\t\t\t\t\t\t\t\t\t\t\t<img fetchpriority=\"high\" decoding=\"async\" width=\"2000\" height=\"1050\" src=\"https:\/\/www.archspm.org\/wp-content\/uploads\/2025\/03\/St-Helena-159-HR_banner.webp\" class=\"attachment-full size-full wp-image-6452\" alt=\"\" srcset=\"https:\/\/www.archspm.org\/wp-content\/uploads\/2025\/03\/St-Helena-159-HR_banner.webp 2000w, https:\/\/www.archspm.org\/wp-content\/uploads\/2025\/03\/St-Helena-159-HR_banner-300x158.webp 300w, https:\/\/www.archspm.org\/wp-content\/uploads\/2025\/03\/St-Helena-159-HR_banner-1024x538.webp 1024w, https:\/\/www.archspm.org\/wp-content\/uploads\/2025\/03\/St-Helena-159-HR_banner-768x403.webp 768w, https:\/\/www.archspm.org\/wp-content\/uploads\/2025\/03\/St-Helena-159-HR_banner-1536x806.webp 1536w\" sizes=\"(max-width: 2000px) 100vw, 2000px\" \/>\t\t\t\t\t\t\t\t\t\t\t\t\t\t\t<\/div>\n\t\t\t\t<div class=\"elementor-element elementor-element-d21aad4 elementor-widget elementor-widget-heading\" data-id=\"d21aad4\" data-element_type=\"widget\" data-e-type=\"widget\" data-widget_type=\"heading.default\">\n\t\t\t\t\t<h2 class=\"elementor-heading-title elementor-size-default\">Educar a los ni\u00f1os y j\u00f3venes para el discipulado | $57,5 millones<\/h2>\t\t\t\t<\/div>\n\t\t\t\t<div class=\"elementor-element elementor-element-66219a0 elementor-widget elementor-widget-text-editor\" data-id=\"66219a0\" data-element_type=\"widget\" data-e-type=\"widget\" data-widget_type=\"text-editor.default\">\n\t\t\t\t\t\t\t\t\tGracias a la labor que realizan hoy nuestras parroquias y escuelas, m\u00e1s de 56 000 j\u00f3venes de la Arquidi\u00f3cesis est\u00e1n recibiendo los medios necesarios para convertirse en fieles disc\u00edpulos misioneros de Cristo y en miembros activos de la Iglesia. Al integrar la fe en todos los aspectos del aprendizaje, las escuelas cat\u00f3licas de toda nuestra Arquidi\u00f3cesis inculcan una visi\u00f3n integral del mundo desde una perspectiva cat\u00f3lica, tal como se establece en la Hoja de ruta arquidiocesana para la excelencia en la educaci\u00f3n cat\u00f3lica. Los fondos recaudados a trav\u00e9s de\u00a0<em>Se\u00f1or, renueva tu Iglesia<\/em>\u00a0se utilizar\u00e1 para apoyar directamente la formaci\u00f3n en la fe en las escuelas y parroquias, as\u00ed como para poner en pr\u00e1ctica la Hoja de ruta arquidiocesana para la excelencia en la educaci\u00f3n cat\u00f3lica.\t\t\t\t\t\t\t\t<\/div>\n\t\t\t\t<div class=\"elementor-element elementor-element-27b11d2 elementor-align-start elementor-icon-list--layout-traditional elementor-list-item-link-full_width elementor-widget elementor-widget-icon-list\" data-id=\"27b11d2\" data-element_type=\"widget\" data-e-type=\"widget\" data-widget_type=\"icon-list.default\">\n\t\t\t\t\t\t\t<ul class=\"elementor-icon-list-items\">\n\t\t\t\t\t\t\t<li class=\"elementor-icon-list-item\">\n\t\t\t\t\t\t\t\t\t\t\t<span class=\"elementor-icon-list-icon\">\n\t\t\t\t\t\t\t<i aria-hidden=\"true\" class=\"fas fa-circle\"><\/i>\t\t\t\t\t\t<\/span>\n\t\t\t\t\t\t\t\t\t\t<span class=\"elementor-icon-list-text\">Se crear\u00e1 un fondo de dotaci\u00f3n de 1.000.000.000 de d\u00f3lares para la b\u00fasqueda de la excelencia en la educaci\u00f3n cat\u00f3lica, tal y como se establece en la Hoja de ruta para la excelencia en la educaci\u00f3n cat\u00f3lica. Estos fondos ayudar\u00e1n a todas las escuelas de la Arquidi\u00f3cesis en \u00e1reas como la captaci\u00f3n, retenci\u00f3n y gesti\u00f3n del talento, el desarrollo profesional de educadores comprometidos con la fe y el desarrollo curricular. Los fondos tambi\u00e9n apoyar\u00e1n a la red de Escuelas de la Misi\u00f3n Drexel, complementando su labor con un apoyo espiritual, operativo y social vital.<\/span>\n\t\t\t\t\t\t\t\t\t<\/li>\n\t\t\t\t\t\t\t\t<li class=\"elementor-icon-list-item\">\n\t\t\t\t\t\t\t\t\t\t\t<span class=\"elementor-icon-list-icon\">\n\t\t\t\t\t\t\t<i aria-hidden=\"true\" class=\"fas fa-circle\"><\/i>\t\t\t\t\t\t<\/span>\n\t\t\t\t\t\t\t\t\t\t<span class=\"elementor-icon-list-text\">Los 20 millones de d\u00f3lares de $20 servir\u00e1n para garantizar el acceso y la sostenibilidad de los estudios de los miles de alumnos que actualmente reciben becas en nuestras escuelas cat\u00f3licas. Estos fondos se distribuir\u00e1n a los beneficiarios a trav\u00e9s de la Fundaci\u00f3n Aim Higher.<\/span>\n\t\t\t\t\t\t\t\t\t<\/li>\n\t\t\t\t\t\t\t\t<li class=\"elementor-icon-list-item\">\n\t\t\t\t\t\t\t\t\t\t\t<span class=\"elementor-icon-list-icon\">\n\t\t\t\t\t\t\t<i aria-hidden=\"true\" class=\"fas fa-circle\"><\/i>\t\t\t\t\t\t<\/span>\n\t\t\t\t\t\t\t\t\t\t<span class=\"elementor-icon-list-text\">Una dotaci\u00f3n de 13 millones de d\u00f3lares ayudar\u00e1 a financiar iniciativas de formaci\u00f3n en la fe cat\u00f3lica mediante la inversi\u00f3n en la evangelizaci\u00f3n, m\u00e1s all\u00e1 de la importante labor que realizan las escuelas cat\u00f3licas, con el fin de garantizar una s\u00f3lida formaci\u00f3n de nuestras futuras generaciones. Para ello, se ofrecer\u00e1 una excelente formaci\u00f3n catequ\u00e9tica, oportunidades de formaci\u00f3n sacramental y de liderazgo para nuestros catequistas y animadores juveniles, y un plan de estudios de alta calidad destinado a fortalecer los programas de catequesis parroquiales.<\/span>\n\t\t\t\t\t\t\t\t\t<\/li>\n\t\t\t\t\t\t\t\t<li class=\"elementor-icon-list-item\">\n\t\t\t\t\t\t\t\t\t\t\t<span class=\"elementor-icon-list-icon\">\n\t\t\t\t\t\t\t<i aria-hidden=\"true\" class=\"fas fa-circle\"><\/i>\t\t\t\t\t\t<\/span>\n\t\t\t\t\t\t\t\t\t\t<span class=\"elementor-icon-list-text\">Los 1,43 millones de d\u00f3lares recaudados en la campa\u00f1a servir\u00e1n para reforzar los ministerios universitarios, con el fin de ayudar a los j\u00f3venes adultos a afrontar los retos de la vida acad\u00e9mica y personal con un firme sentido de prop\u00f3sito y orientaci\u00f3n. Estos ministerios incluyen actividades en el campus del Centro Newman de St. Lawrence en Minneapolis, retiros, oportunidades de servicio, la creaci\u00f3n de comunidades misioneras y la formaci\u00f3n en grupos peque\u00f1os.<\/span>\n\t\t\t\t\t\t\t\t\t<\/li>\n\t\t\t\t\t\t<\/ul>\n\t\t\t\t\t\t<\/div>\n\t\t\t\t<div class=\"elementor-element elementor-element-4b24ba1 elementor-blockquote--skin-border elementor-widget elementor-widget-blockquote\" data-id=\"4b24ba1\" data-element_type=\"widget\" data-e-type=\"widget\" data-widget_type=\"blockquote.default\">\n\t\t\t\t\t\t\t<blockquote class=\"elementor-blockquote\">\n\t\t\t<p class=\"elementor-blockquote__content\">\n\t\t\t\t\u201cLa educaci\u00f3n cat\u00f3lica es tambi\u00e9n evangelizaci\u00f3n: dar testimonio de la alegr\u00eda del Evangelio y de su poder para renovar nuestras comunidades y brindar esperanza y fortaleza a la hora de afrontar con sabidur\u00eda los desaf\u00edos de nuestro tiempo\u2026\u201d\n\t\t\t<\/p>\n\t\t\t\t\t\t\t<div class=\"e-q-footer\">\n\t\t\t\t\t\t\t\t\t\t\t<cite class=\"elementor-blockquote__author\">~ El papa Francisco, en su discurso ante el Proyecto Global de Investigadores para el Avance de la Educaci\u00f3n Cat\u00f3lica en Roma, el 20 de abril de 2022<\/cite>\n\t\t\t\t\t\t\t\t\t\t\t\t\t\t<\/div>\n\t\t\t\t\t<\/blockquote>\n\t\t\t\t\t\t<\/div>\n\t\t\t\t\t<\/div>\n\t\t\t\t<\/div>\n\t\t\t\t<\/div>","protected":false},"excerpt":{"rendered":"<p>Educating Children and Young People for Discipleship | $57.5 Million Through the work of our parishes and schools today, over 56,000 young people in the Archdiocese are being empowered to become faithful missionary disciples of Christ and active members of the Church. By integrating faith into every aspect of learning, Catholic schools across our Archdiocese [&hellip;]<\/p>\n","protected":false},"author":1,"featured_media":6375,"parent":1607,"menu_order":0,"comment_status":"closed","ping_status":"closed","template":"","meta":{"footnotes":""},"class_list":["post-6441","page","type-page","status-publish","has-post-thumbnail","hentry"],"_links":{"self":[{"href":"https:\/\/www.archspm.org\/es\/wp-json\/wp\/v2\/pages\/6441","targetHints":{"allow":["GET"]}}],"collection":[{"href":"https:\/\/www.archspm.org\/es\/wp-json\/wp\/v2\/pages"}],"about":[{"href":"https:\/\/www.archspm.org\/es\/wp-json\/wp\/v2\/types\/page"}],"author":[{"embeddable":true,"href":"https:\/\/www.archspm.org\/es\/wp-json\/wp\/v2\/users\/1"}],"replies":[{"embeddable":true,"href":"https:\/\/www.archspm.org\/es\/wp-json\/wp\/v2\/comments?post=6441"}],"version-history":[{"count":0,"href":"https:\/\/www.archspm.org\/es\/wp-json\/wp\/v2\/pages\/6441\/revisions"}],"up":[{"embeddable":true,"href":"https:\/\/www.archspm.org\/es\/wp-json\/wp\/v2\/pages\/1607"}],"wp:featuredmedia":[{"embeddable":true,"href":"https:\/\/www.archspm.org\/es\/wp-json\/wp\/v2\/media\/6375"}],"wp:attachment":[{"href":"https:\/\/www.archspm.org\/es\/wp-json\/wp\/v2\/media?parent=6441"}],"curies":[{"name":"wp","href":"https:\/\/api.w.org\/{rel}","templated":true}]}}