{"id":6443,"date":"2025-03-06T14:53:50","date_gmt":"2025-03-06T19:53:50","guid":{"rendered":"https:\/\/www.archspm.org\/?page_id=6443"},"modified":"2025-03-06T15:12:22","modified_gmt":"2025-03-06T20:12:22","slug":"sustaining-the-cathedral-of-saint-paul-basilica-of-saint-mary","status":"publish","type":"page","link":"https:\/\/www.archspm.org\/es\/lordrenewyourchurch\/sustaining-the-cathedral-of-saint-paul-basilica-of-saint-mary\/","title":{"rendered":"Mantenimiento de la Catedral de San Pablo y la Bas\u00edlica de Santa Mar\u00eda"},"content":{"rendered":"<div data-elementor-type=\"wp-page\" data-elementor-id=\"6443\" class=\"elementor elementor-6443\" data-elementor-post-type=\"page\">\n\t\t\t\t<div class=\"elementor-element elementor-element-f6381bb e-flex e-con-boxed e-con e-parent\" data-id=\"f6381bb\" data-element_type=\"container\" data-e-type=\"container\" data-settings=\"{&quot;background_background&quot;:&quot;classic&quot;,&quot;jet_parallax_layout_list&quot;:[]}\">\n\t\t\t\t\t<div class=\"e-con-inner\">\n\t\t\t\t<div class=\"elementor-element elementor-element-49b5323 elementor-widget elementor-widget-image\" data-id=\"49b5323\" data-element_type=\"widget\" data-e-type=\"widget\" data-widget_type=\"image.default\">\n\t\t\t\t\t\t\t\t\t\t\t\t\t\t\t<img fetchpriority=\"high\" decoding=\"async\" width=\"2048\" height=\"1106\" src=\"https:\/\/www.archspm.org\/wp-content\/uploads\/2025\/03\/Cathedral_Basilica_New_2400x1296-2048x1106-1.webp\" class=\"attachment-full size-full wp-image-6454\" alt=\"\" srcset=\"https:\/\/www.archspm.org\/wp-content\/uploads\/2025\/03\/Cathedral_Basilica_New_2400x1296-2048x1106-1.webp 2048w, https:\/\/www.archspm.org\/wp-content\/uploads\/2025\/03\/Cathedral_Basilica_New_2400x1296-2048x1106-1-300x162.webp 300w, https:\/\/www.archspm.org\/wp-content\/uploads\/2025\/03\/Cathedral_Basilica_New_2400x1296-2048x1106-1-1024x553.webp 1024w, https:\/\/www.archspm.org\/wp-content\/uploads\/2025\/03\/Cathedral_Basilica_New_2400x1296-2048x1106-1-768x415.webp 768w, https:\/\/www.archspm.org\/wp-content\/uploads\/2025\/03\/Cathedral_Basilica_New_2400x1296-2048x1106-1-1536x830.webp 1536w\" sizes=\"(max-width: 2048px) 100vw, 2048px\" \/>\t\t\t\t\t\t\t\t\t\t\t\t\t\t\t<\/div>\n\t\t\t\t<div class=\"elementor-element elementor-element-f2929e9 elementor-widget elementor-widget-heading\" data-id=\"f2929e9\" data-element_type=\"widget\" data-e-type=\"widget\" data-widget_type=\"heading.default\">\n\t\t\t\t\t<h2 class=\"elementor-heading-title elementor-size-default\">Financiaci\u00f3n de la Catedral de San Pablo y la Bas\u00edlica de Santa Mar\u00eda | $30 millones<\/h2>\t\t\t\t<\/div>\n\t\t\t\t<div class=\"elementor-element elementor-element-c330c0f elementor-widget elementor-widget-text-editor\" data-id=\"c330c0f\" data-element_type=\"widget\" data-e-type=\"widget\" data-widget_type=\"text-editor.default\">\n\t\t\t\t\t\t\t\t\tLa Catedral de San Pablo y la Bas\u00edlica de Santa Mar\u00eda son fundamentales para la identidad y la unidad de la Iglesia, ya que sirven como faros de fe y comunidad. Aportan continuidad y estabilidad, y fomentan un sentido de pertenencia entre las generaciones. Se necesitan renovaciones y mejoras esenciales para preservar estas estructuras emblem\u00e1ticas para las generaciones futuras.\t\t\t\t\t\t\t\t<\/div>\n\t\t\t\t<div class=\"elementor-element elementor-element-993b255 elementor-align-start elementor-icon-list--layout-traditional elementor-list-item-link-full_width elementor-widget elementor-widget-icon-list\" data-id=\"993b255\" data-element_type=\"widget\" data-e-type=\"widget\" data-widget_type=\"icon-list.default\">\n\t\t\t\t\t\t\t<ul class=\"elementor-icon-list-items\">\n\t\t\t\t\t\t\t<li class=\"elementor-icon-list-item\">\n\t\t\t\t\t\t\t\t\t\t\t<span class=\"elementor-icon-list-icon\">\n\t\t\t\t\t\t\t<i aria-hidden=\"true\" class=\"fas fa-circle\"><\/i>\t\t\t\t\t\t<\/span>\n\t\t\t\t\t\t\t\t\t\t<span class=\"elementor-icon-list-text\">Los 15 millones de d\u00f3lares de la $15 permitir\u00e1n a la catedral llevar a cabo actualizaciones esenciales de la infraestructura, la conservaci\u00f3n del arte sacro y mejoras funcionales, entre las que se incluyen la renovaci\u00f3n de los ba\u00f1os, la restauraci\u00f3n de la sacrist\u00eda y la sustituci\u00f3n completa del sistema de climatizaci\u00f3n.<\/span>\n\t\t\t\t\t\t\t\t\t<\/li>\n\t\t\t\t\t\t\t\t<li class=\"elementor-icon-list-item\">\n\t\t\t\t\t\t\t\t\t\t\t<span class=\"elementor-icon-list-icon\">\n\t\t\t\t\t\t\t<i aria-hidden=\"true\" class=\"fas fa-circle\"><\/i>\t\t\t\t\t\t<\/span>\n\t\t\t\t\t\t\t\t\t\t<span class=\"elementor-icon-list-text\">Los 15 millones de d\u00f3lares destinados a la bas\u00edlica se destinar\u00e1n principalmente al mantenimiento estructural, lo que incluye la reconstrucci\u00f3n de las escaleras de la entrada principal y la restauraci\u00f3n del \u00f3rgano de categor\u00eda mundial. Estos fondos tambi\u00e9n se invertir\u00e1n en un fondo de dotaci\u00f3n y una reserva de capital para cubrir necesidades futuras.<\/span>\n\t\t\t\t\t\t\t\t\t<\/li>\n\t\t\t\t\t\t<\/ul>\n\t\t\t\t\t\t<\/div>\n\t\t\t\t<div class=\"elementor-element elementor-element-b647d0d elementor-widget elementor-widget-text-editor\" data-id=\"b647d0d\" data-element_type=\"widget\" data-e-type=\"widget\" data-widget_type=\"text-editor.default\">\n\t\t\t\t\t\t\t\t\t<p>Al invertir en la renovaci\u00f3n de la Catedral de San Pablo y la Bas\u00edlica de Santa Mar\u00eda, rendimos homenaje a la importancia que tienen las catedrales en la vida de todas las di\u00f3cesis y las reconocemos como elementos fundamentales de nuestra historia y lugares en los que podemos reunirnos como Iglesia arquidiocesana.<\/p>\t\t\t\t\t\t\t\t<\/div>\n\t\t\t\t<div class=\"elementor-element elementor-element-0c6a1ea elementor-blockquote--skin-border elementor-widget elementor-widget-blockquote\" data-id=\"0c6a1ea\" data-element_type=\"widget\" data-e-type=\"widget\" data-widget_type=\"blockquote.default\">\n\t\t\t\t\t\t\t<blockquote class=\"elementor-blockquote\">\n\t\t\t<p class=\"elementor-blockquote__content\">\n\t\t\t\t\u201cLa catedral es uno de los edificios m\u00e1s impresionantes de nuestro horizonte. Su majestuosidad llega al coraz\u00f3n de las personas y las acerca a Dios. Como afirm\u00f3 el arzobispo John Ireland cuando la construy\u00f3, realmente pertenece a todos\u201d.\u201d\n\t\t\t<\/p>\n\t\t\t\t\t\t\t<div class=\"e-q-footer\">\n\t\t\t\t\t\t\t\t\t\t\t<cite class=\"elementor-blockquote__author\">~ Padre Joseph Johnson, rector de la Catedral de San Pablo<\/cite>\n\t\t\t\t\t\t\t\t\t\t\t\t\t\t<\/div>\n\t\t\t\t\t<\/blockquote>\n\t\t\t\t\t\t<\/div>\n\t\t\t\t\t<\/div>\n\t\t\t\t<\/div>\n\t\t\t\t<\/div>","protected":false},"excerpt":{"rendered":"<p>Sustaining the Cathedral of Saint Paul &amp; Basilica of Saint Mary | $30 Million The Cathedral of Saint Paul and the Basilica of Saint Mary are vital to the Church\u2019s identity and unity, serving as beacons of faith and community. They provide continuity and stability, fostering a sense of belonging across generations. Essential renovations and [&hellip;]<\/p>\n","protected":false},"author":1,"featured_media":6375,"parent":1607,"menu_order":0,"comment_status":"closed","ping_status":"closed","template":"","meta":{"footnotes":""},"class_list":["post-6443","page","type-page","status-publish","has-post-thumbnail","hentry"],"_links":{"self":[{"href":"https:\/\/www.archspm.org\/es\/wp-json\/wp\/v2\/pages\/6443","targetHints":{"allow":["GET"]}}],"collection":[{"href":"https:\/\/www.archspm.org\/es\/wp-json\/wp\/v2\/pages"}],"about":[{"href":"https:\/\/www.archspm.org\/es\/wp-json\/wp\/v2\/types\/page"}],"author":[{"embeddable":true,"href":"https:\/\/www.archspm.org\/es\/wp-json\/wp\/v2\/users\/1"}],"replies":[{"embeddable":true,"href":"https:\/\/www.archspm.org\/es\/wp-json\/wp\/v2\/comments?post=6443"}],"version-history":[{"count":0,"href":"https:\/\/www.archspm.org\/es\/wp-json\/wp\/v2\/pages\/6443\/revisions"}],"up":[{"embeddable":true,"href":"https:\/\/www.archspm.org\/es\/wp-json\/wp\/v2\/pages\/1607"}],"wp:featuredmedia":[{"embeddable":true,"href":"https:\/\/www.archspm.org\/es\/wp-json\/wp\/v2\/media\/6375"}],"wp:attachment":[{"href":"https:\/\/www.archspm.org\/es\/wp-json\/wp\/v2\/media?parent=6443"}],"curies":[{"name":"wp","href":"https:\/\/api.w.org\/{rel}","templated":true}]}}