{"id":6445,"date":"2025-03-06T14:54:08","date_gmt":"2025-03-06T19:54:08","guid":{"rendered":"https:\/\/www.archspm.org\/?page_id=6445"},"modified":"2025-03-06T15:12:29","modified_gmt":"2025-03-06T20:12:29","slug":"caring-for-our-clergy-and-future-clergy","status":"publish","type":"page","link":"https:\/\/www.archspm.org\/es\/lordrenewyourchurch\/caring-for-our-clergy-and-future-clergy\/","title":{"rendered":"Cuidar de nuestro clero y del futuro clero"},"content":{"rendered":"<div data-elementor-type=\"wp-page\" data-elementor-id=\"6445\" class=\"elementor elementor-6445\" data-elementor-post-type=\"page\">\n\t\t\t\t<div class=\"elementor-element elementor-element-200ab85 e-flex e-con-boxed e-con e-parent\" data-id=\"200ab85\" data-element_type=\"container\" data-e-type=\"container\" data-settings=\"{&quot;background_background&quot;:&quot;classic&quot;,&quot;jet_parallax_layout_list&quot;:[]}\">\n\t\t\t\t\t<div class=\"e-con-inner\">\n\t\t\t\t<div class=\"elementor-element elementor-element-8facc26 elementor-widget elementor-widget-image\" data-id=\"8facc26\" data-element_type=\"widget\" data-e-type=\"widget\" data-widget_type=\"image.default\">\n\t\t\t\t\t\t\t\t\t\t\t\t\t\t\t<img fetchpriority=\"high\" decoding=\"async\" width=\"2048\" height=\"1106\" src=\"https:\/\/www.archspm.org\/wp-content\/uploads\/2025\/03\/clergy_banner-2048x1106-1.webp\" class=\"attachment-full size-full wp-image-6450\" alt=\"\" srcset=\"https:\/\/www.archspm.org\/wp-content\/uploads\/2025\/03\/clergy_banner-2048x1106-1.webp 2048w, https:\/\/www.archspm.org\/wp-content\/uploads\/2025\/03\/clergy_banner-2048x1106-1-300x162.webp 300w, https:\/\/www.archspm.org\/wp-content\/uploads\/2025\/03\/clergy_banner-2048x1106-1-1024x553.webp 1024w, https:\/\/www.archspm.org\/wp-content\/uploads\/2025\/03\/clergy_banner-2048x1106-1-768x415.webp 768w, https:\/\/www.archspm.org\/wp-content\/uploads\/2025\/03\/clergy_banner-2048x1106-1-1536x830.webp 1536w\" sizes=\"(max-width: 2048px) 100vw, 2048px\" \/>\t\t\t\t\t\t\t\t\t\t\t\t\t\t\t<\/div>\n\t\t\t\t<div class=\"elementor-element elementor-element-40689a2 elementor-widget elementor-widget-heading\" data-id=\"40689a2\" data-element_type=\"widget\" data-e-type=\"widget\" data-widget_type=\"heading.default\">\n\t\t\t\t\t<h2 class=\"elementor-heading-title elementor-size-default\">Cuidando de nuestro clero y de los futuros cl\u00e9rigos | $25 Millones<\/h2>\t\t\t\t<\/div>\n\t\t\t\t<div class=\"elementor-element elementor-element-d272b85 elementor-widget elementor-widget-text-editor\" data-id=\"d272b85\" data-element_type=\"widget\" data-e-type=\"widget\" data-widget_type=\"text-editor.default\">\n\t\t\t\t\t\t\t\t\t<p>El clero es uno de los mayores puntos fuertes de nuestra Arquidi\u00f3cesis, ya que dedica su vida al servicio en parroquias, escuelas, hospitales y centros penitenciarios, y est\u00e1 presente en los momentos importantes de nuestras vidas.<\/p>\t\t\t\t\t\t\t\t<\/div>\n\t\t\t\t<div class=\"elementor-element elementor-element-3d0ee0c elementor-align-start elementor-icon-list--layout-traditional elementor-list-item-link-full_width elementor-widget elementor-widget-icon-list\" data-id=\"3d0ee0c\" data-element_type=\"widget\" data-e-type=\"widget\" data-widget_type=\"icon-list.default\">\n\t\t\t\t\t\t\t<ul class=\"elementor-icon-list-items\">\n\t\t\t\t\t\t\t<li class=\"elementor-icon-list-item\">\n\t\t\t\t\t\t\t\t\t\t\t<span class=\"elementor-icon-list-icon\">\n\t\t\t\t\t\t\t<i aria-hidden=\"true\" class=\"fas fa-circle\"><\/i>\t\t\t\t\t\t<\/span>\n\t\t\t\t\t\t\t\t\t\t<span class=\"elementor-icon-list-text\">La iniciativa \u00abSe\u00f1or, renueva tu Iglesia\u00bb aportar\u00e1 10 millones de d\u00f3lares para financiar \u00edntegramente el plan de pensiones de los sacerdotes, garantizando as\u00ed que nuestros sacerdotes jubilados puedan continuar con su valioso servicio. Incluso tras su jubilaci\u00f3n, nuestros sacerdotes siguen siendo pastores esenciales de la fe dentro de nuestra comunidad.<\/span>\n\t\t\t\t\t\t\t\t\t<\/li>\n\t\t\t\t\t\t\t\t<li class=\"elementor-icon-list-item\">\n\t\t\t\t\t\t\t\t\t\t\t<span class=\"elementor-icon-list-icon\">\n\t\t\t\t\t\t\t<i aria-hidden=\"true\" class=\"fas fa-circle\"><\/i>\t\t\t\t\t\t<\/span>\n\t\t\t\t\t\t\t\t\t\t<span class=\"elementor-icon-list-text\">Una primera donaci\u00f3n de 1,45 millones de d\u00f3lares se destinar\u00e1 a ayudar a los sacerdotes jubilados que necesiten cuidados de enfermer\u00eda especializada y atenci\u00f3n a la memoria.<\/span>\n\t\t\t\t\t\t\t\t\t<\/li>\n\t\t\t\t\t\t\t\t<li class=\"elementor-icon-list-item\">\n\t\t\t\t\t\t\t\t\t\t\t<span class=\"elementor-icon-list-icon\">\n\t\t\t\t\t\t\t<i aria-hidden=\"true\" class=\"fas fa-circle\"><\/i>\t\t\t\t\t\t<\/span>\n\t\t\t\t\t\t\t\t\t\t<span class=\"elementor-icon-list-text\">Una segunda donaci\u00f3n de 1,45 millones de d\u00f3lares se destinar\u00e1 a apoyar el bienestar y la formaci\u00f3n del clero, abordando las exigencias emocionales, mentales y f\u00edsicas del ministerio, y ofreciendo oportunidades de renovaci\u00f3n y formaci\u00f3n continua.<\/span>\n\t\t\t\t\t\t\t\t\t<\/li>\n\t\t\t\t\t\t\t\t<li class=\"elementor-icon-list-item\">\n\t\t\t\t\t\t\t\t\t\t\t<span class=\"elementor-icon-list-icon\">\n\t\t\t\t\t\t\t<i aria-hidden=\"true\" class=\"fas fa-circle\"><\/i>\t\t\t\t\t\t<\/span>\n\t\t\t\t\t\t\t\t\t\t<span class=\"elementor-icon-list-text\">Una tercera donaci\u00f3n de $5 millones se destinar\u00e1 a brindar a los futuros cl\u00e9rigos oportunidades de formaci\u00f3n continua y a ayudarles a superar sus dificultades econ\u00f3micas. De este modo, honraremos su compromiso y nos aseguraremos de que la Iglesia siga siendo un faro de fe, esperanza y amor para las generaciones venideras.<\/span>\n\t\t\t\t\t\t\t\t\t<\/li>\n\t\t\t\t\t\t<\/ul>\n\t\t\t\t\t\t<\/div>\n\t\t\t\t<div class=\"elementor-element elementor-element-a38ecd9 elementor-blockquote--skin-border elementor-widget elementor-widget-blockquote\" data-id=\"a38ecd9\" data-element_type=\"widget\" data-e-type=\"widget\" data-widget_type=\"blockquote.default\">\n\t\t\t\t\t\t\t<blockquote class=\"elementor-blockquote\">\n\t\t\t<p class=\"elementor-blockquote__content\">\n\t\t\t\t\u201cEl sacerdote no es sacerdote para s\u00ed mismo; no se da la absoluci\u00f3n a s\u00ed mismo; no se administra los sacramentos a s\u00ed mismo. No est\u00e1 para s\u00ed mismo; est\u00e1 para vosotros\u201d.\u201d\n\t\t\t<\/p>\n\t\t\t\t\t\t\t<div class=\"e-q-footer\">\n\t\t\t\t\t\t\t\t\t\t\t<cite class=\"elementor-blockquote__author\">~ San Juan Vianney, Catecismo sobre el sacerdocio<\/cite>\n\t\t\t\t\t\t\t\t\t\t\t\t\t\t<\/div>\n\t\t\t\t\t<\/blockquote>\n\t\t\t\t\t\t<\/div>\n\t\t\t\t\t<\/div>\n\t\t\t\t<\/div>\n\t\t\t\t<\/div>","protected":false},"excerpt":{"rendered":"<p>Caring for Our Clergy and Future Clergy | $25 Million The clergy are among the greatest strengths of our Archdiocese, dedicating their lives to service in parishes, schools, hospitals, and prisons, and being present for significant moments in our lives. Lord, Renew Your Church will add $10 million to fully fund the priest pension plan, [&hellip;]<\/p>\n","protected":false},"author":1,"featured_media":6375,"parent":1607,"menu_order":0,"comment_status":"closed","ping_status":"closed","template":"","meta":{"footnotes":""},"class_list":["post-6445","page","type-page","status-publish","has-post-thumbnail","hentry"],"_links":{"self":[{"href":"https:\/\/www.archspm.org\/es\/wp-json\/wp\/v2\/pages\/6445","targetHints":{"allow":["GET"]}}],"collection":[{"href":"https:\/\/www.archspm.org\/es\/wp-json\/wp\/v2\/pages"}],"about":[{"href":"https:\/\/www.archspm.org\/es\/wp-json\/wp\/v2\/types\/page"}],"author":[{"embeddable":true,"href":"https:\/\/www.archspm.org\/es\/wp-json\/wp\/v2\/users\/1"}],"replies":[{"embeddable":true,"href":"https:\/\/www.archspm.org\/es\/wp-json\/wp\/v2\/comments?post=6445"}],"version-history":[{"count":0,"href":"https:\/\/www.archspm.org\/es\/wp-json\/wp\/v2\/pages\/6445\/revisions"}],"up":[{"embeddable":true,"href":"https:\/\/www.archspm.org\/es\/wp-json\/wp\/v2\/pages\/1607"}],"wp:featuredmedia":[{"embeddable":true,"href":"https:\/\/www.archspm.org\/es\/wp-json\/wp\/v2\/media\/6375"}],"wp:attachment":[{"href":"https:\/\/www.archspm.org\/es\/wp-json\/wp\/v2\/media?parent=6445"}],"curies":[{"name":"wp","href":"https:\/\/api.w.org\/{rel}","templated":true}]}}