{"id":6447,"date":"2025-03-06T14:54:29","date_gmt":"2025-03-06T19:54:29","guid":{"rendered":"https:\/\/www.archspm.org\/?page_id=6447"},"modified":"2025-03-06T15:12:41","modified_gmt":"2025-03-06T20:12:41","slug":"providing-for-those-in-need-the-corporal-works-of-mercy","status":"publish","type":"page","link":"https:\/\/www.archspm.org\/es\/lordrenewyourchurch\/providing-for-those-in-need-the-corporal-works-of-mercy\/","title":{"rendered":"Atender a los necesitados: Las obras de misericordia corporales"},"content":{"rendered":"<div data-elementor-type=\"wp-page\" data-elementor-id=\"6447\" class=\"elementor elementor-6447\" data-elementor-post-type=\"page\">\n\t\t\t\t<div class=\"elementor-element elementor-element-31f94c5 e-flex e-con-boxed e-con e-parent\" data-id=\"31f94c5\" data-element_type=\"container\" data-e-type=\"container\" data-settings=\"{&quot;background_background&quot;:&quot;classic&quot;,&quot;jet_parallax_layout_list&quot;:[]}\">\n\t\t\t\t\t<div class=\"e-con-inner\">\n\t\t\t\t<div class=\"elementor-element elementor-element-4255ad6 elementor-widget elementor-widget-image\" data-id=\"4255ad6\" data-element_type=\"widget\" data-e-type=\"widget\" data-widget_type=\"image.default\">\n\t\t\t\t\t\t\t\t\t\t\t\t\t\t\t<img fetchpriority=\"high\" decoding=\"async\" width=\"2048\" height=\"1109\" src=\"https:\/\/www.archspm.org\/wp-content\/uploads\/2025\/03\/need_home2-banner-2048x1109-1.webp\" class=\"attachment-full size-full wp-image-6451\" alt=\"\" srcset=\"https:\/\/www.archspm.org\/wp-content\/uploads\/2025\/03\/need_home2-banner-2048x1109-1.webp 2048w, https:\/\/www.archspm.org\/wp-content\/uploads\/2025\/03\/need_home2-banner-2048x1109-1-300x162.webp 300w, https:\/\/www.archspm.org\/wp-content\/uploads\/2025\/03\/need_home2-banner-2048x1109-1-1024x555.webp 1024w, https:\/\/www.archspm.org\/wp-content\/uploads\/2025\/03\/need_home2-banner-2048x1109-1-768x416.webp 768w, https:\/\/www.archspm.org\/wp-content\/uploads\/2025\/03\/need_home2-banner-2048x1109-1-1536x832.webp 1536w\" sizes=\"(max-width: 2048px) 100vw, 2048px\" \/>\t\t\t\t\t\t\t\t\t\t\t\t\t\t\t<\/div>\n\t\t\t\t<div class=\"elementor-element elementor-element-03f4eae elementor-widget elementor-widget-heading\" data-id=\"03f4eae\" data-element_type=\"widget\" data-e-type=\"widget\" data-widget_type=\"heading.default\">\n\t\t\t\t\t<h2 class=\"elementor-heading-title elementor-size-default\">Ayudar a los necesitados: las obras de misericordia corporales | $12,5 millones<\/h2>\t\t\t\t<\/div>\n\t\t\t\t<div class=\"elementor-element elementor-element-8abd839 elementor-widget elementor-widget-text-editor\" data-id=\"8abd839\" data-element_type=\"widget\" data-e-type=\"widget\" data-widget_type=\"text-editor.default\">\n\t\t\t\t\t\t\t\t\t<p style=\"text-align: left;\">El papa Francisco nos ha recordado a menudo que la Iglesia es un hospital de campa\u00f1a para los necesitados. M\u00e1s all\u00e1 de nuestra labor con la Iniciativa de las Escuelas Misioneras de Drexel, la Arquidi\u00f3cesis no cuenta actualmente con la capacidad financiera para apoyar el trabajo de quienes atienden directamente a las personas necesitadas, ya sea aqu\u00ed, en nuestros doce condados, en otras partes de nuestro pa\u00eds o incluso en el extranjero.<\/p><p><strong>Al crear este fondo de dotaci\u00f3n, que equivale aproximadamente al diez por ciento de esta campa\u00f1a, permitimos que nuestra Iglesia apoye de manera proactiva las obras de misericordia dirigidas a quienes m\u00e1s lo necesitan<\/strong>. Esto incluye brindar asistencia a las personas afectadas por desastres naturales, a quienes carecen de hogar y a los inmigrantes, as\u00ed como poder responder a solicitudes de ayuda extraordinarias. Esperamos ser las manos y el rostro de Cristo entre los m\u00e1s necesitados y ofrecer un gesto significativo de apoyo cuando m\u00e1s se necesita.<\/p>\t\t\t\t\t\t\t\t<\/div>\n\t\t\t\t<div class=\"elementor-element elementor-element-9de65e4 elementor-blockquote--skin-border elementor-widget elementor-widget-blockquote\" data-id=\"9de65e4\" data-element_type=\"widget\" data-e-type=\"widget\" data-widget_type=\"blockquote.default\">\n\t\t\t\t\t\t\t<blockquote class=\"elementor-blockquote\">\n\t\t\t<p class=\"elementor-blockquote__content\">\n\t\t\t\t\u201cCristo no tiene otro cuerpo en la Tierra que el nuestro, ni otras manos que las nuestras, ni otros pies que los nuestros. Son nuestros los ojos a trav\u00e9s de los cuales la compasi\u00f3n de Cristo contempla el mundo. Son nuestros los pies con los que \u00c9l va por el mundo haciendo el bien. Son nuestras las manos con las que \u00c9l bendice a su pueblo\u201d.\u201d\n\t\t\t<\/p>\n\t\t\t\t\t\t\t<div class=\"e-q-footer\">\n\t\t\t\t\t\t\t\t\t\t\t<cite class=\"elementor-blockquote__author\">~ Santa Teresa de \u00c1vila<\/cite>\n\t\t\t\t\t\t\t\t\t\t\t\t\t\t<\/div>\n\t\t\t\t\t<\/blockquote>\n\t\t\t\t\t\t<\/div>\n\t\t\t\t\t<\/div>\n\t\t\t\t<\/div>\n\t\t\t\t<\/div>","protected":false},"excerpt":{"rendered":"<p>Providing for Those in Need: The Corporal Works of Mercy | $12.5 Million Pope Francis has often reminded us that the Church is a field hospital for those in need. Beyond our work with the Drexel Mission Schools Initiative, the Archdiocese presently has no financial capacity for supporting the work of those who are directly [&hellip;]<\/p>\n","protected":false},"author":1,"featured_media":6375,"parent":1607,"menu_order":0,"comment_status":"closed","ping_status":"closed","template":"","meta":{"footnotes":""},"class_list":["post-6447","page","type-page","status-publish","has-post-thumbnail","hentry"],"_links":{"self":[{"href":"https:\/\/www.archspm.org\/es\/wp-json\/wp\/v2\/pages\/6447","targetHints":{"allow":["GET"]}}],"collection":[{"href":"https:\/\/www.archspm.org\/es\/wp-json\/wp\/v2\/pages"}],"about":[{"href":"https:\/\/www.archspm.org\/es\/wp-json\/wp\/v2\/types\/page"}],"author":[{"embeddable":true,"href":"https:\/\/www.archspm.org\/es\/wp-json\/wp\/v2\/users\/1"}],"replies":[{"embeddable":true,"href":"https:\/\/www.archspm.org\/es\/wp-json\/wp\/v2\/comments?post=6447"}],"version-history":[{"count":0,"href":"https:\/\/www.archspm.org\/es\/wp-json\/wp\/v2\/pages\/6447\/revisions"}],"up":[{"embeddable":true,"href":"https:\/\/www.archspm.org\/es\/wp-json\/wp\/v2\/pages\/1607"}],"wp:featuredmedia":[{"embeddable":true,"href":"https:\/\/www.archspm.org\/es\/wp-json\/wp\/v2\/media\/6375"}],"wp:attachment":[{"href":"https:\/\/www.archspm.org\/es\/wp-json\/wp\/v2\/media?parent=6447"}],"curies":[{"name":"wp","href":"https:\/\/api.w.org\/{rel}","templated":true}]}}