{"id":6800,"date":"2025-03-20T15:18:02","date_gmt":"2025-03-20T19:18:02","guid":{"rendered":"https:\/\/www.archspm.org\/?page_id=6800"},"modified":"2026-02-01T00:19:38","modified_gmt":"2026-02-01T05:19:38","slug":"lent","status":"publish","type":"page","link":"https:\/\/www.archspm.org\/es\/lent\/","title":{"rendered":"Cuaresma"},"content":{"rendered":"<div data-elementor-type=\"wp-page\" data-elementor-id=\"6800\" class=\"elementor elementor-6800\" data-elementor-post-type=\"page\">\n\t\t\t\t<div class=\"elementor-element elementor-element-552f9a2f e-flex e-con-boxed e-con e-parent\" data-id=\"552f9a2f\" data-element_type=\"container\" data-e-type=\"container\" data-settings=\"{&quot;jet_parallax_layout_list&quot;:[]}\">\n\t\t\t\t\t<div class=\"e-con-inner\">\n\t\t\t\t<div class=\"elementor-element elementor-element-3a8124ff elementor-widget elementor-widget-text-editor\" data-id=\"3a8124ff\" data-element_type=\"widget\" data-e-type=\"widget\" data-widget_type=\"text-editor.default\">\n\t\t\t\t\t\t\t\t\t<p>Acomp\u00e1\u00f1anos durante esta Cuaresma mientras exploramos nuestra fe cat\u00f3lica, explicamos las pr\u00e1cticas cuaresmales m\u00e1s comunes y recorremos el desierto hasta llegar a la cruz para, finalmente, celebrar la Resurrecci\u00f3n en Pascua. A continuaci\u00f3n encontrar\u00e1s temas de inter\u00e9s y s\u00edguenos en <a href=\"https:\/\/www.instagram.com\/archdiocesespm\/\" target=\"_blank\" rel=\"noopener\">Instagram<\/a>\u00a0y <a href=\"https:\/\/www.facebook.com\/ArchdioceseSPM\/\" target=\"_blank\" rel=\"noopener\">Facebook<\/a> para leer art\u00edculos, reflexiones e ideas que te ayuden a vivir una Cuaresma plena de sentido.<\/p><p><em>\u00bfBuscas un local donde comer pescado frito o una comida de Cuaresma? Echa un vistazo a esto\u00a0<a href=\"https:\/\/www.thecatholicspirit.com\/nomeat\/\" target=\"_blank\" rel=\"noopener\">Anuncio publicado en The Catholic Spirit<\/a>.<\/em><\/p>\t\t\t\t\t\t\t\t<\/div>\n\t\t\t\t\t<\/div>\n\t\t\t\t<\/div>\n\t\t<div class=\"elementor-element elementor-element-ab07f57 e-flex e-con-boxed e-con e-parent\" data-id=\"ab07f57\" data-element_type=\"container\" data-e-type=\"container\" data-settings=\"{&quot;jet_parallax_layout_list&quot;:[]}\">\n\t\t\t\t\t<div class=\"e-con-inner\">\n\t\t<div class=\"elementor-element elementor-element-784dcc3 e-con-full e-flex e-con e-child\" data-id=\"784dcc3\" data-element_type=\"container\" data-e-type=\"container\" data-settings=\"{&quot;jet_parallax_layout_list&quot;:[]}\">\n\t\t\t\t<div class=\"elementor-element elementor-element-f729fc8 elementor-widget elementor-widget-image\" data-id=\"f729fc8\" data-element_type=\"widget\" data-e-type=\"widget\" data-widget_type=\"image.default\">\n\t\t\t\t\t\t\t\t\t\t\t\t\t\t\t<img decoding=\"async\" src=\"https:\/\/www.archspm.org\/wp-content\/uploads\/elementor\/thumbs\/Ash-Wednesday-rb7ji8we03vaqoku61pf8b6jm8np0uuw45cee87kws.jpg\" title=\"Mi\u00e9rcoles de Ceniza\" alt=\"Ash-Wednesday\" loading=\"lazy\" \/>\t\t\t\t\t\t\t\t\t\t\t\t\t\t\t<\/div>\n\t\t\t\t<div class=\"elementor-element elementor-element-aea4204 elementor-widget elementor-widget-text-editor\" data-id=\"aea4204\" data-element_type=\"widget\" data-e-type=\"widget\" data-widget_type=\"text-editor.default\">\n\t\t\t\t\t\t\t\t\t<h4>Normas cuaresmales sobre el ayuno y la abstinencia<\/h4>\t\t\t\t\t\t\t\t<\/div>\n\t\t\t\t<div data-dce-background-color=\"#A20093\" class=\"elementor-element elementor-element-131120a elementor-align-center elementor-widget elementor-widget-button\" data-id=\"131120a\" data-element_type=\"widget\" data-e-type=\"widget\" data-widget_type=\"button.default\">\n\t\t\t\t\t\t\t\t\t\t<a class=\"elementor-button elementor-button-link elementor-size-sm\" href=\"\/es\/lenten-regulations-for-fasting-and-abstinence-2\/\">\n\t\t\t\t\t\t<span class=\"elementor-button-content-wrapper\">\n\t\t\t\t\t\t\t\t\t<span class=\"elementor-button-text\">Leer m\u00e1s<\/span>\n\t\t\t\t\t<\/span>\n\t\t\t\t\t<\/a>\n\t\t\t\t\t\t\t\t<\/div>\n\t\t\t\t<\/div>\n\t\t<div class=\"elementor-element elementor-element-f04b7c4 e-con-full e-flex e-con e-child\" data-id=\"f04b7c4\" data-element_type=\"container\" data-e-type=\"container\" data-settings=\"{&quot;jet_parallax_layout_list&quot;:[]}\">\n\t\t\t\t<div class=\"elementor-element elementor-element-163cc5b elementor-widget elementor-widget-image\" data-id=\"163cc5b\" data-element_type=\"widget\" data-e-type=\"widget\" data-widget_type=\"image.default\">\n\t\t\t\t\t\t\t\t\t\t\t\t\t\t\t<img decoding=\"async\" src=\"https:\/\/www.archspm.org\/wp-content\/uploads\/elementor\/thumbs\/March-8-Shining-a-spiritual-spotlight-on-abstinence-on-Lenten-Fridays-768x768-1-rb7jibpwklz5pigqpkxaxsgxee9sny634jauu23ee4.png\" title=\"8 de marzo: Un rayo de luz espiritual sobre la abstinencia los viernes de Cuaresma - 768\u00d7768-1\" alt=\"March-8-Shining-a-spiritual-spotlight-on-abstinence-on-Lenten-Fridays-768x768-1\" loading=\"lazy\" \/>\t\t\t\t\t\t\t\t\t\t\t\t\t\t\t<\/div>\n\t\t\t\t<div class=\"elementor-element elementor-element-4ecb62a elementor-widget elementor-widget-text-editor\" data-id=\"4ecb62a\" data-element_type=\"widget\" data-e-type=\"widget\" data-widget_type=\"text-editor.default\">\n\t\t\t\t\t\t\t\t\t<h4>\u00bfPor qu\u00e9 los cat\u00f3licos no comen carne los viernes?<\/h4>\t\t\t\t\t\t\t\t<\/div>\n\t\t\t\t<div data-dce-background-color=\"#A20093\" class=\"elementor-element elementor-element-0a8a8c5 elementor-align-center elementor-widget elementor-widget-button\" data-id=\"0a8a8c5\" data-element_type=\"widget\" data-e-type=\"widget\" data-widget_type=\"button.default\">\n\t\t\t\t\t\t\t\t\t\t<a class=\"elementor-button elementor-button-link elementor-size-sm\" href=\"\/es\/why-dont-catholics-eat-meat-on-fridays\/\">\n\t\t\t\t\t\t<span class=\"elementor-button-content-wrapper\">\n\t\t\t\t\t\t\t\t\t<span class=\"elementor-button-text\">Leer m\u00e1s<\/span>\n\t\t\t\t\t<\/span>\n\t\t\t\t\t<\/a>\n\t\t\t\t\t\t\t\t<\/div>\n\t\t\t\t<\/div>\n\t\t<div class=\"elementor-element elementor-element-d38d06b e-con-full e-flex e-con e-child\" data-id=\"d38d06b\" data-element_type=\"container\" data-e-type=\"container\" data-settings=\"{&quot;jet_parallax_layout_list&quot;:[]}\">\n\t\t\t\t<div class=\"elementor-element elementor-element-3222d98 elementor-widget elementor-widget-image\" data-id=\"3222d98\" data-element_type=\"widget\" data-e-type=\"widget\" data-widget_type=\"image.default\">\n\t\t\t\t\t\t\t\t\t\t\t\t\t\t\t<img decoding=\"async\" src=\"https:\/\/www.archspm.org\/wp-content\/uploads\/elementor\/thumbs\/Holy-Week-front-page_300-rb7jibpwklz5pigqpkxaxsgxee9sny634jauu23ee4.jpg\" title=\"Cruz de madera de Jesucristo sobre una espectacular y colorida puesta de sol\" alt=\"Jesus Christ cross. Christian wooden cross on a background with dramatic lighting, colorful sunset, twilight and orange -  purple clouds and sky.  Easter, resurrection,Good Friday concept\" loading=\"lazy\" \/>\t\t\t\t\t\t\t\t\t\t\t\t\t\t\t<\/div>\n\t\t\t\t<div class=\"elementor-element elementor-element-3ddfa21 elementor-widget elementor-widget-text-editor\" data-id=\"3ddfa21\" data-element_type=\"widget\" data-e-type=\"widget\" data-widget_type=\"text-editor.default\">\n\t\t\t\t\t\t\t\t\t<h4>Podcast: C\u00f3mo vivir una Cuaresma fruct\u00edfera y santa<\/h4>\t\t\t\t\t\t\t\t<\/div>\n\t\t\t\t<div data-dce-background-color=\"#A20093\" class=\"elementor-element elementor-element-081179c elementor-align-center elementor-widget elementor-widget-button\" data-id=\"081179c\" data-element_type=\"widget\" data-e-type=\"widget\" data-widget_type=\"button.default\">\n\t\t\t\t\t\t\t\t\t\t<a class=\"elementor-button elementor-button-link elementor-size-sm\" href=\"https:\/\/podcasters.spotify.com\/pod\/show\/practicing-catholic-show\/episodes\/Archbishop-Hebda-Having-a-Fruitful-and-Holy-Lent-e1vcar9?fbclid=IwAR01O7L9KFYZhkSoh4PlkUUnZMUkxxjWfhKun6eYQmj6gjdE9xor_xsbGxo\" target=\"_blank\" rel=\"noopener\">\n\t\t\t\t\t\t<span class=\"elementor-button-content-wrapper\">\n\t\t\t\t\t\t\t\t\t<span class=\"elementor-button-text\">Leer m\u00e1s<\/span>\n\t\t\t\t\t<\/span>\n\t\t\t\t\t<\/a>\n\t\t\t\t\t\t\t\t<\/div>\n\t\t\t\t<\/div>\n\t\t<div class=\"elementor-element elementor-element-26b39c0 e-con-full e-flex e-con e-child\" data-id=\"26b39c0\" data-element_type=\"container\" data-e-type=\"container\" data-settings=\"{&quot;jet_parallax_layout_list&quot;:[]}\">\n\t\t\t\t<div class=\"elementor-element elementor-element-dcb5c68 elementor-widget elementor-widget-image\" data-id=\"dcb5c68\" data-element_type=\"widget\" data-e-type=\"widget\" data-widget_type=\"image.default\">\n\t\t\t\t\t\t\t\t\t\t\t\t\t\t\t<img decoding=\"async\" src=\"https:\/\/www.archspm.org\/wp-content\/uploads\/elementor\/thumbs\/josh-applegate-_TgzNXPF9IM-unsplash_web-rb7jigf3is5lbk9wy4yfs9a8dbmmqfoqt6ka8fwfj0.jpg\" title=\"josh-applegate-_TgzNXPF9IM-unsplash_web\" alt=\"josh-applegate-_TgzNXPF9IM-unsplash_web\" loading=\"lazy\" \/>\t\t\t\t\t\t\t\t\t\t\t\t\t\t\t<\/div>\n\t\t\t\t<div class=\"elementor-element elementor-element-d463c67 elementor-widget elementor-widget-text-editor\" data-id=\"d463c67\" data-element_type=\"widget\" data-e-type=\"widget\" data-widget_type=\"text-editor.default\">\n\t\t\t\t\t\t\t\t\t<h4>\u00bfQu\u00e9 significa \u201carrepentirse\u201d y por qu\u00e9 la Cuaresma es un momento tan propicio para hacerlo?<\/h4>\t\t\t\t\t\t\t\t<\/div>\n\t\t\t\t<div data-dce-background-color=\"#A20093\" class=\"elementor-element elementor-element-6400afc elementor-align-center elementor-widget elementor-widget-button\" data-id=\"6400afc\" data-element_type=\"widget\" data-e-type=\"widget\" data-widget_type=\"button.default\">\n\t\t\t\t\t\t\t\t\t\t<a class=\"elementor-button elementor-button-link elementor-size-sm\" href=\"\/es\/what-does-it-mean-to-repent-and-why-is-lent-such-a-powerful-time-to-do-so\/\" target=\"_blank\">\n\t\t\t\t\t\t<span class=\"elementor-button-content-wrapper\">\n\t\t\t\t\t\t\t\t\t<span class=\"elementor-button-text\">Leer m\u00e1s<\/span>\n\t\t\t\t\t<\/span>\n\t\t\t\t\t<\/a>\n\t\t\t\t\t\t\t\t<\/div>\n\t\t\t\t<\/div>\n\t\t<div class=\"elementor-element elementor-element-af29dcb e-con-full e-flex e-con e-child\" data-id=\"af29dcb\" data-element_type=\"container\" data-e-type=\"container\" data-settings=\"{&quot;jet_parallax_layout_list&quot;:[]}\">\n\t\t\t\t<div class=\"elementor-element elementor-element-0972c73 elementor-widget elementor-widget-image\" data-id=\"0972c73\" data-element_type=\"widget\" data-e-type=\"widget\" data-widget_type=\"image.default\">\n\t\t\t\t\t\t\t\t\t\t\t\t\t\t\t<img decoding=\"async\" src=\"https:\/\/www.archspm.org\/wp-content\/uploads\/elementor\/thumbs\/thays-orrico-JoCCv4jcoYo-unsplash_web-rb7jihcxpm6vn68jsnd2cr1oyphzy4sh5b7rppv1cs.jpg\" title=\"thays-orrico-JoCCv4jcoYo-unsplash_web\" alt=\"thays-orrico-JoCCv4jcoYo-unsplash_web\" loading=\"lazy\" \/>\t\t\t\t\t\t\t\t\t\t\t\t\t\t\t<\/div>\n\t\t\t\t<div class=\"elementor-element elementor-element-544481e elementor-widget elementor-widget-text-editor\" data-id=\"544481e\" data-element_type=\"widget\" data-e-type=\"widget\" data-widget_type=\"text-editor.default\">\n\t\t\t\t\t\t\t\t\t<h4>\u00bfCu\u00e1les son los s\u00edmbolos de la Cuaresma y qu\u00e9 significan?<\/h4>\t\t\t\t\t\t\t\t<\/div>\n\t\t\t\t<div data-dce-background-color=\"#A20093\" class=\"elementor-element elementor-element-4c2540d elementor-align-center elementor-widget elementor-widget-button\" data-id=\"4c2540d\" data-element_type=\"widget\" data-e-type=\"widget\" data-widget_type=\"button.default\">\n\t\t\t\t\t\t\t\t\t\t<a class=\"elementor-button elementor-button-link elementor-size-sm\" href=\"\/es\/what-are-the-symbols-of-lent-and-what-is-their-meaning\/\" target=\"_blank\">\n\t\t\t\t\t\t<span class=\"elementor-button-content-wrapper\">\n\t\t\t\t\t\t\t\t\t<span class=\"elementor-button-text\">Leer m\u00e1s<\/span>\n\t\t\t\t\t<\/span>\n\t\t\t\t\t<\/a>\n\t\t\t\t\t\t\t\t<\/div>\n\t\t\t\t<\/div>\n\t\t<div class=\"elementor-element elementor-element-b6f4a27 e-con-full e-flex e-con e-child\" data-id=\"b6f4a27\" data-element_type=\"container\" data-e-type=\"container\" data-settings=\"{&quot;jet_parallax_layout_list&quot;:[]}\">\n\t\t\t\t<div class=\"elementor-element elementor-element-1801a9e elementor-widget elementor-widget-image\" data-id=\"1801a9e\" data-element_type=\"widget\" data-e-type=\"widget\" data-widget_type=\"image.default\">\n\t\t\t\t\t\t\t\t\t\t\t\t\t\t\t<img decoding=\"async\" src=\"https:\/\/www.archspm.org\/wp-content\/uploads\/elementor\/thumbs\/Holy-Week-2024-rb7jias2drxvdwi3v2iodapgt0efg92csendcs4skc.jpg\" title=\"Semana Santa de 2024\" alt=\"Holy-Week-2024\" loading=\"lazy\" \/>\t\t\t\t\t\t\t\t\t\t\t\t\t\t\t<\/div>\n\t\t\t\t<div class=\"elementor-element elementor-element-6e15a1b elementor-widget elementor-widget-text-editor\" data-id=\"6e15a1b\" data-element_type=\"widget\" data-e-type=\"widget\" data-widget_type=\"text-editor.default\">\n\t\t\t\t\t\t\t\t\t<h4>\u00bfQu\u00e9 es la \u201cSemana Santa\u201d y qu\u00e9 deben hacer los cristianos para participar en ella?<\/h4>\t\t\t\t\t\t\t\t<\/div>\n\t\t\t\t<div data-dce-background-color=\"#A20093\" class=\"elementor-element elementor-element-07f33b4 elementor-align-center elementor-widget elementor-widget-button\" data-id=\"07f33b4\" data-element_type=\"widget\" data-e-type=\"widget\" data-widget_type=\"button.default\">\n\t\t\t\t\t\t\t\t\t\t<a class=\"elementor-button elementor-button-link elementor-size-sm\" href=\"\/es\/what-is-holy-week-and-what-should-christians-do-to-properly-recognize-and-participate-in-it\/\" target=\"_blank\">\n\t\t\t\t\t\t<span class=\"elementor-button-content-wrapper\">\n\t\t\t\t\t\t\t\t\t<span class=\"elementor-button-text\">Leer m\u00e1s<\/span>\n\t\t\t\t\t<\/span>\n\t\t\t\t\t<\/a>\n\t\t\t\t\t\t\t\t<\/div>\n\t\t\t\t<\/div>\n\t\t\t\t\t<\/div>\n\t\t\t\t<\/div>\n\t\t\t\t<\/div>","protected":false},"excerpt":{"rendered":"<p>Join us this Lent as we explore our Catholic faith, explain common Lenten practices, and journey through the desert to the cross, then finally, celebrate the Resurrection at Easter. Find common topics below and follow us on Instagram\u00a0and Facebook for articles, insights and ideas for a meaningful Lent. Looking for a local fish fry or [&hellip;]<\/p>\n","protected":false},"author":2,"featured_media":6797,"parent":0,"menu_order":0,"comment_status":"closed","ping_status":"closed","template":"","meta":{"footnotes":""},"class_list":["post-6800","page","type-page","status-publish","has-post-thumbnail","hentry"],"_links":{"self":[{"href":"https:\/\/www.archspm.org\/es\/wp-json\/wp\/v2\/pages\/6800","targetHints":{"allow":["GET"]}}],"collection":[{"href":"https:\/\/www.archspm.org\/es\/wp-json\/wp\/v2\/pages"}],"about":[{"href":"https:\/\/www.archspm.org\/es\/wp-json\/wp\/v2\/types\/page"}],"author":[{"embeddable":true,"href":"https:\/\/www.archspm.org\/es\/wp-json\/wp\/v2\/users\/2"}],"replies":[{"embeddable":true,"href":"https:\/\/www.archspm.org\/es\/wp-json\/wp\/v2\/comments?post=6800"}],"version-history":[{"count":0,"href":"https:\/\/www.archspm.org\/es\/wp-json\/wp\/v2\/pages\/6800\/revisions"}],"wp:featuredmedia":[{"embeddable":true,"href":"https:\/\/www.archspm.org\/es\/wp-json\/wp\/v2\/media\/6797"}],"wp:attachment":[{"href":"https:\/\/www.archspm.org\/es\/wp-json\/wp\/v2\/media?parent=6800"}],"curies":[{"name":"wp","href":"https:\/\/api.w.org\/{rel}","templated":true}]}}