{"id":7251,"date":"2025-04-01T13:48:04","date_gmt":"2025-04-01T17:48:04","guid":{"rendered":"https:\/\/www.archspm.org\/?page_id=7251"},"modified":"2025-05-20T00:14:02","modified_gmt":"2025-05-20T04:14:02","slug":"contact","status":"publish","type":"page","link":"https:\/\/www.archspm.org\/es\/catholic-services-appeal\/contact\/","title":{"rendered":"P\u00f3ngase en contacto con"},"content":{"rendered":"<div data-elementor-type=\"wp-page\" data-elementor-id=\"7251\" class=\"elementor elementor-7251\" data-elementor-post-type=\"page\">\n\t\t\t\t<div data-dce-background-image-url=\"https:\/\/www.archspm.org\/wp-content\/uploads\/2025\/04\/CSA-interior-background.webp\" class=\"elementor-element elementor-element-b2a31c5 e-flex e-con-boxed e-con e-parent\" data-id=\"b2a31c5\" data-element_type=\"container\" data-e-type=\"container\" data-settings=\"{&quot;background_background&quot;:&quot;classic&quot;,&quot;jet_parallax_layout_list&quot;:[]}\">\n\t\t\t\t\t<div class=\"e-con-inner\">\n\t\t\t\t<div class=\"elementor-element elementor-element-dd1537e elementor-widget elementor-widget-image\" data-id=\"dd1537e\" data-element_type=\"widget\" data-e-type=\"widget\" data-widget_type=\"image.default\">\n\t\t\t\t\t\t\t\t\t\t\t\t\t\t\t\t<a href=\"https:\/\/www.archspm.org\/es\/catholic-services-appeal\/\">\n\t\t\t\t\t\t\t<img fetchpriority=\"high\" decoding=\"async\" width=\"1562\" height=\"186\" src=\"https:\/\/www.archspm.org\/wp-content\/uploads\/2025\/04\/CSA-top-graphic.webp\" class=\"attachment-full size-full wp-image-7164\" alt=\"\" srcset=\"https:\/\/www.archspm.org\/wp-content\/uploads\/2025\/04\/CSA-top-graphic.webp 1562w, https:\/\/www.archspm.org\/wp-content\/uploads\/2025\/04\/CSA-top-graphic-300x36.webp 300w, https:\/\/www.archspm.org\/wp-content\/uploads\/2025\/04\/CSA-top-graphic-1024x122.webp 1024w, https:\/\/www.archspm.org\/wp-content\/uploads\/2025\/04\/CSA-top-graphic-768x91.webp 768w, https:\/\/www.archspm.org\/wp-content\/uploads\/2025\/04\/CSA-top-graphic-1536x183.webp 1536w\" sizes=\"(max-width: 1562px) 100vw, 1562px\" \/>\t\t\t\t\t\t\t\t<\/a>\n\t\t\t\t\t\t\t\t\t\t\t\t\t\t\t<\/div>\n\t\t\t\t\t<\/div>\n\t\t\t\t<\/div>\n\t\t<div class=\"elementor-element elementor-element-f82a7a8 e-flex e-con-boxed e-con e-parent\" data-id=\"f82a7a8\" data-element_type=\"container\" data-e-type=\"container\" data-settings=\"{&quot;background_background&quot;:&quot;classic&quot;,&quot;jet_parallax_layout_list&quot;:[]}\">\n\t\t\t\t\t<div class=\"e-con-inner\">\n\t\t\t\t<div class=\"elementor-element elementor-element-7f4a4d6 elementor-nav-menu--dropdown-tablet elementor-nav-menu__text-align-aside elementor-nav-menu--toggle elementor-nav-menu--burger elementor-widget elementor-widget-nav-menu\" data-id=\"7f4a4d6\" data-element_type=\"widget\" data-e-type=\"widget\" data-settings=\"{&quot;layout&quot;:&quot;horizontal&quot;,&quot;submenu_icon&quot;:{&quot;value&quot;:&quot;&lt;i class=\\&quot;fas fa-caret-down\\&quot; aria-hidden=\\&quot;true\\&quot;&gt;&lt;\\\/i&gt;&quot;,&quot;library&quot;:&quot;fa-solid&quot;},&quot;toggle&quot;:&quot;burger&quot;}\" data-widget_type=\"nav-menu.default\">\n\t\t\t\t\t\t\t\t<nav aria-label=\"Men\u00fa\" class=\"elementor-nav-menu--main elementor-nav-menu__container elementor-nav-menu--layout-horizontal e--pointer-background e--animation-fade\">\n\t\t\t\t<ul id=\"menu-1-7f4a4d6\" class=\"elementor-nav-menu\"><li class=\"menu-item menu-item-type-post_type menu-item-object-page menu-item-1905\"><a href=\"https:\/\/www.archspm.org\/es\/catholic-services-appeal\/\" class=\"elementor-item\">Inicio<\/a><\/li>\n<li class=\"menu-item menu-item-type-post_type menu-item-object-page menu-item-1918\"><a href=\"https:\/\/www.archspm.org\/es\/catholic-services-appeal\/areas-of-support\/\" class=\"elementor-item\">\u00c1reas de apoyo<\/a><\/li>\n<li class=\"menu-item menu-item-type-post_type menu-item-object-page menu-item-1959\"><a href=\"https:\/\/www.archspm.org\/es\/catholic-services-appeal\/resources\/\" class=\"elementor-item\">Recursos<\/a><\/li>\n<li class=\"menu-item menu-item-type-post_type menu-item-object-page menu-item-1958\"><a href=\"https:\/\/www.archspm.org\/es\/catholic-services-appeal\/donate\/\" class=\"elementor-item\">Donar<\/a><\/li>\n<li class=\"menu-item menu-item-type-post_type menu-item-object-page menu-item-2006\"><a href=\"https:\/\/www.archspm.org\/es\/catholic-services-appeal\/faq\/\" class=\"elementor-item\">PREGUNTAS FRECUENTES<\/a><\/li>\n<li class=\"menu-item menu-item-type-post_type menu-item-object-page menu-item-7254\"><a href=\"https:\/\/www.archspm.org\/es\/catholic-services-appeal\/contact\/\" class=\"elementor-item\">P\u00f3ngase en contacto con<\/a><\/li>\n<\/ul>\t\t\t<\/nav>\n\t\t\t\t\t<div class=\"elementor-menu-toggle\" role=\"button\" tabindex=\"0\" aria-label=\"Alternar men\u00fa\" aria-expanded=\"false\">\n\t\t\t<i aria-hidden=\"true\" role=\"presentation\" class=\"elementor-menu-toggle__icon--open eicon-menu-bar\"><\/i><i aria-hidden=\"true\" role=\"presentation\" class=\"elementor-menu-toggle__icon--close eicon-close\"><\/i>\t\t<\/div>\n\t\t\t\t\t<nav class=\"elementor-nav-menu--dropdown elementor-nav-menu__container\" aria-hidden=\"true\">\n\t\t\t\t<ul id=\"menu-2-7f4a4d6\" class=\"elementor-nav-menu\"><li class=\"menu-item menu-item-type-post_type menu-item-object-page menu-item-1905\"><a href=\"https:\/\/www.archspm.org\/es\/catholic-services-appeal\/\" class=\"elementor-item\" tabindex=\"-1\">Inicio<\/a><\/li>\n<li class=\"menu-item menu-item-type-post_type menu-item-object-page menu-item-1918\"><a href=\"https:\/\/www.archspm.org\/es\/catholic-services-appeal\/areas-of-support\/\" class=\"elementor-item\" tabindex=\"-1\">\u00c1reas de apoyo<\/a><\/li>\n<li class=\"menu-item menu-item-type-post_type menu-item-object-page menu-item-1959\"><a href=\"https:\/\/www.archspm.org\/es\/catholic-services-appeal\/resources\/\" class=\"elementor-item\" tabindex=\"-1\">Recursos<\/a><\/li>\n<li class=\"menu-item menu-item-type-post_type menu-item-object-page menu-item-1958\"><a href=\"https:\/\/www.archspm.org\/es\/catholic-services-appeal\/donate\/\" class=\"elementor-item\" tabindex=\"-1\">Donar<\/a><\/li>\n<li class=\"menu-item menu-item-type-post_type menu-item-object-page menu-item-2006\"><a href=\"https:\/\/www.archspm.org\/es\/catholic-services-appeal\/faq\/\" class=\"elementor-item\" tabindex=\"-1\">PREGUNTAS FRECUENTES<\/a><\/li>\n<li class=\"menu-item menu-item-type-post_type menu-item-object-page menu-item-7254\"><a href=\"https:\/\/www.archspm.org\/es\/catholic-services-appeal\/contact\/\" class=\"elementor-item\" tabindex=\"-1\">P\u00f3ngase en contacto con<\/a><\/li>\n<\/ul>\t\t\t<\/nav>\n\t\t\t\t\t\t<\/div>\n\t\t\t\t\t<\/div>\n\t\t\t\t<\/div>\n\t\t<div class=\"elementor-element elementor-element-000ca4a e-flex e-con-boxed e-con e-parent\" data-id=\"000ca4a\" data-element_type=\"container\" data-e-type=\"container\" data-settings=\"{&quot;jet_parallax_layout_list&quot;:[]}\">\n\t\t\t\t\t<div class=\"e-con-inner\">\n\t\t\t\t<div class=\"elementor-element elementor-element-af69b76 elementor-widget elementor-widget-heading\" data-id=\"af69b76\" data-element_type=\"widget\" data-e-type=\"widget\" data-widget_type=\"heading.default\">\n\t\t\t\t\t<h1 class=\"elementor-heading-title elementor-size-default\">P\u00f3ngase en contacto con<\/h1>\t\t\t\t<\/div>\n\t\t\t\t\t<\/div>\n\t\t\t\t<\/div>\n\t\t<div class=\"elementor-element elementor-element-5b74113 e-flex e-con-boxed e-con e-parent\" data-id=\"5b74113\" data-element_type=\"container\" data-e-type=\"container\" data-settings=\"{&quot;jet_parallax_layout_list&quot;:[]}\">\n\t\t\t\t\t<div class=\"e-con-inner\">\n\t\t\t\t<div class=\"elementor-element elementor-element-01df027 elementor-widget elementor-widget-text-editor\" data-id=\"01df027\" data-element_type=\"widget\" data-e-type=\"widget\" data-widget_type=\"text-editor.default\">\n\t\t\t\t\t\t\t\t\t<p><strong>Direcci\u00f3n postal de CSA<\/strong><\/p><p>Llamado a los Servicios Cat\u00f3licos<br \/>Apartado postal 6488<br \/>St. Paul, MN 55106<\/p><p>\u00a0<\/p><p><strong>Consultas generales sobre CSA<\/strong><\/p><p>612-294-6622<br \/><a href=\"mailto:CSAInformation@archspm.org\">CSAInformation@archspm.org<\/a><\/p><ul><li style=\"list-style-type: none;\">\u00a0<\/li><\/ul><p><strong>Personas de contacto de la Arquidi\u00f3cesis<\/strong><\/p><ul><li><strong>Marci Franzen<\/strong>, director adjunto de Promoci\u00f3n de la Misi\u00f3n y responsable de CSA. 651-291-4412; <a href=\"mailto:franzenm@archspm.org\">franzenm@archspm.org<\/a><\/li><li><strong>Stephanie Jerstad<\/strong>, Contralor. 651-290-1640; <a href=\"mailto:jerstads@archspm.org\">jerstads@archspm.org<\/a><\/li><\/ul><p><strong>\u00a0<\/strong><\/p><p><strong>Informaci\u00f3n sobre la entidad sin fines de lucro CSA<\/strong><\/p><ul><li><strong>Nombre de la entidad:<\/strong> Arquidi\u00f3cesis de St. Paul y Minneapolis \u2013 Campa\u00f1a de Recaudaci\u00f3n de Fondos para Servicios Cat\u00f3licos<\/li><li><strong>N\u00famero de identificaci\u00f3n de organizaci\u00f3n sin fines de lucro \/ EIN:<\/strong> 41-0693908<\/li><li><strong>NAICS:<\/strong> 813110 Organizaci\u00f3n religiosa<\/li><li><strong>Nombre del corredor:<\/strong> Robert W. Baird &amp; Co., Baird Private Wealth Management, DTC # 0547<\/li><li><strong>N\u00famero de cuenta de corretaje:<\/strong> 63839181<\/li><li><strong>Persona de contacto en Baird:<\/strong> Lynn L. Kittleson, 651-365-2184<\/li><li style=\"list-style-type: none;\">\u00a0<\/li><\/ul>\t\t\t\t\t\t\t\t<\/div>\n\t\t\t\t\t<\/div>\n\t\t\t\t<\/div>\n\t\t<div data-dce-background-color=\"#95013D\" data-dce-background-overlay-image-url=\"https:\/\/www.archspm.org\/wp-content\/uploads\/2025\/01\/background-texture-scaled.webp\" class=\"elementor-element elementor-element-0a72fc7 e-flex e-con-boxed e-con e-parent\" data-id=\"0a72fc7\" data-element_type=\"container\" data-e-type=\"container\" data-settings=\"{&quot;background_background&quot;:&quot;classic&quot;,&quot;jet_parallax_layout_list&quot;:[]}\">\n\t\t\t\t\t<div class=\"e-con-inner\">\n\t\t<div class=\"elementor-element elementor-element-68aa89f e-con-full e-flex e-con e-child\" data-id=\"68aa89f\" data-element_type=\"container\" data-e-type=\"container\" data-settings=\"{&quot;jet_parallax_layout_list&quot;:[]}\">\n\t\t\t\t<div class=\"elementor-element elementor-element-a41d80f elementor-widget elementor-widget-button\" data-id=\"a41d80f\" data-element_type=\"widget\" data-e-type=\"widget\" data-widget_type=\"button.default\">\n\t\t\t\t\t\t\t\t\t\t<a class=\"elementor-button elementor-button-link elementor-size-sm\" href=\"https:\/\/www.archspm.org\/es\/catholic-services-appeal\/donate\/\">\n\t\t\t\t\t\t<span class=\"elementor-button-content-wrapper\">\n\t\t\t\t\t\t\t\t\t<span class=\"elementor-button-text\">Donar<\/span>\n\t\t\t\t\t<\/span>\n\t\t\t\t\t<\/a>\n\t\t\t\t\t\t\t\t<\/div>\n\t\t\t\t<\/div>\n\t\t\t\t\t<\/div>\n\t\t\t\t<\/div>\n\t\t\t\t<\/div>","protected":false},"excerpt":{"rendered":"<p>CSA Mailing Address Catholic Services AppealPO Box 6488St. Paul, MN 55106 \u00a0 General CSA Inquiries 612-294-6622CSAInformation@archspm.org \u00a0 Archdiocese Contact Names Marci Franzen, Associate Director, Mission Advancement, Head of CSA. 651-291-4412; franzenm@archspm.org Stephanie Jerstad, Controller. 651-290-1640; jerstads@archspm.org \u00a0 CSA Non-Profit Entity Information Entity Name: The Archdiocese of St. Paul and Minneapolis \u2013 Catholic Services Appeal Non-Profit [&hellip;]<\/p>\n","protected":false},"author":1,"featured_media":0,"parent":950,"menu_order":0,"comment_status":"closed","ping_status":"closed","template":"elementor_header_footer","meta":{"footnotes":""},"class_list":["post-7251","page","type-page","status-publish","hentry"],"_links":{"self":[{"href":"https:\/\/www.archspm.org\/es\/wp-json\/wp\/v2\/pages\/7251","targetHints":{"allow":["GET"]}}],"collection":[{"href":"https:\/\/www.archspm.org\/es\/wp-json\/wp\/v2\/pages"}],"about":[{"href":"https:\/\/www.archspm.org\/es\/wp-json\/wp\/v2\/types\/page"}],"author":[{"embeddable":true,"href":"https:\/\/www.archspm.org\/es\/wp-json\/wp\/v2\/users\/1"}],"replies":[{"embeddable":true,"href":"https:\/\/www.archspm.org\/es\/wp-json\/wp\/v2\/comments?post=7251"}],"version-history":[{"count":0,"href":"https:\/\/www.archspm.org\/es\/wp-json\/wp\/v2\/pages\/7251\/revisions"}],"up":[{"embeddable":true,"href":"https:\/\/www.archspm.org\/es\/wp-json\/wp\/v2\/pages\/950"}],"wp:attachment":[{"href":"https:\/\/www.archspm.org\/es\/wp-json\/wp\/v2\/media?parent=7251"}],"curies":[{"name":"wp","href":"https:\/\/api.w.org\/{rel}","templated":true}]}}