{"id":8013,"date":"2025-04-21T11:53:03","date_gmt":"2025-04-21T15:53:03","guid":{"rendered":"https:\/\/www.archspm.org\/?page_id=8013"},"modified":"2025-04-30T17:26:17","modified_gmt":"2025-04-30T21:26:17","slug":"family","status":"publish","type":"page","link":"https:\/\/www.archspm.org\/es\/marriage\/family\/","title":{"rendered":"Familia y juventud"},"content":{"rendered":"<div data-elementor-type=\"wp-page\" data-elementor-id=\"8013\" class=\"elementor elementor-8013\" data-elementor-post-type=\"page\">\n\t\t\t\t<div class=\"elementor-element elementor-element-659cac9 e-flex e-con-boxed e-con e-parent\" data-id=\"659cac9\" data-element_type=\"container\" data-e-type=\"container\" data-settings=\"{&quot;jet_parallax_layout_list&quot;:[]}\">\n\t\t\t\t\t<div class=\"e-con-inner\">\n\t\t\t\t<div class=\"elementor-element elementor-element-109d5d2 elementor-widget elementor-widget-text-editor\" data-id=\"109d5d2\" data-element_type=\"widget\" data-e-type=\"widget\" data-widget_type=\"text-editor.default\">\n\t\t\t\t\t\t\t\t\t<p>Estos ministerios est\u00e1n pensados para las familias, para ayudarles a crecer juntos en la fe en las distintas etapas de la vida.<\/p><p><strong><b>Todo est\u00e1 en el plan de Dios\u00a0<\/b><\/strong>(AIGP)<strong><b>\u00a0<\/b><\/strong>es un programa de tres partes que se ofrece en diversas etapas de desarrollo para los ni\u00f1os y sus madres, padres, tutores u otros modelos fuertes en sus vidas. Cada programa es espec\u00edfico para cada edad y pretende ayudar a las familias a ense\u00f1ar a los j\u00f3venes el don de Dios de la sexualidad humana y el car\u00e1cter sagrado de la vida humana, junto con la importancia de la familia.<\/p><p><a href=\"https:\/\/archspmmainsite.s3.us-east-1.amazonaws.com\/Offices\/Marriage%2C+Family+%26+Life\/Family+Laity+Outreach\/All+In+Gods+Plan+2025.pdf\" target=\"_blank\" rel=\"noopener\">2025 Todo en el Plan de Dios Horario de clases<\/a><\/p><p>M\u00e1s abajo encontrar\u00e1 informaci\u00f3n sobre otras ofertas.<\/p><p><strong>Recursos<\/strong><\/p><ul><li class=\"resources_wrapper\"><a href=\"https:\/\/www.archspm.org\/es\/familyretreat\/\">Juntos: D\u00eda de Retiro Familiar<\/a><\/li><li class=\"resources_wrapper\"><a href=\"https:\/\/www.usccb.org\/topics\/marriage-and-family-life-ministries\/year-amoris-laetitia-family\" target=\"_blank\" rel=\"noopener\">A\u00f1o de la Familia Amoris Laetitia<\/a><\/li><\/ul>\t\t\t\t\t\t\t\t<\/div>\n\t\t\t\t\t<\/div>\n\t\t\t\t<\/div>\n\t\t<div class=\"elementor-element elementor-element-fcf80e8 e-flex e-con-boxed e-con e-parent\" data-id=\"fcf80e8\" data-element_type=\"container\" data-e-type=\"container\" data-settings=\"{&quot;jet_parallax_layout_list&quot;:[]}\">\n\t\t\t\t\t<div class=\"e-con-inner\">\n\t\t<div class=\"elementor-element elementor-element-2a391fe e-con-full e-flex e-con e-child\" data-id=\"2a391fe\" data-element_type=\"container\" data-e-type=\"container\" data-settings=\"{&quot;jet_parallax_layout_list&quot;:[]}\">\n\t\t\t\t<div class=\"elementor-element elementor-element-da77e4d elementor-widget elementor-widget-image\" data-id=\"da77e4d\" data-element_type=\"widget\" data-e-type=\"widget\" data-widget_type=\"image.default\">\n\t\t\t\t\t\t\t\t\t\t\t\t\t\t\t\t<a href=\"\/es\/totus-tuus\/\">\n\t\t\t\t\t\t\t<img fetchpriority=\"high\" decoding=\"async\" width=\"400\" height=\"267\" src=\"https:\/\/www.archspm.org\/wp-content\/uploads\/2025\/04\/Totus-Tuus-Team-Missionaries-400x300-1.jpg\" class=\"attachment-large size-large wp-image-8483\" alt=\"\" srcset=\"https:\/\/www.archspm.org\/wp-content\/uploads\/2025\/04\/Totus-Tuus-Team-Missionaries-400x300-1.jpg 400w, https:\/\/www.archspm.org\/wp-content\/uploads\/2025\/04\/Totus-Tuus-Team-Missionaries-400x300-1-300x200.jpg 300w, https:\/\/www.archspm.org\/wp-content\/uploads\/2025\/04\/Totus-Tuus-Team-Missionaries-400x300-1-18x12.jpg 18w\" sizes=\"(max-width: 400px) 100vw, 400px\" \/>\t\t\t\t\t\t\t\t<\/a>\n\t\t\t\t\t\t\t\t\t\t\t\t\t\t\t<\/div>\n\t\t\t\t<div class=\"elementor-element elementor-element-ac710c4 elementor-widget elementor-widget-heading\" data-id=\"ac710c4\" data-element_type=\"widget\" data-e-type=\"widget\" data-widget_type=\"heading.default\">\n\t\t\t\t\t<h2 class=\"elementor-heading-title elementor-size-default\"><a href=\"\/es\/totus-tuus\/\">Totus Tuus<\/a><\/h2>\t\t\t\t<\/div>\n\t\t\t\t<\/div>\n\t\t<div class=\"elementor-element elementor-element-ba0decd e-con-full e-flex e-con e-child\" data-id=\"ba0decd\" data-element_type=\"container\" data-e-type=\"container\" data-settings=\"{&quot;jet_parallax_layout_list&quot;:[]}\">\n\t\t\t\t<div class=\"elementor-element elementor-element-35ce83e elementor-widget elementor-widget-image\" data-id=\"35ce83e\" data-element_type=\"widget\" data-e-type=\"widget\" data-widget_type=\"image.default\">\n\t\t\t\t\t\t\t\t\t\t\t\t\t\t\t\t<a href=\"https:\/\/www.archspm.org\/es\/youth-ministry\/\">\n\t\t\t\t\t\t\t<img decoding=\"async\" width=\"400\" height=\"267\" src=\"https:\/\/www.archspm.org\/wp-content\/uploads\/2025\/04\/youth-ministry-featured-1.jpg\" class=\"attachment-large size-large wp-image-8484\" alt=\"\" srcset=\"https:\/\/www.archspm.org\/wp-content\/uploads\/2025\/04\/youth-ministry-featured-1.jpg 400w, https:\/\/www.archspm.org\/wp-content\/uploads\/2025\/04\/youth-ministry-featured-1-300x200.jpg 300w, https:\/\/www.archspm.org\/wp-content\/uploads\/2025\/04\/youth-ministry-featured-1-18x12.jpg 18w\" sizes=\"(max-width: 400px) 100vw, 400px\" \/>\t\t\t\t\t\t\t\t<\/a>\n\t\t\t\t\t\t\t\t\t\t\t\t\t\t\t<\/div>\n\t\t\t\t<div class=\"elementor-element elementor-element-9b4a098 elementor-widget elementor-widget-heading\" data-id=\"9b4a098\" data-element_type=\"widget\" data-e-type=\"widget\" data-widget_type=\"heading.default\">\n\t\t\t\t\t<h2 class=\"elementor-heading-title elementor-size-default\"><a href=\"https:\/\/www.archspm.org\/es\/youth-ministry\/\">Discipulado de j\u00f3venes<\/a><\/h2>\t\t\t\t<\/div>\n\t\t\t\t<\/div>\n\t\t<div class=\"elementor-element elementor-element-70aa6fc e-con-full e-flex e-con e-child\" data-id=\"70aa6fc\" data-element_type=\"container\" data-e-type=\"container\" data-settings=\"{&quot;jet_parallax_layout_list&quot;:[]}\">\n\t\t\t\t<div class=\"elementor-element elementor-element-a50c731 elementor-widget elementor-widget-image\" data-id=\"a50c731\" data-element_type=\"widget\" data-e-type=\"widget\" data-widget_type=\"image.default\">\n\t\t\t\t\t\t\t\t\t\t\t\t\t\t\t\t<a href=\"https:\/\/www.archspm.org\/es\/parish-catechesis\/\">\n\t\t\t\t\t\t\t<img decoding=\"async\" width=\"400\" height=\"267\" src=\"https:\/\/www.archspm.org\/wp-content\/uploads\/2025\/02\/religious-education-featured-1.jpg\" class=\"attachment-large size-large wp-image-6896\" alt=\"\" srcset=\"https:\/\/www.archspm.org\/wp-content\/uploads\/2025\/02\/religious-education-featured-1.jpg 400w, https:\/\/www.archspm.org\/wp-content\/uploads\/2025\/02\/religious-education-featured-1-300x200.jpg 300w\" sizes=\"(max-width: 400px) 100vw, 400px\" \/>\t\t\t\t\t\t\t\t<\/a>\n\t\t\t\t\t\t\t\t\t\t\t\t\t\t\t<\/div>\n\t\t\t\t<div class=\"elementor-element elementor-element-ae59b2e elementor-widget elementor-widget-heading\" data-id=\"ae59b2e\" data-element_type=\"widget\" data-e-type=\"widget\" data-widget_type=\"heading.default\">\n\t\t\t\t\t<h2 class=\"elementor-heading-title elementor-size-default\"><a href=\"https:\/\/www.archspm.org\/es\/parish-catechesis\/\">Catequesis parroquial<\/a><\/h2>\t\t\t\t<\/div>\n\t\t\t\t<\/div>\n\t\t<div class=\"elementor-element elementor-element-eb7c582 e-con-full e-flex e-con e-child\" data-id=\"eb7c582\" data-element_type=\"container\" data-e-type=\"container\" data-settings=\"{&quot;jet_parallax_layout_list&quot;:[]}\">\n\t\t\t\t<div class=\"elementor-element elementor-element-577b22d elementor-widget elementor-widget-image\" data-id=\"577b22d\" data-element_type=\"widget\" data-e-type=\"widget\" data-widget_type=\"image.default\">\n\t\t\t\t\t\t\t\t\t\t\t\t\t\t\t<img loading=\"lazy\" decoding=\"async\" width=\"400\" height=\"267\" src=\"https:\/\/www.archspm.org\/wp-content\/uploads\/2025\/04\/CFI-Web-Banner_featured-400x267-1.jpg\" class=\"attachment-large size-large wp-image-8358\" alt=\"\" srcset=\"https:\/\/www.archspm.org\/wp-content\/uploads\/2025\/04\/CFI-Web-Banner_featured-400x267-1.jpg 400w, https:\/\/www.archspm.org\/wp-content\/uploads\/2025\/04\/CFI-Web-Banner_featured-400x267-1-300x200.jpg 300w, https:\/\/www.archspm.org\/wp-content\/uploads\/2025\/04\/CFI-Web-Banner_featured-400x267-1-18x12.jpg 18w\" sizes=\"(max-width: 400px) 100vw, 400px\" \/>\t\t\t\t\t\t\t\t\t\t\t\t\t\t\t<\/div>\n\t\t\t\t<div class=\"elementor-element elementor-element-ae62ed8 elementor-widget elementor-widget-heading\" data-id=\"ae62ed8\" data-element_type=\"widget\" data-e-type=\"widget\" data-widget_type=\"heading.default\">\n\t\t\t\t\t<h2 class=\"elementor-heading-title elementor-size-default\">Instituto Can\u00e1 de la Familia<\/h2>\t\t\t\t<\/div>\n\t\t\t\t<\/div>\n\t\t<div class=\"elementor-element elementor-element-49e1b90 e-con-full e-flex e-con e-child\" data-id=\"49e1b90\" data-element_type=\"container\" data-e-type=\"container\" data-settings=\"{&quot;jet_parallax_layout_list&quot;:[]}\">\n\t\t\t\t<div class=\"elementor-element elementor-element-fc50c82 elementor-widget elementor-widget-image\" data-id=\"fc50c82\" data-element_type=\"widget\" data-e-type=\"widget\" data-widget_type=\"image.default\">\n\t\t\t\t\t\t\t\t\t\t\t\t\t\t\t\t<a href=\"https:\/\/www.archspm.org\/es\/young-adults\/\">\n\t\t\t\t\t\t\t<img loading=\"lazy\" decoding=\"async\" width=\"400\" height=\"267\" src=\"https:\/\/www.archspm.org\/wp-content\/uploads\/2025\/02\/young_adults_featured.jpg\" class=\"attachment-large size-large wp-image-8128\" alt=\"\" srcset=\"https:\/\/www.archspm.org\/wp-content\/uploads\/2025\/02\/young_adults_featured.jpg 400w, https:\/\/www.archspm.org\/wp-content\/uploads\/2025\/02\/young_adults_featured-300x200.jpg 300w, https:\/\/www.archspm.org\/wp-content\/uploads\/2025\/02\/young_adults_featured-18x12.jpg 18w\" sizes=\"(max-width: 400px) 100vw, 400px\" \/>\t\t\t\t\t\t\t\t<\/a>\n\t\t\t\t\t\t\t\t\t\t\t\t\t\t\t<\/div>\n\t\t\t\t<div class=\"elementor-element elementor-element-b53a500 elementor-widget elementor-widget-heading\" data-id=\"b53a500\" data-element_type=\"widget\" data-e-type=\"widget\" data-widget_type=\"heading.default\">\n\t\t\t\t\t<h2 class=\"elementor-heading-title elementor-size-default\"><a href=\"https:\/\/www.archspm.org\/es\/young-adults\/\">J\u00f3venes adultos<\/a><\/h2>\t\t\t\t<\/div>\n\t\t\t\t<\/div>\n\t\t\t\t\t<\/div>\n\t\t\t\t<\/div>\n\t\t\t\t<\/div>","protected":false},"excerpt":{"rendered":"<p>These ministries are designed for families \u2013 helping you grow in faith together at different stages of life. All in God\u2019s Plan\u00a0(AIGP)\u00a0is a three-part program offered at various stages of development for children and their mothers, fathers, parents, guardians, or other strong role models in their lives. Each program is age-specific and intended to assist [&hellip;]<\/p>\n","protected":false},"author":1,"featured_media":7980,"parent":959,"menu_order":0,"comment_status":"closed","ping_status":"closed","template":"","meta":{"footnotes":""},"class_list":["post-8013","page","type-page","status-publish","has-post-thumbnail","hentry"],"_links":{"self":[{"href":"https:\/\/www.archspm.org\/es\/wp-json\/wp\/v2\/pages\/8013","targetHints":{"allow":["GET"]}}],"collection":[{"href":"https:\/\/www.archspm.org\/es\/wp-json\/wp\/v2\/pages"}],"about":[{"href":"https:\/\/www.archspm.org\/es\/wp-json\/wp\/v2\/types\/page"}],"author":[{"embeddable":true,"href":"https:\/\/www.archspm.org\/es\/wp-json\/wp\/v2\/users\/1"}],"replies":[{"embeddable":true,"href":"https:\/\/www.archspm.org\/es\/wp-json\/wp\/v2\/comments?post=8013"}],"version-history":[{"count":0,"href":"https:\/\/www.archspm.org\/es\/wp-json\/wp\/v2\/pages\/8013\/revisions"}],"up":[{"embeddable":true,"href":"https:\/\/www.archspm.org\/es\/wp-json\/wp\/v2\/pages\/959"}],"wp:featuredmedia":[{"embeddable":true,"href":"https:\/\/www.archspm.org\/es\/wp-json\/wp\/v2\/media\/7980"}],"wp:attachment":[{"href":"https:\/\/www.archspm.org\/es\/wp-json\/wp\/v2\/media?parent=8013"}],"curies":[{"name":"wp","href":"https:\/\/api.w.org\/{rel}","templated":true}]}}