{"id":8049,"date":"2013-04-20T14:43:07","date_gmt":"2013-04-20T18:43:07","guid":{"rendered":"https:\/\/www.archspm.org\/?page_id=8049"},"modified":"2025-04-29T15:18:21","modified_gmt":"2025-04-29T19:18:21","slug":"policies","status":"publish","type":"page","link":"https:\/\/www.archspm.org\/es\/office-of-ministerial-standards-and-safe-environment\/policies\/","title":{"rendered":"Pol\u00edticas"},"content":{"rendered":"<p>Las pol\u00edticas y los procedimientos que figuran en este sitio web <a href=\"\/es\/policies\/\">Compendio de pol\u00edticas<\/a> se consideran derecho particular de la Arquidi\u00f3cesis.<\/p>","protected":false},"excerpt":{"rendered":"<p>Las pol\u00edticas y procedimientos que figuran en este compendio de pol\u00edticas en l\u00ednea se consideran normas espec\u00edficas de la Arquidi\u00f3cesis.<\/p>","protected":false},"author":2,"featured_media":0,"parent":1615,"menu_order":0,"comment_status":"closed","ping_status":"closed","template":"","meta":{"footnotes":""},"class_list":["post-8049","page","type-page","status-publish","hentry"],"_links":{"self":[{"href":"https:\/\/www.archspm.org\/es\/wp-json\/wp\/v2\/pages\/8049","targetHints":{"allow":["GET"]}}],"collection":[{"href":"https:\/\/www.archspm.org\/es\/wp-json\/wp\/v2\/pages"}],"about":[{"href":"https:\/\/www.archspm.org\/es\/wp-json\/wp\/v2\/types\/page"}],"author":[{"embeddable":true,"href":"https:\/\/www.archspm.org\/es\/wp-json\/wp\/v2\/users\/2"}],"replies":[{"embeddable":true,"href":"https:\/\/www.archspm.org\/es\/wp-json\/wp\/v2\/comments?post=8049"}],"version-history":[{"count":0,"href":"https:\/\/www.archspm.org\/es\/wp-json\/wp\/v2\/pages\/8049\/revisions"}],"up":[{"embeddable":true,"href":"https:\/\/www.archspm.org\/es\/wp-json\/wp\/v2\/pages\/1615"}],"wp:attachment":[{"href":"https:\/\/www.archspm.org\/es\/wp-json\/wp\/v2\/media?parent=8049"}],"curies":[{"name":"wp","href":"https:\/\/api.w.org\/{rel}","templated":true}]}}