{"id":8168,"date":"2025-04-30T00:22:26","date_gmt":"2025-04-30T04:22:26","guid":{"rendered":"https:\/\/www.archspm.org\/?page_id=8168"},"modified":"2025-06-12T11:28:13","modified_gmt":"2025-06-12T15:28:13","slug":"synodmember","status":"publish","type":"page","link":"https:\/\/www.archspm.org\/es\/synodmember\/","title":{"rendered":"S\u00ednodo 2025: Asamblea \u00abSed mis testigos\u00bb \u2013 Recursos para los miembros del S\u00ednodo"},"content":{"rendered":"<div data-elementor-type=\"wp-page\" data-elementor-id=\"8168\" class=\"elementor elementor-8168\" data-elementor-post-type=\"page\">\n\t\t\t\t<div class=\"elementor-element elementor-element-5e2c027 e-flex e-con-boxed e-con e-parent\" data-id=\"5e2c027\" data-element_type=\"container\" data-e-type=\"container\" data-settings=\"{&quot;background_background&quot;:&quot;classic&quot;,&quot;jet_parallax_layout_list&quot;:[]}\">\n\t\t\t\t\t<div class=\"e-con-inner\">\n\t\t<div class=\"elementor-element elementor-element-f641cf6 e-con-full e-flex e-con e-child\" data-id=\"f641cf6\" data-element_type=\"container\" data-e-type=\"container\" data-settings=\"{&quot;jet_parallax_layout_list&quot;:[]}\">\n\t\t\t\t<div class=\"elementor-element elementor-element-56a9916 elementor-widget elementor-widget-heading\" data-id=\"56a9916\" data-element_type=\"widget\" data-e-type=\"widget\" data-widget_type=\"heading.default\">\n\t\t\t\t\t<h2 class=\"elementor-heading-title elementor-size-default\">Agradecimiento del arzobispo Hebda<\/h2>\t\t\t\t<\/div>\n\t\t\t\t<div class=\"elementor-element elementor-element-c757102 elementor-widget elementor-widget-video\" data-id=\"c757102\" data-element_type=\"widget\" data-e-type=\"widget\" data-settings=\"{&quot;video_type&quot;:&quot;vimeo&quot;}\" data-widget_type=\"video.default\">\n\t\t\t\t\t\t\t<div class=\"elementor-wrapper elementor-open-inline\">\n\t\t\t<iframe class=\"elementor-video-iframe\" allowfullscreen allow=\"clipboard-write\" title=\"Reproductor de v\u00eddeo de Vimeo\" src=\"https:\/\/player.vimeo.com\/video\/235215203?color&amp;autopause=0&amp;loop=0&amp;muted=0&amp;title=1&amp;portrait=1&amp;byline=1#t=\"><\/iframe>\t\t<\/div>\n\t\t\t\t\t\t<\/div>\n\t\t\t\t<div class=\"elementor-element elementor-element-4a9340e elementor-widget elementor-widget-text-editor\" data-id=\"4a9340e\" data-element_type=\"widget\" data-e-type=\"widget\" data-widget_type=\"text-editor.default\">\n\t\t\t\t\t\t\t\t\t<p><span style=\"font-size: 1rem;\">Consulte la lista completa de propuestas para la Asamblea del S\u00ednodo 2025: \u00abSed mis testigos\u00bb, as\u00ed como todos los materiales preparatorios publicados hasta la fecha\u00a0<\/span><a style=\"background-color: #f5f5f5; font-size: 1rem;\" href=\"https:\/\/www.archspm.org\/es\/synodpropositions\/\">aqu\u00ed<\/a><span style=\"font-size: 1rem;\">.<\/span><\/p>\t\t\t\t\t\t\t\t<\/div>\n\t\t\t\t<\/div>\n\t\t<div class=\"elementor-element elementor-element-9ea1206 e-con-full e-flex e-con e-child\" data-id=\"9ea1206\" data-element_type=\"container\" data-e-type=\"container\" data-settings=\"{&quot;jet_parallax_layout_list&quot;:[]}\">\n\t\t\t\t<div class=\"elementor-element elementor-element-4a93a25 elementor-widget elementor-widget-text-editor\" data-id=\"4a93a25\" data-element_type=\"widget\" data-e-type=\"widget\" data-widget_type=\"text-editor.default\">\n\t\t\t\t\t\t\t\t\t<h2><span data-teams=\"true\">\u00bfTe est\u00e1s poniendo al d\u00eda?<\/span><\/h2><p><span data-teams=\"true\"> Ver los v\u00eddeos de la propuesta <a id=\"menurvup\" class=\"fui-Link ___1q1shib f2hkw1w f3rmtva f1ewtqcl fyind8e f1k6fduh f1w7gpdv fk6fouc fjoy568 figsok6 f1s184ao f1mk8lai fnbmjn9 f1o700av f13mvf36 f1cmlufx f9n3di6 f1ids18y f1tx3yz7 f1deo86v f1eh06m1 f1iescvh fhgqx19 f1olyrje f1p93eir f1nev41a f1h8hb77 f1lqvz6u f10aw75t fsle3fq f17ae5zn\" title=\"https:\/\/www.archspm.org\/synodpropositions\" href=\"https:\/\/www.archspm.org\/es\/synodpropositions\/\" target=\"_blank\" rel=\"noreferrer noopener\" aria-label=\"Enlace www.archspm.org\/synodpropositions\">aqu\u00ed<\/a>\u00a0y ver <a href=\"https:\/\/vimeo.com\/1086191017\/6ee9d3f595?share=copy\" target=\"_blank\" rel=\"noopener\">la grabaci\u00f3n<\/a> de las jornadas de reflexi\u00f3n. A continuaci\u00f3n, no olvides inscribirte en <strong>uno<\/strong> de las sesiones de capacitaci\u00f3n para miembros del S\u00ednodo (enlaces a continuaci\u00f3n). Por \u00faltimo, <a href=\"https:\/\/forms.office.com\/pages\/responsepage.aspx?id=ZarJR5wQjEKdfCVBB_ZVKhaGKQWdqVlAlYw9YRkcE29UMEJPNFlENEtWSjBRRjk0VjNYSzJXSDVMVS4u&amp;route=shorturl\" target=\"_blank\" rel=\"noopener\">rellene este formulario<\/a> para comida, estacionamiento y transporte.<\/span><\/p><p><span class=\"TextRun SCXW141183382 BCX0\" lang=\"EN-US\" xml:lang=\"EN-US\" data-contrast=\"auto\"><span class=\"NormalTextRun CommentStart CommentHighlightPipeRestRefresh CommentHighlightRest SCXW141183382 BCX0\">S\u00ednodo<\/span>\u00a0<span class=\"NormalTextRun CommentHighlightPipeRestRefresh SCXW141183382 BCX0\">2025: La Asamblea \u00abSed mis testigos\u00bb es un evento de un d\u00eda de duraci\u00f3n que consiste en<\/span><span class=\"NormalTextRun SCXW141183382 BCX0\">ing<\/span><span class=\"NormalTextRun SCXW141183382 BCX0\">\u00a0de debates y intercambios en grupos peque\u00f1os y grandes, con un\u00a0<\/span><span class=\"NormalTextRun SCXW141183382 BCX0\">votaci\u00f3n del d\u00eda 12\u00a0<\/span><span class=\"NormalTextRun SCXW141183382 BCX0\">P<\/span><span class=\"NormalTextRun SCXW141183382 BCX0\">Las propuestas del S\u00ednodo de 2022 que recibieron m\u00e1s votos. Cuatro de ellas\u00a0<\/span><span class=\"NormalTextRun CommentStart CommentHighlightPipeRestRefresh CommentHighlightRest SCXW141183382 BCX0\">P<\/span><span class=\"NormalTextRun CommentHighlightRest SCXW141183382 BCX0\">proposiciones<\/span><span class=\"NormalTextRun CommentHighlightPipeRestRefresh SCXW141183382 BCX0\">\u00a0ya se han abordado durante los primeros tres a\u00f1os de aplicaci\u00f3n de la carta pastoral,\u00a0<\/span><\/span><span class=\"TextRun SCXW141183382 BCX0\" lang=\"EN-US\" xml:lang=\"EN-US\" data-contrast=\"auto\"><span class=\"NormalTextRun CommentStart CommentHighlightPipeRestRefresh CommentHighlightRest SCXW141183382 BCX0\">Ser\u00e9is mis testigos<\/span><\/span><span class=\"TextRun SCXW141183382 BCX0\" lang=\"EN-US\" xml:lang=\"EN-US\" data-contrast=\"auto\"><span class=\"NormalTextRun CommentHighlightPipeRestRefresh SCXW141183382 BCX0\">, y esos\u00a0<\/span><span class=\"NormalTextRun SCXW141183382 BCX0\">permanecer<\/span><span class=\"NormalTextRun SCXW141183382 BCX0\">\u00a0que se someter\u00e1 a consideraci\u00f3n y debate en 2025. La jornada culmina con la misa de la vigilia de Pentecost\u00e9s en la catedral de San Pablo, seguida de un encuentro de oraci\u00f3n de Pentecost\u00e9s<\/span><span class=\"NormalTextRun SCXW141183382 BCX0\">.<\/span><\/span><\/p><h2>Preparaci\u00f3n para el S\u00ednodo de 2025: Asamblea \u00abSed mis testigos\u00bb<\/h2><p>Se anima encarecidamente a todos los miembros del S\u00ednodo a que participen con frecuencia en los sacramentos (especialmente en la misa y la confesi\u00f3n); elijan alguna forma de ayuno, adecuada al tiempo lit\u00fargico; se comprometan a rezar diariamente al Esp\u00edritu Santo; y elijan una obra de misericordia, todo ello como medio de preparar el terreno para la acci\u00f3n de Dios en el S\u00ednodo 2025, el 7 de junio.<\/p><p><span class=\"NormalTextRun SCXW68464067 BCX0\">En\u00a0<\/span><span class=\"NormalTextRun SCXW68464067 BCX0\">preparaci\u00f3n<\/span><span class=\"NormalTextRun SCXW68464067 BCX0\">material de laboratorio<\/span><span class=\"NormalTextRun SCXW68464067 BCX0\">\u00a0Se publicar\u00e1n v\u00eddeos cada semana entre el Mi\u00e9rcoles de Ceniza, 5 de marzo, y la Asamblea \u00abBe My Witnesses\u00bb. Estos v\u00eddeos repasar\u00e1n cada uno de<\/span><span class=\"NormalTextRun SCXW68464067 BCX0\">\u00a0Las 12 propuestas principales del S\u00ednodo de 2022 incluyen<\/span><span class=\"NormalTextRun SCXW68464067 BCX0\">\u00a0una hoja resumen de una p\u00e1gina con preguntas para la reflexi\u00f3n, pensada para fomentar una reflexi\u00f3n en oraci\u00f3n sobre cada uno de estos videos en los pr\u00f3ximos meses.<\/span><\/p>\t\t\t\t\t\t\t\t<\/div>\n\t\t\t\t<\/div>\n\t\t\t\t\t<\/div>\n\t\t\t\t<\/div>\n\t\t<div class=\"elementor-element elementor-element-2cdc232 e-flex e-con-boxed e-con e-parent\" data-id=\"2cdc232\" data-element_type=\"container\" data-e-type=\"container\" data-settings=\"{&quot;jet_parallax_layout_list&quot;:[]}\">\n\t\t\t\t\t<div class=\"e-con-inner\">\n\t\t<div class=\"elementor-element elementor-element-984fd27 e-con-full e-flex e-con e-child\" data-id=\"984fd27\" data-element_type=\"container\" data-e-type=\"container\" data-settings=\"{&quot;jet_parallax_layout_list&quot;:[]}\">\n\t\t\t\t<div class=\"elementor-element elementor-element-da82caf elementor-widget elementor-widget-heading\" data-id=\"da82caf\" data-element_type=\"widget\" data-e-type=\"widget\" data-widget_type=\"heading.default\">\n\t\t\t\t\t<h2 class=\"elementor-heading-title elementor-size-default\">Recursos<\/h2>\t\t\t\t<\/div>\n\t\t\t\t<div class=\"elementor-element elementor-element-8fe69c3 elementor-widget elementor-widget-text-editor\" data-id=\"8fe69c3\" data-element_type=\"widget\" data-e-type=\"widget\" data-widget_type=\"text-editor.default\">\n\t\t\t\t\t\t\t\t\t<ul><li><a href=\"https:\/\/archspmmainsite.s3.us-east-1.amazonaws.com\/Synod\/Synod+2025\/Agenda+for+Synod+2025.pdf\" target=\"_blank\" rel=\"noopener\">S\u00ednodo 2025: \u00abSed mis testigos\u00bb. Resumen del orden del d\u00eda de la Asamblea\u00a0<\/a><\/li><li><a href=\"https:\/\/archspmmainsite.s3.us-east-1.amazonaws.com\/Synod\/Synod+2025\/Synod+Assembly+Profession+of+Faith+2025.pdf\" target=\"_blank\" rel=\"noopener\">Profesi\u00f3n de fe<\/a>\u00a0(deber\u00e1 ser firmado por los miembros la ma\u00f1ana de la Asamblea)<\/li><li><a href=\"https:\/\/www.archspm.org\/es\/synodpropositions\/\">S\u00ednodo 2025 P<span class=\"TextRun SCXW4167113 BCX0\" lang=\"EN-US\" xml:lang=\"EN-US\" data-contrast=\"auto\"><span class=\"NormalTextRun SCXW4167113 BCX0\">proposiciones<\/span><\/span><\/a><\/li><li><a href=\"https:\/\/archspmmainsite.s3.amazonaws.com\/Synod\/Prop.ALL.FINAL.CC.May17.2022.pdf\" target=\"_blank\" rel=\"noopener\">Propuestas del S\u00ednodo (del S\u00ednodo de 2022)<\/a><\/li><li>Mapas<ul><li><a href=\"https:\/\/archspmmainsite.s3.us-east-1.amazonaws.com\/Synod\/Synod+2025\/Parking+at+Cretin-Durham+Hall+Map.pdf\" target=\"_blank\" rel=\"noopener\">Estacionamiento cerca del Cretin-Durham Hall<\/a><\/li><li><a href=\"https:\/\/archspmmainsite.s3.us-east-1.amazonaws.com\/Synod\/Synod+2025\/Synod+2025+Shuttle+Parking+Map.pdf\" target=\"_blank\" rel=\"noopener\">Aparcamiento para el servicio de transporte<\/a><\/li><li><a href=\"https:\/\/archspmmainsite.s3.us-east-1.amazonaws.com\/Synod\/Synod+2025\/Synod%2BAssembly_Folder%2BPages_Map%2Bto%2BDining%2BAreas_Final+2025.pdf\" target=\"_blank\" rel=\"noopener\">Mapa interior del edificio Cretin-Durham<\/a><\/li><\/ul><\/li><li><a href=\"https:\/\/archspmmainsite.s3.us-east-1.amazonaws.com\/Synod\/Synod+2025\/MemberOrientationSlides.pdf\" target=\"_blank\" rel=\"noopener\">Presentaci\u00f3n de diapositivas sobre la formaci\u00f3n de los miembros del S\u00ednodo<\/a><\/li><\/ul>\t\t\t\t\t\t\t\t<\/div>\n\t\t\t\t<\/div>\n\t\t<div class=\"elementor-element elementor-element-0dfb5b7 e-con-full e-flex e-con e-child\" data-id=\"0dfb5b7\" data-element_type=\"container\" data-e-type=\"container\" data-settings=\"{&quot;jet_parallax_layout_list&quot;:[]}\">\n\t\t\t\t<div class=\"elementor-element elementor-element-bd336fa elementor-widget elementor-widget-heading\" data-id=\"bd336fa\" data-element_type=\"widget\" data-e-type=\"widget\" data-widget_type=\"heading.default\">\n\t\t\t\t\t<h2 class=\"elementor-heading-title elementor-size-default\">Ma\u00f1anas o tardes de reflexi\u00f3n<\/h2>\t\t\t\t<\/div>\n\t\t\t\t<div class=\"elementor-element elementor-element-d14b079 elementor-widget elementor-widget-text-editor\" data-id=\"d14b079\" data-element_type=\"widget\" data-e-type=\"widget\" data-widget_type=\"text-editor.default\">\n\t\t\t\t\t\t\t\t\t<p>Por favor, hagan todo lo posible por asistir a la \u00faltima \u00abNoche de reflexi\u00f3n\u00bb previa al S\u00ednodo de 2025, cuyo objetivo es preparar a los miembros del S\u00ednodo para que participen lo m\u00e1s plenamente posible, ayud\u00e1ndoles a percibir y a participar en lo que Dios est\u00e1 haciendo en sus vidas y en esta arquidi\u00f3cesis,\u00a0<span class=\"NormalTextRun SCXW223921884 BCX0\">a\u00a0<\/span><span class=\"NormalTextRun SCXW223921884 BCX0\">vivir m\u00e1s intensamente\u00a0<\/span><span class=\"NormalTextRun SCXW223921884 BCX0\">personal\u00a0<\/span><span class=\"NormalTextRun SCXW223921884 BCX0\">conversi\u00f3n y<\/span><span class=\"NormalTextRun SCXW223921884 BCX0\">\u00a0a<\/span><span class=\"NormalTextRun SCXW223921884 BCX0\">\u00a0cultivar la humildad ante\u00a0<\/span><span class=\"NormalTextRun SCXW223921884 BCX0\">o<\/span><span class=\"NormalTextRun SCXW223921884 BCX0\">nuestro Se\u00f1or<\/span>.<\/p><p><a href=\"https:\/\/vimeo.com\/1086191017\/6ee9d3f595?share=copy\" target=\"_blank\" rel=\"noopener\">Ver la grabaci\u00f3n<\/a><\/p>\t\t\t\t\t\t\t\t<\/div>\n\t\t\t\t<\/div>\n\t\t<div class=\"elementor-element elementor-element-31d2934 e-con-full e-flex e-con e-child\" data-id=\"31d2934\" data-element_type=\"container\" data-e-type=\"container\" data-settings=\"{&quot;jet_parallax_layout_list&quot;:[]}\">\n\t\t\t\t<div class=\"elementor-element elementor-element-d99ea9e elementor-widget elementor-widget-heading\" data-id=\"d99ea9e\" data-element_type=\"widget\" data-e-type=\"widget\" data-widget_type=\"heading.default\">\n\t\t\t\t\t<h2 class=\"elementor-heading-title elementor-size-default\">Formaci\u00f3n para miembros del S\u00ednodo<\/h2>\t\t\t\t<\/div>\n\t\t\t\t<div class=\"elementor-element elementor-element-529f703 elementor-widget elementor-widget-text-editor\" data-id=\"529f703\" data-element_type=\"widget\" data-e-type=\"widget\" data-widget_type=\"text-editor.default\">\n\t\t\t\t\t\t\t\t\t<p><span data-teams=\"true\">Seleccionar <strong>uno<\/strong> Estas sesiones de capacitaci\u00f3n virtual obligatorias te preparar\u00e1n para lo que te espera en la Asamblea \u00abSynod 2025: Be My Witnesses\u00bb, que se celebrar\u00e1 el 7 de junio de 2025.<\/span><\/p><ul><li><a href=\"https:\/\/vimeo.com\/1089147984\/29f6b1c789?share=copy\" target=\"_blank\" rel=\"noopener\">Grabaci\u00f3n<\/a><\/li><\/ul>\t\t\t\t\t\t\t\t<\/div>\n\t\t\t\t<\/div>\n\t\t\t\t\t<\/div>\n\t\t\t\t<\/div>\n\t\t<div class=\"elementor-element elementor-element-d314261 e-flex e-con-boxed e-con e-parent\" data-id=\"d314261\" data-element_type=\"container\" data-e-type=\"container\" data-settings=\"{&quot;jet_parallax_layout_list&quot;:[]}\">\n\t\t\t\t\t<div class=\"e-con-inner\">\n\t\t<div class=\"elementor-element elementor-element-8d3ba09 e-con-full e-flex e-con e-child\" data-id=\"8d3ba09\" data-element_type=\"container\" data-e-type=\"container\" data-settings=\"{&quot;jet_parallax_layout_list&quot;:[]}\">\n\t\t\t\t<div class=\"elementor-element elementor-element-f6ec12e elementor-widget elementor-widget-heading\" data-id=\"f6ec12e\" data-element_type=\"widget\" data-e-type=\"widget\" data-widget_type=\"heading.default\">\n\t\t\t\t\t<h2 class=\"elementor-heading-title elementor-size-default\">Oportunidades de servicio: \u201cLavado de pies\u201d  <\/h2>\t\t\t\t<\/div>\n\t\t\t\t<div class=\"elementor-element elementor-element-dcdfb73 elementor-widget elementor-widget-text-editor\" data-id=\"dcdfb73\" data-element_type=\"widget\" data-e-type=\"widget\" data-widget_type=\"text-editor.default\">\n\t\t\t\t\t\t\t\t\t<div class=\"wpb_text_column wpb_content_element\"><div class=\"wpb_wrapper\"><p>Un elemento clave de la carta pastoral del arzobispo Hebda,\u00a0<em>Ser\u00e9is mis testigos<\/em>, fue el \u201clavatorio de pies\u201d que tuvo lugar en el Cen\u00e1culo, que a menudo se vive de manera concreta a trav\u00e9s de las obras de misericordia corporales y espirituales. Hay muchas oportunidades para participar como voluntario en preparaci\u00f3n para el S\u00ednodo de 2025 a trav\u00e9s de Caridades Cat\u00f3licas y Every Meal.<\/p><p>Utilice\u00a0<a href=\"https:\/\/archspmmainsite.s3.us-east-1.amazonaws.com\/Synod\/Synod+2025\/Prayer+Before+Footwashing.pdf\" target=\"_blank\" rel=\"noopener\">esta estampa<\/a> para comenzar tu oportunidad de servicio con una oraci\u00f3n.<\/p><\/div><\/div><div class=\"wpb_text_column wpb_content_element\"><div class=\"wpb_wrapper\"><p>Oportunidades de aprendizaje sobre los ministerios en los que los miembros participar\u00e1n como voluntarios. <a href=\"https:\/\/vimeo.com\/1082265487\/06936594da?share=copy\" target=\"_blank\" rel=\"noopener\">Ver la grabaci\u00f3n aqu\u00ed<\/a>.<\/p><\/div><\/div>\t\t\t\t\t\t\t\t<\/div>\n\t\t\t\t<\/div>\n\t\t<div class=\"elementor-element elementor-element-0181e4b e-con-full e-flex e-con e-child\" data-id=\"0181e4b\" data-element_type=\"container\" data-e-type=\"container\" data-settings=\"{&quot;jet_parallax_layout_list&quot;:[]}\">\n\t\t\t\t<div class=\"elementor-element elementor-element-02462f4 elementor-widget elementor-widget-heading\" data-id=\"02462f4\" data-element_type=\"widget\" data-e-type=\"widget\" data-widget_type=\"heading.default\">\n\t\t\t\t\t<h2 class=\"elementor-heading-title elementor-size-default\">Reuniones virtuales en el Esp\u00edritu (opcional)<\/h2>\t\t\t\t<\/div>\n\t\t\t\t<div class=\"elementor-element elementor-element-b38c086 elementor-widget elementor-widget-text-editor\" data-id=\"b38c086\" data-element_type=\"widget\" data-e-type=\"widget\" data-widget_type=\"text-editor.default\">\n\t\t\t\t\t\t\t\t\t<p>Estas reuniones virtuales brindar\u00e1n a los miembros la oportunidad de profundizar en las 12 propuestas y de practicar el m\u00e9todo de debate utilizado en el S\u00ednodo 2025.<\/p><ul><li>Domingo, 30 de marzo<ul><li><a href=\"https:\/\/vimeo.com\/1071539263\/fc5bdf56dd?share=copy\" target=\"_blank\" rel=\"noopener\">Debate sobre las sesiones 1 a 4<\/a><\/li><\/ul><\/li><li>Domingo, 4 de mayo<ul><li><a href=\"https:\/\/vimeo.com\/1082264240\/a4e7c2ecce?share=copy\" target=\"_blank\" rel=\"noopener\">Debate sobre las sesiones 5-8<\/a><\/li><\/ul><\/li><li>Domingo, 18 de mayo, a las 2 p. m.<ul><li><a href=\"https:\/\/vimeo.com\/1086190954\/985c5acd92?share=copy\" target=\"_blank\" rel=\"noopener\">Debate sobre las sesiones 9 y 10<\/a><\/li><\/ul><\/li><li>Domingo, 1 de junio, a las 2 p. m.,\u00a0<a href=\"https:\/\/events.teams.microsoft.com\/event\/1b13362c-d736-4c92-8fc2-20e144fe90a2@47c9aa65-109c-428c-9d7c-254107f6552a\" target=\"_blank\" rel=\"noopener\">Reg\u00edstrese aqu\u00ed<\/a><ul><li>Debate sobre las sesiones 11-13<\/li><\/ul><\/li><\/ul>\t\t\t\t\t\t\t\t<\/div>\n\t\t\t\t<\/div>\n\t\t\t\t\t<\/div>\n\t\t\t\t<\/div>\n\t\t<div class=\"elementor-element elementor-element-3c73fe6 e-flex e-con-boxed e-con e-parent\" data-id=\"3c73fe6\" data-element_type=\"container\" data-e-type=\"container\" data-settings=\"{&quot;jet_parallax_layout_list&quot;:[]}\">\n\t\t\t\t\t<div class=\"e-con-inner\">\n\t\t<div class=\"elementor-element elementor-element-65085f4 e-con-full e-flex e-con e-child\" data-id=\"65085f4\" data-element_type=\"container\" data-e-type=\"container\" data-settings=\"{&quot;jet_parallax_layout_list&quot;:[]}\">\n\t\t\t\t<div class=\"elementor-element elementor-element-055f444 elementor-widget elementor-widget-heading\" data-id=\"055f444\" data-element_type=\"widget\" data-e-type=\"widget\" data-widget_type=\"heading.default\">\n\t\t\t\t\t<h2 class=\"elementor-heading-title elementor-size-default\">Correos electr\u00f3nicos con materiales preparatorios<\/h2>\t\t\t\t<\/div>\n\t\t\t\t<div class=\"elementor-element elementor-element-666a265 elementor-widget elementor-widget-text-editor\" data-id=\"666a265\" data-element_type=\"widget\" data-e-type=\"widget\" data-widget_type=\"text-editor.default\">\n\t\t\t\t\t\t\t\t\t<ul><li><a href=\"https:\/\/archspmmainsite.s3.us-east-1.amazonaws.com\/Synod\/Synod+2025\/Setting+the+stage.pdf\" target=\"_blank\" rel=\"noopener\">5 de marzo: Preparando el terreno<\/a><\/li><li><a href=\"https:\/\/archspmmainsite.s3.us-east-1.amazonaws.com\/Synod\/Synod+2025\/Parents+as+Primary+Educators+of+Their+Children.pdf\" target=\"_blank\" rel=\"noopener\">12 de marzo: Los padres como primeros educadores de sus hijos<\/a><\/li><li><a href=\"https:\/\/archspmmainsite.s3.us-east-1.amazonaws.com\/Synod\/Synod+2025\/Comprehensive+Faith+Formation.pdf\" target=\"_blank\" rel=\"noopener\">19 de marzo: Formaci\u00f3n integral en la fe<\/a><\/li><li><a href=\"https:\/\/archspmmainsite.s3.us-east-1.amazonaws.com\/Synod\/Synod+2025\/Vibrant+Youth+Ministry.pdf\" target=\"_blank\" rel=\"noopener\">26 de marzo: Pastoral Juvenil Din\u00e1mica<\/a><\/li><li><a href=\"https:\/\/archspmmainsite.s3.us-east-1.amazonaws.com\/Synod\/Synod+2025\/Small+Groups.pdf\" target=\"_blank\" rel=\"noopener\">2 de abril: Grupos peque\u00f1os<\/a><\/li><li><a href=\"https:\/\/archspmmainsite.s3.us-east-1.amazonaws.com\/Synod\/Synod+2025\/Discipleship+in+Daily+Life.pdf\" target=\"_blank\" rel=\"noopener\">9 de abril: El discipulado en la vida cotidiana\u00a0<\/a><\/li><li><a href=\"https:\/\/archspmmainsite.s3.us-east-1.amazonaws.com\/Synod\/Synod+2025\/Adult+Formation.pdf\" target=\"_blank\" rel=\"noopener\">16 de abril: Formaci\u00f3n para adultos<\/a><\/li><li><a href=\"https:\/\/archspmmainsite.s3.us-east-1.amazonaws.com\/Synod\/Synod+2025\/Regional+Deanery+Cooperation+(Young+Adult).pdf\" target=\"_blank\" rel=\"noopener\">23 de abril: Cooperaci\u00f3n regional\/decanal (Pastoral de j\u00f3venes adultos)<\/a><\/li><li><a href=\"https:\/\/archspmmainsite.s3.us-east-1.amazonaws.com\/Synod\/Synod+2025\/Education+of+the+Mass.pdf\" target=\"_blank\" rel=\"noopener\">30 de abril: Educaci\u00f3n de las masas<\/a><\/li><li><a href=\"https:\/\/archspmmainsite.s3.us-east-1.amazonaws.com\/Synod\/Synod+2025\/Reverent+Liturgies+with+Active+Participation.pdf\" target=\"_blank\" rel=\"noopener\">9 de mayo: Liturgias solemnes con participaci\u00f3n activa<\/a><\/li><li><a href=\"https:\/\/archspmmainsite.s3.us-east-1.amazonaws.com\/Synod\/Synod+2025\/Welcome+and+Hospitality.pdf\" target=\"_blank\" rel=\"noopener\">14 de mayo: Bienvenida y hospitalidad<\/a><\/li><\/ul>\t\t\t\t\t\t\t\t<\/div>\n\t\t\t\t<\/div>\n\t\t<div class=\"elementor-element elementor-element-4d4bba2 e-con-full e-flex e-con e-child\" data-id=\"4d4bba2\" data-element_type=\"container\" data-e-type=\"container\" data-settings=\"{&quot;jet_parallax_layout_list&quot;:[]}\">\n\t\t\t\t<div class=\"elementor-element elementor-element-e3bebaf elementor-widget elementor-widget-heading\" data-id=\"e3bebaf\" data-element_type=\"widget\" data-e-type=\"widget\" data-widget_type=\"heading.default\">\n\t\t\t\t\t<h2 class=\"elementor-heading-title elementor-size-default\">Hora Santa para el S\u00ednodo de 2025: Asamblea \u00abSed mis testigos\u00bb<\/h2>\t\t\t\t<\/div>\n\t\t\t\t<div class=\"elementor-element elementor-element-d53943d elementor-widget elementor-widget-text-editor\" data-id=\"d53943d\" data-element_type=\"widget\" data-e-type=\"widget\" data-widget_type=\"text-editor.default\">\n\t\t\t\t\t\t\t\t\t<p><strong>Viernes, 6 de junio, de 19:00 a 20:00, Catedral de San Pablo, St. Paul<\/strong><\/p><p>Todos est\u00e1n invitados (aunque no es obligatorio) a unirse a los obispos en una Hora Santa de oraci\u00f3n por el S\u00ednodo de 2025.<\/p>\t\t\t\t\t\t\t\t<\/div>\n\t\t\t\t<\/div>\n\t\t\t\t\t<\/div>\n\t\t\t\t<\/div>\n\t\t\t\t<\/div>","protected":false},"excerpt":{"rendered":"<p>Thank you from Archbishop Hebda https:\/\/vimeo.com\/235215203 Find the full list of propositions for Synod 2025: Be My Witnesses Assembly and all of the preparatory materials released so far\u00a0here. Catching Up? View the proposition videos here\u00a0and watch the recording of the reflection days. Then, be sure to register for one of the Synod Member Training Sessions [&hellip;]<\/p>\n","protected":false},"author":2,"featured_media":8179,"parent":0,"menu_order":0,"comment_status":"closed","ping_status":"closed","template":"","meta":{"footnotes":""},"class_list":["post-8168","page","type-page","status-publish","has-post-thumbnail","hentry"],"_links":{"self":[{"href":"https:\/\/www.archspm.org\/es\/wp-json\/wp\/v2\/pages\/8168","targetHints":{"allow":["GET"]}}],"collection":[{"href":"https:\/\/www.archspm.org\/es\/wp-json\/wp\/v2\/pages"}],"about":[{"href":"https:\/\/www.archspm.org\/es\/wp-json\/wp\/v2\/types\/page"}],"author":[{"embeddable":true,"href":"https:\/\/www.archspm.org\/es\/wp-json\/wp\/v2\/users\/2"}],"replies":[{"embeddable":true,"href":"https:\/\/www.archspm.org\/es\/wp-json\/wp\/v2\/comments?post=8168"}],"version-history":[{"count":0,"href":"https:\/\/www.archspm.org\/es\/wp-json\/wp\/v2\/pages\/8168\/revisions"}],"wp:featuredmedia":[{"embeddable":true,"href":"https:\/\/www.archspm.org\/es\/wp-json\/wp\/v2\/media\/8179"}],"wp:attachment":[{"href":"https:\/\/www.archspm.org\/es\/wp-json\/wp\/v2\/media?parent=8168"}],"curies":[{"name":"wp","href":"https:\/\/api.w.org\/{rel}","templated":true}]}}