{"id":8573,"date":"2025-05-01T00:01:32","date_gmt":"2025-05-01T04:01:32","guid":{"rendered":"https:\/\/www.archspm.org\/?page_id=8573"},"modified":"2025-05-01T00:02:56","modified_gmt":"2025-05-01T04:02:56","slug":"holy-days-of-obligation","status":"publish","type":"page","link":"https:\/\/www.archspm.org\/es\/holy-days-of-obligation\/","title":{"rendered":"D\u00edas de precepto"},"content":{"rendered":"<div data-elementor-type=\"wp-page\" data-elementor-id=\"8573\" class=\"elementor elementor-8573\" data-elementor-post-type=\"page\">\n\t\t\t\t<div class=\"elementor-element elementor-element-1852fff e-flex e-con-boxed e-con e-parent\" data-id=\"1852fff\" data-element_type=\"container\" data-e-type=\"container\" data-settings=\"{&quot;jet_parallax_layout_list&quot;:[]}\">\n\t\t\t\t\t<div class=\"e-con-inner\">\n\t\t\t\t<div class=\"elementor-element elementor-element-fb37842 elementor-widget elementor-widget-text-editor\" data-id=\"fb37842\" data-element_type=\"widget\" data-e-type=\"widget\" data-widget_type=\"text-editor.default\">\n\t\t\t\t\t\t\t\t\t<p>La Iglesia establece ciertos d\u00edas a lo largo del a\u00f1o como d\u00edas de precepto. Seg\u00fan la\u00a0<a href=\"https:\/\/www.archspm.org\/es\/archbishops-weekly-word-our-pilgrimage-of-hope-with-the-holy-family\/\" target=\"_blank\" rel=\"noopener\">Conferencia Episcopal de Estados Unidos<\/a>\u00a0(USCCB), \"Los d\u00edas santos de precepto (tambi\u00e9n conocidos como fiestas de precepto) son d\u00edas en los que los fieles est\u00e1n obligados a participar en la Misa y a abstenerse de trabajos innecesarios o de otras actividades que impidan el adecuado descanso de la mente y del cuerpo.\"<\/p><p>Para\u00a0<strong>2025<\/strong>Adem\u00e1s de los domingos, los d\u00edas de precepto son:<\/p><ul><li><strong>Mi\u00e9rcoles, 1 de enero<\/strong>\u00a0- Mar\u00eda, Madre de Dios<\/li><li><strong>Viernes 15 de agosto<\/strong>\u00a0- La Asunci\u00f3n de la Sant\u00edsima Virgen Mar\u00eda<\/li><li><strong>Lunes 8 de diciembre<\/strong>\u00a0- La Inmaculada Concepci\u00f3n<\/li><li><strong>Jueves 25 de diciembre<\/strong>\u00a0- La Natividad del Se\u00f1or<\/li><\/ul><p>Desde el\u00a0<a href=\"https:\/\/www.usccb.org\/resources\/2025cal.pdf\" target=\"_blank\" rel=\"noopener\">Calendario 2025 de la USCCB<\/a>: \"El s\u00e1bado 1 de noviembre es la solemnidad de Todos los Santos. De acuerdo con la norma complementaria al canon 1246 \u00a72 confirmada para las di\u00f3cesis de los Estados Unidos de Am\u00e9rica, por ser s\u00e1bado, este a\u00f1o se deroga la obligaci\u00f3n de asistir a Misa en esta fecha.\"<\/p><p>Para\u00a0<strong>2026<\/strong>Adem\u00e1s de los domingos, los d\u00edas de precepto son:<\/p><ul><li><strong>Jueves, 1 de enero<\/strong>\u00a0- Mar\u00eda, Madre de Dios<\/li><li><strong>Martes 8 de diciembre<\/strong>\u00a0- La Inmaculada Concepci\u00f3n<\/li><li><strong>Viernes 25 de diciembre<\/strong>\u00a0- La Natividad del Se\u00f1or<\/li><\/ul><p>En 2026, la solemnidad de Todos los Santos cae en domingo, que ya es d\u00eda de precepto.<\/p><p>Desde el\u00a0<a href=\"https:\/\/www.usccb.org\/resources\/2026cal.pdf\" target=\"_blank\" rel=\"noopener\">Calendario 2026 de la USCCB<\/a>: \"El s\u00e1bado 15 de agosto es la solemnidad de la Asunci\u00f3n de la Bienaventurada Virgen Mar\u00eda. De acuerdo con la norma complementaria al canon 1246 \u00a7 2 confirmada para las di\u00f3cesis de los Estados Unidos de Am\u00e9rica, por ser s\u00e1bado, este a\u00f1o se deroga la obligaci\u00f3n de asistir a Misa en esta fecha.\"<\/p><p>Muchas parroquias ofrecen Misas adicionales en los D\u00edas Santos de Obligaci\u00f3n, as\u00ed que aseg\u00farese de consultar directamente con la parroquia los horarios de las Misas.\u00a0<a href=\"https:\/\/www.archspm.org\/es\/locations\/?q=&amp;rad=Any&amp;type%5B%5D=3479\">Buscar una parroquia<\/a>.<\/p><p><em>M\u00e1s informaci\u00f3n\u00a0<a href=\"https:\/\/www.archspm.org\/es\/faith-and-discipleship\/catholic-faith\/give-me-five-good-reasons-why-going-to-mass-every-sunday-is-absolutely-necessary\/\">Misa dominical obligatoria<\/a>.<\/em><\/p><p><em>V\u00e9ase\u00a0<a href=\"https:\/\/www.thecatholicspirit.com\/news\/nation-and-world\/vatican-office-clarifies-rules-for-transferred-holy-days-of-obligation\/\" target=\"_blank\" rel=\"noopener\">este art\u00edculo<\/a>\u00a0sobre las orientaciones del Vaticano para un d\u00eda de precepto que cae en domingo.<\/em><\/p>\t\t\t\t\t\t\t\t<\/div>\n\t\t\t\t\t<\/div>\n\t\t\t\t<\/div>\n\t\t\t\t<\/div>","protected":false},"excerpt":{"rendered":"<p>The Church sets aside certain days throughout the year as holy days of obligation. According to the\u00a0United States Conference of Catholic Bishops\u00a0(USCCB), \u201cHoly days of obligation (also known as feasts of precept) are days when the faithful are obliged to participate at Mass and abstain from unnecessary work or other activities which hinder the suitable [&hellip;]<\/p>\n","protected":false},"author":2,"featured_media":6955,"parent":0,"menu_order":0,"comment_status":"closed","ping_status":"closed","template":"","meta":{"footnotes":""},"class_list":["post-8573","page","type-page","status-publish","has-post-thumbnail","hentry"],"_links":{"self":[{"href":"https:\/\/www.archspm.org\/es\/wp-json\/wp\/v2\/pages\/8573","targetHints":{"allow":["GET"]}}],"collection":[{"href":"https:\/\/www.archspm.org\/es\/wp-json\/wp\/v2\/pages"}],"about":[{"href":"https:\/\/www.archspm.org\/es\/wp-json\/wp\/v2\/types\/page"}],"author":[{"embeddable":true,"href":"https:\/\/www.archspm.org\/es\/wp-json\/wp\/v2\/users\/2"}],"replies":[{"embeddable":true,"href":"https:\/\/www.archspm.org\/es\/wp-json\/wp\/v2\/comments?post=8573"}],"version-history":[{"count":0,"href":"https:\/\/www.archspm.org\/es\/wp-json\/wp\/v2\/pages\/8573\/revisions"}],"wp:featuredmedia":[{"embeddable":true,"href":"https:\/\/www.archspm.org\/es\/wp-json\/wp\/v2\/media\/6955"}],"wp:attachment":[{"href":"https:\/\/www.archspm.org\/es\/wp-json\/wp\/v2\/media?parent=8573"}],"curies":[{"name":"wp","href":"https:\/\/api.w.org\/{rel}","templated":true}]}}