{"id":8841,"date":"2025-05-05T14:35:00","date_gmt":"2025-05-05T18:35:00","guid":{"rendered":"https:\/\/www.archspm.org\/?page_id=8841"},"modified":"2025-10-13T10:25:28","modified_gmt":"2025-10-13T14:25:28","slug":"passport","status":"publish","type":"page","link":"https:\/\/www.archspm.org\/es\/passport\/","title":{"rendered":"Aventura del pasaporte arquidiocesano"},"content":{"rendered":"<div data-elementor-type=\"wp-page\" data-elementor-id=\"8841\" class=\"elementor elementor-8841\" data-elementor-post-type=\"page\">\n\t\t\t\t<div class=\"elementor-element elementor-element-7999d0f e-con-full e-flex e-con e-parent\" data-id=\"7999d0f\" data-element_type=\"container\" data-e-type=\"container\" data-settings=\"{&quot;jet_parallax_layout_list&quot;:[]}\">\n\t\t<div class=\"elementor-element elementor-element-a5210f0 e-con-full e-flex e-con e-child\" data-id=\"a5210f0\" data-element_type=\"container\" data-e-type=\"container\" data-settings=\"{&quot;jet_parallax_layout_list&quot;:[]}\">\n\t\t\t\t<div class=\"elementor-element elementor-element-7aac5b8 elementor-widget elementor-widget-image\" data-id=\"7aac5b8\" data-element_type=\"widget\" data-e-type=\"widget\" data-widget_type=\"image.default\">\n\t\t\t\t\t\t\t\t\t\t\t\t\t\t\t<img decoding=\"async\" width=\"300\" height=\"150\" src=\"https:\/\/www.archspm.org\/wp-content\/uploads\/2025\/05\/ArchSPM-175th-Anniv-logo-horizontal-300x150.jpg\" class=\"attachment-medium size-medium wp-image-8843\" alt=\"\" srcset=\"https:\/\/www.archspm.org\/wp-content\/uploads\/2025\/05\/ArchSPM-175th-Anniv-logo-horizontal-300x150.jpg 300w, https:\/\/www.archspm.org\/wp-content\/uploads\/2025\/05\/ArchSPM-175th-Anniv-logo-horizontal-1024x512.jpg 1024w, https:\/\/www.archspm.org\/wp-content\/uploads\/2025\/05\/ArchSPM-175th-Anniv-logo-horizontal-768x384.jpg 768w, https:\/\/www.archspm.org\/wp-content\/uploads\/2025\/05\/ArchSPM-175th-Anniv-logo-horizontal-1536x768.jpg 1536w, https:\/\/www.archspm.org\/wp-content\/uploads\/2025\/05\/ArchSPM-175th-Anniv-logo-horizontal-2048x1024.jpg 2048w, https:\/\/www.archspm.org\/wp-content\/uploads\/2025\/05\/ArchSPM-175th-Anniv-logo-horizontal-18x9.jpg 18w\" sizes=\"(max-width: 300px) 100vw, 300px\" \/>\t\t\t\t\t\t\t\t\t\t\t\t\t\t\t<\/div>\n\t\t\t\t<div data-dce-title-color=\"#95013D\" class=\"elementor-element elementor-element-042639b elementor-widget elementor-widget-heading\" data-id=\"042639b\" data-element_type=\"widget\" data-e-type=\"widget\" data-widget_type=\"heading.default\">\n\t\t\t\t\t<h3 class=\"elementor-heading-title elementor-size-default\">\u00a1Llevamos 175 a\u00f1os de solidez!<\/h3>\t\t\t\t<\/div>\n\t\t\t\t<div class=\"elementor-element elementor-element-317e4c7 elementor-widget elementor-widget-text-editor\" data-id=\"317e4c7\" data-element_type=\"widget\" data-e-type=\"widget\" data-widget_type=\"text-editor.default\">\n\t\t\t\t\t\t\t\t\t<p>Los cat\u00f3licos de todo el mundo celebran el 2025 como A\u00f1o Jubilar, mientras que nosotros, como Arquidi\u00f3cesis, celebramos los 175 a\u00f1os desde nuestra fundaci\u00f3n el 19 de julio de 1850.<\/p>\t\t\t\t\t\t\t\t<\/div>\n\t\t\t\t<\/div>\n\t\t<div class=\"elementor-element elementor-element-addedd7 e-con-full e-flex e-con e-child\" data-id=\"addedd7\" data-element_type=\"container\" data-e-type=\"container\" data-settings=\"{&quot;jet_parallax_layout_list&quot;:[]}\">\n\t\t\t\t<div class=\"elementor-element elementor-element-0bd8396 elementor-widget elementor-widget-text-editor\" data-id=\"0bd8396\" data-element_type=\"widget\" data-e-type=\"widget\" data-widget_type=\"text-editor.default\">\n\t\t\t\t\t\t\t\t\t<h4><strong>\u00a1El arzobispo Hebda te invita a convertirte en peregrino jubilar de la arquidi\u00f3cesis!<\/strong><\/h4><h4><b>Descarga tu pasaporte a continuaci\u00f3n. <\/b><\/h4><div>\u00a0<\/div><div><b>\u00a1Imprime tu pasaporte y planea tu aventura!<\/b><\/div><div><ul><li>8,5 \u00d7 11, biling\u00fce ingl\u00e9s\/espa\u00f1ol (<a href=\"https:\/\/archspmmainsite.s3.us-east-1.amazonaws.com\/Passport\/Passport+Adventure+Book+-+8.5+x+11+in+-+Color.pdf\" target=\"_blank\" rel=\"noopener\">color<\/a>, <a href=\"https:\/\/archspmmainsite.s3.us-east-1.amazonaws.com\/Passport+Adventure\/Passport+Adventure+Book+-+8.5+x+11+in+-+Black+and+White+for+download.pdf\" target=\"_blank\" rel=\"noopener\">blanco y negro<\/a>)<ul><li>P\u00e1ginas adicionales (<a href=\"https:\/\/archspmmainsite.s3.us-east-1.amazonaws.com\/Passport+Adventure\/Passport+Adventure+Book+-+8.5+x+11+in+-+Color+-+Extra+visit+pages.pdf\" target=\"_blank\" rel=\"noopener\">color<\/a>, <a href=\"https:\/\/archspmmainsite.s3.us-east-1.amazonaws.com\/Passport+Adventure\/Passport+Adventure+Book+-+8.5+x+11+in+-+Black+and+White+-+Extra+visit+pages.pdf\" target=\"_blank\" rel=\"noopener\">blanco y negro<\/a>)<\/li><\/ul><\/li><li>Folleto de 5,5 \u00d7 8,5, biling\u00fce ingl\u00e9s\/espa\u00f1ol (<a href=\"https:\/\/archspmmainsite.s3.us-east-1.amazonaws.com\/Passport\/Passport+Adventure+Booklet+-+5.5+x+8.5+in+-+Color+-+Print+Ready.pdf\" target=\"_blank\" rel=\"noopener\">color<\/a>, <a href=\"https:\/\/archspmmainsite.s3.us-east-1.amazonaws.com\/Passport+Adventure\/Passport+Adventure+Booklet+-+5.5+x+8.5+in+-+Black+and+White+for+download.pdf\" target=\"_blank\" rel=\"noopener\">blanco y negro<\/a>)<ul><li>Folleto listo para imprimir (<a href=\"https:\/\/archspmmainsite.s3.us-east-1.amazonaws.com\/Passport+Adventure\/Passport+Adventure+Booklet+-+5.5+x+8.5+in+-+Color+-+Print+Ready.pdf\" target=\"_blank\" rel=\"noopener\">color<\/a>, <a href=\"https:\/\/archspmmainsite.s3.us-east-1.amazonaws.com\/Passport+Adventure\/Passport+Adventure+Booklet+-+5.5+x+8.5+in+-+Black+and+White+-+Print+Ready.pdf\" target=\"_blank\" rel=\"noopener\">blanco y negro<\/a>)<\/li><li>P\u00e1ginas adicionales (<a href=\"https:\/\/archspmmainsite.s3.us-east-1.amazonaws.com\/Passport+Adventure\/Passport+Adventure+Booklet+-+5.5+x+8.5+in+-+Color+-+Extra+visit+pages.pdf\" target=\"_blank\" rel=\"noopener\">color<\/a>, <a href=\"https:\/\/archspmmainsite.s3.us-east-1.amazonaws.com\/Passport+Adventure\/Passport+Adventure+Booklet+-+5.5+x+8.5+in+-+Black+and+White+-+Extra+visit+pages.pdf\" target=\"_blank\" rel=\"noopener\">blanco y negro<\/a>); imprimir p\u00e1ginas adicionales listas para imprimir (<a href=\"https:\/\/archspmmainsite.s3.us-east-1.amazonaws.com\/Passport+Adventure\/Passport+Adventure+Booklet+-+5.5+x+8.5+in+-+Color+-+EXTRA+visit+pages+-+Print+Ready.pdf\" target=\"_blank\" rel=\"noopener\">color<\/a>, <a href=\"https:\/\/archspmmainsite.s3.us-east-1.amazonaws.com\/Passport+Adventure\/Passport+Adventure+Booklet+-+5.5+x+8.5+in+-+Black+and+White+-+EXTRA+visit+pages+-+Print+Ready.pdf\" target=\"_blank\" rel=\"noopener\">blanco y negro<\/a>)<\/li><\/ul><\/li><\/ul><p><em>Nota: Es posible que tengas que ajustar la configuraci\u00f3n de tu impresora para imprimir correctamente. Utiliza <a href=\"https:\/\/archspmmainsite.s3.us-east-1.amazonaws.com\/Passport+Adventure\/Printing+Archdiocesan+Passport+(1).pdf\" target=\"_blank\" rel=\"noopener\">estas instrucciones<\/a> si necesita ayuda.<\/em><\/p><\/div><div><b>\u00a0<\/b><\/div><div><strong>\u00bfTienes tu pasaporte? Esto es lo que sigue.<\/strong><\/div><ul><li>Visita siete parroquias distintas a la tuya, tal y como San Felipe Neri llev\u00f3 a los fieles de su \u00e9poca a siete iglesias de Roma. Podr\u00edas rezar por uno de los siete dones del Esp\u00edritu Santo en cada iglesia. <strong><a href=\"https:\/\/www.archspm.org\/es\/parishes\/\">Buscar una parroquia<\/a><\/strong>.<\/li><li>Entre las siete iglesias, intenta visitar nuestras dos iglesias concatedrales del Jubileo: la Catedral de San Pablo y la Bas\u00edlica de Santa Mar\u00eda. Busca la Cruz del Jubileo en cada una de ellas.<\/li><li>Quiz\u00e1s pueda visitar nuestra iglesia m\u00e1s antigua, la de San Pedro en Mendota, y una de nuestras iglesias m\u00e1s nuevas. La iglesia de Santa Catalina Drexel en Ramsey est\u00e1 a punto de ser consagrada y la de Santa Isabel Ann Seton en Hastings acaba de ser renovada.<\/li><li>Intenta participar en una misa que pueda ampliar tu experiencia personal de la liturgia, tal vez con nuestros hermanos y hermanas maronitas o bizantinos, con una de nuestras comunidades de inmigrantes, con una de nuestras comunidades de misa tradicional en lat\u00edn, con la comunidad cat\u00f3lica de sordos o con los estudiantes universitarios de Saint Lawrence en Dinkytown.<\/li><\/ul>\t\t\t\t\t\t\t\t<\/div>\n\t\t\t\t<\/div>\n\t\t<div class=\"elementor-element elementor-element-88380ab e-con-full e-flex e-con e-child\" data-id=\"88380ab\" data-element_type=\"container\" data-e-type=\"container\" data-settings=\"{&quot;jet_parallax_layout_list&quot;:[]}\">\n\t\t\t\t<div class=\"elementor-element elementor-element-659ea27 elementor-widget elementor-widget-image\" data-id=\"659ea27\" data-element_type=\"widget\" data-e-type=\"widget\" data-widget_type=\"image.default\">\n\t\t\t\t\t\t\t\t\t\t\t\t\t\t\t<img fetchpriority=\"high\" decoding=\"async\" width=\"428\" height=\"566\" src=\"https:\/\/www.archspm.org\/wp-content\/uploads\/2025\/05\/Passport.jpg\" class=\"attachment-medium_large size-medium_large wp-image-8844\" alt=\"\" srcset=\"https:\/\/www.archspm.org\/wp-content\/uploads\/2025\/05\/Passport.jpg 428w, https:\/\/www.archspm.org\/wp-content\/uploads\/2025\/05\/Passport-227x300.jpg 227w, https:\/\/www.archspm.org\/wp-content\/uploads\/2025\/05\/Passport-9x12.jpg 9w\" sizes=\"(max-width: 428px) 100vw, 428px\" \/>\t\t\t\t\t\t\t\t\t\t\t\t\t\t\t<\/div>\n\t\t\t\t<\/div>\n\t\t\t\t<\/div>\n\t\t<div class=\"elementor-element elementor-element-f288310 e-flex e-con-boxed e-con e-parent\" data-id=\"f288310\" data-element_type=\"container\" data-e-type=\"container\" data-settings=\"{&quot;jet_parallax_layout_list&quot;:[]}\">\n\t\t\t\t\t<div class=\"e-con-inner\">\n\t\t<div class=\"elementor-element elementor-element-d1ef580 e-con-full e-flex e-con e-child\" data-id=\"d1ef580\" data-element_type=\"container\" data-e-type=\"container\" data-settings=\"{&quot;jet_parallax_layout_list&quot;:[]}\">\n\t\t\t\t<div class=\"elementor-element elementor-element-0d2164f elementor-widget elementor-widget-image\" data-id=\"0d2164f\" data-element_type=\"widget\" data-e-type=\"widget\" data-widget_type=\"image.default\">\n\t\t\t\t\t\t\t\t\t\t\t\t\t\t\t<img decoding=\"async\" src=\"https:\/\/www.archspm.org\/wp-content\/uploads\/elementor\/thumbs\/Jubilee-English-rb7ji1dqsra880durw3mowvqu3ourm4wliuc8ofgco.png\" title=\"Jubileo Ingl\u00e9s\" alt=\"Jubilee English\" loading=\"lazy\" \/>\t\t\t\t\t\t\t\t\t\t\t\t\t\t\t<\/div>\n\t\t\t\t<\/div>\n\t\t<div class=\"elementor-element elementor-element-00f3224 e-con-full e-flex e-con e-child\" data-id=\"00f3224\" data-element_type=\"container\" data-e-type=\"container\" data-settings=\"{&quot;jet_parallax_layout_list&quot;:[]}\">\n\t\t\t\t<div class=\"elementor-element elementor-element-c673583 elementor-widget elementor-widget-heading\" data-id=\"c673583\" data-element_type=\"widget\" data-e-type=\"widget\" data-widget_type=\"heading.default\">\n\t\t\t\t\t<h2 class=\"elementor-heading-title elementor-size-default\">Informaci\u00f3n sobre el Jubileo<\/h2>\t\t\t\t<\/div>\n\t\t\t\t<div class=\"elementor-element elementor-element-935d2d5 elementor-widget elementor-widget-text-editor\" data-id=\"935d2d5\" data-element_type=\"widget\" data-e-type=\"widget\" data-widget_type=\"text-editor.default\">\n\t\t\t\t\t\t\t\t\t<ul><li><a href=\"https:\/\/www.archspm.org\/es\/jubilee2025\/\">\u00bfQu\u00e9 significa un A\u00f1o Jubilar?<\/a><\/li><li><a href=\"https:\/\/www.archspm.org\/es\/jubilee2025\/\">\u00bfQu\u00e9 es una indulgencia plenaria? <\/a><\/li><\/ul>\t\t\t\t\t\t\t\t<\/div>\n\t\t\t\t<\/div>\n\t\t\t\t\t<\/div>\n\t\t\t\t<\/div>\n\t\t<div class=\"elementor-element elementor-element-09ea543 e-flex e-con-boxed e-con e-parent\" data-id=\"09ea543\" data-element_type=\"container\" data-e-type=\"container\" data-settings=\"{&quot;jet_parallax_layout_list&quot;:[]}\">\n\t\t\t\t\t<div class=\"e-con-inner\">\n\t\t\t\t<div class=\"elementor-element elementor-element-b3d56da elementor-widget-divider--view-line elementor-widget elementor-widget-divider\" data-id=\"b3d56da\" data-element_type=\"widget\" data-e-type=\"widget\" data-widget_type=\"divider.default\">\n\t\t\t\t\t\t\t<div class=\"elementor-divider\">\n\t\t\t<span class=\"elementor-divider-separator\">\n\t\t\t\t\t\t<\/span>\n\t\t<\/div>\n\t\t\t\t\t\t<\/div>\n\t\t\t\t<div class=\"elementor-element elementor-element-3e4a3ba elementor-widget elementor-widget-heading\" data-id=\"3e4a3ba\" data-element_type=\"widget\" data-e-type=\"widget\" data-widget_type=\"heading.default\">\n\t\t\t\t\t<h2 class=\"elementor-heading-title elementor-size-default\">Comparte tus aventuras<\/h2>\t\t\t\t<\/div>\n\t\t\t\t\t<\/div>\n\t\t\t\t<\/div>\n\t\t<div class=\"elementor-element elementor-element-5acb902 e-flex e-con-boxed e-con e-parent\" data-id=\"5acb902\" data-element_type=\"container\" data-e-type=\"container\" data-settings=\"{&quot;jet_parallax_layout_list&quot;:[]}\">\n\t\t\t\t\t<div class=\"e-con-inner\">\n\t\t<div class=\"elementor-element elementor-element-f0a08ec e-con-full e-flex e-con e-child\" data-id=\"f0a08ec\" data-element_type=\"container\" data-e-type=\"container\" data-settings=\"{&quot;jet_parallax_layout_list&quot;:[]}\">\n\t\t\t\t<div class=\"elementor-element elementor-element-21da2a1 elementor-widget elementor-widget-text-editor\" data-id=\"21da2a1\" data-element_type=\"widget\" data-e-type=\"widget\" data-widget_type=\"text-editor.default\">\n\t\t\t\t\t\t\t\t\t<h4>Comparte tus aventuras con la Arquidi\u00f3cesis en las redes sociales utilizando el hashtag <strong>#175pasaporte<\/strong> y etiquetado <strong>@Arquidi\u00f3cesisSPM<\/strong>.\u00a0<\/h4>\t\t\t\t\t\t\t\t<\/div>\n\t\t\t\t<div class=\"elementor-element elementor-element-eb54f0a elementor-widget elementor-widget-image\" data-id=\"eb54f0a\" data-element_type=\"widget\" data-e-type=\"widget\" data-widget_type=\"image.default\">\n\t\t\t\t\t\t\t\t\t\t\t\t\t\t\t<img decoding=\"async\" width=\"757\" height=\"785\" src=\"https:\/\/www.archspm.org\/wp-content\/uploads\/2025\/07\/OLG_OLL.jpg\" class=\"attachment-large size-large wp-image-9873\" alt=\"\" srcset=\"https:\/\/www.archspm.org\/wp-content\/uploads\/2025\/07\/OLG_OLL.jpg 757w, https:\/\/www.archspm.org\/wp-content\/uploads\/2025\/07\/OLG_OLL-289x300.jpg 289w, https:\/\/www.archspm.org\/wp-content\/uploads\/2025\/07\/OLG_OLL-12x12.jpg 12w\" sizes=\"(max-width: 757px) 100vw, 757px\" \/>\t\t\t\t\t\t\t\t\t\t\t\t\t\t\t<\/div>\n\t\t<div class=\"elementor-element elementor-element-cd7a544 e-con-full e-flex e-con e-child\" data-id=\"cd7a544\" data-element_type=\"container\" data-e-type=\"container\" data-settings=\"{&quot;jet_parallax_layout_list&quot;:[]}\">\n\t\t\t\t<div class=\"elementor-element elementor-element-93391da elementor-widget elementor-widget-image\" data-id=\"93391da\" data-element_type=\"widget\" data-e-type=\"widget\" data-widget_type=\"image.default\">\n\t\t\t\t\t\t\t\t\t\t\t\t\t\t\t<img loading=\"lazy\" decoding=\"async\" width=\"608\" height=\"554\" src=\"https:\/\/www.archspm.org\/wp-content\/uploads\/2025\/07\/St.-Hubert.jpg\" class=\"attachment-large size-large wp-image-9900\" alt=\"\" srcset=\"https:\/\/www.archspm.org\/wp-content\/uploads\/2025\/07\/St.-Hubert.jpg 608w, https:\/\/www.archspm.org\/wp-content\/uploads\/2025\/07\/St.-Hubert-300x273.jpg 300w, https:\/\/www.archspm.org\/wp-content\/uploads\/2025\/07\/St.-Hubert-13x12.jpg 13w\" sizes=\"(max-width: 608px) 100vw, 608px\" \/>\t\t\t\t\t\t\t\t\t\t\t\t\t\t\t<\/div>\n\t\t\t\t\t\t\t\n\t\t<img class=\"e-image-base\" \n\t\t\t\t\tdata-interaction-id=\"1bc7b2a\" \n\t\t \n\t\t data-e-type=\"widget\" data-id=\"1bc7b2a\"\n\t\t\t\t\t\t\t\t\tid=\"9936\"\n\t\t\t\t\t\t\t\t\t\t\t\tsrc=\"https:\/\/www.archspm.org\/wp-content\/uploads\/2025\/07\/St.-Timothy.jpg\"\n\t\t\t\t\t\t\t\t\t\t\t\twidth=\"597\"\n\t\t\t\t\t\t\t\t\t\t\t\theight=\"520\"\n\t\t\t\t\t\t\t\t\t\t\t\tsrcset=\"https:\/\/www.archspm.org\/wp-content\/uploads\/2025\/07\/St.-Timothy.jpg 597w, https:\/\/www.archspm.org\/wp-content\/uploads\/2025\/07\/St.-Timothy-300x261.jpg 300w, https:\/\/www.archspm.org\/wp-content\/uploads\/2025\/07\/St.-Timothy-14x12.jpg 14w\"\n\t\t\t\t\t\t\t\t\t\t\t\talt=\"\"\n\t\t\t\t\t\t\/>\n\t\t\t\t\t<\/div>\n\t\t\t\t<\/div>\n\t\t<div class=\"elementor-element elementor-element-eedaee8 e-con-full e-flex e-con e-child\" data-id=\"eedaee8\" data-element_type=\"container\" data-e-type=\"container\" data-settings=\"{&quot;jet_parallax_layout_list&quot;:[]}\">\n\t\t<div class=\"elementor-element elementor-element-4b3564a e-con-full e-flex e-con e-child\" data-id=\"4b3564a\" data-element_type=\"container\" data-e-type=\"container\" data-settings=\"{&quot;jet_parallax_layout_list&quot;:[]}\">\n\t\t\t\t<div class=\"elementor-element elementor-element-86bfd6c elementor-widget elementor-widget-image\" data-id=\"86bfd6c\" data-element_type=\"widget\" data-e-type=\"widget\" data-widget_type=\"image.default\">\n\t\t\t\t\t\t\t\t\t\t\t\t\t\t\t<img loading=\"lazy\" decoding=\"async\" width=\"760\" height=\"667\" src=\"https:\/\/www.archspm.org\/wp-content\/uploads\/2025\/07\/StCharlesBayport.jpg\" class=\"attachment-large size-large wp-image-9872\" alt=\"\" srcset=\"https:\/\/www.archspm.org\/wp-content\/uploads\/2025\/07\/StCharlesBayport.jpg 760w, https:\/\/www.archspm.org\/wp-content\/uploads\/2025\/07\/StCharlesBayport-300x263.jpg 300w, https:\/\/www.archspm.org\/wp-content\/uploads\/2025\/07\/StCharlesBayport-14x12.jpg 14w\" sizes=\"(max-width: 760px) 100vw, 760px\" \/>\t\t\t\t\t\t\t\t\t\t\t\t\t\t\t<\/div>\n\t\t\t\t<\/div>\n\t\t<div class=\"elementor-element elementor-element-101f2b6 e-con-full e-flex e-con e-child\" data-id=\"101f2b6\" data-element_type=\"container\" data-e-type=\"container\" data-settings=\"{&quot;jet_parallax_layout_list&quot;:[]}\">\n\t\t\t\t<div class=\"elementor-element elementor-element-1a50f10 elementor-widget elementor-widget-image\" data-id=\"1a50f10\" data-element_type=\"widget\" data-e-type=\"widget\" data-widget_type=\"image.default\">\n\t\t\t\t\t\t\t\t\t\t\t\t\t\t\t<img loading=\"lazy\" decoding=\"async\" width=\"721\" height=\"377\" src=\"https:\/\/www.archspm.org\/wp-content\/uploads\/2025\/07\/StMaron.jpg\" class=\"attachment-large size-large wp-image-9871\" alt=\"\" srcset=\"https:\/\/www.archspm.org\/wp-content\/uploads\/2025\/07\/StMaron.jpg 721w, https:\/\/www.archspm.org\/wp-content\/uploads\/2025\/07\/StMaron-300x157.jpg 300w, https:\/\/www.archspm.org\/wp-content\/uploads\/2025\/07\/StMaron-18x9.jpg 18w\" sizes=\"(max-width: 721px) 100vw, 721px\" \/>\t\t\t\t\t\t\t\t\t\t\t\t\t\t\t<\/div>\n\t\t\t\t<div class=\"elementor-element elementor-element-cd1eb21 elementor-widget elementor-widget-image\" data-id=\"cd1eb21\" data-element_type=\"widget\" data-e-type=\"widget\" data-widget_type=\"image.default\">\n\t\t\t\t\t\t\t\t\t\t\t\t\t\t\t<img loading=\"lazy\" decoding=\"async\" width=\"800\" height=\"511\" src=\"https:\/\/www.archspm.org\/wp-content\/uploads\/2025\/07\/Modelski-175-social.jpg\" class=\"attachment-large size-large wp-image-9927\" alt=\"\" srcset=\"https:\/\/www.archspm.org\/wp-content\/uploads\/2025\/07\/Modelski-175-social.jpg 937w, https:\/\/www.archspm.org\/wp-content\/uploads\/2025\/07\/Modelski-175-social-300x191.jpg 300w, https:\/\/www.archspm.org\/wp-content\/uploads\/2025\/07\/Modelski-175-social-768x490.jpg 768w, https:\/\/www.archspm.org\/wp-content\/uploads\/2025\/07\/Modelski-175-social-18x12.jpg 18w\" sizes=\"(max-width: 800px) 100vw, 800px\" \/>\t\t\t\t\t\t\t\t\t\t\t\t\t\t\t<\/div>\n\t\t\t\t<div class=\"elementor-element elementor-element-39a34d5 elementor-widget elementor-widget-image\" data-id=\"39a34d5\" data-element_type=\"widget\" data-e-type=\"widget\" data-widget_type=\"image.default\">\n\t\t\t\t\t\t\t\t\t\t\t\t\t\t\t<img loading=\"lazy\" decoding=\"async\" width=\"602\" height=\"485\" src=\"https:\/\/www.archspm.org\/wp-content\/uploads\/2025\/07\/waverly.jpg\" class=\"attachment-large size-large wp-image-9937\" alt=\"\" srcset=\"https:\/\/www.archspm.org\/wp-content\/uploads\/2025\/07\/waverly.jpg 602w, https:\/\/www.archspm.org\/wp-content\/uploads\/2025\/07\/waverly-300x242.jpg 300w, https:\/\/www.archspm.org\/wp-content\/uploads\/2025\/07\/waverly-15x12.jpg 15w\" sizes=\"(max-width: 602px) 100vw, 602px\" \/>\t\t\t\t\t\t\t\t\t\t\t\t\t\t\t<\/div>\n\t\t\t\t<div class=\"elementor-element elementor-element-f0d22d9 elementor-widget elementor-widget-image\" data-id=\"f0d22d9\" data-element_type=\"widget\" data-e-type=\"widget\" data-widget_type=\"image.default\">\n\t\t\t\t\t\t\t\t\t\t\t\t\t\t\t<img loading=\"lazy\" decoding=\"async\" width=\"600\" height=\"508\" src=\"https:\/\/www.archspm.org\/wp-content\/uploads\/2025\/07\/buffalo.jpg\" class=\"attachment-large size-large wp-image-9935\" alt=\"\" srcset=\"https:\/\/www.archspm.org\/wp-content\/uploads\/2025\/07\/buffalo.jpg 600w, https:\/\/www.archspm.org\/wp-content\/uploads\/2025\/07\/buffalo-300x254.jpg 300w, https:\/\/www.archspm.org\/wp-content\/uploads\/2025\/07\/buffalo-14x12.jpg 14w\" sizes=\"(max-width: 600px) 100vw, 600px\" \/>\t\t\t\t\t\t\t\t\t\t\t\t\t\t\t<\/div>\n\t\t\t\t<\/div>\n\t\t\t\t<\/div>\n\t\t\t\t\t<\/div>\n\t\t\t\t<\/div>\n\t\t<div class=\"elementor-element elementor-element-9dabb01 e-flex e-con-boxed e-con e-parent\" data-id=\"9dabb01\" data-element_type=\"container\" data-e-type=\"container\" data-settings=\"{&quot;jet_parallax_layout_list&quot;:[]}\">\n\t\t\t\t\t<div class=\"e-con-inner\">\n\t\t\t\t<div class=\"elementor-element elementor-element-f81719a elementor-widget-divider--view-line elementor-widget elementor-widget-divider\" data-id=\"f81719a\" data-element_type=\"widget\" data-e-type=\"widget\" data-widget_type=\"divider.default\">\n\t\t\t\t\t\t\t<div class=\"elementor-divider\">\n\t\t\t<span class=\"elementor-divider-separator\">\n\t\t\t\t\t\t<\/span>\n\t\t<\/div>\n\t\t\t\t\t\t<\/div>\n\t\t\t\t<div class=\"elementor-element elementor-element-9e37f66 elementor-widget elementor-widget-text-editor\" data-id=\"9e37f66\" data-element_type=\"widget\" data-e-type=\"widget\" data-widget_type=\"text-editor.default\">\n\t\t\t\t\t\t\t\t\t<p><em><strong>Parroquias<\/strong>: Encuentre materiales promocionales en <a href=\"https:\/\/missionsupport.archspm.org\/news\/archdiocesan-passport-adventure-resources\/\" target=\"_blank\" rel=\"noopener\">Apoyo a las misiones<\/a>.<\/em><\/p>\t\t\t\t\t\t\t\t<\/div>\n\t\t\t\t\t<\/div>\n\t\t\t\t<\/div>\n\t\t\t\t<\/div>","protected":false},"excerpt":{"rendered":"<p>We Are 175 Years Strong! Catholics around the world are marking 2025 as a Year of Jubilee, while at the same time we as an Archdiocese celebrate 175 years since our founding on July 19, 1850.\u202f Archbishop Hebda invites you to become an Archdiocesan Jubilee Pilgrim! Download your passport below. \u00a0Print your passport, then plan [&hellip;]<\/p>\n","protected":false},"author":4,"featured_media":0,"parent":0,"menu_order":0,"comment_status":"closed","ping_status":"closed","template":"","meta":{"footnotes":""},"class_list":["post-8841","page","type-page","status-publish","hentry"],"_links":{"self":[{"href":"https:\/\/www.archspm.org\/es\/wp-json\/wp\/v2\/pages\/8841","targetHints":{"allow":["GET"]}}],"collection":[{"href":"https:\/\/www.archspm.org\/es\/wp-json\/wp\/v2\/pages"}],"about":[{"href":"https:\/\/www.archspm.org\/es\/wp-json\/wp\/v2\/types\/page"}],"author":[{"embeddable":true,"href":"https:\/\/www.archspm.org\/es\/wp-json\/wp\/v2\/users\/4"}],"replies":[{"embeddable":true,"href":"https:\/\/www.archspm.org\/es\/wp-json\/wp\/v2\/comments?post=8841"}],"version-history":[{"count":0,"href":"https:\/\/www.archspm.org\/es\/wp-json\/wp\/v2\/pages\/8841\/revisions"}],"wp:attachment":[{"href":"https:\/\/www.archspm.org\/es\/wp-json\/wp\/v2\/media?parent=8841"}],"curies":[{"name":"wp","href":"https:\/\/api.w.org\/{rel}","templated":true}]}}