{"id":8932,"date":"2025-05-07T10:13:55","date_gmt":"2025-05-07T14:13:55","guid":{"rendered":"https:\/\/www.archspm.org\/?page_id=8932"},"modified":"2025-11-13T10:08:33","modified_gmt":"2025-11-13T15:08:33","slug":"teachingmass","status":"publish","type":"page","link":"https:\/\/www.archspm.org\/es\/teachingmass\/","title":{"rendered":"Misa de ense\u00f1anza"},"content":{"rendered":"<div data-elementor-type=\"wp-page\" data-elementor-id=\"8932\" class=\"elementor elementor-8932\" data-elementor-post-type=\"page\">\n\t\t\t\t<div class=\"elementor-element elementor-element-e5a412c e-flex e-con-boxed e-con e-parent\" data-id=\"e5a412c\" data-element_type=\"container\" data-e-type=\"container\" data-settings=\"{&quot;jet_parallax_layout_list&quot;:[]}\">\n\t\t\t\t\t<div class=\"e-con-inner\">\n\t\t\t\t<div class=\"elementor-element elementor-element-032b5b8 elementor-widget elementor-widget-text-editor\" data-id=\"032b5b8\" data-element_type=\"widget\" data-e-type=\"widget\" data-widget_type=\"text-editor.default\">\n\t\t\t\t\t\t\t\t\t<p><span lang=\"EN-US\" xml:lang=\"EN-US\" data-contrast=\"auto\">Como parte del A\u00f1o 2: La Misa, la Archidi\u00f3cesis de Saint Paul y Minneapolis produjo una serie de Misas de Ense\u00f1anza para educar al pueblo de Dios sobre la belleza, la forma y el significado de la Misa. Los sacerdotes de esta serie muestran c\u00f3mo celebran liturgias llenas de oraci\u00f3n que inspiran a los fieles a ofrecerse a s\u00ed mismos en el sacrificio eucar\u00edstico de la Misa.<\/span><span data-ccp-props=\"{&quot;134233117&quot;:false,&quot;134233118&quot;:false,&quot;201341983&quot;:0,&quot;335559738&quot;:0,&quot;335559739&quot;:160,&quot;335559740&quot;:257}\">\u00a0<\/span><\/p><p><a href=\"https:\/\/vimeo.com\/showcase\/11607066?share=copy\" target=\"_blank\" rel=\"noopener\">Mira la serie de v\u00eddeos en <\/a><span data-ccp-props=\"{&quot;134233117&quot;:false,&quot;134233118&quot;:false,&quot;201341983&quot;:0,&quot;335559738&quot;:0,&quot;335559739&quot;:160,&quot;335559740&quot;:257}\"><a href=\"https:\/\/vimeo.com\/showcase\/11607066?share=copy\" target=\"_blank\" rel=\"noopener\">English<\/a>. Utiliza la contrase\u00f1a: lamisa<\/span><\/p><p><span data-ccp-props=\"{&quot;134233117&quot;:false,&quot;134233118&quot;:false,&quot;201341983&quot;:0,&quot;335559738&quot;:0,&quot;335559739&quot;:160,&quot;335559740&quot;:257}\">Consulte las preguntas para el debate en <a href=\"https:\/\/archspm1.sharepoint.com\/:b:\/s\/ResourceLibrary\/EYq-MVVbawVAhd8adgQAuEcBKFaAAu2LEy_GuJAHOVM5mw\" target=\"_blank\" rel=\"noopener\">Ingl\u00e9s<\/a> y <a href=\"https:\/\/archspm1.sharepoint.com\/:b:\/s\/ResourceLibrary\/EZ6TuN8RdHRMmnlBTJ0Odj4Bo-aZvuWhJy6ZR2gbEdI0wg\" target=\"_blank\" rel=\"noopener\">English<\/a>.<\/span><\/p>\t\t\t\t\t\t\t\t<\/div>\n\t\t\t\t\t<\/div>\n\t\t\t\t<\/div>\n\t\t<div class=\"elementor-element elementor-element-6c3aaff e-flex e-con-boxed e-con e-parent\" data-id=\"6c3aaff\" data-element_type=\"container\" data-e-type=\"container\" data-settings=\"{&quot;jet_parallax_layout_list&quot;:[]}\">\n\t\t\t\t\t<div class=\"e-con-inner\">\n\t\t<div class=\"elementor-element elementor-element-9294db7 e-con-full e-flex e-con e-child\" data-id=\"9294db7\" data-element_type=\"container\" data-e-type=\"container\" data-settings=\"{&quot;jet_parallax_layout_list&quot;:[]}\">\n\t\t\t\t<div class=\"elementor-element elementor-element-805b45e elementor-widget elementor-widget-video\" data-id=\"805b45e\" data-element_type=\"widget\" data-e-type=\"widget\" data-settings=\"{&quot;youtube_url&quot;:&quot;https:\\\/\\\/youtu.be\\\/4DFcFyYx9wE?si=_EfYRBWOwhTL0Pr-&quot;,&quot;video_type&quot;:&quot;youtube&quot;,&quot;controls&quot;:&quot;yes&quot;}\" data-widget_type=\"video.default\">\n\t\t\t\t\t\t\t<div class=\"elementor-wrapper elementor-open-inline\">\n\t\t\t<div class=\"elementor-video\"><\/div>\t\t<\/div>\n\t\t\t\t\t\t<\/div>\n\t\t\t\t<\/div>\n\t\t<div class=\"elementor-element elementor-element-1fad37c e-con-full e-flex e-con e-child\" data-id=\"1fad37c\" data-element_type=\"container\" data-e-type=\"container\" data-settings=\"{&quot;jet_parallax_layout_list&quot;:[]}\">\n\t\t\t\t<div class=\"elementor-element elementor-element-53a7043 elementor-widget elementor-widget-video\" data-id=\"53a7043\" data-element_type=\"widget\" data-e-type=\"widget\" data-settings=\"{&quot;youtube_url&quot;:&quot;https:\\\/\\\/youtu.be\\\/0erzIL_2xKU?si=291voarzIv-tvRuA&quot;,&quot;video_type&quot;:&quot;youtube&quot;,&quot;controls&quot;:&quot;yes&quot;}\" data-widget_type=\"video.default\">\n\t\t\t\t\t\t\t<div class=\"elementor-wrapper elementor-open-inline\">\n\t\t\t<div class=\"elementor-video\"><\/div>\t\t<\/div>\n\t\t\t\t\t\t<\/div>\n\t\t\t\t<\/div>\n\t\t<div class=\"elementor-element elementor-element-344fa97 e-con-full e-flex e-con e-child\" data-id=\"344fa97\" data-element_type=\"container\" data-e-type=\"container\" data-settings=\"{&quot;jet_parallax_layout_list&quot;:[]}\">\n\t\t\t\t<div class=\"elementor-element elementor-element-9d1b900 elementor-widget elementor-widget-video\" data-id=\"9d1b900\" data-element_type=\"widget\" data-e-type=\"widget\" data-settings=\"{&quot;youtube_url&quot;:&quot;https:\\\/\\\/youtu.be\\\/odeC2rO0tzk?list=PLlQsTJh9Td9kWqjf_to7PmuByyHaWN3QK&quot;,&quot;video_type&quot;:&quot;youtube&quot;,&quot;controls&quot;:&quot;yes&quot;}\" data-widget_type=\"video.default\">\n\t\t\t\t\t\t\t<div class=\"elementor-wrapper elementor-open-inline\">\n\t\t\t<div class=\"elementor-video\"><\/div>\t\t<\/div>\n\t\t\t\t\t\t<\/div>\n\t\t\t\t<\/div>\n\t\t<div class=\"elementor-element elementor-element-3d7d922 e-con-full e-flex e-con e-child\" data-id=\"3d7d922\" data-element_type=\"container\" data-e-type=\"container\" data-settings=\"{&quot;jet_parallax_layout_list&quot;:[]}\">\n\t\t\t\t<div class=\"elementor-element elementor-element-ece6fbe elementor-widget elementor-widget-video\" data-id=\"ece6fbe\" data-element_type=\"widget\" data-e-type=\"widget\" data-settings=\"{&quot;youtube_url&quot;:&quot;https:\\\/\\\/youtu.be\\\/Rz-JY-p69Xs?list=PLlQsTJh9Td9kWqjf_to7PmuByyHaWN3QK&quot;,&quot;video_type&quot;:&quot;youtube&quot;,&quot;controls&quot;:&quot;yes&quot;}\" data-widget_type=\"video.default\">\n\t\t\t\t\t\t\t<div class=\"elementor-wrapper elementor-open-inline\">\n\t\t\t<div class=\"elementor-video\"><\/div>\t\t<\/div>\n\t\t\t\t\t\t<\/div>\n\t\t\t\t<\/div>\n\t\t\t\t\t<\/div>\n\t\t\t\t<\/div>\n\t\t<div class=\"elementor-element elementor-element-b0286db e-flex e-con-boxed e-con e-parent\" data-id=\"b0286db\" data-element_type=\"container\" data-e-type=\"container\" data-settings=\"{&quot;jet_parallax_layout_list&quot;:[]}\">\n\t\t\t\t\t<div class=\"e-con-inner\">\n\t\t<div class=\"elementor-element elementor-element-8857af0 e-con-full e-flex e-con e-child\" data-id=\"8857af0\" data-element_type=\"container\" data-e-type=\"container\" data-settings=\"{&quot;jet_parallax_layout_list&quot;:[]}\">\n\t\t\t\t<div class=\"elementor-element elementor-element-cf4852d elementor-widget elementor-widget-video\" data-id=\"cf4852d\" data-element_type=\"widget\" data-e-type=\"widget\" data-settings=\"{&quot;youtube_url&quot;:&quot;https:\\\/\\\/youtu.be\\\/uWn078JzZ-4?list=PLlQsTJh9Td9kWqjf_to7PmuByyHaWN3QK&quot;,&quot;video_type&quot;:&quot;youtube&quot;,&quot;controls&quot;:&quot;yes&quot;}\" data-widget_type=\"video.default\">\n\t\t\t\t\t\t\t<div class=\"elementor-wrapper elementor-open-inline\">\n\t\t\t<div class=\"elementor-video\"><\/div>\t\t<\/div>\n\t\t\t\t\t\t<\/div>\n\t\t\t\t<\/div>\n\t\t<div class=\"elementor-element elementor-element-978b615 e-con-full e-flex e-con e-child\" data-id=\"978b615\" data-element_type=\"container\" data-e-type=\"container\" data-settings=\"{&quot;jet_parallax_layout_list&quot;:[]}\">\n\t\t<div class=\"elementor-element elementor-element-d7899f9 e-con-full e-flex e-con e-child\" data-id=\"d7899f9\" data-element_type=\"container\" data-e-type=\"container\" data-settings=\"{&quot;jet_parallax_layout_list&quot;:[]}\">\n\t\t\t\t<div class=\"elementor-element elementor-element-9be0ba1 elementor-widget elementor-widget-video\" data-id=\"9be0ba1\" data-element_type=\"widget\" data-e-type=\"widget\" data-settings=\"{&quot;youtube_url&quot;:&quot;https:\\\/\\\/youtu.be\\\/0XZVnj0iVzk?list=PLlQsTJh9Td9kWqjf_to7PmuByyHaWN3QK&quot;,&quot;video_type&quot;:&quot;youtube&quot;,&quot;controls&quot;:&quot;yes&quot;}\" data-widget_type=\"video.default\">\n\t\t\t\t\t\t\t<div class=\"elementor-wrapper elementor-open-inline\">\n\t\t\t<div class=\"elementor-video\"><\/div>\t\t<\/div>\n\t\t\t\t\t\t<\/div>\n\t\t\t\t<\/div>\n\t\t\t\t<\/div>\n\t\t\t\t\t<\/div>\n\t\t\t\t<\/div>\n\t\t<div class=\"elementor-element elementor-element-fdc4e6f e-flex e-con-boxed e-con e-parent\" data-id=\"fdc4e6f\" data-element_type=\"container\" data-e-type=\"container\" data-settings=\"{&quot;jet_parallax_layout_list&quot;:[]}\">\n\t\t\t\t\t<div class=\"e-con-inner\">\n\t\t<div class=\"elementor-element elementor-element-0801c33 e-con-full e-flex e-con e-child\" data-id=\"0801c33\" data-element_type=\"container\" data-e-type=\"container\" data-settings=\"{&quot;jet_parallax_layout_list&quot;:[]}\">\n\t\t\t\t<div class=\"elementor-element elementor-element-405e72d elementor-widget elementor-widget-video\" data-id=\"405e72d\" data-element_type=\"widget\" data-e-type=\"widget\" data-settings=\"{&quot;youtube_url&quot;:&quot;https:\\\/\\\/youtu.be\\\/9fA4hqCDkEA?si=0uqitp5zIX2-S8e7&quot;,&quot;video_type&quot;:&quot;youtube&quot;,&quot;controls&quot;:&quot;yes&quot;}\" data-widget_type=\"video.default\">\n\t\t\t\t\t\t\t<div class=\"elementor-wrapper elementor-open-inline\">\n\t\t\t<div class=\"elementor-video\"><\/div>\t\t<\/div>\n\t\t\t\t\t\t<\/div>\n\t\t\t\t<\/div>\n\t\t<div class=\"elementor-element elementor-element-6807df3 e-con-full e-flex e-con e-child\" data-id=\"6807df3\" data-element_type=\"container\" data-e-type=\"container\" data-settings=\"{&quot;background_background&quot;:&quot;classic&quot;,&quot;jet_parallax_layout_list&quot;:[]}\">\n\t\t\t\t<div class=\"elementor-element elementor-element-ad73c0f elementor-widget elementor-widget-heading\" data-id=\"ad73c0f\" data-element_type=\"widget\" data-e-type=\"widget\" data-widget_type=\"heading.default\">\n\t\t\t\t\t<h2 class=\"elementor-heading-title elementor-size-default\">Para parroquias y l\u00edderes de grupos peque\u00f1os:<\/h2>\t\t\t\t<\/div>\n\t\t\t\t<div class=\"elementor-element elementor-element-068c24a elementor-widget elementor-widget-text-editor\" data-id=\"068c24a\" data-element_type=\"widget\" data-e-type=\"widget\" data-widget_type=\"text-editor.default\">\n\t\t\t\t\t\t\t\t\t<p><span class=\"TextRun SCXW43281833 BCX0\" lang=\"EN-US\" xml:lang=\"EN-US\" data-contrast=\"auto\"><span class=\"NormalTextRun SCXW43281833 BCX0\">Parroquias y l\u00edderes de grupos peque\u00f1os, vean y descarguen el <\/span><span class=\"FindHit SCXW43281833 BCX0\">Te<\/span><span class=\"FindHit SCXW43281833 BCX0\">a<\/span><span class=\"FindHit SCXW43281833 BCX0\">ching Ma<\/span><span class=\"FindHit SCXW43281833 BCX0\">ss<\/span><span class=\"NormalTextRun SCXW43281833 BCX0\"> serie en Vimeo.\u00a0<\/span><\/span><\/p><ul><li><span class=\"TextRun SCXW43281833 BCX0\" lang=\"EN-US\" xml:lang=\"EN-US\" data-contrast=\"auto\"><span class=\"NormalTextRun SCXW43281833 BCX0\">Espa\u00f1ol: Uso <a href=\"https:\/\/vimeo.com\/showcase\/11560925\" target=\"_blank\" rel=\"noopener\">este enlace<\/a> con<\/span><span class=\"NormalTextRun SCXW43281833 BCX0\">\u00a0la contrase\u00f1a: <\/span><span class=\"NormalTextRun SpellingErrorV2Themed SCXW43281833 BCX0\">te<\/span><span class=\"NormalTextRun SpellingErrorV2Themed SCXW43281833 BCX0\">a<\/span><span class=\"NormalTextRun SpellingErrorV2Themed SCXW43281833 BCX0\">chingmass<\/span><\/span><span class=\"EOP SCXW43281833 BCX0\" data-ccp-props=\"{&quot;134233117&quot;:false,&quot;134233118&quot;:false,&quot;201341983&quot;:0,&quot;335559738&quot;:0,&quot;335559739&quot;:160,&quot;335559740&quot;:257}\">\u00a0<\/span><\/li><li>Espa\u00f1ol: Uso <a href=\"https:\/\/vimeo.com\/showcase\/11607066?share=copy\" target=\"_blank\" rel=\"noopener\">este enlace<\/a> con la contrase\u00f1a: lamisa<\/li><\/ul><p><span data-ccp-props=\"{&quot;134233117&quot;:false,&quot;134233118&quot;:false,&quot;201341983&quot;:0,&quot;335559738&quot;:0,&quot;335559739&quot;:160,&quot;335559740&quot;:257}\">Vea y descargue las preguntas para el debate en <a href=\"https:\/\/archspm1.sharepoint.com\/:b:\/s\/ResourceLibrary\/EYq-MVVbawVAhd8adgQAuEcBKFaAAu2LEy_GuJAHOVM5mw\" target=\"_blank\" rel=\"noopener\">Ingl\u00e9s<\/a> y <a href=\"https:\/\/archspm1.sharepoint.com\/:b:\/s\/ResourceLibrary\/EZ6TuN8RdHRMmnlBTJ0Odj4Bo-aZvuWhJy6ZR2gbEdI0wg\" target=\"_blank\" rel=\"noopener\">English<\/a>.<\/span><\/p>\t\t\t\t\t\t\t\t<\/div>\n\t\t\t\t<\/div>\n\t\t\t\t\t<\/div>\n\t\t\t\t<\/div>\n\t\t\t\t<\/div>","protected":false},"excerpt":{"rendered":"<p>As part of Year 2: The Mass, the Archdiocese of Saint Paul and Minneapolis produced a Teaching Mass series to educate God\u2019s people on the beauty, form and meaning of the Mass. The priests in this series portray how they celebrate prayerful liturgies that inspire the faithful to offer their very selves in the Eucharistic [&hellip;]<\/p>\n","protected":false},"author":2,"featured_media":0,"parent":0,"menu_order":0,"comment_status":"closed","ping_status":"closed","template":"","meta":{"footnotes":""},"class_list":["post-8932","page","type-page","status-publish","hentry"],"_links":{"self":[{"href":"https:\/\/www.archspm.org\/es\/wp-json\/wp\/v2\/pages\/8932","targetHints":{"allow":["GET"]}}],"collection":[{"href":"https:\/\/www.archspm.org\/es\/wp-json\/wp\/v2\/pages"}],"about":[{"href":"https:\/\/www.archspm.org\/es\/wp-json\/wp\/v2\/types\/page"}],"author":[{"embeddable":true,"href":"https:\/\/www.archspm.org\/es\/wp-json\/wp\/v2\/users\/2"}],"replies":[{"embeddable":true,"href":"https:\/\/www.archspm.org\/es\/wp-json\/wp\/v2\/comments?post=8932"}],"version-history":[{"count":0,"href":"https:\/\/www.archspm.org\/es\/wp-json\/wp\/v2\/pages\/8932\/revisions"}],"wp:attachment":[{"href":"https:\/\/www.archspm.org\/es\/wp-json\/wp\/v2\/media?parent=8932"}],"curies":[{"name":"wp","href":"https:\/\/api.w.org\/{rel}","templated":true}]}}