{"id":9484,"date":"2025-05-21T17:13:47","date_gmt":"2025-05-21T21:13:47","guid":{"rendered":"https:\/\/www.archspm.org\/?page_id=9484"},"modified":"2026-04-17T17:06:07","modified_gmt":"2026-04-17T21:06:07","slug":"317-deans-role-responsibility","status":"publish","type":"page","link":"https:\/\/www.archspm.org\/es\/policies\/300-clergy\/317-deans-role-responsibility\/","title":{"rendered":"317 - Decanos - Funci\u00f3n y responsabilidad"},"content":{"rendered":"<h4 style=\"text-align: center;\">Fecha de entrada en vigor: 29 de diciembre de 2017<\/h4>\n<div class=\"policy_button_container\"><a title=\"317 - Decanos - Funci\u00f3n y responsabilidad\" href=\"https:\/\/archspmpolicies.s3.us-east-1.amazonaws.com\/300\/317+Deans+%E2%80%93+Role+and+Responsibility.pdf\" target=\"_blank\" rel=\"noopener\">Descargar PDF<\/a><\/div>\n<h2>Prop\u00f3sito<\/h2>\n<p>Establecer y definir las funciones y responsabilidades de <a href=\"https:\/\/www.archspm.org\/es\/definitions\/#dean\">Decanos<\/a> en el <a href=\"https:\/\/www.archspm.org\/es\/definitions\/#archdiocese\">Archidi\u00f3cesis<\/a>, y su papel al servicio tanto de la <a href=\"https:\/\/www.archspm.org\/es\/definitions\/#archbishop\">Arzobispo<\/a> y los ministros de su zona geogr\u00e1fica.<\/p>\n<h2>Pol\u00edtica<\/h2>\n<p>La oficina de <a href=\"https:\/\/www.archspm.org\/es\/definitions\/#dean\">Decano<\/a> es una responsabilidad pastoral. Dentro de la <a href=\"https:\/\/www.archspm.org\/es\/definitions\/#deanery\">Decanato<\/a> la principal funci\u00f3n de la <a href=\"https:\/\/www.archspm.org\/es\/definitions\/#dean\">Decano<\/a> es reunir a quienes ejercen el ministerio en la <a href=\"https:\/\/www.archspm.org\/es\/definitions\/#deanery\">Decanato<\/a> con el fin de fortalecer la vida de fe de nuestra <a href=\"https:\/\/www.archspm.org\/es\/definitions\/#parish\">Parroquias<\/a> e instituciones. Adem\u00e1s de su estrecha relaci\u00f3n de trabajo con los sacerdotes, el <a href=\"https:\/\/www.archspm.org\/es\/definitions\/#dean\">Decano<\/a> tambi\u00e9n mantiene la comunicaci\u00f3n con los di\u00e1conos, los religiosos y los laicos que ejercen su ministerio dentro de la <a href=\"https:\/\/www.archspm.org\/es\/definitions\/#deanery\">Decanato<\/a>.<\/p>\n<p style=\"text-align: justify;\">En <a href=\"https:\/\/www.archspm.org\/es\/definitions\/#dean\">Decano<\/a> representa las inquietudes de los sacerdotes, di\u00e1conos y otros agentes pastorales ante la <a href=\"https:\/\/www.archspm.org\/es\/definitions\/#vicar-general\">Vicario General<\/a>, y colabora habitualmente con otros <a href=\"https:\/\/www.archspm.org\/es\/definitions\/#dean\">Decanos<\/a> del Vicariato y de los vicarios regionales para contribuir a fomentar un esp\u00edritu de colaboraci\u00f3n y apoyo mutuo. En el cumplimiento de esta responsabilidad, el <a href=\"https:\/\/www.archspm.org\/es\/definitions\/#dean\">Decano<\/a> no interfiere en la relaci\u00f3n \u00fanica que existe entre el <a href=\"https:\/\/www.archspm.org\/es\/definitions\/#archbishop\">Arzobispo<\/a> y <a href=\"https:\/\/www.archspm.org\/es\/definitions\/#clergy\">Clero<\/a>, as\u00ed como a los religiosos y los laicos, sino que, por el contrario, fortalece esa relaci\u00f3n como parte de su labor pastoral.<\/p>\n<p style=\"padding-left: 40px;\"><strong>I. RESPONSABILIDADES DEL DECANO<\/strong><\/p>\n<p style=\"padding-left: 80px;\">1) El <a href=\"https:\/\/www.archspm.org\/es\/definitions\/#dean\">Decano<\/a> representa su <a href=\"https:\/\/www.archspm.org\/es\/definitions\/#deanery\">Decanato<\/a> en calidad de miembro de oficio del <a href=\"https:\/\/www.archspm.org\/es\/definitions\/#presbyteral\">Consejo Presbiteral<\/a>. Las condiciones del nombramiento se rigen por la Constituci\u00f3n y los Estatutos de la <a href=\"https:\/\/www.archspm.org\/es\/definitions\/#presbyteral\">Consejo Presbiteral<\/a>. Trabajar en el <a href=\"https:\/\/www.archspm.org\/es\/definitions\/#presbyteral\">Consejo<\/a>, el <a href=\"https:\/\/www.archspm.org\/es\/definitions\/#dean\">Decano<\/a> es asesorar al <a href=\"https:\/\/www.archspm.org\/es\/definitions\/#archbishop\">Arzobispo<\/a> en cuestiones de gobernanza y participar activamente en el proceso de consulta dentro de la <a href=\"https:\/\/www.archspm.org\/es\/definitions\/#archdiocese\">Archidi\u00f3cesis<\/a>.<\/p>\n<p style=\"padding-left: 80px;\">2) El <a href=\"https:\/\/www.archspm.org\/es\/definitions\/#dean\">Decano<\/a> celebra reuniones peri\u00f3dicas con los sacerdotes de la <a href=\"https:\/\/www.archspm.org\/es\/definitions\/#deanery\">Decanato<\/a>.<\/p>\n<p style=\"padding-left: 80px;\">3) El <a href=\"https:\/\/www.archspm.org\/es\/definitions\/#dean\">Decano<\/a> se le puede pedir que ejerza como administrador parroquial temporal de una <a href=\"https:\/\/www.archspm.org\/es\/definitions\/#parish\">Parroquia<\/a> en caso de que un pastor, en su <a href=\"https:\/\/www.archspm.org\/es\/definitions\/#deanery\">Decanato<\/a> est\u00e1 de a\u00f1o sab\u00e1tico o de baja, o si un <a href=\"https:\/\/www.archspm.org\/es\/definitions\/#parish\">Parroquia<\/a> est\u00e1 desocupado.<\/p>\n<p style=\"padding-left: 80px;\">4) El <a href=\"https:\/\/www.archspm.org\/es\/definitions\/#dean\">Decano<\/a> mantiene una estrecha relaci\u00f3n de colaboraci\u00f3n con los l\u00edderes laicos y los movimientos laicos dentro de su <a href=\"https:\/\/www.archspm.org\/es\/definitions\/#deanery\">Decanato<\/a> y promueve las normas de la Arquidi\u00f3cesis sobre entornos seguros en todos los \u00e1mbitos ministeriales.<\/p>\n<p style=\"padding-left: 80px;\">5) El <a href=\"https:\/\/www.archspm.org\/es\/definitions\/#dean\">Decano<\/a> fomenta la creaci\u00f3n de una comunidad entre los sacerdotes y di\u00e1conos de la <a href=\"https:\/\/www.archspm.org\/es\/definitions\/#deanery\">Decanato<\/a>, y expresa especial preocupaci\u00f3n por <a href=\"https:\/\/www.archspm.org\/es\/definitions\/#clergy\">Clero<\/a> con tareas exigentes, que tienen problemas de salud o se enfrentan a otros retos. Los <a href=\"https:\/\/www.archspm.org\/es\/definitions\/#dean\">Decano<\/a> es fomentar una comunicaci\u00f3n regular con los sacerdotes y di\u00e1conos destinados en su <a href=\"https:\/\/www.archspm.org\/es\/definitions\/#deanery\">Decanato<\/a> como medida proactiva para detectar cualquier situaci\u00f3n que pueda requerir la atenci\u00f3n del cl\u00e9rigo o del <a href=\"https:\/\/www.archspm.org\/es\/definitions\/#parish\">Parroquia<\/a>.<\/p>\n<p style=\"padding-left: 80px;\">6) El <a href=\"https:\/\/www.archspm.org\/es\/definitions\/#dean\">Decano<\/a> informar\u00e1 a los <a href=\"https:\/\/www.archspm.org\/es\/definitions\/#vicar-general\">Vicario General<\/a> por la enfermedad o la hospitalizaci\u00f3n de sacerdotes o di\u00e1conos de su <a href=\"https:\/\/www.archspm.org\/es\/definitions\/#deanery\">Decanato<\/a>. El vicario informar\u00e1 a los <a href=\"https:\/\/www.archspm.org\/es\/definitions\/#archbishop\">Arzobispo<\/a> y otras partes interesadas. El <a href=\"https:\/\/www.archspm.org\/es\/definitions\/#dean\">Decano<\/a> deber\u00eda informar al vicario y conservar el <a href=\"https:\/\/www.archspm.org\/es\/definitions\/#archbishop\">Arzobispo<\/a> y mantener a la Canciller\u00eda al tanto de los acontecimientos o novedades clave en el <a href=\"https:\/\/www.archspm.org\/es\/definitions\/#deanery\">Decanato<\/a> incluidos asuntos personales importantes relacionados con <a href=\"https:\/\/www.archspm.org\/es\/definitions\/#clergy\">Clero<\/a> como la muerte de un familiar de un <a href=\"https:\/\/www.archspm.org\/es\/definitions\/#deanery\">Decanato<\/a> sacerdote o di\u00e1cono.<\/p>\n<p style=\"padding-left: 80px;\">7) El <a href=\"https:\/\/www.archspm.org\/es\/definitions\/#dean\">Decano<\/a> informar\u00e1 a los <a href=\"https:\/\/www.archspm.org\/es\/definitions\/#vicar-general\">Vicario General<\/a> sobre los avances en el <a href=\"https:\/\/www.archspm.org\/es\/definitions\/#parish\">Parroquias<\/a> de su <a href=\"https:\/\/www.archspm.org\/es\/definitions\/#deanery\">Decanato<\/a> y entablar un di\u00e1logo continuo entre <a href=\"https:\/\/www.archspm.org\/es\/definitions\/#clergy\">Clero<\/a> en lo que se refiere a la planificaci\u00f3n estrat\u00e9gica y a largo plazo para el <a href=\"https:\/\/www.archspm.org\/es\/definitions\/#deanery\">Decanato<\/a>.<\/p>\n<p style=\"padding-left: 80px;\">8) Cuando proceda, el <a href=\"https:\/\/www.archspm.org\/es\/definitions\/#dean\">Decano<\/a> el Director de Personal del Clero le consulta sobre el nombramiento y el traslado de pastores y otros <a href=\"https:\/\/www.archspm.org\/es\/definitions\/#clergy\">Clero<\/a> dentro de su <a href=\"https:\/\/www.archspm.org\/es\/definitions\/#deanery\">Decanato<\/a>.<\/p>\n<p style=\"padding-left: 80px;\">9) Durante el per\u00edodo de su nombramiento como <a href=\"https:\/\/www.archspm.org\/es\/definitions\/#dean\">Decano<\/a>, <a href=\"https:\/\/www.archspm.org\/es\/definitions\/#dean\">Decanos<\/a> se les concede la facultad de presidir la toma de posesi\u00f3n de los p\u00e1rrocos en la <a href=\"https:\/\/www.archspm.org\/es\/definitions\/#deanery\">Decanato<\/a> a la que prestan servicio (c. 527 \u00a72).<\/p>\n<p style=\"padding-left: 80px;\">10) El <a href=\"https:\/\/www.archspm.org\/es\/definitions\/#dean\">Decano<\/a> colabora estrechamente con la Oficina de Vocaciones y el Instituto de Formaci\u00f3n Permanente del Clero para promover las vocaciones sacerdotales y religiosas, y para fomentar retiros, encuentros teol\u00f3gicos y conferencias, as\u00ed como programas de crecimiento y desarrollo profesional de <a href=\"https:\/\/www.archspm.org\/es\/definitions\/#clergy\">Clero<\/a> en el <a href=\"https:\/\/www.archspm.org\/es\/definitions\/#deanery\">Decanato<\/a>.<\/p>\n<p style=\"padding-left: 80px;\">11) El <a href=\"https:\/\/www.archspm.org\/es\/definitions\/#dean\">Decano<\/a>, a petici\u00f3n de la <a href=\"https:\/\/www.archspm.org\/es\/definitions\/#archbishop\">Arzobispo<\/a>, lo representar\u00e1 en actos c\u00edvicos y religiosos.<\/p>","protected":false},"excerpt":{"rendered":"<p>Effective Date: 12\/29\/2017 PDF Download Purpose Establish and define the role and responsibilities of Deans in the Archdiocese, and their role in service to both the Archbishop and ministers of their geographic area. Policy The office of Dean is a pastoral responsibility. Within the Deanery the main duty of the Dean is to convene those [&hellip;]<\/p>\n","protected":false},"author":2,"featured_media":0,"parent":2169,"menu_order":0,"comment_status":"closed","ping_status":"closed","template":"","meta":{"footnotes":""},"class_list":["post-9484","page","type-page","status-publish","hentry"],"_links":{"self":[{"href":"https:\/\/www.archspm.org\/es\/wp-json\/wp\/v2\/pages\/9484","targetHints":{"allow":["GET"]}}],"collection":[{"href":"https:\/\/www.archspm.org\/es\/wp-json\/wp\/v2\/pages"}],"about":[{"href":"https:\/\/www.archspm.org\/es\/wp-json\/wp\/v2\/types\/page"}],"author":[{"embeddable":true,"href":"https:\/\/www.archspm.org\/es\/wp-json\/wp\/v2\/users\/2"}],"replies":[{"embeddable":true,"href":"https:\/\/www.archspm.org\/es\/wp-json\/wp\/v2\/comments?post=9484"}],"version-history":[{"count":2,"href":"https:\/\/www.archspm.org\/es\/wp-json\/wp\/v2\/pages\/9484\/revisions"}],"predecessor-version":[{"id":15099,"href":"https:\/\/www.archspm.org\/es\/wp-json\/wp\/v2\/pages\/9484\/revisions\/15099"}],"up":[{"embeddable":true,"href":"https:\/\/www.archspm.org\/es\/wp-json\/wp\/v2\/pages\/2169"}],"wp:attachment":[{"href":"https:\/\/www.archspm.org\/es\/wp-json\/wp\/v2\/media?parent=9484"}],"curies":[{"name":"wp","href":"https:\/\/api.w.org\/{rel}","templated":true}]}}