{"id":9487,"date":"2025-05-21T17:21:44","date_gmt":"2025-05-21T21:21:44","guid":{"rendered":"https:\/\/www.archspm.org\/?page_id=9487"},"modified":"2025-06-06T00:11:41","modified_gmt":"2025-06-06T04:11:41","slug":"318-deanery-structure-policy","status":"publish","type":"page","link":"https:\/\/www.archspm.org\/es\/policies\/300-clergy\/318-deanery-structure-policy\/","title":{"rendered":"318 - Pol\u00edtica de estructuras de decanato"},"content":{"rendered":"<h4 style=\"text-align: center;\">\u00daltima revisi\u00f3n: 29\/12\/2017<\/h4>\n<div class=\"policy_button_container\"><a title=\"318 - Pol\u00edtica de estructuras de decanato\" href=\"https:\/\/archspm1.sharepoint.com\/:b:\/s\/ResourceLibrary\/Eec0YUR5cvpMvXyttvvBbPcB2a0OLqu_GN0yMk8JkgfgKQ\" target=\"_blank\" rel=\"noopener\">Descargar PDF<\/a><\/div>\n<h2>Prop\u00f3sito<\/h2>\n<p>Defina el <a href=\"https:\/\/www.archspm.org\/es\/definitions\/#deanery\">Decanato<\/a> Estructura en el <a href=\"https:\/\/www.archspm.org\/es\/definitions\/#archdiocese\">Archidi\u00f3cesis<\/a>, que ha existido en el <a href=\"https:\/\/www.archspm.org\/es\/definitions\/#archdiocese\">Archidi\u00f3cesis<\/a> desde 1974.<\/p>\n<h2>Pol\u00edtica<\/h2>\n<ol>\n<li><a href=\"https:\/\/www.archspm.org\/es\/definitions\/#parish\">Parroquias<\/a> se asignan a una zona geogr\u00e1fica <a href=\"https:\/\/www.archspm.org\/es\/definitions\/#deanery\">Decanato<\/a> por el <a href=\"https:\/\/www.archspm.org\/es\/definitions\/#archbishop\">Arzobispo<\/a>. En <a href=\"https:\/\/www.archspm.org\/es\/definitions\/#archbishop\">Arzobispo<\/a> puede realizar cambios en el <a href=\"https:\/\/www.archspm.org\/es\/definitions\/#deanery\">Decanato<\/a> estructura tras consultar con el <a href=\"https:\/\/www.archspm.org\/es\/definitions\/#presbyteral\">Consejo Presbiteral<\/a>. Al realizar modificaciones en la estructura, se tendr\u00e1n en cuenta varios factores, entre ellos: la homogeneidad de la poblaci\u00f3n; las caracter\u00edsticas topogr\u00e1ficas comunes; la proximidad hist\u00f3rica y geogr\u00e1fica de <a href=\"https:\/\/www.archspm.org\/es\/definitions\/#parish\">Parroquias<\/a>; y facilidad para organizar reuniones peri\u00f3dicas de la <a href=\"https:\/\/www.archspm.org\/es\/definitions\/#clergy\">Clero<\/a>.<\/li>\n<li>A <a href=\"https:\/\/www.archspm.org\/es\/definitions\/#parish\">Parroquia<\/a> puede solicitar ser asignado a otro <a href=\"https:\/\/www.archspm.org\/es\/definitions\/#deanery\">Decanato<\/a> por el <a href=\"https:\/\/www.archspm.org\/es\/definitions\/#pastor\">Pastor<\/a> presentar una solicitud por escrito a la <a href=\"https:\/\/www.archspm.org\/es\/definitions\/#archbishop\">Arzobispo<\/a>.<\/li>\n<li>Un sacerdote es miembro de una sola <a href=\"https:\/\/www.archspm.org\/es\/definitions\/#deanery\">Decanato<\/a>.<\/li>\n<li>Adjunto a esta pol\u00edtica se encuentra la configuraci\u00f3n m\u00e1s reciente del\u00a0<a href=\"https:\/\/s3.amazonaws.com\/archspmpolicies\/300\/Documents\/318_Parish+Deanery+Assignments+-+December+2017.pdf\" target=\"_blank\" rel=\"noopener\">Estructura del decanato<\/a>.<\/li>\n<\/ol>","protected":false},"excerpt":{"rendered":"<p>Last Reviewed: 12\/29\/2017 PDF Download Purpose Define the Deanery Structure in the Archdiocese, which has existed in the Archdiocese since 1974. Policy Parishes are assigned to a geographic Deanery by the Archbishop. The Archbishop may make changes to the Deanery structure after consultation with the Presbyteral Council. In making alterations to the structure, several factors [&hellip;]<\/p>\n","protected":false},"author":2,"featured_media":0,"parent":2169,"menu_order":0,"comment_status":"closed","ping_status":"closed","template":"","meta":{"footnotes":""},"class_list":["post-9487","page","type-page","status-publish","hentry"],"_links":{"self":[{"href":"https:\/\/www.archspm.org\/es\/wp-json\/wp\/v2\/pages\/9487","targetHints":{"allow":["GET"]}}],"collection":[{"href":"https:\/\/www.archspm.org\/es\/wp-json\/wp\/v2\/pages"}],"about":[{"href":"https:\/\/www.archspm.org\/es\/wp-json\/wp\/v2\/types\/page"}],"author":[{"embeddable":true,"href":"https:\/\/www.archspm.org\/es\/wp-json\/wp\/v2\/users\/2"}],"replies":[{"embeddable":true,"href":"https:\/\/www.archspm.org\/es\/wp-json\/wp\/v2\/comments?post=9487"}],"version-history":[{"count":0,"href":"https:\/\/www.archspm.org\/es\/wp-json\/wp\/v2\/pages\/9487\/revisions"}],"up":[{"embeddable":true,"href":"https:\/\/www.archspm.org\/es\/wp-json\/wp\/v2\/pages\/2169"}],"wp:attachment":[{"href":"https:\/\/www.archspm.org\/es\/wp-json\/wp\/v2\/media?parent=9487"}],"curies":[{"name":"wp","href":"https:\/\/api.w.org\/{rel}","templated":true}]}}