{"id":950,"date":"2024-12-10T12:07:15","date_gmt":"2024-12-10T17:07:15","guid":{"rendered":"https:\/\/www.archspm.org\/?page_id=950"},"modified":"2026-04-14T15:47:59","modified_gmt":"2026-04-14T19:47:59","slug":"catholic-services-appeal","status":"publish","type":"page","link":"https:\/\/www.archspm.org\/es\/catholic-services-appeal\/","title":{"rendered":"Llamado a los Servicios Cat\u00f3licos"},"content":{"rendered":"<div data-elementor-type=\"wp-page\" data-elementor-id=\"950\" class=\"elementor elementor-950\" data-elementor-post-type=\"page\">\n\t\t\t\t<div data-dce-background-image-url=\"https:\/\/www.archspm.org\/wp-content\/uploads\/2025\/04\/CSA-interior-background.webp\" class=\"elementor-element elementor-element-88e850a e-flex e-con-boxed e-con e-parent\" data-id=\"88e850a\" data-element_type=\"container\" data-e-type=\"container\" data-settings=\"{&quot;background_background&quot;:&quot;classic&quot;,&quot;jet_parallax_layout_list&quot;:[]}\">\n\t\t\t\t\t<div class=\"e-con-inner\">\n\t\t\t\t<div class=\"elementor-element elementor-element-10c80e6 elementor-widget elementor-widget-image\" data-id=\"10c80e6\" data-element_type=\"widget\" data-e-type=\"widget\" data-widget_type=\"image.default\">\n\t\t\t\t\t\t\t\t\t\t\t\t\t\t\t\t<a href=\"https:\/\/www.archspm.org\/es\/catholic-services-appeal\/\">\n\t\t\t\t\t\t\t<img fetchpriority=\"high\" decoding=\"async\" width=\"1562\" height=\"186\" src=\"https:\/\/www.archspm.org\/wp-content\/uploads\/2025\/04\/CSA-top-graphic.webp\" class=\"attachment-full size-full wp-image-7164\" alt=\"\" srcset=\"https:\/\/www.archspm.org\/wp-content\/uploads\/2025\/04\/CSA-top-graphic.webp 1562w, https:\/\/www.archspm.org\/wp-content\/uploads\/2025\/04\/CSA-top-graphic-300x36.webp 300w, https:\/\/www.archspm.org\/wp-content\/uploads\/2025\/04\/CSA-top-graphic-1024x122.webp 1024w, https:\/\/www.archspm.org\/wp-content\/uploads\/2025\/04\/CSA-top-graphic-768x91.webp 768w, https:\/\/www.archspm.org\/wp-content\/uploads\/2025\/04\/CSA-top-graphic-1536x183.webp 1536w\" sizes=\"(max-width: 1562px) 100vw, 1562px\" \/>\t\t\t\t\t\t\t\t<\/a>\n\t\t\t\t\t\t\t\t\t\t\t\t\t\t\t<\/div>\n\t\t\t\t\t<\/div>\n\t\t\t\t<\/div>\n\t\t<div class=\"elementor-element elementor-element-c858579 e-flex e-con-boxed e-con e-parent\" data-id=\"c858579\" data-element_type=\"container\" data-e-type=\"container\" data-settings=\"{&quot;background_background&quot;:&quot;classic&quot;,&quot;jet_parallax_layout_list&quot;:[]}\">\n\t\t\t\t\t<div class=\"e-con-inner\">\n\t\t\t\t<div class=\"elementor-element elementor-element-a91e1a1 elementor-nav-menu--dropdown-tablet elementor-nav-menu__text-align-aside elementor-nav-menu--toggle elementor-nav-menu--burger elementor-widget elementor-widget-nav-menu\" data-id=\"a91e1a1\" data-element_type=\"widget\" data-e-type=\"widget\" data-settings=\"{&quot;layout&quot;:&quot;horizontal&quot;,&quot;submenu_icon&quot;:{&quot;value&quot;:&quot;&lt;i class=\\&quot;fas fa-caret-down\\&quot; aria-hidden=\\&quot;true\\&quot;&gt;&lt;\\\/i&gt;&quot;,&quot;library&quot;:&quot;fa-solid&quot;},&quot;toggle&quot;:&quot;burger&quot;}\" data-widget_type=\"nav-menu.default\">\n\t\t\t\t\t\t\t\t<nav aria-label=\"Men\u00fa\" class=\"elementor-nav-menu--main elementor-nav-menu__container elementor-nav-menu--layout-horizontal e--pointer-background e--animation-fade\">\n\t\t\t\t<ul id=\"menu-1-a91e1a1\" class=\"elementor-nav-menu\"><li class=\"menu-item menu-item-type-post_type menu-item-object-page menu-item-1905\"><a href=\"https:\/\/www.archspm.org\/es\/catholic-services-appeal\/\" class=\"elementor-item\">Inicio<\/a><\/li>\n<li class=\"menu-item menu-item-type-post_type menu-item-object-page menu-item-1918\"><a href=\"https:\/\/www.archspm.org\/es\/catholic-services-appeal\/areas-of-support\/\" class=\"elementor-item\">\u00c1reas de apoyo<\/a><\/li>\n<li class=\"menu-item menu-item-type-post_type menu-item-object-page menu-item-1959\"><a href=\"https:\/\/www.archspm.org\/es\/catholic-services-appeal\/resources\/\" class=\"elementor-item\">Recursos<\/a><\/li>\n<li class=\"menu-item menu-item-type-post_type menu-item-object-page menu-item-1958\"><a href=\"https:\/\/www.archspm.org\/es\/catholic-services-appeal\/donate\/\" class=\"elementor-item\">Donar<\/a><\/li>\n<li class=\"menu-item menu-item-type-post_type menu-item-object-page menu-item-2006\"><a href=\"https:\/\/www.archspm.org\/es\/catholic-services-appeal\/faq\/\" class=\"elementor-item\">PREGUNTAS FRECUENTES<\/a><\/li>\n<li class=\"menu-item menu-item-type-post_type menu-item-object-page menu-item-7254\"><a href=\"https:\/\/www.archspm.org\/es\/catholic-services-appeal\/contact\/\" class=\"elementor-item\">P\u00f3ngase en contacto con<\/a><\/li>\n<\/ul>\t\t\t<\/nav>\n\t\t\t\t\t<div class=\"elementor-menu-toggle\" role=\"button\" tabindex=\"0\" aria-label=\"Alternar men\u00fa\" aria-expanded=\"false\">\n\t\t\t<i aria-hidden=\"true\" role=\"presentation\" class=\"elementor-menu-toggle__icon--open eicon-menu-bar\"><\/i><i aria-hidden=\"true\" role=\"presentation\" class=\"elementor-menu-toggle__icon--close eicon-close\"><\/i>\t\t<\/div>\n\t\t\t\t\t<nav class=\"elementor-nav-menu--dropdown elementor-nav-menu__container\" aria-hidden=\"true\">\n\t\t\t\t<ul id=\"menu-2-a91e1a1\" class=\"elementor-nav-menu\"><li class=\"menu-item menu-item-type-post_type menu-item-object-page menu-item-1905\"><a href=\"https:\/\/www.archspm.org\/es\/catholic-services-appeal\/\" class=\"elementor-item\" tabindex=\"-1\">Inicio<\/a><\/li>\n<li class=\"menu-item menu-item-type-post_type menu-item-object-page menu-item-1918\"><a href=\"https:\/\/www.archspm.org\/es\/catholic-services-appeal\/areas-of-support\/\" class=\"elementor-item\" tabindex=\"-1\">\u00c1reas de apoyo<\/a><\/li>\n<li class=\"menu-item menu-item-type-post_type menu-item-object-page menu-item-1959\"><a href=\"https:\/\/www.archspm.org\/es\/catholic-services-appeal\/resources\/\" class=\"elementor-item\" tabindex=\"-1\">Recursos<\/a><\/li>\n<li class=\"menu-item menu-item-type-post_type menu-item-object-page menu-item-1958\"><a href=\"https:\/\/www.archspm.org\/es\/catholic-services-appeal\/donate\/\" class=\"elementor-item\" tabindex=\"-1\">Donar<\/a><\/li>\n<li class=\"menu-item menu-item-type-post_type menu-item-object-page menu-item-2006\"><a href=\"https:\/\/www.archspm.org\/es\/catholic-services-appeal\/faq\/\" class=\"elementor-item\" tabindex=\"-1\">PREGUNTAS FRECUENTES<\/a><\/li>\n<li class=\"menu-item menu-item-type-post_type menu-item-object-page menu-item-7254\"><a href=\"https:\/\/www.archspm.org\/es\/catholic-services-appeal\/contact\/\" class=\"elementor-item\" tabindex=\"-1\">P\u00f3ngase en contacto con<\/a><\/li>\n<\/ul>\t\t\t<\/nav>\n\t\t\t\t\t\t<\/div>\n\t\t\t\t\t<\/div>\n\t\t\t\t<\/div>\n\t\t<div class=\"elementor-element elementor-element-80acb83 e-flex e-con-boxed e-con e-parent\" data-id=\"80acb83\" data-element_type=\"container\" data-e-type=\"container\" data-settings=\"{&quot;jet_parallax_layout_list&quot;:[]}\">\n\t\t\t\t\t<div class=\"e-con-inner\">\n\t\t<div class=\"elementor-element elementor-element-69acd80 e-con-full e-flex e-con e-child\" data-id=\"69acd80\" data-element_type=\"container\" data-e-type=\"container\" data-settings=\"{&quot;jet_parallax_layout_list&quot;:[]}\">\n\t\t\t\t<div class=\"elementor-element elementor-element-b5c35ca elementor-widget elementor-widget-heading\" data-id=\"b5c35ca\" data-element_type=\"widget\" data-e-type=\"widget\" data-widget_type=\"heading.default\">\n\t\t\t\t\t<h1 class=\"elementor-heading-title elementor-size-default\">Llamado a los Servicios Cat\u00f3licos<\/h1>\t\t\t\t<\/div>\n\t\t\t\t<div class=\"elementor-element elementor-element-85dbc38 elementor-widget elementor-widget-heading\" data-id=\"85dbc38\" data-element_type=\"widget\" data-e-type=\"widget\" data-widget_type=\"heading.default\">\n\t\t\t\t\t<h2 class=\"elementor-heading-title elementor-size-default\">Acerca de la Campa\u00f1a de Servicios Cat\u00f3licos<\/h2>\t\t\t\t<\/div>\n\t\t\t\t<div class=\"elementor-element elementor-element-b56df00 elementor-widget elementor-widget-text-editor\" data-id=\"b56df00\" data-element_type=\"widget\" data-e-type=\"widget\" data-widget_type=\"text-editor.default\">\n\t\t\t\t\t\t\t\t\t<p><span data-contrast=\"auto\">La Campa\u00f1a de Recaudaci\u00f3n de Fondos para los Servicios Cat\u00f3licos (CSA) es nuestra campa\u00f1a anual de recaudaci\u00f3n de fondos destinada a atender las necesidades de nuestras comunidades locales y de sus habitantes. Los fondos recaudados a trav\u00e9s de la CSA se destinan a financiar ministerios y servicios cat\u00f3licos que ninguna parroquia podr\u00eda llevar a cabo por s\u00ed sola.<\/span><span data-ccp-props=\"{}\">\u00a0<\/span><\/p><p><span data-contrast=\"auto\">Tu donaci\u00f3n a la Campa\u00f1a de Servicios Cat\u00f3licos apoya a nuestras parroquias, escuelas y decenas de ministerios cat\u00f3licos, como las escuelas cat\u00f3licas y la formaci\u00f3n en la fe, la pastoral hospitalaria y la atenci\u00f3n a personas en situaci\u00f3n de crisis, la pastoral universitaria, el alojamiento y la manutenci\u00f3n de los seminaristas, la defensa de la vida, el apoyo a los reclusos y mucho m\u00e1s.<\/span><span data-ccp-props=\"{}\">\u00a0<\/span><\/p>\t\t\t\t\t\t\t\t<\/div>\n\t\t\t\t<\/div>\n\t\t<div class=\"elementor-element elementor-element-3fcd45a e-con-full e-flex e-con e-child\" data-id=\"3fcd45a\" data-element_type=\"container\" data-e-type=\"container\" data-settings=\"{&quot;jet_parallax_layout_list&quot;:[]}\">\n\t\t\t\t<div class=\"elementor-element elementor-element-570f1ec elementor-widget elementor-widget-image\" data-id=\"570f1ec\" data-element_type=\"widget\" data-e-type=\"widget\" data-widget_type=\"image.default\">\n\t\t\t\t\t\t\t\t\t\t\t\t<figure class=\"wp-caption\">\n\t\t\t\t\t\t\t\t\t\t\t<a href=\"https:\/\/www.calameo.com\/read\/008027605c468fe752d14\" target=\"_blank\" rel=\"noopener\">\n\t\t\t\t\t\t\t<img decoding=\"async\" src=\"https:\/\/www.archspm.org\/wp-content\/uploads\/elementor\/thumbs\/CSA_2024_cover-rbip06snh6jqux6c7328hnferqc7c9vjwvz6fgj6h4.jpg\" title=\"CSA_2024_portada\" alt=\"CSA_2024_cover\" loading=\"lazy\" \/>\t\t\t\t\t\t\t\t<\/a>\n\t\t\t\t\t\t\t\t\t\t\t<figcaption class=\"widget-image-caption wp-caption-text\">Lee nuestro informe de impacto para saber m\u00e1s sobre a qui\u00e9nes ayuda la Campa\u00f1a de Servicios Cat\u00f3licos.<\/figcaption>\n\t\t\t\t\t\t\t\t\t\t<\/figure>\n\t\t\t\t\t\t\t\t\t<\/div>\n\t\t\t\t<div class=\"elementor-element elementor-element-c585eec elementor-widget elementor-widget-text-editor\" data-id=\"c585eec\" data-element_type=\"widget\" data-e-type=\"widget\" data-widget_type=\"text-editor.default\">\n\t\t\t\t\t\t\t\t\t<p style=\"text-align: center;\"><a href=\"https:\/\/archspmmainsite.s3.us-east-1.amazonaws.com\/Offices\/Mission+Advancement\/ArchSPM-impactreport24-101025.pdf\" target=\"_blank\" rel=\"noopener\">Descargar e imprimir el Informe de impacto de la Campa\u00f1a de Servicios Cat\u00f3licos<\/a><\/p>\t\t\t\t\t\t\t\t<\/div>\n\t\t\t\t<\/div>\n\t\t\t\t\t<\/div>\n\t\t\t\t<\/div>\n\t\t<div class=\"elementor-element elementor-element-b401323 e-flex e-con-boxed e-con e-parent\" data-id=\"b401323\" data-element_type=\"container\" data-e-type=\"container\" data-settings=\"{&quot;jet_parallax_layout_list&quot;:[]}\">\n\t\t\t\t\t<div class=\"e-con-inner\">\n\t\t\t\t<div class=\"elementor-element elementor-element-9928936 elementor-widget__width-initial elementor-widget elementor-widget-video\" data-id=\"9928936\" data-element_type=\"widget\" data-e-type=\"widget\" data-settings=\"{&quot;youtube_url&quot;:&quot;https:\\\/\\\/www.youtube.com\\\/watch?v=JMCFoBzMwVM&quot;,&quot;video_type&quot;:&quot;youtube&quot;,&quot;controls&quot;:&quot;yes&quot;}\" data-widget_type=\"video.default\">\n\t\t\t\t\t\t\t<div class=\"elementor-wrapper elementor-open-inline\">\n\t\t\t<div class=\"elementor-video\"><\/div>\t\t<\/div>\n\t\t\t\t\t\t<\/div>\n\t\t\t\t<div class=\"elementor-element elementor-element-00ab20d elementor-widget__width-initial elementor-widget elementor-widget-text-editor\" data-id=\"00ab20d\" data-element_type=\"widget\" data-e-type=\"widget\" data-widget_type=\"text-editor.default\">\n\t\t\t\t\t\t\t\t\t<p style=\"text-align: center;\"><a href=\"https:\/\/www.youtube.com\/watch?v=71VShbv9ZTM\" target=\"_blank\" rel=\"noopener\">Ver el video con subt\u00edtulos en espa\u00f1ol<\/a><\/p>\t\t\t\t\t\t\t\t<\/div>\n\t\t\t\t\t<\/div>\n\t\t\t\t<\/div>\n\t\t<div data-dce-background-color=\"#95013D\" data-dce-background-overlay-image-url=\"https:\/\/www.archspm.org\/wp-content\/uploads\/2025\/01\/background-texture-scaled.webp\" class=\"elementor-element elementor-element-ce5c4f9 e-flex e-con-boxed e-con e-parent\" data-id=\"ce5c4f9\" data-element_type=\"container\" data-e-type=\"container\" data-settings=\"{&quot;background_background&quot;:&quot;classic&quot;,&quot;jet_parallax_layout_list&quot;:[]}\">\n\t\t\t\t\t<div class=\"e-con-inner\">\n\t\t<div class=\"elementor-element elementor-element-f722944 e-con-full e-flex e-con e-child\" data-id=\"f722944\" data-element_type=\"container\" data-e-type=\"container\" data-settings=\"{&quot;jet_parallax_layout_list&quot;:[]}\">\n\t\t\t\t<div class=\"elementor-element elementor-element-ec0b615 elementor-widget elementor-widget-heading\" data-id=\"ec0b615\" data-element_type=\"widget\" data-e-type=\"widget\" data-widget_type=\"heading.default\">\n\t\t\t\t\t<h2 class=\"elementor-heading-title elementor-size-default\">Donar en l\u00ednea<\/h2>\t\t\t\t<\/div>\n\t\t<div class=\"elementor-element elementor-element-efff830 e-con-full e-flex e-con e-child\" data-id=\"efff830\" data-element_type=\"container\" data-e-type=\"container\" data-settings=\"{&quot;jet_parallax_layout_list&quot;:[]}\">\n\t\t<div class=\"elementor-element elementor-element-1962f1b e-con-full e-flex e-con e-child\" data-id=\"1962f1b\" data-element_type=\"container\" data-e-type=\"container\" data-settings=\"{&quot;jet_parallax_layout_list&quot;:[]}\">\n\t\t\t\t<div class=\"elementor-element elementor-element-f96826f elementor-widget elementor-widget-text-editor\" data-id=\"f96826f\" data-element_type=\"widget\" data-e-type=\"widget\" data-widget_type=\"text-editor.default\">\n\t\t\t\t\t\t\t\t\t<p>Utilice este formulario para realizar su donaci\u00f3n en l\u00ednea de forma segura. Si prefiere enviar su donaci\u00f3n por correo postal, env\u00edela a:<\/p><p>Llamado a los Servicios Cat\u00f3licos<br \/>Apartado postal 6488<br \/>St. Paul, MN 55106<\/p><p>Consulte la pesta\u00f1a \u201cDonar\u201d arriba para obtener m\u00e1s informaci\u00f3n sobre otras formas de donar, como donaciones de acciones, DAF o IRA.<\/p>\t\t\t\t\t\t\t\t<\/div>\n\t\t\t\t<\/div>\n\t\t<div class=\"elementor-element elementor-element-ef5cee3 e-con-full e-flex e-con e-child\" data-id=\"ef5cee3\" data-element_type=\"container\" data-e-type=\"container\" data-settings=\"{&quot;jet_parallax_layout_list&quot;:[]}\">\n\t\t\t\t<div class=\"elementor-element elementor-element-78a6743 elementor-widget elementor-widget-text-editor\" data-id=\"78a6743\" data-element_type=\"widget\" data-e-type=\"widget\" data-widget_type=\"text-editor.default\">\n\t\t\t\t\t\t\t\t\t<div id=\"blackbaud-donation-form_e01ac345-ed75-4609-b40f-c04d02a74e9c\"><\/div>\n        <script src=\"https:\/\/sky.blackbaudcdn.net\/static\/donor-form-loader\/2\/main.js\"><\/script>\n        <script>BBDonorFormLoader.newBlackbaudDonationFormZoned('renxt', 'p-ACAUMUMAhUarXuEEpAErCg', 'e01ac345-ed75-4609-b40f-c04d02a74e9c', 'usa')<\/script>\t\t\t\t\t\t\t\t<\/div>\n\t\t\t\t<\/div>\n\t\t\t\t<\/div>\n\t\t\t\t<\/div>\n\t\t\t\t\t<\/div>\n\t\t\t\t<\/div>\n\t\t\t\t<\/div>","protected":false},"excerpt":{"rendered":"<p>Catholic Services Appeal About the Catholic Services Appeal The Catholic Services Appeal (CSA) is our yearly fundraising campaign that responds to the needs of our local communities and its people. The CSA funds support Catholic ministries and services that no single parish could accomplish on its own.\u00a0 Your gift to the Catholic Services Appeal supports [&hellip;]<\/p>\n","protected":false},"author":1,"featured_media":0,"parent":0,"menu_order":0,"comment_status":"closed","ping_status":"closed","template":"elementor_header_footer","meta":{"footnotes":""},"class_list":["post-950","page","type-page","status-publish","hentry"],"_links":{"self":[{"href":"https:\/\/www.archspm.org\/es\/wp-json\/wp\/v2\/pages\/950","targetHints":{"allow":["GET"]}}],"collection":[{"href":"https:\/\/www.archspm.org\/es\/wp-json\/wp\/v2\/pages"}],"about":[{"href":"https:\/\/www.archspm.org\/es\/wp-json\/wp\/v2\/types\/page"}],"author":[{"embeddable":true,"href":"https:\/\/www.archspm.org\/es\/wp-json\/wp\/v2\/users\/1"}],"replies":[{"embeddable":true,"href":"https:\/\/www.archspm.org\/es\/wp-json\/wp\/v2\/comments?post=950"}],"version-history":[{"count":3,"href":"https:\/\/www.archspm.org\/es\/wp-json\/wp\/v2\/pages\/950\/revisions"}],"predecessor-version":[{"id":15008,"href":"https:\/\/www.archspm.org\/es\/wp-json\/wp\/v2\/pages\/950\/revisions\/15008"}],"wp:attachment":[{"href":"https:\/\/www.archspm.org\/es\/wp-json\/wp\/v2\/media?parent=950"}],"curies":[{"name":"wp","href":"https:\/\/api.w.org\/{rel}","templated":true}]}}