{"id":959,"date":"2018-12-04T15:18:30","date_gmt":"2018-12-04T20:18:30","guid":{"rendered":"https:\/\/www.archspm.org\/marriage\/"},"modified":"2025-11-03T11:32:38","modified_gmt":"2025-11-03T16:32:38","slug":"marriage","status":"publish","type":"page","link":"https:\/\/www.archspm.org\/es\/marriage\/","title":{"rendered":"Ministerio matrimonial"},"content":{"rendered":"<div data-elementor-type=\"wp-page\" data-elementor-id=\"959\" class=\"elementor elementor-959\" data-elementor-post-type=\"page\">\n\t\t\t\t<div data-dce-background-image-url=\"https:\/\/www.archspm.org\/wp-content\/uploads\/2025\/04\/cana-water-wine.webp\" class=\"elementor-element elementor-element-3f43b37 e-con-full e-flex e-con e-parent\" data-id=\"3f43b37\" data-element_type=\"container\" data-e-type=\"container\" data-settings=\"{&quot;background_background&quot;:&quot;classic&quot;,&quot;jet_parallax_layout_list&quot;:[]}\">\n\t\t<div class=\"elementor-element elementor-element-06fd8f9 e-flex e-con-boxed e-con e-child\" data-id=\"06fd8f9\" data-element_type=\"container\" data-e-type=\"container\" data-settings=\"{&quot;jet_parallax_layout_list&quot;:[]}\">\n\t\t\t\t\t<div class=\"e-con-inner\">\n\t\t\t\t<div class=\"elementor-element elementor-element-c32fda7 elementor-widget elementor-widget-image\" data-id=\"c32fda7\" data-element_type=\"widget\" data-e-type=\"widget\" data-widget_type=\"image.default\">\n\t\t\t\t\t\t\t\t\t\t\t\t\t\t\t<img fetchpriority=\"high\" decoding=\"async\" width=\"400\" height=\"267\" src=\"https:\/\/www.archspm.org\/wp-content\/uploads\/2025\/02\/bigstock-Bride-And-Groom-featured-1.jpg\" class=\"attachment-large size-large wp-image-8124\" alt=\"\" srcset=\"https:\/\/www.archspm.org\/wp-content\/uploads\/2025\/02\/bigstock-Bride-And-Groom-featured-1.jpg 400w, https:\/\/www.archspm.org\/wp-content\/uploads\/2025\/02\/bigstock-Bride-And-Groom-featured-1-300x200.jpg 300w, https:\/\/www.archspm.org\/wp-content\/uploads\/2025\/02\/bigstock-Bride-And-Groom-featured-1-18x12.jpg 18w\" sizes=\"(max-width: 400px) 100vw, 400px\" \/>\t\t\t\t\t\t\t\t\t\t\t\t\t\t\t<\/div>\n\t\t\t\t<div class=\"elementor-element elementor-element-0266ec8 elementor-widget__width-initial elementor-widget-mobile__width-initial elementor-widget elementor-widget-text-editor\" data-id=\"0266ec8\" data-element_type=\"widget\" data-e-type=\"widget\" data-widget_type=\"text-editor.default\">\n\t\t\t\t\t\t\t\t\t<p>\u201cAhora debemos ayudarnos unos a otros a llegar al cielo\u201d.\u201d<br \/>\u2013 Beato Carlos de Austria a la Sierva de Dios Zita<\/p>\t\t\t\t\t\t\t\t<\/div>\n\t\t\t\t\t<\/div>\n\t\t\t\t<\/div>\n\t\t\t\t<\/div>\n\t\t<div class=\"elementor-element elementor-element-d664562 e-con-full e-flex e-con e-parent\" data-id=\"d664562\" data-element_type=\"container\" data-e-type=\"container\" data-settings=\"{&quot;jet_parallax_layout_list&quot;:[]}\">\n\t\t\t\t<div class=\"elementor-element elementor-element-97b2c62 elementor-widget elementor-widget-heading\" data-id=\"97b2c62\" data-element_type=\"widget\" data-e-type=\"widget\" data-widget_type=\"heading.default\">\n\t\t\t\t\t<h1 class=\"elementor-heading-title elementor-size-default\">Ministerio matrimonial<\/h1>\t\t\t\t<\/div>\n\t\t<div class=\"elementor-element elementor-element-7b10800 e-grid e-con-full e-con e-child\" data-id=\"7b10800\" data-element_type=\"container\" data-e-type=\"container\" data-settings=\"{&quot;jet_parallax_layout_list&quot;:[]}\">\n\t\t<div data-dce-background-image-url=\"https:\/\/www.archspm.org\/wp-content\/uploads\/2025\/04\/MFL_Living-Gods-Love_featured.jpg\" class=\"elementor-element elementor-element-016d0fc e-con-full e-flex e-con e-child\" data-id=\"016d0fc\" data-element_type=\"container\" data-e-type=\"container\" data-settings=\"{&quot;jet_parallax_layout_list&quot;:[],&quot;background_background&quot;:&quot;classic&quot;}\">\n\t\t<div class=\"elementor-element elementor-element-ece6f32 e-con-full e-flex e-con e-child\" data-id=\"ece6f32\" data-element_type=\"container\" data-e-type=\"container\" data-settings=\"{&quot;jet_parallax_layout_list&quot;:[]}\">\n\t\t\t\t<div data-dce-title-color=\"#FFFFFF\" class=\"elementor-element elementor-element-aa65028 elementor-widget elementor-widget-heading\" data-id=\"aa65028\" data-element_type=\"widget\" data-e-type=\"widget\" data-widget_type=\"heading.default\">\n\t\t\t\t\t<h2 class=\"elementor-heading-title elementor-size-default\"><a href=\"https:\/\/www.archspm.org\/es\/marriage\/marriage-formation\/\">Formaci\u00f3n matrimonial<\/a><\/h2>\t\t\t\t<\/div>\n\t\t\t\t<\/div>\n\t\t\t\t<\/div>\n\t\t<div data-dce-background-image-url=\"https:\/\/www.archspm.org\/wp-content\/uploads\/2025\/04\/pre-engagement_featured-1.jpg\" class=\"elementor-element elementor-element-9ec949b e-con-full e-flex e-con e-child\" data-id=\"9ec949b\" data-element_type=\"container\" data-e-type=\"container\" data-settings=\"{&quot;jet_parallax_layout_list&quot;:[],&quot;background_background&quot;:&quot;classic&quot;}\">\n\t\t<div class=\"elementor-element elementor-element-223a382 e-con-full e-flex e-con e-child\" data-id=\"223a382\" data-element_type=\"container\" data-e-type=\"container\" data-settings=\"{&quot;jet_parallax_layout_list&quot;:[]}\">\n\t\t\t\t<div class=\"elementor-element elementor-element-511a61d elementor-widget elementor-widget-heading\" data-id=\"511a61d\" data-element_type=\"widget\" data-e-type=\"widget\" data-widget_type=\"heading.default\">\n\t\t\t\t\t<h2 class=\"elementor-heading-title elementor-size-default\"><a href=\"https:\/\/www.archspm.org\/es\/marriage\/marriage-preparation\/\">Preparaci\u00f3n al matrimonio<\/a><\/h2>\t\t\t\t<\/div>\n\t\t\t\t<\/div>\n\t\t\t\t<\/div>\n\t\t<div data-dce-background-image-url=\"https:\/\/www.archspm.org\/wp-content\/uploads\/2025\/04\/NFP_featured.jpg\" class=\"elementor-element elementor-element-ac82d7b e-con-full e-flex e-con e-child\" data-id=\"ac82d7b\" data-element_type=\"container\" data-e-type=\"container\" data-settings=\"{&quot;jet_parallax_layout_list&quot;:[],&quot;background_background&quot;:&quot;classic&quot;}\">\n\t\t<div class=\"elementor-element elementor-element-40ba0b7 e-con-full e-flex e-con e-child\" data-id=\"40ba0b7\" data-element_type=\"container\" data-e-type=\"container\" data-settings=\"{&quot;jet_parallax_layout_list&quot;:[]}\">\n\t\t\t\t<div class=\"elementor-element elementor-element-0a6d2dc elementor-widget elementor-widget-heading\" data-id=\"0a6d2dc\" data-element_type=\"widget\" data-e-type=\"widget\" data-widget_type=\"heading.default\">\n\t\t\t\t\t<h2 class=\"elementor-heading-title elementor-size-default\"><a href=\"https:\/\/www.archspm.org\/es\/marriage\/natural-family-planning-nfp\/\">Planificaci\u00f3n familiar natural<\/a><\/h2>\t\t\t\t<\/div>\n\t\t\t\t<\/div>\n\t\t\t\t<\/div>\n\t\t<div data-dce-background-image-url=\"https:\/\/www.archspm.org\/wp-content\/uploads\/2025\/04\/mentors-400x300-1.jpg\" class=\"elementor-element elementor-element-f941556 e-con-full e-flex e-con e-child\" data-id=\"f941556\" data-element_type=\"container\" data-e-type=\"container\" data-settings=\"{&quot;jet_parallax_layout_list&quot;:[],&quot;background_background&quot;:&quot;classic&quot;}\">\n\t\t<div class=\"elementor-element elementor-element-80dffae e-con-full e-flex e-con e-child\" data-id=\"80dffae\" data-element_type=\"container\" data-e-type=\"container\" data-settings=\"{&quot;jet_parallax_layout_list&quot;:[]}\">\n\t\t\t\t<div class=\"elementor-element elementor-element-38ec1a8 elementor-widget elementor-widget-heading\" data-id=\"38ec1a8\" data-element_type=\"widget\" data-e-type=\"widget\" data-widget_type=\"heading.default\">\n\t\t\t\t\t<h2 class=\"elementor-heading-title elementor-size-default\"><a href=\"https:\/\/www.archspm.org\/es\/marriage\/marriage-enrichment\/\">Enriquecimiento matrimonial<\/a><\/h2>\t\t\t\t<\/div>\n\t\t\t\t<\/div>\n\t\t\t\t<\/div>\n\t\t<div data-dce-background-image-url=\"https:\/\/www.archspm.org\/wp-content\/uploads\/2025\/04\/marriage_in_christ_featured.jpg\" class=\"elementor-element elementor-element-7125119 e-con-full e-flex e-con e-child\" data-id=\"7125119\" data-element_type=\"container\" data-e-type=\"container\" data-settings=\"{&quot;jet_parallax_layout_list&quot;:[],&quot;background_background&quot;:&quot;classic&quot;}\">\n\t\t<div class=\"elementor-element elementor-element-a0f2d3d e-con-full e-flex e-con e-child\" data-id=\"a0f2d3d\" data-element_type=\"container\" data-e-type=\"container\" data-settings=\"{&quot;jet_parallax_layout_list&quot;:[]}\">\n\t\t\t\t<div class=\"elementor-element elementor-element-361641c elementor-widget elementor-widget-heading\" data-id=\"361641c\" data-element_type=\"widget\" data-e-type=\"widget\" data-widget_type=\"heading.default\">\n\t\t\t\t\t<h2 class=\"elementor-heading-title elementor-size-default\"><a href=\"https:\/\/www.archspm.org\/es\/marriage\/marriage-support-and-healing\/\">Apoyo y sanaci\u00f3n matrimonial<\/a><\/h2>\t\t\t\t<\/div>\n\t\t\t\t<\/div>\n\t\t\t\t<\/div>\n\t\t<div data-dce-background-image-url=\"https:\/\/www.archspm.org\/wp-content\/uploads\/2025\/04\/CFI-Web-Banner_featured-400x267-1.jpg\" class=\"elementor-element elementor-element-c39b5ea e-con-full e-flex e-con e-child\" data-id=\"c39b5ea\" data-element_type=\"container\" data-e-type=\"container\" data-settings=\"{&quot;jet_parallax_layout_list&quot;:[],&quot;background_background&quot;:&quot;classic&quot;}\">\n\t\t<div class=\"elementor-element elementor-element-f1c7460 e-con-full e-flex e-con e-child\" data-id=\"f1c7460\" data-element_type=\"container\" data-e-type=\"container\" data-settings=\"{&quot;jet_parallax_layout_list&quot;:[]}\">\n\t\t\t\t<div class=\"elementor-element elementor-element-a03f212 elementor-widget elementor-widget-heading\" data-id=\"a03f212\" data-element_type=\"widget\" data-e-type=\"widget\" data-widget_type=\"heading.default\">\n\t\t\t\t\t<h2 class=\"elementor-heading-title elementor-size-default\"><a href=\"https:\/\/www.archspm.org\/es\/marriage\/cana-family-institute\/\">Familia: La Iglesia dom\u00e9stica<\/a><\/h2>\t\t\t\t<\/div>\n\t\t\t\t<\/div>\n\t\t\t\t<\/div>\n\t\t<div data-dce-background-image-url=\"https:\/\/www.archspm.org\/wp-content\/uploads\/2019\/02\/StMaryWaverly.jpg\" class=\"elementor-element elementor-element-377f16c e-con-full e-flex e-con e-child\" data-id=\"377f16c\" data-element_type=\"container\" data-e-type=\"container\" data-settings=\"{&quot;jet_parallax_layout_list&quot;:[],&quot;background_background&quot;:&quot;classic&quot;}\">\n\t\t<div class=\"elementor-element elementor-element-8c72f63 e-con-full e-flex e-con e-child\" data-id=\"8c72f63\" data-element_type=\"container\" data-e-type=\"container\" data-settings=\"{&quot;jet_parallax_layout_list&quot;:[]}\">\n\t\t\t\t<div class=\"elementor-element elementor-element-0195e77 elementor-widget elementor-widget-heading\" data-id=\"0195e77\" data-element_type=\"widget\" data-e-type=\"widget\" data-widget_type=\"heading.default\">\n\t\t\t\t\t<h2 class=\"elementor-heading-title elementor-size-default\"><a href=\"https:\/\/missionsupport.archspm.org\/marriage-resources\/\" target=\"_blank\" rel=\"noopener\">Recursos parroquiales<\/a><\/h2>\t\t\t\t<\/div>\n\t\t\t\t<\/div>\n\t\t\t\t<\/div>\n\t\t<div data-dce-background-image-url=\"https:\/\/www.archspm.org\/wp-content\/uploads\/2025\/04\/CanonLaw_pic-2-2.jpg\" class=\"elementor-element elementor-element-1d73572 e-con-full e-flex e-con e-child\" data-id=\"1d73572\" data-element_type=\"container\" data-e-type=\"container\" data-settings=\"{&quot;jet_parallax_layout_list&quot;:[],&quot;background_background&quot;:&quot;classic&quot;}\">\n\t\t<div class=\"elementor-element elementor-element-2082867 e-con-full e-flex e-con e-child\" data-id=\"2082867\" data-element_type=\"container\" data-e-type=\"container\" data-settings=\"{&quot;jet_parallax_layout_list&quot;:[]}\">\n\t\t\t\t<div class=\"elementor-element elementor-element-cebe4de elementor-widget elementor-widget-heading\" data-id=\"cebe4de\" data-element_type=\"widget\" data-e-type=\"widget\" data-widget_type=\"heading.default\">\n\t\t\t\t\t<h2 class=\"elementor-heading-title elementor-size-default\"><a href=\"https:\/\/www.archspm.org\/es\/archdiocesan-marriage-preparation-policies\/\">Pol\u00edtica matrimonial de la Archidi\u00f3cesis<\/a><\/h2>\t\t\t\t<\/div>\n\t\t\t\t<\/div>\n\t\t\t\t<\/div>\n\t\t\t\t<\/div>\n\t\t\t\t<\/div>\n\t\t\t\t<\/div>","protected":false},"excerpt":{"rendered":"<p>\u201cAhora debemos ayudarnos mutuamente a entrar en el cielo\u201d. \u2013 Beato Carlos de Austria a la Sierva de Dios Zita Ministerio Matrimonial Formaci\u00f3n Matrimonial Preparaci\u00f3n Matrimonial Planificaci\u00f3n Familiar Natural Enriquecimiento Matrimonial Apoyo y Sanaci\u00f3n Matrimonial Familia: La Iglesia Dom\u00e9stica Recursos Parroquiales Pol\u00edticas Matrimoniales Arquidiocesanas<\/p>","protected":false},"author":2,"featured_media":12064,"parent":0,"menu_order":0,"comment_status":"closed","ping_status":"closed","template":"","meta":{"footnotes":""},"class_list":["post-959","page","type-page","status-publish","has-post-thumbnail","hentry"],"_links":{"self":[{"href":"https:\/\/www.archspm.org\/es\/wp-json\/wp\/v2\/pages\/959","targetHints":{"allow":["GET"]}}],"collection":[{"href":"https:\/\/www.archspm.org\/es\/wp-json\/wp\/v2\/pages"}],"about":[{"href":"https:\/\/www.archspm.org\/es\/wp-json\/wp\/v2\/types\/page"}],"author":[{"embeddable":true,"href":"https:\/\/www.archspm.org\/es\/wp-json\/wp\/v2\/users\/2"}],"replies":[{"embeddable":true,"href":"https:\/\/www.archspm.org\/es\/wp-json\/wp\/v2\/comments?post=959"}],"version-history":[{"count":0,"href":"https:\/\/www.archspm.org\/es\/wp-json\/wp\/v2\/pages\/959\/revisions"}],"wp:featuredmedia":[{"embeddable":true,"href":"https:\/\/www.archspm.org\/es\/wp-json\/wp\/v2\/media\/12064"}],"wp:attachment":[{"href":"https:\/\/www.archspm.org\/es\/wp-json\/wp\/v2\/media?parent=959"}],"curies":[{"name":"wp","href":"https:\/\/api.w.org\/{rel}","templated":true}]}}