{"id":962,"date":"2018-12-10T18:16:52","date_gmt":"2018-12-10T23:16:52","guid":{"rendered":"https:\/\/www.archspm.org\/mentor-couples\/"},"modified":"2025-04-30T16:51:50","modified_gmt":"2025-04-30T20:51:50","slug":"mentor-couples","status":"publish","type":"page","link":"https:\/\/www.archspm.org\/es\/marriage\/mentor-couples\/","title":{"rendered":"Parejas mentoras"},"content":{"rendered":"<div data-elementor-type=\"wp-page\" data-elementor-id=\"962\" class=\"elementor elementor-962\" data-elementor-post-type=\"page\">\n\t\t\t\t<div class=\"elementor-element elementor-element-1250c098 e-flex e-con-boxed e-con e-parent\" data-id=\"1250c098\" data-element_type=\"container\" data-e-type=\"container\" data-settings=\"{&quot;jet_parallax_layout_list&quot;:[]}\">\n\t\t\t\t\t<div class=\"e-con-inner\">\n\t\t\t\t<div class=\"elementor-element elementor-element-fd9d0fb elementor-widget elementor-widget-text-editor\" data-id=\"fd9d0fb\" data-element_type=\"widget\" data-e-type=\"widget\" data-widget_type=\"text-editor.default\">\n\t\t\t\t\t\t\t\t\t<p>Las parejas mentoras acompa\u00f1an a las parejas de novios en su preparaci\u00f3n para contraer matrimonio. Las parejas mentoras pueden prestar servicio en una parroquia concreta o con parejas de toda la archidi\u00f3cesis.<\/p><p>La Oficina de Matrimonio, Familia y Vida ofrece un taller de formaci\u00f3n para parejas mentoras, as\u00ed como recursos y apoyo continuos. Para solicitar que se le incluya en nuestra lista de correo electr\u00f3nico y recibir informaci\u00f3n sobre los talleres y otros temas de inter\u00e9s para las parejas mentoras, p\u00f3ngase en contacto con Renee Oakes en <a href=\"mailto:oakesr@archspm.org\">oakesr@archspm.org<\/a>.<\/p>\t\t\t\t\t\t\t\t<\/div>\n\t\t\t\t\t<\/div>\n\t\t\t\t<\/div>\n\t\t\t\t<\/div>","protected":false},"excerpt":{"rendered":"<p>Mentor couples walk with engaged couples as they prepare to enter into the vocation of marriage. Mentor couples may serve at an individual parish and\/or for couples throughout the archdiocese. The Office of Marriage, Family and Life offers a training workshop for mentor couples, as well as ongoing resources and support. To request to join [&hellip;]<\/p>\n","protected":false},"author":2,"featured_media":8408,"parent":959,"menu_order":0,"comment_status":"closed","ping_status":"closed","template":"","meta":{"footnotes":""},"class_list":["post-962","page","type-page","status-publish","has-post-thumbnail","hentry"],"_links":{"self":[{"href":"https:\/\/www.archspm.org\/es\/wp-json\/wp\/v2\/pages\/962","targetHints":{"allow":["GET"]}}],"collection":[{"href":"https:\/\/www.archspm.org\/es\/wp-json\/wp\/v2\/pages"}],"about":[{"href":"https:\/\/www.archspm.org\/es\/wp-json\/wp\/v2\/types\/page"}],"author":[{"embeddable":true,"href":"https:\/\/www.archspm.org\/es\/wp-json\/wp\/v2\/users\/2"}],"replies":[{"embeddable":true,"href":"https:\/\/www.archspm.org\/es\/wp-json\/wp\/v2\/comments?post=962"}],"version-history":[{"count":0,"href":"https:\/\/www.archspm.org\/es\/wp-json\/wp\/v2\/pages\/962\/revisions"}],"up":[{"embeddable":true,"href":"https:\/\/www.archspm.org\/es\/wp-json\/wp\/v2\/pages\/959"}],"wp:featuredmedia":[{"embeddable":true,"href":"https:\/\/www.archspm.org\/es\/wp-json\/wp\/v2\/media\/8408"}],"wp:attachment":[{"href":"https:\/\/www.archspm.org\/es\/wp-json\/wp\/v2\/media?parent=962"}],"curies":[{"name":"wp","href":"https:\/\/api.w.org\/{rel}","templated":true}]}}