{"id":9653,"date":"2025-06-10T18:03:58","date_gmt":"2025-06-10T22:03:58","guid":{"rendered":"https:\/\/www.archspm.org\/?page_id=9653"},"modified":"2025-06-11T00:20:11","modified_gmt":"2025-06-11T04:20:11","slug":"homeschooling","status":"publish","type":"page","link":"https:\/\/www.archspm.org\/es\/homeschooling\/","title":{"rendered":"Educaci\u00f3n en casa"},"content":{"rendered":"<div data-elementor-type=\"wp-page\" data-elementor-id=\"9653\" class=\"elementor elementor-9653\" data-elementor-post-type=\"page\">\n\t\t\t\t<div class=\"elementor-element elementor-element-b81624f e-flex e-con-boxed e-con e-parent\" data-id=\"b81624f\" data-element_type=\"container\" data-e-type=\"container\" data-settings=\"{&quot;jet_parallax_layout_list&quot;:[]}\">\n\t\t\t\t\t<div class=\"e-con-inner\">\n\t\t\t\t<div class=\"elementor-element elementor-element-be5e15e elementor-widget elementor-widget-text-editor\" data-id=\"be5e15e\" data-element_type=\"widget\" data-e-type=\"widget\" data-widget_type=\"text-editor.default\">\n\t\t\t\t\t\t\t\t\t<blockquote><h4><em>\u201cDado que los padres han dado la vida a sus hijos, est\u00e1n sujetos a la obligaci\u00f3n m\u00e1s grave de educarlos y, por lo tanto, deben ser reconocidos como sus educadores principales y primordiales\u201d.\u201d<\/em><\/h4><p>\u2013 \u201cGravissimum Educationis\u201d, el papa San Pablo VI<\/p><\/blockquote>\t\t\t\t\t\t\t\t<\/div>\n\t\t\t\t<div class=\"elementor-element elementor-element-6e23100 elementor-widget elementor-widget-text-editor\" data-id=\"6e23100\" data-element_type=\"widget\" data-e-type=\"widget\" data-widget_type=\"text-editor.default\">\n\t\t\t\t\t\t\t\t\t<p>La educaci\u00f3n en el hogar es una de las modalidades educativas en las que la Oficina para la Misi\u00f3n de la Educaci\u00f3n Cat\u00f3lica brinda apoyo a los estudiantes y las familias cat\u00f3licas de la Arquidi\u00f3cesis de Saint Paul y Minneapolis.<\/p><p><strong>Recursos para familias que educan en casa:<\/strong><\/p><ul><li><a href=\"https:\/\/www.heartofamother.net\/free-catholic-homeschool-resources\/\" target=\"_blank\" rel=\"noopener\">Planes de estudios y asesoramiento para la educaci\u00f3n en el hogar cat\u00f3lica<\/a><\/li><li><a href=\"https:\/\/mache.org\/mn-law\/\" target=\"_blank\" rel=\"noopener\">Legislaci\u00f3n y formularios sobre la educaci\u00f3n en el hogar en Minnesota<\/a><\/li><li><a href=\"https:\/\/www.mnconference.org\/\" target=\"_blank\" rel=\"noopener\">Conferencia Cat\u00f3lica de Educaci\u00f3n en el Hogar de Minnesota y grupos locales de apoyo a la educaci\u00f3n en el hogar<\/a><\/li><\/ul>\t\t\t\t\t\t\t\t<\/div>\n\t\t\t\t\t<\/div>\n\t\t\t\t<\/div>\n\t\t\t\t<\/div>","protected":false},"excerpt":{"rendered":"<p>\u201cSince parents have given children their life, they are bound by the most serious obligation to educate their offspring and therefore must be recognized as the primary and principal educators.\u201d \u2013 \u201cGravissimum Educationis,\u201d Pope Saint Paul VI Homeschooling is one of the education modes in which the Office for the Mission of Catholic Education supports [&hellip;]<\/p>\n","protected":false},"author":2,"featured_media":9656,"parent":0,"menu_order":0,"comment_status":"closed","ping_status":"closed","template":"","meta":{"footnotes":""},"class_list":["post-9653","page","type-page","status-publish","has-post-thumbnail","hentry"],"_links":{"self":[{"href":"https:\/\/www.archspm.org\/es\/wp-json\/wp\/v2\/pages\/9653","targetHints":{"allow":["GET"]}}],"collection":[{"href":"https:\/\/www.archspm.org\/es\/wp-json\/wp\/v2\/pages"}],"about":[{"href":"https:\/\/www.archspm.org\/es\/wp-json\/wp\/v2\/types\/page"}],"author":[{"embeddable":true,"href":"https:\/\/www.archspm.org\/es\/wp-json\/wp\/v2\/users\/2"}],"replies":[{"embeddable":true,"href":"https:\/\/www.archspm.org\/es\/wp-json\/wp\/v2\/comments?post=9653"}],"version-history":[{"count":0,"href":"https:\/\/www.archspm.org\/es\/wp-json\/wp\/v2\/pages\/9653\/revisions"}],"wp:featuredmedia":[{"embeddable":true,"href":"https:\/\/www.archspm.org\/es\/wp-json\/wp\/v2\/media\/9656"}],"wp:attachment":[{"href":"https:\/\/www.archspm.org\/es\/wp-json\/wp\/v2\/media?parent=9653"}],"curies":[{"name":"wp","href":"https:\/\/api.w.org\/{rel}","templated":true}]}}