{"id":966,"date":"2018-12-10T19:28:30","date_gmt":"2018-12-11T00:28:30","guid":{"rendered":"https:\/\/www.archspm.org\/infertility-adoption\/"},"modified":"2025-04-30T16:52:35","modified_gmt":"2025-04-30T20:52:35","slug":"infertility-adoption","status":"publish","type":"page","link":"https:\/\/www.archspm.org\/es\/infertility-adoption\/","title":{"rendered":"Infertilidad y adopci\u00f3n"},"content":{"rendered":"<div data-elementor-type=\"wp-page\" data-elementor-id=\"966\" class=\"elementor elementor-966\" data-elementor-post-type=\"page\">\n\t\t\t\t<div class=\"elementor-element elementor-element-30060e21 e-flex e-con-boxed e-con e-parent\" data-id=\"30060e21\" data-element_type=\"container\" data-e-type=\"container\" data-settings=\"{&quot;jet_parallax_layout_list&quot;:[]}\">\n\t\t\t\t\t<div class=\"e-con-inner\">\n\t\t\t\t<div class=\"elementor-element elementor-element-6edf7cf6 elementor-widget elementor-widget-text-editor\" data-id=\"6edf7cf6\" data-element_type=\"widget\" data-e-type=\"widget\" data-widget_type=\"text-editor.default\">\n\t\t\t\t\t\t\t\t\t<h2>Infertilidad<\/h2><p>Una de cada cinco parejas se enfrenta a problemas de infertilidad. Para quienes atraviesan esta dif\u00edcil experiencia, hay un lugar al que pueden acudir en busca de compa\u00f1\u00eda y apoyo.<\/p><p><strong>A su debido tiempo<\/strong> es un grupo que ofrece un entorno de apoyo a los cat\u00f3licos que siguen las ense\u00f1anzas de la Iglesia sobre la infertilidad. Permite a las parejas compartir sus experiencias con otras personas que est\u00e1n pasando por una situaci\u00f3n similar. Las reuniones de \u00abIn His Time\u00bb brindan consuelo, esperanza y un lugar de acogida a las parejas mientras esperan a que el plan de Dios se revele en sus vidas.<\/p><p>Las reuniones se celebran el segundo lunes de cada mes, de 7 a 8 de la tarde, en la iglesia de San Gabriel Arc\u00e1ngel, en Hopkins. Para m\u00e1s informaci\u00f3n, p\u00f3ngase en contacto con el di\u00e1cono Darrel y Chris Branch, 952-929-8695, <a href=\"mailto:sweetbranc@aol.com\">sweetbranc@aol.com<\/a>.<\/p><h2>Adopci\u00f3n<\/h2><p>Como cat\u00f3licos, nos comprometemos a apoyar las adopciones siguiendo el mandamiento amoroso de \u201ccuidar de las viudas y los hu\u00e9rfanos\u201d (Santiago 1:27). Durante el Mes Nacional de la Adopci\u00f3n (noviembre), varias parroquias organizan eventos especiales <strong>Misas de adopci\u00f3n<\/strong>. Despu\u00e9s de cada misa se ofrece un peque\u00f1o refrigerio y se brinda informaci\u00f3n sobre la adopci\u00f3n, adem\u00e1s de la oportunidad de conversar con familias adoptivas.<\/p><p>Adem\u00e1s, la Arquidi\u00f3cesis ofrece un evento anual <strong>D\u00eda de homenaje y reconocimiento a las madres biol\u00f3gicas<\/strong> en julio. Este d\u00eda se dedica a reconocer los sacrificios realizados por aquellas personas que han dado a un hijo en adopci\u00f3n. El evento tambi\u00e9n ofrece una oportunidad para sanar, compartir y conocer los recursos disponibles para las madres biol\u00f3gicas.<\/p><p><strong>Agencia Cat\u00f3lica de Adopci\u00f3n de la Sagrada Familia<\/strong>, cuya sede en Minneapolis-St. Paul se encuentra en St. Raphael, en Crystal, es una organizaci\u00f3n sin fines de lucro pro-vida cuya misi\u00f3n, inspirada en Santa Teresa de Calcuta, consiste en promover la adopci\u00f3n como la respuesta amorosa al aborto. M\u00e1s informaci\u00f3n en <a href=\"https:\/\/holyfamilyadoption.org\/\" target=\"_blank\" rel=\"noopener\">holyfamilyadoption.org<\/a>.<\/p><h2>Recursos<\/h2><ul><li class=\"resources_wrapper\"><a href=\"http:\/\/www.naprotechnology.com\/\" target=\"_blank\" rel=\"noopener\">Tecnolog\u00eda NAPRO<\/a><\/li><li class=\"resources_wrapper\"><a href=\"http:\/\/www.prenatalpartnersforlife.org\/\" target=\"_blank\" rel=\"noopener\">Apoyo cat\u00f3lico en caso de aborto espont\u00e1neo<\/a><\/li><li class=\"resources_wrapper\"><a href=\"http:\/\/www.perinatalhospice.org\/\" target=\"_blank\" rel=\"noopener\">Hospicio perinatal<\/a><\/li><li class=\"resources_wrapper\"><a href=\"https:\/\/springsinthedesert.org\/\" target=\"_blank\" rel=\"noopener\">Manantiales en el desierto<\/a><\/li><\/ul>\t\t\t\t\t\t\t\t<\/div>\n\t\t\t\t\t<\/div>\n\t\t\t\t<\/div>\n\t\t\t\t<\/div>","protected":false},"excerpt":{"rendered":"<p>Infertility One in five couples struggle with infertility. For those experiencing this difficult journey, there is a place to turn for fellowship and support. In His Time is a group that provides a supportive environment for Catholics who follow Church teachings on infertility. It allows couples to share their experiences with others who are on [&hellip;]<\/p>\n","protected":false},"author":2,"featured_media":8207,"parent":0,"menu_order":0,"comment_status":"closed","ping_status":"closed","template":"","meta":{"footnotes":""},"class_list":["post-966","page","type-page","status-publish","has-post-thumbnail","hentry"],"_links":{"self":[{"href":"https:\/\/www.archspm.org\/es\/wp-json\/wp\/v2\/pages\/966","targetHints":{"allow":["GET"]}}],"collection":[{"href":"https:\/\/www.archspm.org\/es\/wp-json\/wp\/v2\/pages"}],"about":[{"href":"https:\/\/www.archspm.org\/es\/wp-json\/wp\/v2\/types\/page"}],"author":[{"embeddable":true,"href":"https:\/\/www.archspm.org\/es\/wp-json\/wp\/v2\/users\/2"}],"replies":[{"embeddable":true,"href":"https:\/\/www.archspm.org\/es\/wp-json\/wp\/v2\/comments?post=966"}],"version-history":[{"count":0,"href":"https:\/\/www.archspm.org\/es\/wp-json\/wp\/v2\/pages\/966\/revisions"}],"wp:featuredmedia":[{"embeddable":true,"href":"https:\/\/www.archspm.org\/es\/wp-json\/wp\/v2\/media\/8207"}],"wp:attachment":[{"href":"https:\/\/www.archspm.org\/es\/wp-json\/wp\/v2\/media?parent=966"}],"curies":[{"name":"wp","href":"https:\/\/api.w.org\/{rel}","templated":true}]}}