{"id":969,"date":"2018-12-17T10:02:16","date_gmt":"2018-12-17T15:02:16","guid":{"rendered":"https:\/\/www.archspm.org\/confirmation\/"},"modified":"2025-08-25T13:27:16","modified_gmt":"2025-08-25T17:27:16","slug":"confirmation","status":"publish","type":"page","link":"https:\/\/www.archspm.org\/es\/confirmation\/","title":{"rendered":"Confirmaci\u00f3n"},"content":{"rendered":"<div data-elementor-type=\"wp-page\" data-elementor-id=\"969\" class=\"elementor elementor-969\" data-elementor-post-type=\"page\">\n\t\t\t\t<div class=\"elementor-element elementor-element-50fa5720 e-flex e-con-boxed e-con e-parent\" data-id=\"50fa5720\" data-element_type=\"container\" data-e-type=\"container\" data-settings=\"{&quot;jet_parallax_layout_list&quot;:[]}\">\n\t\t\t\t\t<div class=\"e-con-inner\">\n\t\t\t\t<div class=\"elementor-element elementor-element-1b296664 elementor-widget elementor-widget-text-editor\" data-id=\"1b296664\" data-element_type=\"widget\" data-e-type=\"widget\" data-widget_type=\"text-editor.default\">\n\t\t\t\t\t\t\t\t\t<p>\u201cLa Confirmaci\u00f3n confiere el don del Esp\u00edritu Santo. Quien recibe este sacramento ya ha recibido al Esp\u00edritu Santo en el sacramento del bautismo, y el Esp\u00edritu Santo permanece siempre con la persona. El Esp\u00edritu Santo viene cuando la persona reza o lee las Escrituras, o cuando le pide gu\u00eda, inspiraci\u00f3n o valor. La Confirmaci\u00f3n no es una nueva llegada del Esp\u00edritu Santo, sino m\u00e1s bien una intensificaci\u00f3n de la presencia y el poder del Esp\u00edritu Santo\u201d.\u201d<\/p><p><em>\u2013 Padre Michael Van Sloun para The Catholic Spirit. Leer el art\u00edculo completo <span style=\"text-decoration: underline;\"><a href=\"http:\/\/thecatholicspirit.com\/faith\/focus-on-faith\/faith-fundamentals\/the-power-of-the-holy-spirit-at-confirmation\/\" target=\"_blank\" rel=\"noopener noreferrer\">aqu\u00ed<\/a><\/span>.<\/em><\/p><p>Encuentra recursos locales para el <a href=\"http:\/\/www.usccb.org\/prayer-and-worship\/sacraments-and-sacramentals\/confirmation\/index.cfm\" target=\"_blank\" rel=\"noopener noreferrer\">Sacramento de la Confirmaci\u00f3n<\/a> a continuaci\u00f3n, y p\u00f3ngase en contacto con Cassandra Schwetz en <a href=\"mailto:schwetzc@archspm.org\">schwetzc@archspm.org<\/a> con preguntas.<\/p>\t\t\t\t\t\t\t\t<\/div>\n\t\t\t\t\t<\/div>\n\t\t\t\t<\/div>\n\t\t\t\t<\/div>","protected":false},"excerpt":{"rendered":"<p>\u201cConfirmation imparts the gift of the Holy Spirit. The person who receives this sacrament has already received the Holy Spirit in the sacrament of baptism, and the Holy Spirit abides with a person always. The Holy Spirit comes when a person prays or reads Scripture, or when a person asks the Holy Spirit for guidance, [&hellip;]<\/p>\n","protected":false},"author":2,"featured_media":8317,"parent":0,"menu_order":0,"comment_status":"closed","ping_status":"closed","template":"","meta":{"footnotes":""},"class_list":["post-969","page","type-page","status-publish","has-post-thumbnail","hentry"],"_links":{"self":[{"href":"https:\/\/www.archspm.org\/es\/wp-json\/wp\/v2\/pages\/969","targetHints":{"allow":["GET"]}}],"collection":[{"href":"https:\/\/www.archspm.org\/es\/wp-json\/wp\/v2\/pages"}],"about":[{"href":"https:\/\/www.archspm.org\/es\/wp-json\/wp\/v2\/types\/page"}],"author":[{"embeddable":true,"href":"https:\/\/www.archspm.org\/es\/wp-json\/wp\/v2\/users\/2"}],"replies":[{"embeddable":true,"href":"https:\/\/www.archspm.org\/es\/wp-json\/wp\/v2\/comments?post=969"}],"version-history":[{"count":0,"href":"https:\/\/www.archspm.org\/es\/wp-json\/wp\/v2\/pages\/969\/revisions"}],"wp:featuredmedia":[{"embeddable":true,"href":"https:\/\/www.archspm.org\/es\/wp-json\/wp\/v2\/media\/8317"}],"wp:attachment":[{"href":"https:\/\/www.archspm.org\/es\/wp-json\/wp\/v2\/media?parent=969"}],"curies":[{"name":"wp","href":"https:\/\/api.w.org\/{rel}","templated":true}]}}