{"id":974,"date":"2018-12-19T12:58:14","date_gmt":"2018-12-19T17:58:14","guid":{"rendered":"https:\/\/www.archspm.org\/bible-study\/"},"modified":"2024-12-19T22:24:21","modified_gmt":"2024-12-20T03:24:21","slug":"bible-study","status":"publish","type":"page","link":"https:\/\/www.archspm.org\/es\/bible-study\/","title":{"rendered":"Estudio b\u00edblico"},"content":{"rendered":"<p>La etimolog\u00eda de la palabra \u201cestudio\u201d significa \u201cesforzarse por\u201d, \u201cdedicarse\u201d y \u201ccultivar\u201d. Los estudios b\u00edblicos son una excelente manera de cultivar una relaci\u00f3n m\u00e1s profunda con Jes\u00fas y una vida de oraci\u00f3n.<\/p>\n<h2>Estudios b\u00edblicos locales<\/h2>\n<p><strong>Hechos de los Ap\u00f3stoles: La Iglesia de Jerusal\u00e9n a Roma con el padre John Echert<\/strong><\/p>\n<p>Esta serie de estudios b\u00edblicos de cuatro semanas sobre los Hechos de los Ap\u00f3stoles analizar\u00e1 los acontecimientos y personajes m\u00e1s destacados de la Iglesia primitiva durante el per\u00edodo apost\u00f3lico. Comenzando con el mandato divino de Cristo de llevar el Evangelio hasta los confines de la tierra, examinaremos el nacimiento de la Iglesia en la fiesta de Pentecost\u00e9s y el derramamiento inicial del Esp\u00edritu Santo. Nos centraremos en el poder del Esp\u00edritu de Jes\u00fas obrando en la Iglesia apost\u00f3lica, as\u00ed como en la resistencia a ese poder por parte de los enemigos de la Iglesia. <a href=\"https:\/\/www.archspm.org\/es\/resource_downloads\/acts-of-apostles\/\">Descargar la gu\u00eda de estudio<\/a>.<strong>Estudio b\u00edblico de Adviento: Un viaje a Bel\u00e9n con el padre John Echert<\/strong><\/p>\n<p>Esta serie de estudios b\u00edblicos, de cuatro semanas de duraci\u00f3n, analiza las lecturas de las misas de Adviento, especialmente las de los domingos, as\u00ed como los evangelios de los \u00faltimos d\u00edas de Adviento y los cuatro evangelios de Navidad para cada una de las misas de la propia festividad. Los participantes reflexionar\u00e1n sobre c\u00f3mo la Iglesia ha elegido cuidadosamente las diversas lecturas del Antiguo y del Nuevo Testamento con el fin de preparar a los fieles no solo para la celebraci\u00f3n del nacimiento de Cristo en Navidad, sino tambi\u00e9n para su regreso glorioso en la segunda venida al final de los tiempos. <a href=\"https:\/\/www.archspm.org\/es\/resource_downloads\/a-journey-to-betlehem\/\">Descargar la gu\u00eda de estudio<\/a>.<strong>Encuentra a Cristo en la misa con el padre John Echert<\/strong><\/p>\n<p>Esta serie de estudios b\u00edblicos sobre la Misa, de cuatro semanas de duraci\u00f3n, se basa en textos b\u00edblicos, antecedentes hist\u00f3ricos y textos eclesi\u00e1sticos para ofrecer una visi\u00f3n y una comprensi\u00f3n m\u00e1s profunda de la Sagrada Liturgia de la Misa. Los temas incluyen la pr\u00e1ctica del culto y el sacrificio en el Antiguo Testamento, los textos del Nuevo Testamento sobre la esencia y la teolog\u00eda de la Misa, el desarrollo org\u00e1nico y la forma de la Misa, y el calendario lit\u00fargico y los componentes de la Misa. Los participantes pueden esperar que este estudio mejore su conocimiento y apreciaci\u00f3n de la mayor realidad en la Tierra. <a href=\"https:\/\/www.archspm.org\/es\/resource_downloads\/encounter-christ-in-the-mass\/\">Descargar la gu\u00eda de estudio<\/a>.<\/p>","protected":false},"excerpt":{"rendered":"<p>The etymology of \u201cstudy\u201d means \u201cto strive towards,\u201d to \u201cdevote oneself\u201d and \u201cto cultivate.\u201d Bible studies are a great way to cultivate a deeper relationship with Jesus and life of prayer. Local Bible Studies Acts of the Apostles: The Church from Jerusalem to Rome with\u00a0Father John Echert This four-week Bible study series on the Acts [&hellip;]<\/p>\n","protected":false},"author":2,"featured_media":0,"parent":0,"menu_order":0,"comment_status":"closed","ping_status":"closed","template":"","meta":{"footnotes":""},"class_list":["post-974","page","type-page","status-publish","hentry"],"_links":{"self":[{"href":"https:\/\/www.archspm.org\/es\/wp-json\/wp\/v2\/pages\/974","targetHints":{"allow":["GET"]}}],"collection":[{"href":"https:\/\/www.archspm.org\/es\/wp-json\/wp\/v2\/pages"}],"about":[{"href":"https:\/\/www.archspm.org\/es\/wp-json\/wp\/v2\/types\/page"}],"author":[{"embeddable":true,"href":"https:\/\/www.archspm.org\/es\/wp-json\/wp\/v2\/users\/2"}],"replies":[{"embeddable":true,"href":"https:\/\/www.archspm.org\/es\/wp-json\/wp\/v2\/comments?post=974"}],"version-history":[{"count":0,"href":"https:\/\/www.archspm.org\/es\/wp-json\/wp\/v2\/pages\/974\/revisions"}],"wp:attachment":[{"href":"https:\/\/www.archspm.org\/es\/wp-json\/wp\/v2\/media?parent=974"}],"curies":[{"name":"wp","href":"https:\/\/api.w.org\/{rel}","templated":true}]}}