{"id":975,"date":"2018-12-20T16:05:40","date_gmt":"2018-12-20T21:05:40","guid":{"rendered":"https:\/\/www.archspm.org\/called-and-gifted\/"},"modified":"2026-04-21T12:45:15","modified_gmt":"2026-04-21T16:45:15","slug":"called-and-gifted","status":"publish","type":"page","link":"https:\/\/www.archspm.org\/es\/called-and-gifted\/","title":{"rendered":"Llamados y dotados\u2122"},"content":{"rendered":"<div data-elementor-type=\"wp-page\" data-elementor-id=\"975\" class=\"elementor elementor-975\" data-elementor-post-type=\"page\">\n\t\t\t\t<div class=\"elementor-element elementor-element-851d1dd e-flex e-con-boxed e-con e-parent\" data-id=\"851d1dd\" data-element_type=\"container\" data-e-type=\"container\" data-settings=\"{&quot;jet_parallax_layout_list&quot;:[]}\">\n\t\t\t\t\t<div class=\"e-con-inner\">\n\t\t<div class=\"elementor-element elementor-element-5c55ee1 e-con-full e-flex e-con e-child\" data-id=\"5c55ee1\" data-element_type=\"container\" data-e-type=\"container\" data-settings=\"{&quot;jet_parallax_layout_list&quot;:[]}\">\n\t\t\t\t<div class=\"elementor-element elementor-element-aebd898 elementor-widget elementor-widget-text-editor\" data-id=\"aebd898\" data-element_type=\"widget\" data-e-type=\"widget\" data-widget_type=\"text-editor.default\">\n\t\t\t\t\t\t\t\t\t<p><span class=\"TextRun Highlight SCXW179501461 BCX0\" lang=\"EN-US\" xml:lang=\"EN-US\" data-contrast=\"none\"><span class=\"NormalTextRun SCXW179501461 BCX0\">Desde 1993, m\u00e1s de 200 000 laicos, cl\u00e9rigos y religiosos de todo el mundo se han sumado a la <\/span><\/span><span class=\"TextRun Highlight SCXW179501461 BCX0\" lang=\"EN-US\" xml:lang=\"EN-US\" data-contrast=\"none\"><span class=\"NormalTextRun SCXW179501461 BCX0\">Proceso de discernimiento Called &amp; Gifted\u2122<\/span><\/span><span class=\"TextRun Highlight SCXW179501461 BCX0\" lang=\"EN-US\" xml:lang=\"EN-US\" data-contrast=\"none\"><span class=\"NormalTextRun SCXW179501461 BCX0\"> para descubrir c\u00f3mo el Esp\u00edritu Santo act\u00faa de manera \u00fanica en sus vidas. Este poderoso proceso de discernimiento ayuda a los cristianos a reconocer los carismas \u2014los dones espirituales\u2014<\/span><span class=\"NormalTextRun SCXW179501461 BCX0\">han<\/span><span class=\"NormalTextRun SCXW179501461 BCX0\"> se han concedido no solo por s\u00ed mismas, sino para <\/span><span class=\"NormalTextRun SCXW179501461 BCX0\">representar<\/span><span class=\"NormalTextRun SCXW179501461 BCX0\"> Cristo y ser canales de la bondad de Dios para los dem\u00e1s. Los carismas no est\u00e1n reservados para unos pocos; son para <\/span><\/span><span class=\"TextRun Highlight SCXW179501461 BCX0\" lang=\"EN-US\" xml:lang=\"EN-US\" data-contrast=\"none\"><span class=\"NormalTextRun SCXW179501461 BCX0\">cada<\/span><\/span><span class=\"TextRun Highlight SCXW179501461 BCX0\" lang=\"EN-US\" xml:lang=\"EN-US\" data-contrast=\"none\"><span class=\"NormalTextRun SCXW179501461 BCX0\"> cristiano bautizado. Como nos recuerda el Catecismo: \u201cTodos los carismas deben ejercerse al servicio de Dios\u201d<\/span><\/span><span class=\"EOP SCXW179501461 BCX0\" data-ccp-props=\"{&quot;335559738&quot;:240,&quot;335559739&quot;:240}\"> <span class=\"TextRun Highlight SCXW183107220 BCX0\" lang=\"EN\" xml:lang=\"EN\" data-contrast=\"none\"><span class=\"NormalTextRun SCXW183107220 BCX0\">(CCC 2003).<\/span><\/span><span class=\"EOP SCXW183107220 BCX0\" data-ccp-props=\"{&quot;335559738&quot;:240,&quot;335559739&quot;:240}\">\u00a0<\/span><\/span><\/p><p data-ccp-border-bottom=\"0px none #000000\" data-ccp-padding-bottom=\"0px\" data-ccp-border-between=\"0px none #000000\" data-ccp-padding-between=\"0px\"><span data-contrast=\"none\">Explora la antigua ense\u00f1anza de la Iglesia sobre c\u00f3mo act\u00faan los dones (o carismas) del Esp\u00edritu Santo en tu vida y en la vida de tu parroquia. Durante estos talleres, aprender\u00e1s a reconocer los signos y las caracter\u00edsticas de los carismas m\u00e1s comunes del Esp\u00edritu Santo, que constituyen la base para desarrollar herramientas de discernimiento personal que te permitan descubrir, de manera m\u00e1s concreta, la llamada de Dios en tu vida.<\/span><span data-ccp-props=\"{&quot;335559738&quot;:240,&quot;335559739&quot;:240,&quot;335572071&quot;:0,&quot;335572072&quot;:0,&quot;335572073&quot;:0,&quot;335572075&quot;:0,&quot;335572076&quot;:0,&quot;335572077&quot;:0,&quot;335572079&quot;:0,&quot;335572080&quot;:0,&quot;335572081&quot;:0,&quot;335572083&quot;:0,&quot;335572084&quot;:0,&quot;335572085&quot;:0,&quot;335572087&quot;:0,&quot;335572088&quot;:0,&quot;335572089&quot;:0,&quot;469789798&quot;:&quot;nil&quot;,&quot;469789802&quot;:&quot;nil&quot;,&quot;469789806&quot;:&quot;nil&quot;,&quot;469789810&quot;:&quot;nil&quot;,&quot;469789814&quot;:&quot;nil&quot;}\">\u00a0<\/span><\/p><p data-ccp-border-bottom=\"0px none #000000\" data-ccp-padding-bottom=\"0px\" data-ccp-border-between=\"0px none #000000\" data-ccp-padding-between=\"0px\"><span data-contrast=\"none\">El taller introductorio es el primer paso de un proceso de discernimiento en tres partes desarrollado por el <\/span><a href=\"http:\/\/www.siena.org\/\" target=\"_blank\" rel=\"noopener\"><span data-contrast=\"none\">Instituto Catalina de Siena<\/span><\/a><span data-contrast=\"none\">. Los talleres se imparten presencialmente en la Arquidi\u00f3cesis de forma peri\u00f3dica a lo largo del a\u00f1o. Las fases posteriores del discernimiento se coordinan de forma presencial y en peque\u00f1os grupos tras el taller introductorio.\u00a0<\/span><span data-ccp-props=\"{&quot;335559738&quot;:240,&quot;335559739&quot;:240,&quot;335572071&quot;:0,&quot;335572072&quot;:0,&quot;335572073&quot;:0,&quot;335572075&quot;:0,&quot;335572076&quot;:0,&quot;335572077&quot;:0,&quot;335572079&quot;:0,&quot;335572080&quot;:0,&quot;335572081&quot;:0,&quot;335572083&quot;:0,&quot;335572084&quot;:0,&quot;335572085&quot;:0,&quot;335572087&quot;:0,&quot;335572088&quot;:0,&quot;335572089&quot;:0,&quot;469789798&quot;:&quot;nil&quot;,&quot;469789802&quot;:&quot;nil&quot;,&quot;469789806&quot;:&quot;nil&quot;,&quot;469789810&quot;:&quot;nil&quot;,&quot;469789814&quot;:&quot;nil&quot;}\">\u00a0<\/span><\/p><p data-ccp-border-bottom=\"0px none #000000\" data-ccp-padding-bottom=\"0px\" data-ccp-border-between=\"0px none #000000\" data-ccp-padding-between=\"0px\"><span data-contrast=\"none\">El costo de participar en el proceso de discernimiento, que consta de tres partes, es de $99 por persona. El costo incluye: la asistencia al taller presencial, los materiales del taller, el almuerzo, los refrigerios y la orientaci\u00f3n de seguimiento para el discernimiento, tanto individual como en peque\u00f1os grupos. Todos los talleres son id\u00e9nticos y se llevan a cabo los s\u00e1bados de 9:00 a. m. a 4:00 p. m. Es necesario inscribirse para poder enviar los materiales digitales a los participantes antes de que asistan al taller. \u00a1Est\u00e9n atentos a las pr\u00f3ximas fechas y lugares! <\/span><span data-ccp-props=\"{&quot;335559738&quot;:240,&quot;335559739&quot;:240,&quot;335572071&quot;:0,&quot;335572072&quot;:0,&quot;335572073&quot;:0,&quot;335572075&quot;:0,&quot;335572076&quot;:0,&quot;335572077&quot;:0,&quot;335572079&quot;:0,&quot;335572080&quot;:0,&quot;335572081&quot;:0,&quot;335572083&quot;:0,&quot;335572084&quot;:0,&quot;335572085&quot;:0,&quot;335572087&quot;:0,&quot;335572088&quot;:0,&quot;335572089&quot;:0,&quot;469789798&quot;:&quot;nil&quot;,&quot;469789802&quot;:&quot;nil&quot;,&quot;469789806&quot;:&quot;nil&quot;,&quot;469789810&quot;:&quot;nil&quot;,&quot;469789814&quot;:&quot;nil&quot;}\">\u00a0<\/span><\/p><p data-ccp-border-bottom=\"0px none #000000\" data-ccp-padding-bottom=\"0px\" data-ccp-border-between=\"0px none #000000\" data-ccp-padding-between=\"0px\"><span data-contrast=\"none\">Si tiene preguntas generales sobre Called and Gifted\u2122, comun\u00edquese con Jona Winkelman al 651-291-4453 o <\/span><a href=\"mailto:winkelmanj@archspm.org\"><span data-contrast=\"none\">winkelmanj@archspm.org<\/span><\/a><span data-contrast=\"none\">.\u00a0<\/span><span data-ccp-props=\"{&quot;335559738&quot;:240,&quot;335559739&quot;:240,&quot;335572071&quot;:0,&quot;335572072&quot;:0,&quot;335572073&quot;:0,&quot;335572075&quot;:0,&quot;335572076&quot;:0,&quot;335572077&quot;:0,&quot;335572079&quot;:0,&quot;335572080&quot;:0,&quot;335572081&quot;:0,&quot;335572083&quot;:0,&quot;335572084&quot;:0,&quot;335572085&quot;:0,&quot;335572087&quot;:0,&quot;335572088&quot;:0,&quot;335572089&quot;:0,&quot;469789798&quot;:&quot;nil&quot;,&quot;469789802&quot;:&quot;nil&quot;,&quot;469789806&quot;:&quot;nil&quot;,&quot;469789810&quot;:&quot;nil&quot;,&quot;469789814&quot;:&quot;nil&quot;}\">\u00a0<\/span><\/p>\t\t\t\t\t\t\t\t<\/div>\n\t\t\t\t<\/div>\n\t\t<div class=\"elementor-element elementor-element-9c2cf08 e-con-full e-flex e-con e-child\" data-id=\"9c2cf08\" data-element_type=\"container\" data-e-type=\"container\" data-settings=\"{&quot;jet_parallax_layout_list&quot;:[]}\">\n\t\t<div class=\"elementor-element elementor-element-17fa0da e-con-full e-flex e-con e-child\" data-id=\"17fa0da\" data-element_type=\"container\" data-e-type=\"container\" data-settings=\"{&quot;jet_parallax_layout_list&quot;:[]}\">\n\t\t\t\t<div class=\"elementor-element elementor-element-a3fc1ee elementor-widget elementor-widget-video\" data-id=\"a3fc1ee\" data-element_type=\"widget\" data-e-type=\"widget\" data-settings=\"{&quot;video_type&quot;:&quot;vimeo&quot;}\" data-widget_type=\"video.default\">\n\t\t\t\t\t\t\t<div class=\"elementor-wrapper elementor-open-inline\">\n\t\t\t<iframe class=\"elementor-video-iframe\" allowfullscreen allow=\"clipboard-write\" title=\"Reproductor de v\u00eddeo de Vimeo\" src=\"https:\/\/player.vimeo.com\/video\/322254299?color&amp;autopause=0&amp;loop=0&amp;muted=0&amp;title=1&amp;portrait=1&amp;byline=1#t=\"><\/iframe>\t\t<\/div>\n\t\t\t\t\t\t<\/div>\n\t\t\t\t<\/div>\n\t\t<div class=\"elementor-element elementor-element-376d977 e-con-full e-flex e-con e-child\" data-id=\"376d977\" data-element_type=\"container\" data-e-type=\"container\" data-settings=\"{&quot;jet_parallax_layout_list&quot;:[]}\">\n\t\t\t\t<div class=\"elementor-element elementor-element-6b46973 elementor-widget elementor-widget-text-editor\" data-id=\"6b46973\" data-element_type=\"widget\" data-e-type=\"widget\" data-widget_type=\"text-editor.default\">\n\t\t\t\t\t\t\t\t\t<h3 aria-level=\"3\"><b><span data-contrast=\"none\">Pr\u00f3ximos talleres<\/span><\/b><span data-ccp-props=\"{&quot;134245418&quot;:false,&quot;134245529&quot;:false,&quot;335559738&quot;:280,&quot;335559739&quot;:80}\">\u00a0<\/span><\/h3><p data-ccp-border-bottom=\"0px none #000000\" data-ccp-padding-bottom=\"0px\" data-ccp-border-between=\"0px none #000000\" data-ccp-padding-between=\"0px\"><span data-contrast=\"none\"><strong>S\u00e1bado, <\/strong><\/span><strong>9 de mayo<\/strong><br \/>De 9:00 a. m. a 4:00 p. m.<br \/><a href=\"https:\/\/www.archspm.org\/es\/location\/st-hubert-catholic-church\/\">San Hubert, Chanhassen<\/a><br \/><a href=\"https:\/\/secure.acceptiva.com\/?cst=mEYmjj\" target=\"_blank\" rel=\"noopener\">Reg\u00edstrese aqu\u00ed<\/a><\/p>\t\t\t\t\t\t\t\t<\/div>\n\t\t\t\t<\/div>\n\t\t\t\t<\/div>\n\t\t\t\t\t<\/div>\n\t\t\t\t<\/div>\n\t\t\t\t<\/div>","protected":false},"excerpt":{"rendered":"<p>Since 1993, over 200,000 laypeople, clergy, and religious across the globe have embarked on the Called &amp; Gifted\u2122 Discernment Process to uncover how the Holy Spirit is uniquely at work in their lives. This powerful discernment process helps Christians recognize the charisms\u2014spiritual gifts\u2014they\u2019ve been given not just for their own sake, but to represent Christ [&hellip;]<\/p>\n","protected":false},"author":2,"featured_media":8317,"parent":0,"menu_order":0,"comment_status":"closed","ping_status":"closed","template":"","meta":{"footnotes":""},"class_list":["post-975","page","type-page","status-publish","has-post-thumbnail","hentry"],"_links":{"self":[{"href":"https:\/\/www.archspm.org\/es\/wp-json\/wp\/v2\/pages\/975","targetHints":{"allow":["GET"]}}],"collection":[{"href":"https:\/\/www.archspm.org\/es\/wp-json\/wp\/v2\/pages"}],"about":[{"href":"https:\/\/www.archspm.org\/es\/wp-json\/wp\/v2\/types\/page"}],"author":[{"embeddable":true,"href":"https:\/\/www.archspm.org\/es\/wp-json\/wp\/v2\/users\/2"}],"replies":[{"embeddable":true,"href":"https:\/\/www.archspm.org\/es\/wp-json\/wp\/v2\/comments?post=975"}],"version-history":[{"count":5,"href":"https:\/\/www.archspm.org\/es\/wp-json\/wp\/v2\/pages\/975\/revisions"}],"predecessor-version":[{"id":15167,"href":"https:\/\/www.archspm.org\/es\/wp-json\/wp\/v2\/pages\/975\/revisions\/15167"}],"wp:featuredmedia":[{"embeddable":true,"href":"https:\/\/www.archspm.org\/es\/wp-json\/wp\/v2\/media\/8317"}],"wp:attachment":[{"href":"https:\/\/www.archspm.org\/es\/wp-json\/wp\/v2\/media?parent=975"}],"curies":[{"name":"wp","href":"https:\/\/api.w.org\/{rel}","templated":true}]}}