{"id":991,"date":"2022-11-28T20:06:04","date_gmt":"2022-11-29T01:06:04","guid":{"rendered":"https:\/\/www.archspm.org\/totus-tuus\/"},"modified":"2026-02-11T11:47:25","modified_gmt":"2026-02-11T16:47:25","slug":"totus-tuus","status":"publish","type":"page","link":"https:\/\/www.archspm.org\/es\/totus-tuus\/","title":{"rendered":"Totus Tuus"},"content":{"rendered":"<div data-elementor-type=\"wp-page\" data-elementor-id=\"991\" class=\"elementor elementor-991\" data-elementor-post-type=\"page\">\n\t\t\t\t<div class=\"elementor-element elementor-element-37f6b8d7 e-flex e-con-boxed e-con e-parent\" data-id=\"37f6b8d7\" data-element_type=\"container\" data-e-type=\"container\" data-settings=\"{&quot;jet_parallax_layout_list&quot;:[]}\">\n\t\t\t\t\t<div class=\"e-con-inner\">\n\t\t\t\t<div class=\"elementor-element elementor-element-3c47b744 elementor-widget elementor-widget-text-editor\" data-id=\"3c47b744\" data-element_type=\"widget\" data-e-type=\"widget\" data-widget_type=\"text-editor.default\">\n\t\t\t\t\t\t\t\t\t<p>\u00abTotus Tuus\u00bb (que en lat\u00edn significa \u00abTotalmente tuyo\u00bb) es un programa catequ\u00e9tico de verano, divertido y lleno de energ\u00eda, organizado por la parroquia y dirigido tanto a ni\u00f1os en edad escolar como a j\u00f3venes de secundaria y preparatoria. Reunimos a estudiantes universitarios y seminaristas en equipos de cuatro para formarlos y enviarlos a la calle a difundir la Buena Nueva de Jesucristo en diversas parroquias de la Arquidi\u00f3cesis de Saint Paul y Minneapolis. Su juventud, energ\u00eda y capacidad para dar testimonio de la fe hacen que nuestros maestros sean particularmente eficaces con los ni\u00f1os y los j\u00f3venes.<\/p><h4><b><\/b>Totus Tuus Verano 2026<\/h4><p><span data-olk-copy-source=\"MessageBody\">El tema de este a\u00f1o es\u00a0<b><i>Los Diez Mandamientos<\/i><\/b>\u00a0junto con el\u00a0<b><i>Misterios luminosos del Rosario<\/i><\/b>. El programa, de una semana de duraci\u00f3n, se impartir\u00e1 en las parroquias: del 6 al 13 de junio, del 13 al 20 de junio, del 20 al 27 de junio, del 4 al 11 de julio, del 11 al 18 de julio y del 18 al 25 de julio.\u00a0<\/span><\/p><p>Ver el <a href=\"https:\/\/archspmmainsite.s3.us-east-1.amazonaws.com\/Offices\/Marriage%2C+Family+%26+Life\/Totus+Tuus\/Totus+Tuus_Summer+Parish+Schedule+2026.pdf\" target=\"_blank\" rel=\"noopener\">horario de verano<\/a> para saber a d\u00f3nde ir\u00e1n los equipos de Totus Tuus este verano. Si est\u00e1 interesado en que participen j\u00f3venes, por favor <a href=\"https:\/\/www.archspm.org\/es\/parishes\/\">ponte en contacto con la parroquia m\u00e1s cercana<\/a> directamente.\u00a0<\/p>\t\t\t\t\t\t\t\t<\/div>\n\t\t\t\t<div class=\"elementor-element elementor-element-61c1a2a elementor-widget elementor-widget-text-editor\" data-id=\"61c1a2a\" data-element_type=\"widget\" data-e-type=\"widget\" data-widget_type=\"text-editor.default\">\n\t\t\t\t\t\t\t\t\t<p><strong>Misioneros Totus Tuus<\/strong><\/p><ul><li style=\"list-style-type: none;\"><ul><li><a href=\"https:\/\/forms.office.com\/r\/u87EuXxDLT\" target=\"_blank\" rel=\"noopener\">Nuevos misioneros<\/a><\/li><li><a href=\"https:\/\/forms.office.com\/r\/PCePS3m0DN\" target=\"_blank\" rel=\"noopener\">Misioneros que regresan y seminaristas<\/a><\/li><li><a href=\"https:\/\/forms.office.com\/r\/W0E8Zupk2Q\" target=\"_blank\" rel=\"noopener\">Referencias<\/a><\/li><\/ul><\/li><\/ul>\t\t\t\t\t\t\t\t<\/div>\n\t\t\t\t\t<\/div>\n\t\t\t\t<\/div>\n\t\t<div class=\"elementor-element elementor-element-78240be e-grid e-con-boxed e-con e-parent\" data-id=\"78240be\" data-element_type=\"container\" data-e-type=\"container\" data-settings=\"{&quot;jet_parallax_layout_list&quot;:[]}\">\n\t\t\t\t\t<div class=\"e-con-inner\">\n\t\t\t\t<div class=\"elementor-element elementor-element-3f8bbfc elementor-widget elementor-widget-n-accordion\" data-id=\"3f8bbfc\" data-element_type=\"widget\" data-e-type=\"widget\" data-settings=\"{&quot;default_state&quot;:&quot;expanded&quot;,&quot;max_items_expended&quot;:&quot;one&quot;,&quot;n_accordion_animation_duration&quot;:{&quot;unit&quot;:&quot;ms&quot;,&quot;size&quot;:400,&quot;sizes&quot;:[]}}\" data-widget_type=\"nested-accordion.default\">\n\t\t\t\t\t\t\t<div class=\"e-n-accordion\" aria-label=\"Acorde\u00f3n. Abra los enlaces con Intro o Espacio, ci\u00e9rrelos con Escape y navegue con las teclas de flecha.\">\n\t\t\t\t\t\t<details id=\"e-n-accordion-item-6660\" class=\"e-n-accordion-item\" open>\n\t\t\t\t<summary class=\"e-n-accordion-item-title\" data-accordion-index=\"1\" tabindex=\"0\" aria-expanded=\"true\" aria-controls=\"e-n-accordion-item-6660\" >\n\t\t\t\t\t<span class='e-n-accordion-item-title-header'><div class=\"e-n-accordion-item-title-text\"> \u00bfQu\u00e9 es Totus Tuus? <\/div><\/span>\n\t\t\t\t\t\t\t<span class='e-n-accordion-item-title-icon'>\n\t\t\t<span class='e-opened' ><i aria-hidden=\"true\" class=\"fas fa-minus\"><\/i><\/span>\n\t\t\t<span class='e-closed'><i aria-hidden=\"true\" class=\"fas fa-plus\"><\/i><\/span>\n\t\t<\/span>\n\n\t\t\t\t\t\t<\/summary>\n\t\t\t\t<div role=\"region\" aria-labelledby=\"e-n-accordion-item-6660\" class=\"elementor-element elementor-element-3576ece e-con-full e-flex e-con e-child\" data-id=\"3576ece\" data-element_type=\"container\" data-e-type=\"container\" data-settings=\"{&quot;jet_parallax_layout_list&quot;:[]}\">\n\t\t<div role=\"region\" aria-labelledby=\"e-n-accordion-item-6660\" class=\"elementor-element elementor-element-d57c464 e-flex e-con-boxed e-con e-child\" data-id=\"d57c464\" data-element_type=\"container\" data-e-type=\"container\" data-settings=\"{&quot;jet_parallax_layout_list&quot;:[]}\">\n\t\t\t\t\t<div class=\"e-con-inner\">\n\t\t\t\t<div class=\"elementor-element elementor-element-18fb343 elementor-widget elementor-widget-text-editor\" data-id=\"18fb343\" data-element_type=\"widget\" data-e-type=\"widget\" data-widget_type=\"text-editor.default\">\n\t\t\t\t\t\t\t\t\t<p>El equipo presta servicio durante una semana en cada parroquia, lo que incluye el programa vespertino para j\u00f3venes de secundaria y preparatoria de domingo a jueves (por lo general, de 7:30 a 9:40 p. m., aunque se puede adaptar a las necesidades de su parroquia). Nuestro objetivo es poner a los j\u00f3venes en contacto con el Se\u00f1or para que puedan desarrollar una relaci\u00f3n personal profunda con \u00c9l. Con este fin, ofrecemos una noche de Adoraci\u00f3n y la oportunidad de recibir el Sacramento de la Reconciliaci\u00f3n, instrucci\u00f3n catequ\u00e9tica sobre temas importantes para los j\u00f3venes y una noche de compa\u00f1erismo con los miembros del equipo.<\/p><p>El equipo tambi\u00e9n ofrece un programa para la escuela primaria (grados 1.\u00ba a 6.\u00ba) que se lleva a cabo de lunes a viernes, de 9:00 a. m. a 2:30 p. m. El tiempo se dedica a la ense\u00f1anza catequ\u00e9tica, canciones, juegos, la misa diaria, la oportunidad de recibir el sacramento de la Reconciliaci\u00f3n, el almuerzo, el recreo y mucho m\u00e1s. La semana termina con una gran guerra de agua con los ni\u00f1os o con un \u00absundae\u00bb humano (un miembro del equipo) para celebrar la semana. El enfoque est\u00e1 en transmitir la comprensi\u00f3n y el amor por la Eucarist\u00eda, la devoci\u00f3n a Mar\u00eda, la instrucci\u00f3n catequ\u00e9tica, el discernimiento vocacional y en brindar una experiencia agradable.<\/p>\t\t\t\t\t\t\t\t<\/div>\n\t\t\t\t\t<\/div>\n\t\t\t\t<\/div>\n\t\t\t\t<\/div>\n\t\t\t\t\t<\/details>\n\t\t\t\t\t\t<details id=\"e-n-accordion-item-6661\" class=\"e-n-accordion-item\" >\n\t\t\t\t<summary class=\"e-n-accordion-item-title\" data-accordion-index=\"2\" tabindex=\"-1\" aria-expanded=\"false\" aria-controls=\"e-n-accordion-item-6661\" >\n\t\t\t\t\t<span class='e-n-accordion-item-title-header'><div class=\"e-n-accordion-item-title-text\"> Las cinco caracter\u00edsticas de Totus Tuus <\/div><\/span>\n\t\t\t\t\t\t\t<span class='e-n-accordion-item-title-icon'>\n\t\t\t<span class='e-opened' ><i aria-hidden=\"true\" class=\"fas fa-minus\"><\/i><\/span>\n\t\t\t<span class='e-closed'><i aria-hidden=\"true\" class=\"fas fa-plus\"><\/i><\/span>\n\t\t<\/span>\n\n\t\t\t\t\t\t<\/summary>\n\t\t\t\t<div role=\"region\" aria-labelledby=\"e-n-accordion-item-6661\" class=\"elementor-element elementor-element-1d77442 e-con-full e-flex e-con e-child\" data-id=\"1d77442\" data-element_type=\"container\" data-e-type=\"container\" data-settings=\"{&quot;jet_parallax_layout_list&quot;:[]}\">\n\t\t<div role=\"region\" aria-labelledby=\"e-n-accordion-item-6661\" class=\"elementor-element elementor-element-9cf3b4b e-flex e-con-boxed e-con e-child\" data-id=\"9cf3b4b\" data-element_type=\"container\" data-e-type=\"container\" data-settings=\"{&quot;jet_parallax_layout_list&quot;:[]}\">\n\t\t\t\t\t<div class=\"e-con-inner\">\n\t\t\t\t<div class=\"elementor-element elementor-element-5cde599 elementor-widget elementor-widget-text-editor\" data-id=\"5cde599\" data-element_type=\"widget\" data-e-type=\"widget\" data-widget_type=\"text-editor.default\">\n\t\t\t\t\t\t\t\t\t<p>\u00a0<\/p><ol><li>Anuncio del Evangelio: Para despertar la fe<\/li><li>Explicaci\u00f3n: An\u00e1lisis de los motivos que sustentan nuestras creencias<\/li><li>Testimonio cristiano: una experiencia de vida cristiana<\/li><li>Celebraci\u00f3n de los sacramentos: especialmente la Sagrada Eucarist\u00eda y la confesi\u00f3n<\/li><li>Testigo activo: Participar en el esp\u00edritu misionero de la Iglesia cat\u00f3lica<\/li><\/ol><p>Totus Tuus se une a la Iglesia en su proclamaci\u00f3n del Evangelio para despertar la fe en los j\u00f3venes de la Arquidi\u00f3cesis de San Pablo y Minneapolis. Dispuestos a dar \u201cuna explicaci\u00f3n\u2026 del motivo de vuestra esperanza\u201d (1 Pedro 3, 15), los catequistas de Totus Tuus exponen los fundamentos de nuestras creencias y comparten sus testimonios personales con los j\u00f3venes.<\/p><p>El papa Pablo VI escribi\u00f3: \u201cEl hombre contempor\u00e1neo escucha con mayor disposici\u00f3n a los testigos que a los maestros, y si escucha a los maestros, es porque son testigos\u201d (Evangelii Nuntiandi, 41). Teniendo esto en cuenta, los miembros del equipo Totus Tuus se sumergen en una vida de oraci\u00f3n y dan testimonio a los j\u00f3venes de los frutos de esa experiencia de vida cristiana.<\/p>\t\t\t\t\t\t\t\t<\/div>\n\t\t\t\t\t<\/div>\n\t\t\t\t<\/div>\n\t\t\t\t<\/div>\n\t\t\t\t\t<\/details>\n\t\t\t\t\t\t<details id=\"e-n-accordion-item-6662\" class=\"e-n-accordion-item\" >\n\t\t\t\t<summary class=\"e-n-accordion-item-title\" data-accordion-index=\"3\" tabindex=\"-1\" aria-expanded=\"false\" aria-controls=\"e-n-accordion-item-6662\" >\n\t\t\t\t\t<span class='e-n-accordion-item-title-header'><div class=\"e-n-accordion-item-title-text\"> Los cinco pilares de Totus Tuus <\/div><\/span>\n\t\t\t\t\t\t\t<span class='e-n-accordion-item-title-icon'>\n\t\t\t<span class='e-opened' ><i aria-hidden=\"true\" class=\"fas fa-minus\"><\/i><\/span>\n\t\t\t<span class='e-closed'><i aria-hidden=\"true\" class=\"fas fa-plus\"><\/i><\/span>\n\t\t<\/span>\n\n\t\t\t\t\t\t<\/summary>\n\t\t\t\t<div role=\"region\" aria-labelledby=\"e-n-accordion-item-6662\" class=\"elementor-element elementor-element-1fe4ce6 e-con-full e-flex e-con e-child\" data-id=\"1fe4ce6\" data-element_type=\"container\" data-e-type=\"container\" data-settings=\"{&quot;jet_parallax_layout_list&quot;:[]}\">\n\t\t<div role=\"region\" aria-labelledby=\"e-n-accordion-item-6662\" class=\"elementor-element elementor-element-f742236 e-flex e-con-boxed e-con e-child\" data-id=\"f742236\" data-element_type=\"container\" data-e-type=\"container\" data-settings=\"{&quot;jet_parallax_layout_list&quot;:[]}\">\n\t\t\t\t\t<div class=\"e-con-inner\">\n\t\t\t\t<div class=\"elementor-element elementor-element-cbecf0e elementor-widget elementor-widget-text-editor\" data-id=\"cbecf0e\" data-element_type=\"widget\" data-e-type=\"widget\" data-widget_type=\"text-editor.default\">\n\t\t\t\t\t\t\t\t\t<ol><li>La Eucarist\u00eda<\/li><li>Devoci\u00f3n mariana<\/li><li>Instrucci\u00f3n catequ\u00e9tica<\/li><li>Discernimiento vocacional<\/li><li>Diversi\u00f3n<\/li><\/ol><p>La Eucarist\u00eda ocupa un lugar privilegiado en el programa de Totus Tuus, tanto para los miembros del equipo como para los participantes. La oraci\u00f3n \u2014la Liturgia de las Horas, el Rosario, el \u00c1ngelus, la Coronilla de la Divina Misericordia y la Adoraci\u00f3n del Sant\u00edsimo Sacramento\u2014 proporciona la estructura, pero la celebraci\u00f3n del Santo Sacrificio de la Misa es la \u201cfuente y culmen\u201d del programa diario. Los catequistas de Totus Tuus guiar\u00e1n a los j\u00f3venes hacia Jes\u00fas durante una semana; sin embargo, Mar\u00eda los guiar\u00e1 hacia Jes\u00fas durante toda la vida. Por lo tanto, Totus Tuus promueve la devoci\u00f3n mariana. Al meditar sobre los misterios del Rosario, llegamos a ver c\u00f3mo Mar\u00eda siempre nos lleva a su Hijo. Al orar con ella y a ella, la o\u00edmos decirnos: \u201cHaced lo que \u00c9l os diga\u201d (Juan 2:5).<\/p><p>Al equipo tambi\u00e9n le gusta conocer la parroquia y a sus feligreses. Para ello, se alojan con familias de la parroquia, comen con diferentes familias a lo largo de la semana e invitan a toda la parroquia a una cena en la que cada uno lleva algo para compartir el mi\u00e9rcoles por la noche.<\/p>\t\t\t\t\t\t\t\t<\/div>\n\t\t\t\t\t<\/div>\n\t\t\t\t<\/div>\n\t\t\t\t<\/div>\n\t\t\t\t\t<\/details>\n\t\t\t\t\t<\/div>\n\t\t\t\t\t\t<\/div>\n\t\t<div class=\"elementor-element elementor-element-465ee7f e-grid e-con-full e-con e-child\" data-id=\"465ee7f\" data-element_type=\"container\" data-e-type=\"container\" data-settings=\"{&quot;jet_parallax_layout_list&quot;:[]}\">\n\t\t\t\t<div class=\"elementor-element elementor-element-12f2003 elementor-widget elementor-widget-video\" data-id=\"12f2003\" data-element_type=\"widget\" data-e-type=\"widget\" data-settings=\"{&quot;youtube_url&quot;:&quot;https:\\\/\\\/youtu.be\\\/kk1Zs8idNjI&quot;,&quot;video_type&quot;:&quot;youtube&quot;,&quot;controls&quot;:&quot;yes&quot;}\" data-widget_type=\"video.default\">\n\t\t\t\t\t\t\t<div class=\"elementor-wrapper elementor-open-inline\">\n\t\t\t<div class=\"elementor-video\"><\/div>\t\t<\/div>\n\t\t\t\t\t\t<\/div>\n\t\t\t\t<div class=\"elementor-element elementor-element-e2249b0 elementor-widget elementor-widget-video\" data-id=\"e2249b0\" data-element_type=\"widget\" data-e-type=\"widget\" data-settings=\"{&quot;youtube_url&quot;:&quot;https:\\\/\\\/youtu.be\\\/Ta_3NV7_WNY&quot;,&quot;video_type&quot;:&quot;youtube&quot;,&quot;controls&quot;:&quot;yes&quot;}\" data-widget_type=\"video.default\">\n\t\t\t\t\t\t\t<div class=\"elementor-wrapper elementor-open-inline\">\n\t\t\t<div class=\"elementor-video\"><\/div>\t\t<\/div>\n\t\t\t\t\t\t<\/div>\n\t\t\t\t<\/div>\n\t\t\t\t\t<\/div>\n\t\t\t\t<\/div>\n\t\t\t\t<\/div>","protected":false},"excerpt":{"rendered":"<p>Totus Tuus (Latin for Totally Yours) is a fun and energetic parish based summer catechetical program, for both grade school age children and junior and senior high school youth. We gather together college students and seminarians onto teams of four in order to train them and send them out on the road to spread the [&hellip;]<\/p>\n","protected":false},"author":2,"featured_media":11503,"parent":0,"menu_order":0,"comment_status":"closed","ping_status":"closed","template":"","meta":{"footnotes":""},"class_list":["post-991","page","type-page","status-publish","has-post-thumbnail","hentry"],"_links":{"self":[{"href":"https:\/\/www.archspm.org\/es\/wp-json\/wp\/v2\/pages\/991","targetHints":{"allow":["GET"]}}],"collection":[{"href":"https:\/\/www.archspm.org\/es\/wp-json\/wp\/v2\/pages"}],"about":[{"href":"https:\/\/www.archspm.org\/es\/wp-json\/wp\/v2\/types\/page"}],"author":[{"embeddable":true,"href":"https:\/\/www.archspm.org\/es\/wp-json\/wp\/v2\/users\/2"}],"replies":[{"embeddable":true,"href":"https:\/\/www.archspm.org\/es\/wp-json\/wp\/v2\/comments?post=991"}],"version-history":[{"count":0,"href":"https:\/\/www.archspm.org\/es\/wp-json\/wp\/v2\/pages\/991\/revisions"}],"wp:featuredmedia":[{"embeddable":true,"href":"https:\/\/www.archspm.org\/es\/wp-json\/wp\/v2\/media\/11503"}],"wp:attachment":[{"href":"https:\/\/www.archspm.org\/es\/wp-json\/wp\/v2\/media?parent=991"}],"curies":[{"name":"wp","href":"https:\/\/api.w.org\/{rel}","templated":true}]}}