{"id":994,"date":"2019-01-02T16:28:54","date_gmt":"2019-01-02T21:28:54","guid":{"rendered":"https:\/\/www.archspm.org\/youth-ministry\/"},"modified":"2025-04-30T17:23:22","modified_gmt":"2025-04-30T21:23:22","slug":"youth-ministry","status":"publish","type":"page","link":"https:\/\/www.archspm.org\/es\/youth-ministry\/","title":{"rendered":"Discipulado de j\u00f3venes"},"content":{"rendered":"<div data-elementor-type=\"wp-page\" data-elementor-id=\"994\" class=\"elementor elementor-994\" data-elementor-post-type=\"page\">\n\t\t\t\t<div class=\"elementor-element elementor-element-01562b7 e-flex e-con-boxed e-con e-parent\" data-id=\"01562b7\" data-element_type=\"container\" data-e-type=\"container\" data-settings=\"{&quot;jet_parallax_layout_list&quot;:[]}\">\n\t\t\t\t\t<div class=\"e-con-inner\">\n\t\t\t\t<div class=\"elementor-element elementor-element-144fe9f elementor-widget elementor-widget-text-editor\" data-id=\"144fe9f\" data-element_type=\"widget\" data-e-type=\"widget\" data-widget_type=\"text-editor.default\">\n\t\t\t\t\t\t\t\t\t<p>La Arquidi\u00f3cesis ofrece oportunidades de desarrollo profesional para l\u00edderes de discipulado juvenil y promueve eventos centrados en los j\u00f3venes.<\/p><p>L\u00edderes de discipulado juvenil: Encuentre recursos en nuestro sitio web dedicado al clero y al personal de parroquias y escuelas.,\u00a0<a href=\"https:\/\/missionsupport.archspm.org\/\" target=\"_blank\" rel=\"noopener\">Apoyo a las misiones<\/a>. Suscr\u00edbase al bolet\u00edn semanal.\u00a0<a href=\"https:\/\/www.archspm.org\/es\/archdiocesanupdate\/\">Actualizaci\u00f3n de la Arquidi\u00f3cesis<\/a>\u00a0bolet\u00edn informativo.<\/p>\t\t\t\t\t\t\t\t<\/div>\n\t\t\t\t\t<\/div>\n\t\t\t\t<\/div>\n\t\t<div class=\"elementor-element elementor-element-cc4a0a4 e-flex e-con-boxed e-con e-parent\" data-id=\"cc4a0a4\" data-element_type=\"container\" data-e-type=\"container\" data-settings=\"{&quot;jet_parallax_layout_list&quot;:[]}\">\n\t\t\t\t\t<div class=\"e-con-inner\">\n\t\t<div class=\"elementor-element elementor-element-9856340 e-con-full e-flex e-con e-child\" data-id=\"9856340\" data-element_type=\"container\" data-e-type=\"container\" data-settings=\"{&quot;jet_parallax_layout_list&quot;:[]}\">\n\t\t\t\t<div class=\"elementor-element elementor-element-5c8101a elementor-widget elementor-widget-image\" data-id=\"5c8101a\" data-element_type=\"widget\" data-e-type=\"widget\" data-widget_type=\"image.default\">\n\t\t\t\t\t\t\t\t\t\t\t\t\t\t\t\t<a href=\"https:\/\/www.archspm.org\/es\/confirmation\/\">\n\t\t\t\t\t\t\t<img fetchpriority=\"high\" decoding=\"async\" width=\"400\" height=\"267\" src=\"https:\/\/www.archspm.org\/wp-content\/uploads\/2025\/04\/FAQ-square-400x300-1.jpg\" class=\"attachment-large size-large wp-image-8521\" alt=\"\" srcset=\"https:\/\/www.archspm.org\/wp-content\/uploads\/2025\/04\/FAQ-square-400x300-1.jpg 400w, https:\/\/www.archspm.org\/wp-content\/uploads\/2025\/04\/FAQ-square-400x300-1-300x200.jpg 300w, https:\/\/www.archspm.org\/wp-content\/uploads\/2025\/04\/FAQ-square-400x300-1-18x12.jpg 18w\" sizes=\"(max-width: 400px) 100vw, 400px\" \/>\t\t\t\t\t\t\t\t<\/a>\n\t\t\t\t\t\t\t\t\t\t\t\t\t\t\t<\/div>\n\t\t\t\t<div class=\"elementor-element elementor-element-e019412 elementor-widget elementor-widget-heading\" data-id=\"e019412\" data-element_type=\"widget\" data-e-type=\"widget\" data-widget_type=\"heading.default\">\n\t\t\t\t\t<h2 class=\"elementor-heading-title elementor-size-default\"><a href=\"https:\/\/www.archspm.org\/es\/confirmation\/\">Confirmaci\u00f3n<\/a><\/h2>\t\t\t\t<\/div>\n\t\t\t\t<\/div>\n\t\t<div class=\"elementor-element elementor-element-6d99047 e-con-full e-flex e-con e-child\" data-id=\"6d99047\" data-element_type=\"container\" data-e-type=\"container\" data-settings=\"{&quot;jet_parallax_layout_list&quot;:[]}\">\n\t\t\t\t<div class=\"elementor-element elementor-element-f7a8bd1 elementor-widget elementor-widget-image\" data-id=\"f7a8bd1\" data-element_type=\"widget\" data-e-type=\"widget\" data-widget_type=\"image.default\">\n\t\t\t\t\t\t\t\t\t\t\t\t\t\t\t\t<a href=\"\/es\/totus-tuus\/\">\n\t\t\t\t\t\t\t<img decoding=\"async\" width=\"400\" height=\"267\" src=\"https:\/\/www.archspm.org\/wp-content\/uploads\/2025\/04\/Totus-Tuus-Team-Missionaries-400x300-1.jpg\" class=\"attachment-large size-large wp-image-8483\" alt=\"\" srcset=\"https:\/\/www.archspm.org\/wp-content\/uploads\/2025\/04\/Totus-Tuus-Team-Missionaries-400x300-1.jpg 400w, https:\/\/www.archspm.org\/wp-content\/uploads\/2025\/04\/Totus-Tuus-Team-Missionaries-400x300-1-300x200.jpg 300w, https:\/\/www.archspm.org\/wp-content\/uploads\/2025\/04\/Totus-Tuus-Team-Missionaries-400x300-1-18x12.jpg 18w\" sizes=\"(max-width: 400px) 100vw, 400px\" \/>\t\t\t\t\t\t\t\t<\/a>\n\t\t\t\t\t\t\t\t\t\t\t\t\t\t\t<\/div>\n\t\t\t\t<div class=\"elementor-element elementor-element-cb9a701 elementor-widget elementor-widget-heading\" data-id=\"cb9a701\" data-element_type=\"widget\" data-e-type=\"widget\" data-widget_type=\"heading.default\">\n\t\t\t\t\t<h2 class=\"elementor-heading-title elementor-size-default\"><a href=\"\/es\/totus-tuus\/\">Totus Tuus<\/a><\/h2>\t\t\t\t<\/div>\n\t\t\t\t<\/div>\n\t\t\t\t\t<\/div>\n\t\t\t\t<\/div>\n\t\t\t\t<\/div>","protected":false},"excerpt":{"rendered":"<p>La Arquidi\u00f3cesis ofrece oportunidades de desarrollo profesional para los l\u00edderes de formaci\u00f3n de j\u00f3venes y promueve eventos centrados en los j\u00f3venes. L\u00edderes de formaci\u00f3n de j\u00f3venes: Encontren recursos en nuestro sitio web espec\u00edfico para el clero y el personal parroquial y escolar, \u00abMission Support\u00bb. Suscr\u00edbanse al bolet\u00edn semanal \u00abArchdiocesan Update\u00bb. Confirmaci\u00f3n Totus Tuus<\/p>","protected":false},"author":2,"featured_media":7985,"parent":0,"menu_order":0,"comment_status":"closed","ping_status":"closed","template":"","meta":{"footnotes":""},"class_list":["post-994","page","type-page","status-publish","has-post-thumbnail","hentry"],"_links":{"self":[{"href":"https:\/\/www.archspm.org\/es\/wp-json\/wp\/v2\/pages\/994","targetHints":{"allow":["GET"]}}],"collection":[{"href":"https:\/\/www.archspm.org\/es\/wp-json\/wp\/v2\/pages"}],"about":[{"href":"https:\/\/www.archspm.org\/es\/wp-json\/wp\/v2\/types\/page"}],"author":[{"embeddable":true,"href":"https:\/\/www.archspm.org\/es\/wp-json\/wp\/v2\/users\/2"}],"replies":[{"embeddable":true,"href":"https:\/\/www.archspm.org\/es\/wp-json\/wp\/v2\/comments?post=994"}],"version-history":[{"count":0,"href":"https:\/\/www.archspm.org\/es\/wp-json\/wp\/v2\/pages\/994\/revisions"}],"wp:featuredmedia":[{"embeddable":true,"href":"https:\/\/www.archspm.org\/es\/wp-json\/wp\/v2\/media\/7985"}],"wp:attachment":[{"href":"https:\/\/www.archspm.org\/es\/wp-json\/wp\/v2\/media?parent=994"}],"curies":[{"name":"wp","href":"https:\/\/api.w.org\/{rel}","templated":true}]}}